{"id":12220,"date":"2023-02-01T12:24:37","date_gmt":"2023-02-01T11:24:37","guid":{"rendered":"https:\/\/agora.xtec.cat\/insbadia\/?page_id=12220"},"modified":"2024-08-06T14:40:53","modified_gmt":"2024-08-06T12:40:53","slug":"diagnosi","status":"publish","type":"page","link":"https:\/\/agora.xtec.cat\/insbadia\/linstitut\/documentacio-estrategica\/estrategia-digital-de-centre\/fase-estrategica\/diagnosi\/","title":{"rendered":"Diagnosi"},"content":{"rendered":"<p>Per a la fase de <strong>DIAGNOSI<\/strong> hem utilitzat l&#8217;eina <strong>SELFIE<\/strong>, i <strong>enquestes pr\u00f2pies<\/strong> adre\u00e7ades a les fam\u00edlies i als docents del centre. D&#8217;aquest proc\u00e9s vam extreure les seg\u00fcents observacions:<\/p>\n<ul>\n<li><i><span style=\"font-weight: 400;\">Les puntuacions d&#8217;FP s\u00f3n m\u00e9s altes que els col\u00b7lectius d&#8217;ESO i BAT<\/span><\/i><\/li>\n<li><i><span style=\"font-weight: 400;\">En general, les puntuacions m\u00e9s altes les proporciona l\u2019Equip Directiu i les m\u00e9s baixes l\u2019alumnat.\u00a0<\/span><\/i><\/li>\n<li><i><span style=\"font-weight: 400;\">La formaci\u00f3 preferida pel professorat \u00e9s la formaci\u00f3 permanent en l\u00ednia.<\/span><\/i><\/li>\n<li><i><span style=\"font-weight: 400;\">Entre el 15-20% de l\u2019alumnat no t\u00e9 el dispositiu adequat per treballar a casa.<\/span><\/i><\/li>\n<li><i><span style=\"font-weight: 400;\">M\u00e9s d\u2019un 65% dels alumnes passa m\u00e9s d\u2019una hora al dia utilitzant la tecnologia per oci.<\/span><\/i><\/li>\n<\/ul>\n<p>Hem identificat els seg\u00fcents <strong>PUNTS FORTS<\/strong> del centre:<\/p>\n<ul>\n<li><i><span style=\"font-weight: 400;\">El professorat busca recursos educatius en l\u00ednia i \u00e9s capa\u00e7 de crear-ne de nous per refor\u00e7ar la seva tasca d\u2019ensenyament.<\/span><\/i><\/li>\n<li><i><span style=\"font-weight: 400;\">El professorat utilitza tecnologies digitals per a la comunicaci\u00f3 relacionada amb el Centre Educatiu<\/span><\/i><\/li>\n<li><i><span style=\"font-weight: 400;\">Es valora positivament la qualitat de l\u2019acc\u00e9s a internet.<\/span><\/i><\/li>\n<li><i><span style=\"font-weight: 400;\">El centre utilitza EVA amb l\u2019objectiu de millorar l\u2019aprenentatge de l&#8217;alumnat<\/span><\/i><\/li>\n<li><i><span style=\"font-weight: 400;\">L\u2019alumnat valora positivament la disponibilitat de dispositius.<\/span><\/i><\/li>\n<\/ul>\n<p>Els <strong>PUNTS FEBLES<\/strong> resultants de la diagnosi s\u00f3n els seg\u00fcents:<\/p>\n<ul>\n<li style=\"font-weight: 400;\" aria-level=\"1\"><i><span style=\"font-weight: 400;\">No s\u2019ha fet un debat sobre els avantatges i desavantatges de l\u2019ensenyament i aprenentatge amb tecnologies digitals. En general, el professorat no disposa de <\/span><\/i><i><span style=\"font-weight: 400;\">prou espais per compartir experi\u00e8ncies en l\u2019\u00e0mbit digital.<\/span><\/i><\/li>\n<li style=\"font-weight: 400;\" aria-level=\"1\"><i><span style=\"font-weight: 400;\">No es fa servir prou la tecnologia per ajudar a l\u2019autoreflexi\u00f3, coavaluaci\u00f3 i retroalimentaci\u00f3 de l\u2019alumnat.<\/span><\/i><\/li>\n<li style=\"font-weight: 400;\" aria-level=\"1\"><i><span style=\"font-weight: 400;\">Cal revisar la planificaci\u00f3 de formaci\u00f3 digital pel professorat.<\/span><\/i><\/li>\n<\/ul>\n<p>Amb la informaci\u00f3 recopilada durant l&#8217;etapa de la DIAGNOSI, s&#8217;han establert els <a href=\"https:\/\/agora.xtec.cat\/insbadia\/linstitut\/documentacio-estrategica\/estrategia-digital-de-centre\/fase-estrategica\/objectius\/\">OBJECTIUS<\/a> per a la nostra Estrat\u00e8gia Digital de Centre.<\/p>\n<p>&nbsp;<\/p>\n<p>&nbsp;<\/p>\n","protected":false},"excerpt":{"rendered":"<p>Per a la fase de DIAGNOSI hem utilitzat l&#8217;eina SELFIE, i enquestes pr\u00f2pies adre\u00e7ades a les fam\u00edlies i als docents del centre. D&#8217;aquest proc\u00e9s vam extreure les seg\u00fcents observacions: Les puntuacions d&#8217;FP s\u00f3n m\u00e9s altes que els col\u00b7lectius d&#8217;ESO i BAT En general, les puntuacions m\u00e9s altes les proporciona l\u2019Equip Directiu i les m\u00e9s baixes [&hellip;]<\/p>\n","protected":false},"author":4,"featured_media":0,"parent":12216,"menu_order":0,"comment_status":"closed","ping_status":"closed","template":"page-templates\/side-menu.php","meta":{"site-sidebar-layout":"default","site-content-layout":"","ast-site-content-layout":"","site-content-style":"default","site-sidebar-style":"default","ast-global-header-display":"","ast-banner-title-visibility":"","ast-main-header-display":"","ast-hfb-above-header-display":"","ast-hfb-below-header-display":"","ast-hfb-mobile-header-display":"","site-post-title":"","ast-breadcrumbs-content":"","ast-featured-img":"","footer-sml-layout":"","theme-transparent-header-meta":"","adv-header-id-meta":"","stick-header-meta":"","header-above-stick-meta":"","header-main-stick-meta":"","header-below-stick-meta":"","astra-migrate-meta-layouts":"default","ast-page-background-enabled":"default","ast-page-background-meta":{"desktop":{"background-color":"var(--ast-global-color-4)","background-image":"","background-repeat":"repeat","background-position":"center center","background-size":"auto","background-attachment":"scroll","background-type":"","background-media":"","overlay-type":"","overlay-color":"","overlay-opacity":"","overlay-gradient":""},"tablet":{"background-color":"","background-image":"","background-repeat":"repeat","background-position":"center center","background-size":"auto","background-attachment":"scroll","background-type":"","background-media":"","overlay-type":"","overlay-color":"","overlay-opacity":"","overlay-gradient":""},"mobile":{"background-color":"","background-image":"","background-repeat":"repeat","background-position":"center center","background-size":"auto","background-attachment":"scroll","background-type":"","background-media":"","overlay-type":"","overlay-color":"","overlay-opacity":"","overlay-gradient":""}},"ast-content-background-meta":{"desktop":{"background-color":"var(--ast-global-color-5)","background-image":"","background-repeat":"repeat","background-position":"center center","background-size":"auto","background-attachment":"scroll","background-type":"","background-media":"","overlay-type":"","overlay-color":"","overlay-opacity":"","overlay-gradient":""},"tablet":{"background-color":"var(--ast-global-color-5)","background-image":"","background-repeat":"repeat","background-position":"center center","background-size":"auto","background-attachment":"scroll","background-type":"","background-media":"","overlay-type":"","overlay-color":"","overlay-opacity":"","overlay-gradient":""},"mobile":{"background-color":"var(--ast-global-color-5)","background-image":"","background-repeat":"repeat","background-position":"center center","background-size":"auto","background-attachment":"scroll","background-type":"","background-media":"","overlay-type":"","overlay-color":"","overlay-opacity":"","overlay-gradient":""}},"footnotes":""},"class_list":["post-12220","page","type-page","status-publish","hentry"],"post_mailing_queue_ids":[],"_links":{"self":[{"href":"https:\/\/agora.xtec.cat\/insbadia\/wp-json\/wp\/v2\/pages\/12220","targetHints":{"allow":["GET"]}}],"collection":[{"href":"https:\/\/agora.xtec.cat\/insbadia\/wp-json\/wp\/v2\/pages"}],"about":[{"href":"https:\/\/agora.xtec.cat\/insbadia\/wp-json\/wp\/v2\/types\/page"}],"author":[{"embeddable":true,"href":"https:\/\/agora.xtec.cat\/insbadia\/wp-json\/wp\/v2\/users\/4"}],"replies":[{"embeddable":true,"href":"https:\/\/agora.xtec.cat\/insbadia\/wp-json\/wp\/v2\/comments?post=12220"}],"version-history":[{"count":3,"href":"https:\/\/agora.xtec.cat\/insbadia\/wp-json\/wp\/v2\/pages\/12220\/revisions"}],"predecessor-version":[{"id":12458,"href":"https:\/\/agora.xtec.cat\/insbadia\/wp-json\/wp\/v2\/pages\/12220\/revisions\/12458"}],"up":[{"embeddable":true,"href":"https:\/\/agora.xtec.cat\/insbadia\/wp-json\/wp\/v2\/pages\/12216"}],"wp:attachment":[{"href":"https:\/\/agora.xtec.cat\/insbadia\/wp-json\/wp\/v2\/media?parent=12220"}],"curies":[{"name":"wp","href":"https:\/\/api.w.org\/{rel}","templated":true}]}}