{"id":12148,"date":"2022-10-04T17:10:13","date_gmt":"2022-10-04T15:10:13","guid":{"rendered":"https:\/\/agora.xtec.cat\/insbadia\/?page_id=12148"},"modified":"2025-11-14T12:31:50","modified_gmt":"2025-11-14T11:31:50","slug":"estrategia-digital-de-centre","status":"publish","type":"page","link":"https:\/\/agora.xtec.cat\/insbadia\/linstitut\/documentacio-estrategica\/estrategia-digital-de-centre\/","title":{"rendered":"Estrat\u00e8gia Digital de Centre"},"content":{"rendered":"<p>L&#8217;<strong>Estrat\u00e8gia Digital de <a href=\"https:\/\/agora.xtec.cat\/insbadia\/wp-content\/uploads\/usu1299\/2023\/02\/EDC_sma.jpg\"><img loading=\"lazy\" decoding=\"async\" class=\"wp-image-12275 alignleft\" src=\"https:\/\/agora.xtec.cat\/insbadia\/wp-content\/uploads\/usu1299\/2023\/02\/EDC_sma.jpg\" alt=\"\" width=\"204\" height=\"204\" srcset=\"https:\/\/agora.xtec.cat\/insbadia\/wp-content\/uploads\/usu1299\/2023\/02\/EDC_sma.jpg 400w, https:\/\/agora.xtec.cat\/insbadia\/wp-content\/uploads\/usu1299\/2023\/02\/EDC_sma-300x300.jpg 300w, https:\/\/agora.xtec.cat\/insbadia\/wp-content\/uploads\/usu1299\/2023\/02\/EDC_sma-150x150.jpg 150w\" sizes=\"auto, (max-width: 204px) 100vw, 204px\" \/><\/a>Centre<\/strong> (EDC) defineix i concreta les l\u00ednies d\u2019actuaci\u00f3 d\u2019un centre que fan possible que docents, alumnat i centre assoleixin la compet\u00e8ncia digital. Per aconseguir aquesta compet\u00e8ncia digital, l\u2019EDC compr\u00e8n tots els \u00e0mbits del centre: organitzatius, metodol\u00f2gics, curriculars i comunicatius, els quals s\u2019han de veure necess\u00e0riament implicats i, si escau, transformats, des d\u2019una perspectiva d\u2019innovaci\u00f3 i de millora cont\u00ednua.<\/p>\n<p>L\u2019EDC t\u00e9, b\u00e0sicament dues parts. Una primera part, de tipus <strong>estrat\u00e8gica<\/strong> (objectius, activitats, planificaci\u00f3, etc.), on es defineix on vol arribar el centre digitalment. I una segona part, que mostra la <strong>cultura digital,<\/strong> on es recull el que el centre ja t\u00e9 establert en aquest sentit.<\/p>\n<p>Per entendre\u2019ns, la part estrat\u00e8gica \u00e9s com volem que acabi sent el centre i com aconseguir-ho,\u00a0<em><strong>on volem anar?,<\/strong><\/em>\u00a0i la part de cultura digital s\u00f3n els plans, procediments, protocols, normatives, serveis i acords que el centre ja utilitza,\u00a0<strong><em>que estem fent?<\/em><\/strong><\/p>\n<p style=\"text-align: center;\">A continuaci\u00f3 detallem com hem treballat a l&#8217;INS Badia la nostra EDC:<\/p>\n<table style=\"border-collapse: collapse; width: 100%; height: 32px;\">\n<tbody>\n<tr style=\"height: 32px;\">\n<td style=\"width: 50%; text-align: center; height: 32px;\"><strong><a href=\"https:\/\/agora.xtec.cat\/insbadia\/linstitut\/documentacio-estrategica\/estrategia-digital-de-centre\/fase-estrategica\/\">Fase Estrat\u00e8gica<\/a><\/strong><\/td>\n<td style=\"width: 50%; text-align: center; height: 32px;\"><strong><a href=\"https:\/\/agora.xtec.cat\/insbadia\/linstitut\/documentacio-estrategica\/estrategia-digital-de-centre\/fase-de-cultura-digital\/\">Fase de Cultura Digital<\/a><\/strong><\/td>\n<\/tr>\n<\/tbody>\n<\/table>\n<p>&nbsp;<\/p>\n<p>&nbsp;<\/p>\n","protected":false},"excerpt":{"rendered":"<p>L&#8217;Estrat\u00e8gia Digital de Centre (EDC) defineix i concreta les l\u00ednies d\u2019actuaci\u00f3 d\u2019un centre que fan possible que docents, alumnat i centre assoleixin la compet\u00e8ncia digital. Per aconseguir aquesta compet\u00e8ncia digital, l\u2019EDC compr\u00e8n tots els \u00e0mbits del centre: organitzatius, metodol\u00f2gics, curriculars i comunicatius, els quals s\u2019han de veure necess\u00e0riament implicats i, si escau, transformats, des d\u2019una [&hellip;]<\/p>\n","protected":false},"author":52,"featured_media":0,"parent":9801,"menu_order":100,"comment_status":"closed","ping_status":"closed","template":"","meta":{"site-sidebar-layout":"default","site-content-layout":"","ast-site-content-layout":"default","site-content-style":"default","site-sidebar-style":"default","ast-global-header-display":"","ast-banner-title-visibility":"","ast-main-header-display":"","ast-hfb-above-header-display":"","ast-hfb-below-header-display":"","ast-hfb-mobile-header-display":"","site-post-title":"","ast-breadcrumbs-content":"","ast-featured-img":"","footer-sml-layout":"","theme-transparent-header-meta":"default","adv-header-id-meta":"","stick-header-meta":"","header-above-stick-meta":"","header-main-stick-meta":"","header-below-stick-meta":"","astra-migrate-meta-layouts":"set","ast-page-background-enabled":"default","ast-page-background-meta":{"desktop":{"background-color":"var(--ast-global-color-4)","background-image":"","background-repeat":"repeat","background-position":"center center","background-size":"auto","background-attachment":"scroll","background-type":"","background-media":"","overlay-type":"","overlay-color":"","overlay-opacity":"","overlay-gradient":""},"tablet":{"background-color":"","background-image":"","background-repeat":"repeat","background-position":"center center","background-size":"auto","background-attachment":"scroll","background-type":"","background-media":"","overlay-type":"","overlay-color":"","overlay-opacity":"","overlay-gradient":""},"mobile":{"background-color":"","background-image":"","background-repeat":"repeat","background-position":"center center","background-size":"auto","background-attachment":"scroll","background-type":"","background-media":"","overlay-type":"","overlay-color":"","overlay-opacity":"","overlay-gradient":""}},"ast-content-background-meta":{"desktop":{"background-color":"var(--ast-global-color-5)","background-image":"","background-repeat":"repeat","background-position":"center center","background-size":"auto","background-attachment":"scroll","background-type":"","background-media":"","overlay-type":"","overlay-color":"","overlay-opacity":"","overlay-gradient":""},"tablet":{"background-color":"var(--ast-global-color-5)","background-image":"","background-repeat":"repeat","background-position":"center center","background-size":"auto","background-attachment":"scroll","background-type":"","background-media":"","overlay-type":"","overlay-color":"","overlay-opacity":"","overlay-gradient":""},"mobile":{"background-color":"var(--ast-global-color-5)","background-image":"","background-repeat":"repeat","background-position":"center center","background-size":"auto","background-attachment":"scroll","background-type":"","background-media":"","overlay-type":"","overlay-color":"","overlay-opacity":"","overlay-gradient":""}},"footnotes":""},"class_list":["post-12148","page","type-page","status-publish","hentry"],"post_mailing_queue_ids":[],"_links":{"self":[{"href":"https:\/\/agora.xtec.cat\/insbadia\/wp-json\/wp\/v2\/pages\/12148","targetHints":{"allow":["GET"]}}],"collection":[{"href":"https:\/\/agora.xtec.cat\/insbadia\/wp-json\/wp\/v2\/pages"}],"about":[{"href":"https:\/\/agora.xtec.cat\/insbadia\/wp-json\/wp\/v2\/types\/page"}],"author":[{"embeddable":true,"href":"https:\/\/agora.xtec.cat\/insbadia\/wp-json\/wp\/v2\/users\/52"}],"replies":[{"embeddable":true,"href":"https:\/\/agora.xtec.cat\/insbadia\/wp-json\/wp\/v2\/comments?post=12148"}],"version-history":[{"count":4,"href":"https:\/\/agora.xtec.cat\/insbadia\/wp-json\/wp\/v2\/pages\/12148\/revisions"}],"predecessor-version":[{"id":12301,"href":"https:\/\/agora.xtec.cat\/insbadia\/wp-json\/wp\/v2\/pages\/12148\/revisions\/12301"}],"up":[{"embeddable":true,"href":"https:\/\/agora.xtec.cat\/insbadia\/wp-json\/wp\/v2\/pages\/9801"}],"wp:attachment":[{"href":"https:\/\/agora.xtec.cat\/insbadia\/wp-json\/wp\/v2\/media?parent=12148"}],"curies":[{"name":"wp","href":"https:\/\/api.w.org\/{rel}","templated":true}]}}