{"id":11264,"date":"2021-07-20T12:17:45","date_gmt":"2021-07-20T10:17:45","guid":{"rendered":"http:\/\/agora.xtec.cat\/insbadia\/?page_id=11264"},"modified":"2025-07-21T22:29:01","modified_gmt":"2025-07-21T20:29:01","slug":"professorat-nou","status":"publish","type":"page","link":"https:\/\/agora.xtec.cat\/insbadia\/linstitut\/consell-escolar\/professorat-nou\/","title":{"rendered":"Professorat Nou"},"content":{"rendered":"<h3 data-start=\"115\" data-end=\"161\">Benvingut\/da a l\u2019Institut FP Badia del Vall\u00e8s<\/h3>\n<p data-start=\"163\" data-end=\"208\">Ens alegra comptar amb tu al nostre centre.<\/p>\n<p data-start=\"210\" data-end=\"524\">Per tal de donar-te d\u2019alta a les aplicacions que fem servir habitualment (iEduca, correu electr\u00f2nic @ibadia.cat, Moodle, etc.), cal que omplis el formulari amb les dades sol\u00b7licitades. Un cop enviat, processarem la informaci\u00f3 i rebr\u00e0s un correu amb les instruccions per completar la teva incorporaci\u00f3 al centre.<\/p>\n<p data-start=\"526\" data-end=\"704\">A m\u00e9s, et recomanem que consultis el <strong data-start=\"563\" data-end=\"609\">document d\u2019acollida per al personal docent<\/strong>, on trobar\u00e0s informaci\u00f3 \u00fatil sobre el funcionament del centre. Pots accedir-hi fent clic aqu\u00ed:<\/p>\n<p data-start=\"706\" data-end=\"749\">\ud83d\udc49 <a href=\"https:\/\/agora.xtec.cat\/insbadia\/linstitut\/documentacio-estrategica\/estrategia-digital-de-centre\/fase-de-cultura-digital\/acolliment-digital\/\" target=\"_blank\" rel=\"noopener\"><strong data-start=\"709\" data-end=\"749\">Consulta el document d\u2019acollida<\/strong><\/a><\/p>\n<p data-start=\"751\" data-end=\"824\">Per accedir al formulari d\u2019alta del personal docent i PAS, fes clic aqu\u00ed:<\/p>\n<p data-start=\"826\" data-end=\"865\">\ud83d\udcdd <a href=\"https:\/\/docs.google.com\/forms\/d\/e\/1FAIpQLSdw1r_HM9UHfw0UzbH50JZRECYBHtJa3iewIErDNRP6iU8f4g\/viewform\" target=\"_blank\" rel=\"noopener\"><strong data-start=\"829\" data-end=\"865\">Emplena el formulari d\u2019alta<\/strong><\/a><\/p>\n<p>&nbsp;<\/p>\n","protected":false},"excerpt":{"rendered":"<p>Benvingut\/da a l\u2019Institut FP Badia del Vall\u00e8s Ens alegra comptar amb tu al nostre centre. Per tal de donar-te d\u2019alta a les aplicacions que fem servir habitualment (iEduca, correu electr\u00f2nic @ibadia.cat, Moodle, etc.), cal que omplis el formulari amb les dades sol\u00b7licitades. Un cop enviat, processarem la informaci\u00f3 i rebr\u00e0s un correu amb les instruccions [&hellip;]<\/p>\n","protected":false},"author":28,"featured_media":0,"parent":43,"menu_order":1,"comment_status":"closed","ping_status":"closed","template":"page-templates\/side-menu.php","meta":{"site-sidebar-layout":"default","site-content-layout":"","ast-site-content-layout":"","site-content-style":"default","site-sidebar-style":"default","ast-global-header-display":"","ast-banner-title-visibility":"","ast-main-header-display":"","ast-hfb-above-header-display":"","ast-hfb-below-header-display":"","ast-hfb-mobile-header-display":"","site-post-title":"","ast-breadcrumbs-content":"","ast-featured-img":"","footer-sml-layout":"","theme-transparent-header-meta":"","adv-header-id-meta":"","stick-header-meta":"","header-above-stick-meta":"","header-main-stick-meta":"","header-below-stick-meta":"","astra-migrate-meta-layouts":"default","ast-page-background-enabled":"default","ast-page-background-meta":{"desktop":{"background-color":"var(--ast-global-color-4)","background-image":"","background-repeat":"repeat","background-position":"center center","background-size":"auto","background-attachment":"scroll","background-type":"","background-media":"","overlay-type":"","overlay-color":"","overlay-opacity":"","overlay-gradient":""},"tablet":{"background-color":"","background-image":"","background-repeat":"repeat","background-position":"center center","background-size":"auto","background-attachment":"scroll","background-type":"","background-media":"","overlay-type":"","overlay-color":"","overlay-opacity":"","overlay-gradient":""},"mobile":{"background-color":"","background-image":"","background-repeat":"repeat","background-position":"center center","background-size":"auto","background-attachment":"scroll","background-type":"","background-media":"","overlay-type":"","overlay-color":"","overlay-opacity":"","overlay-gradient":""}},"ast-content-background-meta":{"desktop":{"background-color":"var(--ast-global-color-5)","background-image":"","background-repeat":"repeat","background-position":"center center","background-size":"auto","background-attachment":"scroll","background-type":"","background-media":"","overlay-type":"","overlay-color":"","overlay-opacity":"","overlay-gradient":""},"tablet":{"background-color":"var(--ast-global-color-5)","background-image":"","background-repeat":"repeat","background-position":"center center","background-size":"auto","background-attachment":"scroll","background-type":"","background-media":"","overlay-type":"","overlay-color":"","overlay-opacity":"","overlay-gradient":""},"mobile":{"background-color":"var(--ast-global-color-5)","background-image":"","background-repeat":"repeat","background-position":"center center","background-size":"auto","background-attachment":"scroll","background-type":"","background-media":"","overlay-type":"","overlay-color":"","overlay-opacity":"","overlay-gradient":""}},"footnotes":""},"class_list":["post-11264","page","type-page","status-publish","hentry"],"post_mailing_queue_ids":[],"_links":{"self":[{"href":"https:\/\/agora.xtec.cat\/insbadia\/wp-json\/wp\/v2\/pages\/11264","targetHints":{"allow":["GET"]}}],"collection":[{"href":"https:\/\/agora.xtec.cat\/insbadia\/wp-json\/wp\/v2\/pages"}],"about":[{"href":"https:\/\/agora.xtec.cat\/insbadia\/wp-json\/wp\/v2\/types\/page"}],"author":[{"embeddable":true,"href":"https:\/\/agora.xtec.cat\/insbadia\/wp-json\/wp\/v2\/users\/28"}],"replies":[{"embeddable":true,"href":"https:\/\/agora.xtec.cat\/insbadia\/wp-json\/wp\/v2\/comments?post=11264"}],"version-history":[{"count":6,"href":"https:\/\/agora.xtec.cat\/insbadia\/wp-json\/wp\/v2\/pages\/11264\/revisions"}],"predecessor-version":[{"id":14216,"href":"https:\/\/agora.xtec.cat\/insbadia\/wp-json\/wp\/v2\/pages\/11264\/revisions\/14216"}],"up":[{"embeddable":true,"href":"https:\/\/agora.xtec.cat\/insbadia\/wp-json\/wp\/v2\/pages\/43"}],"wp:attachment":[{"href":"https:\/\/agora.xtec.cat\/insbadia\/wp-json\/wp\/v2\/media?parent=11264"}],"curies":[{"name":"wp","href":"https:\/\/api.w.org\/{rel}","templated":true}]}}