{"id":937,"date":"2017-01-26T12:00:35","date_gmt":"2017-01-26T11:00:35","guid":{"rendered":"http:\/\/agora.xtec.cat\/insandreunin\/?page_id=937"},"modified":"2021-04-15T16:23:59","modified_gmt":"2021-04-15T14:23:59","slug":"orientacio-educativa-i-professional","status":"publish","type":"page","link":"https:\/\/agora.xtec.cat\/insandreunin\/espai-de-alumnat\/orientacio-educativa-i-professional\/","title":{"rendered":"ORIENTACI\u00d3 EDUCATIVA I PROFESSIONAL"},"content":{"rendered":"<p><a href=\"https:\/\/docs.google.com\/a\/xtec.cat\/forms\/d\/1H84yIIO-MAglsSdDY49d_sYrqQMuA99lIfw7rG60TUM\/viewform\"><br \/>\n<\/a><strong>Presentaci\u00f3 dels Cicles Formatius de Grau Mitj\u00e0 (CFGM) que oferim a l&#8217;Institut:<\/strong><\/p>\n<p><a href=\"https:\/\/drive.google.com\/file\/d\/1ul1GXEjzzE3pRvdY9P1I8A7sYvxWfLFP\/view?usp=sharing\" target=\"_blank\" rel=\"noopener noreferrer\"><img loading=\"lazy\" decoding=\"async\" class=\" wp-image-17130 aligncenter\" src=\"https:\/\/agora.xtec.cat\/insandreunin\/wp-content\/uploads\/usu1005\/2021\/04\/portada-cfgm-1024x576.png\" alt=\"\" width=\"779\" height=\"438\" srcset=\"https:\/\/agora.xtec.cat\/insandreunin\/wp-content\/uploads\/usu1005\/2021\/04\/portada-cfgm-1024x576.png 1024w, https:\/\/agora.xtec.cat\/insandreunin\/wp-content\/uploads\/usu1005\/2021\/04\/portada-cfgm-300x169.png 300w, https:\/\/agora.xtec.cat\/insandreunin\/wp-content\/uploads\/usu1005\/2021\/04\/portada-cfgm-768x432.png 768w, https:\/\/agora.xtec.cat\/insandreunin\/wp-content\/uploads\/usu1005\/2021\/04\/portada-cfgm.png 1066w\" sizes=\"auto, (max-width: 779px) 100vw, 779px\" \/><\/a><\/p>\n<p>&nbsp;<\/p>\n<p><strong>Presentaci\u00f3 dels Cicles Formatius de Grau Superior (CFGS) que oferim a l&#8217;Institut:<\/strong><\/p>\n<p><a href=\"https:\/\/drive.google.com\/file\/d\/1JvlN9Cw9o8dKoZqfmr7tzHFw8js2G4zR\/view?usp=sharing\" target=\"_blank\" rel=\"noopener noreferrer\"><img loading=\"lazy\" decoding=\"async\" class=\" wp-image-17131 aligncenter\" src=\"https:\/\/agora.xtec.cat\/insandreunin\/wp-content\/uploads\/usu1005\/2021\/04\/portada-cfgs-1024x577.png\" alt=\"\" width=\"785\" height=\"442\" srcset=\"https:\/\/agora.xtec.cat\/insandreunin\/wp-content\/uploads\/usu1005\/2021\/04\/portada-cfgs-1024x577.png 1024w, https:\/\/agora.xtec.cat\/insandreunin\/wp-content\/uploads\/usu1005\/2021\/04\/portada-cfgs-300x169.png 300w, https:\/\/agora.xtec.cat\/insandreunin\/wp-content\/uploads\/usu1005\/2021\/04\/portada-cfgs-768x433.png 768w, https:\/\/agora.xtec.cat\/insandreunin\/wp-content\/uploads\/usu1005\/2021\/04\/portada-cfgs.png 1072w\" sizes=\"auto, (max-width: 785px) 100vw, 785px\" \/><\/a><\/p>\n<p>&nbsp;<\/p>\n<p>&nbsp;<\/p>\n<p><strong>Enlla\u00e7os d\u2019inter\u00e9s:<\/strong><\/p>\n<ul>\n<li><a href=\"http:\/\/queestudiar.gencat.cat\/ca\/index.html\" target=\"_blank\" rel=\"noopener noreferrer\">ESTUDIAR A CATALUNYA<\/a>: Estudis no universitaris ( ESO, Batxillerat, Cicles)<\/li>\n<li><span style=\"color: #ff0000;\">NOU!!! <span style=\"color: #000000;\"><a href=\"https:\/\/triaeducativa.gencat.cat\/ca\/inici\/\" target=\"_blank\" rel=\"noopener noreferrer\">QU\u00c8 PUC ESTUDIAR?<\/a>: Portal (Triaeducativa) amb tota mena d&#8217;informaci\u00f3 sobre estudis postobligatoris<\/span><\/span><\/li>\n<li><a href=\"http:\/\/formacio365.cat\/\" target=\"_blank\" rel=\"noopener noreferrer\">Formaci\u00f3 365.cat<\/a>: Estudis de tot tipus<\/li>\n<li><a href=\"http:\/\/ensenyament.gencat.cat\/ca\/serveis-tramits\/proves\/proves-acces\/gm-fp\/\">PROVES D\u2019ACC\u00c9S DE CFGM<br \/>\n<\/a><\/li>\n<li><a href=\"http:\/\/ensenyament.gencat.cat\/ca\/serveis-tramits\/proves\/proves-acces\/gs-fp\/\">PROVES D&#8217;ACC\u00c9S A CFGS<\/a><\/li>\n<li><a href=\"http:\/\/universitats.gencat.cat\/ca\/inici\/\" target=\"_blank\" rel=\"noopener noreferrer\">CANAL UNIVERSITAT<\/a>: Universitats a Catalunya<\/li>\n<li><a href=\"http:\/\/universitats.gencat.cat\/ca\/pau\/\" target=\"_blank\" rel=\"noopener noreferrer\">Les PAU<\/a>: Tota la informaci\u00f3 sobre la selectivitat<\/li>\n<li><a href=\"http:\/\/www.leina.org\/\" target=\"_blank\" rel=\"noopener noreferrer\">L\u2019EINA<\/a>: Portal de l\u2019ajuntament del Vendrell<\/li>\n<li>L\u2019ENTREVISTA DE FEINA: Recurs per preparar la teva entrevista de feina<\/li>\n<li><a href=\"http:\/\/www20.gencat.cat\/portal\/site\/OVT\/menuitem.8d9f3f7e23c1cd519e629e30b0c0e1a0\/?vgnextoid=117381196e0e3210VgnVCM1000008d0c1e0aRCRD&amp;vgnextchannel=117381196e0e3210VgnVCM1000008d0c1e0aRCRD&amp;vgnextfmt=detall&amp;contentid=02186091bdbaa3106091bdbaa3108d0c1e0aRCRD\" target=\"_blank\" rel=\"noopener noreferrer\">Beques<\/a><\/li>\n<\/ul>\n<p><strong>Altres recursos<\/strong><\/p>\n<ul>\n<li><a href=\"http:\/\/escuelas.consumer.es\/web\/es\/aprender_a_aprender\/\">Tecniques d&#8217;estudi<\/a><\/li>\n<\/ul>\n<p>&nbsp;<\/p>\n<p><a href=\"https:\/\/docs.google.com\/forms\/d\/e\/1FAIpQLSdlzZicYJb-lul-Dl2GmHIniHngIk9hUdzwdPWObQfox95q-g\/viewform\" target=\"_blank\" rel=\"noopener noreferrer\">Enquesta per l&#8217;orientaci\u00f3 de l&#8217;alumnat de 4t d&#8217;ESO<\/a><\/p>\n","protected":false},"excerpt":{"rendered":"<p>Presentaci\u00f3 dels Cicles Formatius de Grau Mitj\u00e0 (CFGM) que oferim a l&#8217;Institut: &nbsp; Presentaci\u00f3 dels Cicles Formatius de Grau Superior (CFGS) que oferim a l&#8217;Institut: &nbsp; &nbsp; Enlla\u00e7os d\u2019inter\u00e9s: ESTUDIAR A CATALUNYA: Estudis no universitaris ( ESO, Batxillerat, Cicles) NOU!!! QU\u00c8 PUC ESTUDIAR?: Portal (Triaeducativa) amb tota mena d&#8217;informaci\u00f3 sobre estudis postobligatoris Formaci\u00f3 365.cat: Estudis [&hellip;]<\/p>\n","protected":false},"author":1,"featured_media":0,"parent":455,"menu_order":4,"comment_status":"closed","ping_status":"closed","template":"page-templates\/side-menu.php","meta":{"_bbp_topic_count":0,"_bbp_reply_count":0,"_bbp_total_topic_count":0,"_bbp_total_reply_count":0,"_bbp_voice_count":0,"_bbp_anonymous_reply_count":0,"_bbp_topic_count_hidden":0,"_bbp_reply_count_hidden":0,"_bbp_forum_subforum_count":0,"site-sidebar-layout":"default","site-content-layout":"","ast-site-content-layout":"","site-content-style":"default","site-sidebar-style":"default","ast-global-header-display":"","ast-banner-title-visibility":"","ast-main-header-display":"","ast-hfb-above-header-display":"","ast-hfb-below-header-display":"","ast-hfb-mobile-header-display":"","site-post-title":"","ast-breadcrumbs-content":"","ast-featured-img":"","footer-sml-layout":"","theme-transparent-header-meta":"","adv-header-id-meta":"","stick-header-meta":"","header-above-stick-meta":"","header-main-stick-meta":"","header-below-stick-meta":"","astra-migrate-meta-layouts":"default","ast-page-background-enabled":"default","ast-page-background-meta":{"desktop":{"background-color":"var(--ast-global-color-4)","background-image":"","background-repeat":"repeat","background-position":"center center","background-size":"auto","background-attachment":"scroll","background-type":"","background-media":"","overlay-type":"","overlay-color":"","overlay-opacity":"","overlay-gradient":""},"tablet":{"background-color":"","background-image":"","background-repeat":"repeat","background-position":"center center","background-size":"auto","background-attachment":"scroll","background-type":"","background-media":"","overlay-type":"","overlay-color":"","overlay-opacity":"","overlay-gradient":""},"mobile":{"background-color":"","background-image":"","background-repeat":"repeat","background-position":"center center","background-size":"auto","background-attachment":"scroll","background-type":"","background-media":"","overlay-type":"","overlay-color":"","overlay-opacity":"","overlay-gradient":""}},"ast-content-background-meta":{"desktop":{"background-color":"var(--ast-global-color-5)","background-image":"","background-repeat":"repeat","background-position":"center center","background-size":"auto","background-attachment":"scroll","background-type":"","background-media":"","overlay-type":"","overlay-color":"","overlay-opacity":"","overlay-gradient":""},"tablet":{"background-color":"var(--ast-global-color-5)","background-image":"","background-repeat":"repeat","background-position":"center center","background-size":"auto","background-attachment":"scroll","background-type":"","background-media":"","overlay-type":"","overlay-color":"","overlay-opacity":"","overlay-gradient":""},"mobile":{"background-color":"var(--ast-global-color-5)","background-image":"","background-repeat":"repeat","background-position":"center center","background-size":"auto","background-attachment":"scroll","background-type":"","background-media":"","overlay-type":"","overlay-color":"","overlay-opacity":"","overlay-gradient":""}},"footnotes":""},"class_list":["post-937","page","type-page","status-publish","hentry"],"post_mailing_queue_ids":[],"_links":{"self":[{"href":"https:\/\/agora.xtec.cat\/insandreunin\/wp-json\/wp\/v2\/pages\/937","targetHints":{"allow":["GET"]}}],"collection":[{"href":"https:\/\/agora.xtec.cat\/insandreunin\/wp-json\/wp\/v2\/pages"}],"about":[{"href":"https:\/\/agora.xtec.cat\/insandreunin\/wp-json\/wp\/v2\/types\/page"}],"author":[{"embeddable":true,"href":"https:\/\/agora.xtec.cat\/insandreunin\/wp-json\/wp\/v2\/users\/1"}],"replies":[{"embeddable":true,"href":"https:\/\/agora.xtec.cat\/insandreunin\/wp-json\/wp\/v2\/comments?post=937"}],"version-history":[{"count":3,"href":"https:\/\/agora.xtec.cat\/insandreunin\/wp-json\/wp\/v2\/pages\/937\/revisions"}],"predecessor-version":[{"id":17133,"href":"https:\/\/agora.xtec.cat\/insandreunin\/wp-json\/wp\/v2\/pages\/937\/revisions\/17133"}],"up":[{"embeddable":true,"href":"https:\/\/agora.xtec.cat\/insandreunin\/wp-json\/wp\/v2\/pages\/455"}],"wp:attachment":[{"href":"https:\/\/agora.xtec.cat\/insandreunin\/wp-json\/wp\/v2\/media?parent=937"}],"curies":[{"name":"wp","href":"https:\/\/api.w.org\/{rel}","templated":true}]}}