{"id":911,"date":"2017-01-25T13:34:32","date_gmt":"2017-01-25T12:34:32","guid":{"rendered":"http:\/\/agora.xtec.cat\/insandreunin\/?page_id=911"},"modified":"2018-10-30T18:32:35","modified_gmt":"2018-10-30T17:32:35","slug":"equip-de-millora-dorientacio-educativa","status":"publish","type":"page","link":"https:\/\/agora.xtec.cat\/insandreunin\/projectes-i-activitats\/equip-de-millora-dorientacio-educativa\/","title":{"rendered":"Equip de millora d&#8217;Orientaci\u00f3 Educativa"},"content":{"rendered":"<p>La FIC \u00e9s un programa d&#8217;innovaci\u00f3 que vam engegar el curs 15-16 per tal de treballar en grup metodologies i recursos per a la millora de l&#8217;ensenyament i aprenentatge. Aquest grup de treball ens ha ajudat a elaborar un banc de recursos de bones pr\u00e0ctiques i diversos documents que ens faciliten la immersi\u00f3 progressiva al nou sistema\u00a0 d&#8217;avaluaci\u00f3 competencial. Entre altres documents podem trobar els seg\u00fcents:<\/p>\n<p><a href=\"https:\/\/docs.google.com\/document\/d\/19VdXICvnQx-pHNIJYlCedapn6ApsVC1aqLglQt7yLWY\/edit?usp=sharing\">Full de seguiment de l&#8217;alumne.<\/a> Aquest full ens proporciona les eines necess\u00e0ries per elaborar el consell orientador que a final de curs cal elaborar per orientar de la millor manera possible a les fam\u00edlies i en concret a l&#8217;alumne en la seva traject\u00f2ria acad\u00e8mica i laboral.<\/p>\n<p><a href=\"https:\/\/docs.google.com\/spreadsheets\/d\/1MwnVq3LwwUvIi0JtS6RxydPVELWcqrI89788TbK0_JI\/edit?usp=sharing\">Graella \u00e0mbit digital.<\/a> Aquest document ens serveix per distribuir i repartir entre els nostres departaments did\u00e0ctics les diferents compet\u00e8ncies transversals que es treballaran a cadascun dels cursos de l&#8217;ESO de l&#8217;\u00e0mbit digital.<\/p>\n<p><a href=\"https:\/\/docs.google.com\/document\/d\/1Sj5N4M4UpPhMGVgRe9GHOAONLhdlfoS_Z1vXko6v41A\/edit?usp=sharing\">R\u00fabrica oral ESO.<\/a> Aqu\u00ed tenim un exemple d&#8217;elaboraci\u00f3 d&#8217;una r\u00fabrica per avaluar de forma competencial una exposici\u00f3 oral.<\/p>\n","protected":false},"excerpt":{"rendered":"<p>La FIC \u00e9s un programa d&#8217;innovaci\u00f3 que vam engegar el curs 15-16 per tal de treballar en grup metodologies i recursos per a la millora de l&#8217;ensenyament i aprenentatge. Aquest grup de treball ens ha ajudat a elaborar un banc de recursos de bones pr\u00e0ctiques i diversos documents que ens faciliten la immersi\u00f3 progressiva al [&hellip;]<\/p>\n","protected":false},"author":1,"featured_media":0,"parent":462,"menu_order":3,"comment_status":"closed","ping_status":"closed","template":"page-templates\/side-menu.php","meta":{"_bbp_topic_count":0,"_bbp_reply_count":0,"_bbp_total_topic_count":0,"_bbp_total_reply_count":0,"_bbp_voice_count":0,"_bbp_anonymous_reply_count":0,"_bbp_topic_count_hidden":0,"_bbp_reply_count_hidden":0,"_bbp_forum_subforum_count":0,"site-sidebar-layout":"default","site-content-layout":"","ast-site-content-layout":"","site-content-style":"default","site-sidebar-style":"default","ast-global-header-display":"","ast-banner-title-visibility":"","ast-main-header-display":"","ast-hfb-above-header-display":"","ast-hfb-below-header-display":"","ast-hfb-mobile-header-display":"","site-post-title":"","ast-breadcrumbs-content":"","ast-featured-img":"","footer-sml-layout":"","theme-transparent-header-meta":"","adv-header-id-meta":"","stick-header-meta":"","header-above-stick-meta":"","header-main-stick-meta":"","header-below-stick-meta":"","astra-migrate-meta-layouts":"default","ast-page-background-enabled":"default","ast-page-background-meta":{"desktop":{"background-color":"var(--ast-global-color-4)","background-image":"","background-repeat":"repeat","background-position":"center center","background-size":"auto","background-attachment":"scroll","background-type":"","background-media":"","overlay-type":"","overlay-color":"","overlay-opacity":"","overlay-gradient":""},"tablet":{"background-color":"","background-image":"","background-repeat":"repeat","background-position":"center center","background-size":"auto","background-attachment":"scroll","background-type":"","background-media":"","overlay-type":"","overlay-color":"","overlay-opacity":"","overlay-gradient":""},"mobile":{"background-color":"","background-image":"","background-repeat":"repeat","background-position":"center center","background-size":"auto","background-attachment":"scroll","background-type":"","background-media":"","overlay-type":"","overlay-color":"","overlay-opacity":"","overlay-gradient":""}},"ast-content-background-meta":{"desktop":{"background-color":"var(--ast-global-color-5)","background-image":"","background-repeat":"repeat","background-position":"center center","background-size":"auto","background-attachment":"scroll","background-type":"","background-media":"","overlay-type":"","overlay-color":"","overlay-opacity":"","overlay-gradient":""},"tablet":{"background-color":"var(--ast-global-color-5)","background-image":"","background-repeat":"repeat","background-position":"center center","background-size":"auto","background-attachment":"scroll","background-type":"","background-media":"","overlay-type":"","overlay-color":"","overlay-opacity":"","overlay-gradient":""},"mobile":{"background-color":"var(--ast-global-color-5)","background-image":"","background-repeat":"repeat","background-position":"center center","background-size":"auto","background-attachment":"scroll","background-type":"","background-media":"","overlay-type":"","overlay-color":"","overlay-opacity":"","overlay-gradient":""}},"footnotes":""},"class_list":["post-911","page","type-page","status-publish","hentry"],"post_mailing_queue_ids":[],"_links":{"self":[{"href":"https:\/\/agora.xtec.cat\/insandreunin\/wp-json\/wp\/v2\/pages\/911","targetHints":{"allow":["GET"]}}],"collection":[{"href":"https:\/\/agora.xtec.cat\/insandreunin\/wp-json\/wp\/v2\/pages"}],"about":[{"href":"https:\/\/agora.xtec.cat\/insandreunin\/wp-json\/wp\/v2\/types\/page"}],"author":[{"embeddable":true,"href":"https:\/\/agora.xtec.cat\/insandreunin\/wp-json\/wp\/v2\/users\/1"}],"replies":[{"embeddable":true,"href":"https:\/\/agora.xtec.cat\/insandreunin\/wp-json\/wp\/v2\/comments?post=911"}],"version-history":[{"count":4,"href":"https:\/\/agora.xtec.cat\/insandreunin\/wp-json\/wp\/v2\/pages\/911\/revisions"}],"predecessor-version":[{"id":11340,"href":"https:\/\/agora.xtec.cat\/insandreunin\/wp-json\/wp\/v2\/pages\/911\/revisions\/11340"}],"up":[{"embeddable":true,"href":"https:\/\/agora.xtec.cat\/insandreunin\/wp-json\/wp\/v2\/pages\/462"}],"wp:attachment":[{"href":"https:\/\/agora.xtec.cat\/insandreunin\/wp-json\/wp\/v2\/media?parent=911"}],"curies":[{"name":"wp","href":"https:\/\/api.w.org\/{rel}","templated":true}]}}