{"id":905,"date":"2017-01-25T13:20:38","date_gmt":"2017-01-25T12:20:38","guid":{"rendered":"http:\/\/agora.xtec.cat\/insandreunin\/?page_id=905"},"modified":"2025-05-07T12:55:44","modified_gmt":"2025-05-07T10:55:44","slug":"escola-verda","status":"publish","type":"page","link":"https:\/\/agora.xtec.cat\/insandreunin\/projectes-i-activitats\/escola-verda\/","title":{"rendered":"Escola verda"},"content":{"rendered":"<p style=\"text-align: justify;\"><img loading=\"lazy\" decoding=\"async\" class=\"aligncenter\" src=\"http:\/\/agora.xtec.cat\/insrocagrossa\/wp-content\/uploads\/usu1281\/2016\/11\/SomEscolaVerda.jpg\" width=\"576\" height=\"234\" \/><\/p>\n<h5 style=\"text-align: center;\"><span style=\"color: #008000;\"><strong><a style=\"color: #008000;\" href=\"https:\/\/mediambient.gencat.cat\/ca\/05_ambits_dactuacio\/persones-i-natura\/centres-educatius\/xarxa-escoles-verdes\/\" target=\"_blank\" rel=\"noopener\">ACCEDEIX AL BLOG DE L&#8217;ESCOLA VERDA<\/a><\/strong><\/span><\/h5>\n<p style=\"text-align: justify;\">Des d&#8217;escoles verdes intentem incorporar els valors de l\u2019educaci\u00f3 per a la sostenibilitat en tots els \u00e0mbits de la vida del centre (curr\u00edculum, gesti\u00f3, relacions amb l\u2019entorn..) en quatre l\u00ednies diferents:<\/p>\n<ol>\n<li style=\"text-align: justify;\">Participar i intervenir en les diferents activitats del centre i tamb\u00e9 en aquelles de caire extraescolar. (organitzaci\u00f3 i participaci\u00f3)<\/li>\n<li style=\"text-align: justify;\">Participar o animar a la participaci\u00f3 en aquelles activitats que es facin a nivell de la vila; incidir i fomentar que els alumnes apliquin aquelles feines i accions fetes al centre a les seves llars i al seu entorn familiar. (implicaci\u00f3 en l\u2019entorn)<\/li>\n<li style=\"text-align: justify;\">Participar en l\u2019elaboraci\u00f3 curricular de totes les \u00e0rees (incloent-hi els cicles!!) perqu\u00e8 es facin activitats, lectures, on hi apareguin objectius vinculats en la gesti\u00f3 ambiental. (curr\u00edculum)<\/li>\n<li style=\"text-align: justify;\">Participar en fer una mica m\u00e9s sostenible el nostre centre, els nostres alumnes, les seves fam\u00edlies, el nostre poble, el pa\u00eds on vivim i aquest planeta!(gesti\u00f3 sostenible)<\/li>\n<\/ol>\n","protected":false},"excerpt":{"rendered":"<p>ACCEDEIX AL BLOG DE L&#8217;ESCOLA VERDA Des d&#8217;escoles verdes intentem incorporar els valors de l\u2019educaci\u00f3 per a la sostenibilitat en tots els \u00e0mbits de la vida del centre (curr\u00edculum, gesti\u00f3, relacions amb l\u2019entorn..) en quatre l\u00ednies diferents: Participar i intervenir en les diferents activitats del centre i tamb\u00e9 en aquelles de caire extraescolar. (organitzaci\u00f3 i [&hellip;]<\/p>\n","protected":false},"author":1,"featured_media":0,"parent":462,"menu_order":5,"comment_status":"closed","ping_status":"closed","template":"page-templates\/side-menu.php","meta":{"_bbp_topic_count":0,"_bbp_reply_count":0,"_bbp_total_topic_count":0,"_bbp_total_reply_count":0,"_bbp_voice_count":0,"_bbp_anonymous_reply_count":0,"_bbp_topic_count_hidden":0,"_bbp_reply_count_hidden":0,"_bbp_forum_subforum_count":0,"site-sidebar-layout":"default","site-content-layout":"","ast-site-content-layout":"","site-content-style":"default","site-sidebar-style":"default","ast-global-header-display":"","ast-banner-title-visibility":"","ast-main-header-display":"","ast-hfb-above-header-display":"","ast-hfb-below-header-display":"","ast-hfb-mobile-header-display":"","site-post-title":"","ast-breadcrumbs-content":"","ast-featured-img":"","footer-sml-layout":"","theme-transparent-header-meta":"","adv-header-id-meta":"","stick-header-meta":"","header-above-stick-meta":"","header-main-stick-meta":"","header-below-stick-meta":"","astra-migrate-meta-layouts":"default","ast-page-background-enabled":"default","ast-page-background-meta":{"desktop":{"background-color":"var(--ast-global-color-4)","background-image":"","background-repeat":"repeat","background-position":"center center","background-size":"auto","background-attachment":"scroll","background-type":"","background-media":"","overlay-type":"","overlay-color":"","overlay-opacity":"","overlay-gradient":""},"tablet":{"background-color":"","background-image":"","background-repeat":"repeat","background-position":"center center","background-size":"auto","background-attachment":"scroll","background-type":"","background-media":"","overlay-type":"","overlay-color":"","overlay-opacity":"","overlay-gradient":""},"mobile":{"background-color":"","background-image":"","background-repeat":"repeat","background-position":"center center","background-size":"auto","background-attachment":"scroll","background-type":"","background-media":"","overlay-type":"","overlay-color":"","overlay-opacity":"","overlay-gradient":""}},"ast-content-background-meta":{"desktop":{"background-color":"var(--ast-global-color-5)","background-image":"","background-repeat":"repeat","background-position":"center center","background-size":"auto","background-attachment":"scroll","background-type":"","background-media":"","overlay-type":"","overlay-color":"","overlay-opacity":"","overlay-gradient":""},"tablet":{"background-color":"var(--ast-global-color-5)","background-image":"","background-repeat":"repeat","background-position":"center center","background-size":"auto","background-attachment":"scroll","background-type":"","background-media":"","overlay-type":"","overlay-color":"","overlay-opacity":"","overlay-gradient":""},"mobile":{"background-color":"var(--ast-global-color-5)","background-image":"","background-repeat":"repeat","background-position":"center center","background-size":"auto","background-attachment":"scroll","background-type":"","background-media":"","overlay-type":"","overlay-color":"","overlay-opacity":"","overlay-gradient":""}},"footnotes":""},"class_list":["post-905","page","type-page","status-publish","hentry"],"post_mailing_queue_ids":[],"_links":{"self":[{"href":"https:\/\/agora.xtec.cat\/insandreunin\/wp-json\/wp\/v2\/pages\/905","targetHints":{"allow":["GET"]}}],"collection":[{"href":"https:\/\/agora.xtec.cat\/insandreunin\/wp-json\/wp\/v2\/pages"}],"about":[{"href":"https:\/\/agora.xtec.cat\/insandreunin\/wp-json\/wp\/v2\/types\/page"}],"author":[{"embeddable":true,"href":"https:\/\/agora.xtec.cat\/insandreunin\/wp-json\/wp\/v2\/users\/1"}],"replies":[{"embeddable":true,"href":"https:\/\/agora.xtec.cat\/insandreunin\/wp-json\/wp\/v2\/comments?post=905"}],"version-history":[{"count":4,"href":"https:\/\/agora.xtec.cat\/insandreunin\/wp-json\/wp\/v2\/pages\/905\/revisions"}],"predecessor-version":[{"id":23360,"href":"https:\/\/agora.xtec.cat\/insandreunin\/wp-json\/wp\/v2\/pages\/905\/revisions\/23360"}],"up":[{"embeddable":true,"href":"https:\/\/agora.xtec.cat\/insandreunin\/wp-json\/wp\/v2\/pages\/462"}],"wp:attachment":[{"href":"https:\/\/agora.xtec.cat\/insandreunin\/wp-json\/wp\/v2\/media?parent=905"}],"curies":[{"name":"wp","href":"https:\/\/api.w.org\/{rel}","templated":true}]}}