{"id":898,"date":"2017-01-24T19:24:15","date_gmt":"2017-01-24T18:24:15","guid":{"rendered":"http:\/\/agora.xtec.cat\/insandreunin\/?page_id=898"},"modified":"2019-11-13T14:20:22","modified_gmt":"2019-11-13T13:20:22","slug":"servei-de-mediacio","status":"publish","type":"page","link":"https:\/\/agora.xtec.cat\/insandreunin\/projectes-i-activitats\/servei-de-mediacio\/","title":{"rendered":"Servei de Mediaci\u00f3"},"content":{"rendered":"<p>L\u2019Institut Andreu Nin t\u00e9 a disposici\u00f3 de l\u2019alumnat que ho necessiti un Servei de Mediaci\u00f3 Escolar<\/p>\n<p style=\"text-align: left;\">La mediaci\u00f3 \u00e9s una eina educativa de resoluci\u00f3 de conflictes, que propicia el di\u00e0leg, la responsabilitat i la reconciliaci\u00f3 entre les persones, ajudant a prevenir la viol\u00e8ncia.<\/p>\n<p style=\"text-align: center;\"><iframe loading=\"lazy\" src=\"https:\/\/docs.google.com\/presentation\/d\/e\/2PACX-1vTbiel3AOyjU6yvsxltuQfWkHgy53gmcPJwRDQK9Djy27qPdQgkWkSXDJLhH1c9Bw\/embed?start=false&amp;loop=false&amp;delayms=3000\" width=\"640\" height=\"389\" frameborder=\"0\" allowfullscreen=\"allowfullscreen\"><span data-mce-type=\"bookmark\" style=\"display: inline-block; width: 0px; overflow: hidden; line-height: 0;\" class=\"mce_SELRES_start\">\ufeff<\/span><\/iframe><br \/>\nDavant un conflicte&#8230;Tria la mediaci\u00f3! Pot ser un bon comen\u00e7ament.<\/p>\n<p>La teva opini\u00f3 \u00e9s molt important per a nosaltres. Ajuda\u2019ns a millorar i a oferir un servei \u00fatil. Respon el seg\u00fcent <a href=\"https:\/\/goo.gl\/forms\/O4yrgtDzvMwSHiek2\">q\u00fcestionari<\/a>.<\/p>\n<p>Si necessites una mediaci\u00f3, posa\u2019t en contacte amb nosaltres!<\/p>\n<p style=\"text-align: center;\"><iframe loading=\"lazy\" src=\"https:\/\/docs.google.com\/forms\/d\/e\/1FAIpQLSeUuyxoGMQjQicSj1TSjW8cjyxIQIzP0zv99CzEryyUYEUJtg\/viewform?embedded=true\" width=\"760\" height=\"500\" frameborder=\"0\" marginwidth=\"0\" marginheight=\"0\">S&amp;amp;amp;amp;#39;est&amp;amp;amp;agrave; carregant..<\/iframe><\/p>\n","protected":false},"excerpt":{"rendered":"<p>L\u2019Institut Andreu Nin t\u00e9 a disposici\u00f3 de l\u2019alumnat que ho necessiti un Servei de Mediaci\u00f3 Escolar La mediaci\u00f3 \u00e9s una eina educativa de resoluci\u00f3 de conflictes, que propicia el di\u00e0leg, la responsabilitat i la reconciliaci\u00f3 entre les persones, ajudant a prevenir la viol\u00e8ncia. \ufeff Davant un conflicte&#8230;Tria la mediaci\u00f3! Pot ser un bon comen\u00e7ament. La [&hellip;]<\/p>\n","protected":false},"author":1,"featured_media":0,"parent":462,"menu_order":8,"comment_status":"closed","ping_status":"closed","template":"page-templates\/side-menu.php","meta":{"_bbp_topic_count":0,"_bbp_reply_count":0,"_bbp_total_topic_count":0,"_bbp_total_reply_count":0,"_bbp_voice_count":0,"_bbp_anonymous_reply_count":0,"_bbp_topic_count_hidden":0,"_bbp_reply_count_hidden":0,"_bbp_forum_subforum_count":0,"site-sidebar-layout":"default","site-content-layout":"","ast-site-content-layout":"","site-content-style":"default","site-sidebar-style":"default","ast-global-header-display":"","ast-banner-title-visibility":"","ast-main-header-display":"","ast-hfb-above-header-display":"","ast-hfb-below-header-display":"","ast-hfb-mobile-header-display":"","site-post-title":"","ast-breadcrumbs-content":"","ast-featured-img":"","footer-sml-layout":"","theme-transparent-header-meta":"","adv-header-id-meta":"","stick-header-meta":"","header-above-stick-meta":"","header-main-stick-meta":"","header-below-stick-meta":"","astra-migrate-meta-layouts":"default","ast-page-background-enabled":"default","ast-page-background-meta":{"desktop":{"background-color":"var(--ast-global-color-4)","background-image":"","background-repeat":"repeat","background-position":"center center","background-size":"auto","background-attachment":"scroll","background-type":"","background-media":"","overlay-type":"","overlay-color":"","overlay-opacity":"","overlay-gradient":""},"tablet":{"background-color":"","background-image":"","background-repeat":"repeat","background-position":"center center","background-size":"auto","background-attachment":"scroll","background-type":"","background-media":"","overlay-type":"","overlay-color":"","overlay-opacity":"","overlay-gradient":""},"mobile":{"background-color":"","background-image":"","background-repeat":"repeat","background-position":"center center","background-size":"auto","background-attachment":"scroll","background-type":"","background-media":"","overlay-type":"","overlay-color":"","overlay-opacity":"","overlay-gradient":""}},"ast-content-background-meta":{"desktop":{"background-color":"var(--ast-global-color-5)","background-image":"","background-repeat":"repeat","background-position":"center center","background-size":"auto","background-attachment":"scroll","background-type":"","background-media":"","overlay-type":"","overlay-color":"","overlay-opacity":"","overlay-gradient":""},"tablet":{"background-color":"var(--ast-global-color-5)","background-image":"","background-repeat":"repeat","background-position":"center center","background-size":"auto","background-attachment":"scroll","background-type":"","background-media":"","overlay-type":"","overlay-color":"","overlay-opacity":"","overlay-gradient":""},"mobile":{"background-color":"var(--ast-global-color-5)","background-image":"","background-repeat":"repeat","background-position":"center center","background-size":"auto","background-attachment":"scroll","background-type":"","background-media":"","overlay-type":"","overlay-color":"","overlay-opacity":"","overlay-gradient":""}},"footnotes":""},"class_list":["post-898","page","type-page","status-publish","hentry"],"post_mailing_queue_ids":[],"_links":{"self":[{"href":"https:\/\/agora.xtec.cat\/insandreunin\/wp-json\/wp\/v2\/pages\/898","targetHints":{"allow":["GET"]}}],"collection":[{"href":"https:\/\/agora.xtec.cat\/insandreunin\/wp-json\/wp\/v2\/pages"}],"about":[{"href":"https:\/\/agora.xtec.cat\/insandreunin\/wp-json\/wp\/v2\/types\/page"}],"author":[{"embeddable":true,"href":"https:\/\/agora.xtec.cat\/insandreunin\/wp-json\/wp\/v2\/users\/1"}],"replies":[{"embeddable":true,"href":"https:\/\/agora.xtec.cat\/insandreunin\/wp-json\/wp\/v2\/comments?post=898"}],"version-history":[{"count":3,"href":"https:\/\/agora.xtec.cat\/insandreunin\/wp-json\/wp\/v2\/pages\/898\/revisions"}],"predecessor-version":[{"id":14090,"href":"https:\/\/agora.xtec.cat\/insandreunin\/wp-json\/wp\/v2\/pages\/898\/revisions\/14090"}],"up":[{"embeddable":true,"href":"https:\/\/agora.xtec.cat\/insandreunin\/wp-json\/wp\/v2\/pages\/462"}],"wp:attachment":[{"href":"https:\/\/agora.xtec.cat\/insandreunin\/wp-json\/wp\/v2\/media?parent=898"}],"curies":[{"name":"wp","href":"https:\/\/api.w.org\/{rel}","templated":true}]}}