{"id":75,"date":"2014-09-18T10:21:02","date_gmt":"2014-09-18T09:21:02","guid":{"rendered":"http:\/\/agora.xtec.cat\/insandreunin\/?page_id=75"},"modified":"2021-10-22T12:53:38","modified_gmt":"2021-10-22T10:53:38","slug":"activitats-extraescolars","status":"publish","type":"page","link":"https:\/\/agora.xtec.cat\/insandreunin\/serveis\/activitats-extraescolars\/","title":{"rendered":"ACTIVITATS EXTRAESCOLARS"},"content":{"rendered":"<p>Benvolgudes fam\u00edlies,<\/p>\n<p>Tornem a comen\u00e7ar les activitats extraescolars esportives a l\u2019Ins Andreu Nin.<\/p>\n<table style=\"width: 64.0769%; height: 134px;\" width=\"0\">\n<tbody>\n<tr style=\"height: 10px;\">\n<td style=\"height: 10px; width: 144.204%;\" colspan=\"2\" width=\"566\">\n<p style=\"text-align: center;\"><strong>Activitats extraescolars esportives<\/strong><strong style=\"font-family: inherit; font-size: 1em;\">\u00a0<\/strong><\/p>\n<\/td>\n<\/tr>\n<tr style=\"height: 57px;\">\n<td style=\"height: 57px; width: 49.6575%;\" width=\"285\">VOLEIBOL, B\u00c0DMINTON I P\u00c0DEL<\/td>\n<td style=\"height: 57px; width: 94.5465%;\" width=\"281\">15:00 &#8211; 16:30. DIMARTS I DIJOUS<\/td>\n<\/tr>\n<tr style=\"height: 67px;\">\n<td style=\"height: 67px; width: 49.6575%;\" width=\"285\">FUTBOL SALA, B\u00c0SQUET I HANDBOL<\/td>\n<td style=\"height: 67px; width: 94.5465%;\" width=\"281\">15:00 &#8211; 16:30. DILLUNS I DIMECRES<\/td>\n<\/tr>\n<\/tbody>\n<\/table>\n<p>INFORMACIONS IMPORTANTS:<\/p>\n<p><span style=\"font-weight: 400;\">&#8211; Les activitats s\u2019iniciaran el proper dimecres 3 de Novembre\u00a0 i acabaran el dijous 26 de maig del present curs escolar.<\/span><\/p>\n<p><span style=\"font-weight: 400;\">&#8211; Les activitats estaran ubicades al Pavell\u00f3 del Consell Esportiu del Baix Pened\u00e8s i el Pavell\u00f3 Municipal de Vendrell<\/span><\/p>\n<p><span style=\"font-weight: 400;\">&#8211; Les activitats es gestionaran amb els protocols del C\u00f2vid del Centre\u00a0 del Consell Esportiu del Baix Pened\u00e8s. Dist\u00e0ncia- Mascareta- Mans netes.<\/span><\/p>\n<p><span style=\"font-weight: 400;\">&#8211; Hi haur\u00e0 neteja i ventilaci\u00f3 d\u2019espais.<\/span><\/p>\n<p><span style=\"font-weight: 400;\">&#8211; Si les activitats s\u2019han de suspendre es retornen les quotes respectives del trimestre.\u00a0<\/span><\/p>\n<p><span style=\"font-weight: 400;\">&#8211; Els grups han de ser m\u00ednim 8\u00a0 alumnes i m\u00e0xim 10 .per\u00a0 activitat.\u00a0<\/span><\/p>\n<p>&nbsp;<\/p>\n<p>Les activitats tindran un preu de:<\/p>\n<p><span style=\"font-weight: 400;\">30\u20ac\u00a0 primer trimestre\u00a0\u00a0<\/span><\/p>\n<p><span style=\"font-weight: 400;\">45\u20ac segon trimestre i tercer trimestre.<\/span><\/p>\n<p><span style=\"font-weight: 400;\">Abans de comen\u00e7ar les activitats tamb\u00e9 s&#8217;ha de pagar la quota d&#8217;asseguran\u00e7a dels alumnes. Aquesta \u00e9s de 15\u20ac per alumne.<\/span><\/p>\n<p>&nbsp;<\/p>\n<p>Per inscriure\u2019s a les <strong>activitats extraescolars esportives:<\/strong><\/p>\n<p><span style=\"font-weight: 400;\">1) Cal omplir el formulari: <\/span><a href=\"https:\/\/forms.gle\/MVJSFWAREKeMoXrf6\"><span style=\"font-weight: 400;\">https:\/\/forms.gle\/MVJSFWAREKeMoXrf6<\/span><\/a><\/p>\n<p><span style=\"font-weight: 400;\">2) Un cop els grups tinguin un m\u00ednim d&#8217;alumnes em posar\u00e9 en contacte per qu\u00e8 feu el primer pagament i aix\u00ed confirmareu la inscripci\u00f3.<\/span><\/p>\n<p>Per m\u00e9s informaci\u00f3; <u><a href=\"mailto:rsalvans@insandreunin.cat\">rsalvans@insandreunin.cat<\/a><\/u><\/p>\n<p><strong>\u00a0<\/strong><\/p>\n<p><strong>\u00a0<\/strong><\/p>\n<p>Molt atentament,<\/p>\n<p>Roc Salvans,<\/p>\n<p>&nbsp;<\/p>\n<p>Coordinador del <em>Pla Catal\u00e0 de l\u2019Esport a l\u2019Escola<\/em> de l\u2019Ins Andreu Nin<\/p>\n<p>&nbsp;<\/p>\n","protected":false},"excerpt":{"rendered":"<p>Benvolgudes fam\u00edlies, Tornem a comen\u00e7ar les activitats extraescolars esportives a l\u2019Ins Andreu Nin. Activitats extraescolars esportives\u00a0 VOLEIBOL, B\u00c0DMINTON I P\u00c0DEL 15:00 &#8211; 16:30. DIMARTS I DIJOUS FUTBOL SALA, B\u00c0SQUET I HANDBOL 15:00 &#8211; 16:30. DILLUNS I DIMECRES INFORMACIONS IMPORTANTS: &#8211; Les activitats s\u2019iniciaran el proper dimecres 3 de Novembre\u00a0 i acabaran el dijous 26 de [&hellip;]<\/p>\n","protected":false},"author":1,"featured_media":0,"parent":63,"menu_order":40,"comment_status":"closed","ping_status":"closed","template":"page-templates\/side-menu.php","meta":{"_bbp_topic_count":0,"_bbp_reply_count":0,"_bbp_total_topic_count":0,"_bbp_total_reply_count":0,"_bbp_voice_count":0,"_bbp_anonymous_reply_count":0,"_bbp_topic_count_hidden":0,"_bbp_reply_count_hidden":0,"_bbp_forum_subforum_count":0,"site-sidebar-layout":"default","site-content-layout":"","ast-site-content-layout":"","site-content-style":"default","site-sidebar-style":"default","ast-global-header-display":"","ast-banner-title-visibility":"","ast-main-header-display":"","ast-hfb-above-header-display":"","ast-hfb-below-header-display":"","ast-hfb-mobile-header-display":"","site-post-title":"","ast-breadcrumbs-content":"","ast-featured-img":"","footer-sml-layout":"","theme-transparent-header-meta":"","adv-header-id-meta":"","stick-header-meta":"","header-above-stick-meta":"","header-main-stick-meta":"","header-below-stick-meta":"","astra-migrate-meta-layouts":"default","ast-page-background-enabled":"default","ast-page-background-meta":{"desktop":{"background-color":"var(--ast-global-color-4)","background-image":"","background-repeat":"repeat","background-position":"center center","background-size":"auto","background-attachment":"scroll","background-type":"","background-media":"","overlay-type":"","overlay-color":"","overlay-opacity":"","overlay-gradient":""},"tablet":{"background-color":"","background-image":"","background-repeat":"repeat","background-position":"center center","background-size":"auto","background-attachment":"scroll","background-type":"","background-media":"","overlay-type":"","overlay-color":"","overlay-opacity":"","overlay-gradient":""},"mobile":{"background-color":"","background-image":"","background-repeat":"repeat","background-position":"center center","background-size":"auto","background-attachment":"scroll","background-type":"","background-media":"","overlay-type":"","overlay-color":"","overlay-opacity":"","overlay-gradient":""}},"ast-content-background-meta":{"desktop":{"background-color":"var(--ast-global-color-5)","background-image":"","background-repeat":"repeat","background-position":"center center","background-size":"auto","background-attachment":"scroll","background-type":"","background-media":"","overlay-type":"","overlay-color":"","overlay-opacity":"","overlay-gradient":""},"tablet":{"background-color":"var(--ast-global-color-5)","background-image":"","background-repeat":"repeat","background-position":"center center","background-size":"auto","background-attachment":"scroll","background-type":"","background-media":"","overlay-type":"","overlay-color":"","overlay-opacity":"","overlay-gradient":""},"mobile":{"background-color":"var(--ast-global-color-5)","background-image":"","background-repeat":"repeat","background-position":"center center","background-size":"auto","background-attachment":"scroll","background-type":"","background-media":"","overlay-type":"","overlay-color":"","overlay-opacity":"","overlay-gradient":""}},"footnotes":""},"class_list":["post-75","page","type-page","status-publish","hentry"],"post_mailing_queue_ids":[],"_links":{"self":[{"href":"https:\/\/agora.xtec.cat\/insandreunin\/wp-json\/wp\/v2\/pages\/75","targetHints":{"allow":["GET"]}}],"collection":[{"href":"https:\/\/agora.xtec.cat\/insandreunin\/wp-json\/wp\/v2\/pages"}],"about":[{"href":"https:\/\/agora.xtec.cat\/insandreunin\/wp-json\/wp\/v2\/types\/page"}],"author":[{"embeddable":true,"href":"https:\/\/agora.xtec.cat\/insandreunin\/wp-json\/wp\/v2\/users\/1"}],"replies":[{"embeddable":true,"href":"https:\/\/agora.xtec.cat\/insandreunin\/wp-json\/wp\/v2\/comments?post=75"}],"version-history":[{"count":4,"href":"https:\/\/agora.xtec.cat\/insandreunin\/wp-json\/wp\/v2\/pages\/75\/revisions"}],"predecessor-version":[{"id":18358,"href":"https:\/\/agora.xtec.cat\/insandreunin\/wp-json\/wp\/v2\/pages\/75\/revisions\/18358"}],"up":[{"embeddable":true,"href":"https:\/\/agora.xtec.cat\/insandreunin\/wp-json\/wp\/v2\/pages\/63"}],"wp:attachment":[{"href":"https:\/\/agora.xtec.cat\/insandreunin\/wp-json\/wp\/v2\/media?parent=75"}],"curies":[{"name":"wp","href":"https:\/\/api.w.org\/{rel}","templated":true}]}}