{"id":584,"date":"2016-07-20T12:40:09","date_gmt":"2016-07-20T11:40:09","guid":{"rendered":"http:\/\/agora.xtec.cat\/insandreunin\/?page_id=584"},"modified":"2026-03-28T13:22:43","modified_gmt":"2026-03-28T12:22:43","slug":"cicles-formatius","status":"publish","type":"page","link":"https:\/\/agora.xtec.cat\/insandreunin\/estudis-que-oferim\/cicles-formatius\/","title":{"rendered":"CICLES FORMATIUS: GRAU MITJ\u00c0 I GRAU SUPERIOR (CFGM\/CFGS)"},"content":{"rendered":"<p><span style=\"text-decoration: underline;\"><strong>CICLES FORMATIUS<\/strong><\/span><\/p>\n<p>En el centre es cursen\u00a0cicles formatius de les <strong>fam\u00edlies professionals<\/strong>:<\/p>\n<ul style=\"list-style-type: square;\">\n<li>Activitats f\u00edsiques i esportives (AAFE)<\/li>\n<li>Administraci\u00f3 i gesti\u00f3 (AG)<\/li>\n<li>Comer\u00e7 i m\u00e0rqueting (CM)<\/li>\n<li>Electricitat i electr\u00f2nica (EE)<\/li>\n<li>Fabricaci\u00f3 mec\u00e0nica (FM)<\/li>\n<li>Sanitat (SAN)<\/li>\n<li>Serveis socioculturals i a la comunitat (SSC)<\/li>\n<li>Transport i manteniment de vehicles (TMV)<\/li>\n<\/ul>\n<p>&nbsp;<\/p>\n<ul>\n<li>De <strong>Grau Mitj\u00e0<\/strong>\u00a0<strong>(CFPM)<\/strong> es cursen els cicles de:\n<ol>\n<li>Atenci\u00f3 a persones en situaci\u00f3 de depend\u00e8ncia (CFPM SC10) SSC <a href=\"https:\/\/drive.google.com\/file\/d\/1MBMf6aPP3X3FzrhVfXYdGNWFEUo1yEW_\/view?usp=sharing\" target=\"_blank\" rel=\"noopener noreferrer\">(<\/a><a href=\"https:\/\/drive.google.com\/file\/d\/19K-Geedr0f7Rvj5vwJvGlmFRrQkspeDn\/view?usp=sharing\">Descarrega fullet\u00f3<\/a><a href=\"https:\/\/drive.google.com\/file\/d\/1MBMf6aPP3X3FzrhVfXYdGNWFEUo1yEW_\/view?usp=sharing\" target=\"_blank\" rel=\"noopener noreferrer\">)<\/a><\/li>\n<li>Cures auxiliars d\u2019infermeria (CFPM 1601)\u00a0 SAN <a href=\"https:\/\/drive.google.com\/file\/d\/1MI-meKarn9B-3kdAN_QFtl2SgOzgcWIW\/view?usp=sharing\" target=\"_blank\" rel=\"noopener noreferrer\">(<\/a><a href=\"https:\/\/drive.google.com\/file\/d\/1elkkHOOSuBcye-dFzslZ5APip5RQ5fBz\/view?usp=sharing\">Descarrega fullet\u00f3)<\/a><\/li>\n<li>Emerg\u00e8ncies sanit\u00e0ries (CFPM SA30) SAN <span style=\"color: #ef6b1a; font-size: 12pt;\"><a href=\"https:\/\/drive.google.com\/file\/d\/1Uz6aXRmcVCoC_aa-0h9mTAvRRk7tMlSt\/view?usp=sharing\">(Descarrega fullet\u00f3)<\/a><\/span><\/li>\n<li>Activitats comercials (CFPM CM10) CM <a href=\"https:\/\/drive.google.com\/file\/d\/1laFPI-lEyH0CCsmlKdFuQjj_TBXr3C1e\/view?usp=sharing\">(Descarrega fullet\u00f3)<\/a><\/li>\n<li>Instal\u00b7lacions el\u00e8ctriques i autom\u00e0tiques (CFPM EE10) EE<a href=\"https:\/\/drive.google.com\/file\/d\/1L3HJ4KoqHi_DbmDTeXgfW75NbuQp89rc\/view?usp=sharing\"> (Descarrega fullet\u00f3)<\/a><\/li>\n<li>Gesti\u00f3 administrativa (CFPM AG10) AG <a href=\"https:\/\/drive.google.com\/file\/d\/1FyN9wgb-363_pAEDeqSKgz59ltF0mRql\/view?usp=sharing\">(Descarrega fullet\u00f3)<\/a><\/li>\n<li>Gesti\u00f3 Administrativa (\u00c0mbit Jur\u00eddic) (CFPM AG11) AG <a href=\"https:\/\/drive.google.com\/file\/d\/1QlL4a-kIX-WUA5z-Z34jacYhdnJC4yq0\/view?usp=sharing\">(Descarrega fullet\u00f3)<\/a><\/li>\n<li>Electromec\u00e0nica de vehicles autom\u00f2bils (CFPM TM10) TMV <a href=\"https:\/\/drive.google.com\/file\/d\/13GeRK2cshWAm59l4zZNO5wgqL1EP9VIL\/view?usp=sharing\">(Descarrega fullet\u00f3)<\/a><\/li>\n<li>Guia en el medi natural i de temps de lleure (CFPM AE10) AAFE <a href=\"https:\/\/drive.google.com\/file\/d\/1ZVBCbBEL17Duw-kUV8g6f4csp66UeeEI\/view?usp=sharing\">(Descarrega fullet\u00f3)<\/a><\/li>\n<li>Soldadura i caldereria (CFPM FM10) FM <span style=\"color: #ef6b1a; font-size: 12pt;\"><strong>&#8211; NOVETAT 26\/27 &#8211;<\/strong><\/span> <a href=\"https:\/\/drive.google.com\/file\/d\/1m0oS7uLt63dDEY6BzK_hjDJ65vKy6-JM\/view?usp=sharing\">(Descarrega fullet\u00f3)<\/a><\/li>\n<\/ol>\n<\/li>\n<\/ul>\n<ul>\n<li>De <strong>Grau Superior\u00a0(CFPS)\u00a0<\/strong>es cursen els cicles de:\n<ol>\n<li>Administraci\u00f3 i finances (AGBO) <a href=\"https:\/\/drive.google.com\/file\/d\/1timbKFBymH0i_j0P3XjboHkPyz-Fcvow\/view?usp=sharing\">(Descarrega fullet\u00f3)<\/a><\/li>\n<li>Educaci\u00f3 infantil (CFPS SCB0) SSC <a href=\"https:\/\/drive.google.com\/file\/d\/1bdACnMZnWnlniLDufJYp6cZHB8EVIR1E\/view?usp=sharing\">(Descarrega fullet\u00f3)<\/a><\/li>\n<li>Integraci\u00f3 social (CFPS SCC0) SSC <a href=\"https:\/\/drive.google.com\/file\/d\/1_3DfSeTeH7QT8G4n1faF6KUBvwjMnet5\/view?usp=sharing\">(Descarrega fullet\u00f3)<\/a><\/li>\n<li><span class=\"S1PPyQ\">M\u00e0rqueting i Publicitat<\/span> (CFPS CMD0) CM <a href=\"https:\/\/drive.google.com\/file\/d\/1t8OV52tBC3y3ABcsqNKbC9NS6cE62Mca\/view?usp=sharing\">(Descarrega fullet\u00f3)<\/a><\/li>\n<li>Automoci\u00f3 (CFPS TMA0) TMV <a href=\"https:\/\/drive.google.com\/file\/d\/1GguXd_c-_bQlLE59TuAVccQGOHT5RaSk\/view?usp=sharing\">(Descarrega fullet\u00f3)<\/a><\/li>\n<li>Ensenyament i animaci\u00f3 socioesportiva (CFPS AEA0 ) AAFE <a href=\"https:\/\/drive.google.com\/file\/d\/1cfAidMGxXIcYzIJ6xUV22uF-HHEm45cG\/view?usp=sharing\">(Descarrega fullet\u00f3)<\/a><\/li>\n<li>Automatitzaci\u00f3 i rob\u00f2tica industrial (CFPS EEB0) EE <a href=\"https:\/\/drive.google.com\/file\/d\/1I1c3Sl7HKRipWV_FdjbRNDLwRWo-TeXk\/view?usp=sharing\">(Descarrega fullet\u00f3)<\/a><\/li>\n<li>Disseny en fabricaci\u00f3 mec\u00e0nica: Desenvolupament virtual de l&#8217;autom\u00f2bil (CFPS FMC1) FM <a href=\"https:\/\/drive.google.com\/file\/d\/1LVF_i0_nm9lbRmqQxVG9tKiAuyBvB0V2\/view?usp=sharing\">(Descarrega fullet\u00f3)<\/a><\/li>\n<\/ol>\n<\/li>\n<\/ul>\n<p>&nbsp;<\/p>\n<p>&nbsp;<\/p>\n<p>&nbsp;<\/p>\n<p>&nbsp;<\/p>\n","protected":false},"excerpt":{"rendered":"<p>CICLES FORMATIUS En el centre es cursen\u00a0cicles formatius de les fam\u00edlies professionals: Activitats f\u00edsiques i esportives (AAFE) Administraci\u00f3 i gesti\u00f3 (AG) Comer\u00e7 i m\u00e0rqueting (CM) Electricitat i electr\u00f2nica (EE) Fabricaci\u00f3 mec\u00e0nica (FM) Sanitat (SAN) Serveis socioculturals i a la comunitat (SSC) Transport i manteniment de vehicles (TMV) &nbsp; De Grau Mitj\u00e0\u00a0(CFPM) es cursen els cicles [&hellip;]<\/p>\n","protected":false},"author":1,"featured_media":0,"parent":451,"menu_order":0,"comment_status":"closed","ping_status":"closed","template":"","meta":{"_bbp_topic_count":0,"_bbp_reply_count":0,"_bbp_total_topic_count":0,"_bbp_total_reply_count":0,"_bbp_voice_count":0,"_bbp_anonymous_reply_count":0,"_bbp_topic_count_hidden":0,"_bbp_reply_count_hidden":0,"_bbp_forum_subforum_count":0,"site-sidebar-layout":"default","site-content-layout":"","ast-site-content-layout":"default","site-content-style":"default","site-sidebar-style":"default","ast-global-header-display":"","ast-banner-title-visibility":"","ast-main-header-display":"","ast-hfb-above-header-display":"","ast-hfb-below-header-display":"","ast-hfb-mobile-header-display":"","site-post-title":"","ast-breadcrumbs-content":"","ast-featured-img":"","footer-sml-layout":"","theme-transparent-header-meta":"default","adv-header-id-meta":"","stick-header-meta":"","header-above-stick-meta":"","header-main-stick-meta":"","header-below-stick-meta":"","astra-migrate-meta-layouts":"set","ast-page-background-enabled":"default","ast-page-background-meta":{"desktop":{"background-color":"var(--ast-global-color-4)","background-image":"","background-repeat":"repeat","background-position":"center center","background-size":"auto","background-attachment":"scroll","background-type":"","background-media":"","overlay-type":"","overlay-color":"","overlay-opacity":"","overlay-gradient":""},"tablet":{"background-color":"","background-image":"","background-repeat":"repeat","background-position":"center center","background-size":"auto","background-attachment":"scroll","background-type":"","background-media":"","overlay-type":"","overlay-color":"","overlay-opacity":"","overlay-gradient":""},"mobile":{"background-color":"","background-image":"","background-repeat":"repeat","background-position":"center center","background-size":"auto","background-attachment":"scroll","background-type":"","background-media":"","overlay-type":"","overlay-color":"","overlay-opacity":"","overlay-gradient":""}},"ast-content-background-meta":{"desktop":{"background-color":"var(--ast-global-color-5)","background-image":"","background-repeat":"repeat","background-position":"center center","background-size":"auto","background-attachment":"scroll","background-type":"","background-media":"","overlay-type":"","overlay-color":"","overlay-opacity":"","overlay-gradient":""},"tablet":{"background-color":"var(--ast-global-color-5)","background-image":"","background-repeat":"repeat","background-position":"center center","background-size":"auto","background-attachment":"scroll","background-type":"","background-media":"","overlay-type":"","overlay-color":"","overlay-opacity":"","overlay-gradient":""},"mobile":{"background-color":"var(--ast-global-color-5)","background-image":"","background-repeat":"repeat","background-position":"center center","background-size":"auto","background-attachment":"scroll","background-type":"","background-media":"","overlay-type":"","overlay-color":"","overlay-opacity":"","overlay-gradient":""}},"footnotes":""},"class_list":["post-584","page","type-page","status-publish","hentry"],"post_mailing_queue_ids":[],"_links":{"self":[{"href":"https:\/\/agora.xtec.cat\/insandreunin\/wp-json\/wp\/v2\/pages\/584","targetHints":{"allow":["GET"]}}],"collection":[{"href":"https:\/\/agora.xtec.cat\/insandreunin\/wp-json\/wp\/v2\/pages"}],"about":[{"href":"https:\/\/agora.xtec.cat\/insandreunin\/wp-json\/wp\/v2\/types\/page"}],"author":[{"embeddable":true,"href":"https:\/\/agora.xtec.cat\/insandreunin\/wp-json\/wp\/v2\/users\/1"}],"replies":[{"embeddable":true,"href":"https:\/\/agora.xtec.cat\/insandreunin\/wp-json\/wp\/v2\/comments?post=584"}],"version-history":[{"count":10,"href":"https:\/\/agora.xtec.cat\/insandreunin\/wp-json\/wp\/v2\/pages\/584\/revisions"}],"predecessor-version":[{"id":24519,"href":"https:\/\/agora.xtec.cat\/insandreunin\/wp-json\/wp\/v2\/pages\/584\/revisions\/24519"}],"up":[{"embeddable":true,"href":"https:\/\/agora.xtec.cat\/insandreunin\/wp-json\/wp\/v2\/pages\/451"}],"wp:attachment":[{"href":"https:\/\/agora.xtec.cat\/insandreunin\/wp-json\/wp\/v2\/media?parent=584"}],"curies":[{"name":"wp","href":"https:\/\/api.w.org\/{rel}","templated":true}]}}