{"id":578,"date":"2016-07-20T12:38:33","date_gmt":"2016-07-20T11:38:33","guid":{"rendered":"http:\/\/agora.xtec.cat\/insandreunin\/?page_id=578"},"modified":"2025-10-08T10:53:11","modified_gmt":"2025-10-08T08:53:11","slug":"eso","status":"publish","type":"page","link":"https:\/\/agora.xtec.cat\/insandreunin\/estudis-que-oferim\/eso\/","title":{"rendered":"ESO"},"content":{"rendered":"<p>Oficialment, el centre t\u00e9 assignades tres l\u00ednies a tercer i quatre a quart d\u2019 ESO.<\/p>\n<p>Per poder tractar de forma adequada la diversitat el centre compta amb:<\/p>\n<ul>\n<li>Grups de diversificaci\u00f3 curriculars<\/li>\n<li>Una unitat d\u2019escolaritzaci\u00f3 compartida<\/li>\n<li>Desdoblaments<\/li>\n<li>Suports a l&#8217;aula<\/li>\n<\/ul>\n<p><strong>Organitzaci\u00f3 del curr\u00edculum a l\u2019ESO:<\/strong><\/p>\n<p>Els estudis de l\u2019ESO s\u2019organitzen en mat\u00e8ries comunes, mat\u00e8ries optatives i projectes. A mesura que avancen els cursos, les mat\u00e8ries optatives tenen m\u00e9s protagonisme que les comunes. La distribuci\u00f3 hor\u00e0ria concreta queda reflectida en el desenvolupament curricular de l\u2019ESO.<\/p>\n<p>Les hores setmanals assignades a les \u00e0rees comunes s\u00f3n les que venen marcades per la normativa vigent i recollides en les instruccions de l\u2019inici de curs. Aquestes mat\u00e8ries comunes compten amb una hora de desdoblament que es revisa i pot variar cada curs.<\/p>\n<p>L\u2019oferta de mat\u00e8ries optatives s&#8217;ha dissenyat en funci\u00f3 dels interessos que mostra l&#8217;alumnat i s\u2019especifica de forma detallada en el nostre desenvolupament del curr\u00edculum de l\u2019ESO.<\/p>\n<p>&nbsp;<\/p>\n","protected":false},"excerpt":{"rendered":"<p>Oficialment, el centre t\u00e9 assignades tres l\u00ednies a tercer i quatre a quart d\u2019 ESO. Per poder tractar de forma adequada la diversitat el centre compta amb: Grups de diversificaci\u00f3 curriculars Una unitat d\u2019escolaritzaci\u00f3 compartida Desdoblaments Suports a l&#8217;aula Organitzaci\u00f3 del curr\u00edculum a l\u2019ESO: Els estudis de l\u2019ESO s\u2019organitzen en mat\u00e8ries comunes, mat\u00e8ries optatives i [&hellip;]<\/p>\n","protected":false},"author":1,"featured_media":0,"parent":451,"menu_order":0,"comment_status":"closed","ping_status":"closed","template":"page-templates\/side-menu.php","meta":{"_bbp_topic_count":0,"_bbp_reply_count":0,"_bbp_total_topic_count":0,"_bbp_total_reply_count":0,"_bbp_voice_count":0,"_bbp_anonymous_reply_count":0,"_bbp_topic_count_hidden":0,"_bbp_reply_count_hidden":0,"_bbp_forum_subforum_count":0,"site-sidebar-layout":"default","site-content-layout":"","ast-site-content-layout":"","site-content-style":"default","site-sidebar-style":"default","ast-global-header-display":"","ast-banner-title-visibility":"","ast-main-header-display":"","ast-hfb-above-header-display":"","ast-hfb-below-header-display":"","ast-hfb-mobile-header-display":"","site-post-title":"","ast-breadcrumbs-content":"","ast-featured-img":"","footer-sml-layout":"","theme-transparent-header-meta":"","adv-header-id-meta":"","stick-header-meta":"","header-above-stick-meta":"","header-main-stick-meta":"","header-below-stick-meta":"","astra-migrate-meta-layouts":"default","ast-page-background-enabled":"default","ast-page-background-meta":{"desktop":{"background-color":"var(--ast-global-color-4)","background-image":"","background-repeat":"repeat","background-position":"center center","background-size":"auto","background-attachment":"scroll","background-type":"","background-media":"","overlay-type":"","overlay-color":"","overlay-opacity":"","overlay-gradient":""},"tablet":{"background-color":"","background-image":"","background-repeat":"repeat","background-position":"center center","background-size":"auto","background-attachment":"scroll","background-type":"","background-media":"","overlay-type":"","overlay-color":"","overlay-opacity":"","overlay-gradient":""},"mobile":{"background-color":"","background-image":"","background-repeat":"repeat","background-position":"center center","background-size":"auto","background-attachment":"scroll","background-type":"","background-media":"","overlay-type":"","overlay-color":"","overlay-opacity":"","overlay-gradient":""}},"ast-content-background-meta":{"desktop":{"background-color":"var(--ast-global-color-5)","background-image":"","background-repeat":"repeat","background-position":"center center","background-size":"auto","background-attachment":"scroll","background-type":"","background-media":"","overlay-type":"","overlay-color":"","overlay-opacity":"","overlay-gradient":""},"tablet":{"background-color":"var(--ast-global-color-5)","background-image":"","background-repeat":"repeat","background-position":"center center","background-size":"auto","background-attachment":"scroll","background-type":"","background-media":"","overlay-type":"","overlay-color":"","overlay-opacity":"","overlay-gradient":""},"mobile":{"background-color":"var(--ast-global-color-5)","background-image":"","background-repeat":"repeat","background-position":"center center","background-size":"auto","background-attachment":"scroll","background-type":"","background-media":"","overlay-type":"","overlay-color":"","overlay-opacity":"","overlay-gradient":""}},"footnotes":""},"class_list":["post-578","page","type-page","status-publish","hentry"],"post_mailing_queue_ids":[],"_links":{"self":[{"href":"https:\/\/agora.xtec.cat\/insandreunin\/wp-json\/wp\/v2\/pages\/578","targetHints":{"allow":["GET"]}}],"collection":[{"href":"https:\/\/agora.xtec.cat\/insandreunin\/wp-json\/wp\/v2\/pages"}],"about":[{"href":"https:\/\/agora.xtec.cat\/insandreunin\/wp-json\/wp\/v2\/types\/page"}],"author":[{"embeddable":true,"href":"https:\/\/agora.xtec.cat\/insandreunin\/wp-json\/wp\/v2\/users\/1"}],"replies":[{"embeddable":true,"href":"https:\/\/agora.xtec.cat\/insandreunin\/wp-json\/wp\/v2\/comments?post=578"}],"version-history":[{"count":7,"href":"https:\/\/agora.xtec.cat\/insandreunin\/wp-json\/wp\/v2\/pages\/578\/revisions"}],"predecessor-version":[{"id":23793,"href":"https:\/\/agora.xtec.cat\/insandreunin\/wp-json\/wp\/v2\/pages\/578\/revisions\/23793"}],"up":[{"embeddable":true,"href":"https:\/\/agora.xtec.cat\/insandreunin\/wp-json\/wp\/v2\/pages\/451"}],"wp:attachment":[{"href":"https:\/\/agora.xtec.cat\/insandreunin\/wp-json\/wp\/v2\/media?parent=578"}],"curies":[{"name":"wp","href":"https:\/\/api.w.org\/{rel}","templated":true}]}}