{"id":49,"date":"2014-09-17T16:55:55","date_gmt":"2014-09-17T16:55:55","guid":{"rendered":"http:\/\/agora.xtec.cat\/insandreunin\/?page_id=49"},"modified":"2025-09-03T22:55:21","modified_gmt":"2025-09-03T20:55:21","slug":"normes-dorganitzacio-i-funcionament","status":"publish","type":"page","link":"https:\/\/agora.xtec.cat\/insandreunin\/linstitut\/normes-dorganitzacio-i-funcionament\/","title":{"rendered":"NORMES I FUNCIONAMENT"},"content":{"rendered":"<p><a href=\"https:\/\/docs.google.com\/document\/d\/12_kIoWLh7ub-zeDl0Nimj0i6I0Q6nIE3E59E-CFjBz0\/edit?usp=sharing\" target=\"_blank\" rel=\"noopener noreferrer\">PROJECTE EDUCATIU DE CENTRE<\/a><\/p>\n<p><a href=\"https:\/\/drive.google.com\/file\/d\/1erugTjaFInUJKoFnxHHgJ0G20bqKiwoM\/view?usp=drive_link\" target=\"_blank\" rel=\"noopener noreferrer\">PROJECTE DE DIRECCI\u00d3<\/a><\/p>\n<p><a href=\"https:\/\/docs.google.com\/document\/d\/1XUxQbX_f1F25a8WObEyJh14B3NEu5BFUrkwWCnRNKDE\/edit?usp=sharing\" target=\"_blank\" rel=\"noopener noreferrer\">PROJECTE LING\u00dc\u00cdSTIC<\/a><\/p>\n<p><a href=\"https:\/\/docs.google.com\/document\/d\/1gR1tlYFL-OyOig39gKxAfOxXp4lbPyXcb3TH4091QOQ\/edit?tab=t.0\" target=\"_blank\" rel=\"noopener noreferrer\">CARTA DE COMPROM\u00cdS EDUCATIU<\/a><\/p>\n<p><a href=\"https:\/\/drive.google.com\/file\/d\/19IPa7P0OhowEpgsqA9_YbigmlbXJorwg\/view?usp=sharing\" target=\"_blank\" rel=\"noopener\">NORMATIVA D&#8217;ORGANITZACI\u00d3 I FUNCIONAMENT DEL CENTRE 25\/26<\/a><\/p>\n<p><a href=\"https:\/\/drive.google.com\/file\/d\/1DpxbQsu3Y3N1W9XVRdVnGI0p_P_DodsK\/view?usp=sharing\" target=\"_blank\" rel=\"noopener\">PROTOCOL D&#8217;INASSIST\u00c8NCIA COL\u00b7LECTIVA<\/a><\/p>\n<p><a href=\"https:\/\/drive.google.com\/file\/d\/1zXLRVKkO6DlTy0XDInXvIOlUWBZsROxz\/view?usp=sharing\" target=\"_blank\" rel=\"noopener\">NORMATIVA PATINETS I BICICLETES 24\/25<\/a><\/p>\n<p>&nbsp;<\/p>\n","protected":false},"excerpt":{"rendered":"<p>PROJECTE EDUCATIU DE CENTRE PROJECTE DE DIRECCI\u00d3 PROJECTE LING\u00dc\u00cdSTIC CARTA DE COMPROM\u00cdS EDUCATIU NORMATIVA D&#8217;ORGANITZACI\u00d3 I FUNCIONAMENT DEL CENTRE 25\/26 PROTOCOL D&#8217;INASSIST\u00c8NCIA COL\u00b7LECTIVA NORMATIVA PATINETS I BICICLETES 24\/25 &nbsp;<\/p>\n","protected":false},"author":1,"featured_media":0,"parent":19,"menu_order":6,"comment_status":"closed","ping_status":"closed","template":"page-templates\/side-menu.php","meta":{"_bbp_topic_count":0,"_bbp_reply_count":0,"_bbp_total_topic_count":0,"_bbp_total_reply_count":0,"_bbp_voice_count":0,"_bbp_anonymous_reply_count":0,"_bbp_topic_count_hidden":0,"_bbp_reply_count_hidden":0,"_bbp_forum_subforum_count":0,"site-sidebar-layout":"default","site-content-layout":"","ast-site-content-layout":"","site-content-style":"default","site-sidebar-style":"default","ast-global-header-display":"","ast-banner-title-visibility":"","ast-main-header-display":"","ast-hfb-above-header-display":"","ast-hfb-below-header-display":"","ast-hfb-mobile-header-display":"","site-post-title":"","ast-breadcrumbs-content":"","ast-featured-img":"","footer-sml-layout":"","theme-transparent-header-meta":"","adv-header-id-meta":"","stick-header-meta":"","header-above-stick-meta":"","header-main-stick-meta":"","header-below-stick-meta":"","astra-migrate-meta-layouts":"default","ast-page-background-enabled":"default","ast-page-background-meta":{"desktop":{"background-color":"var(--ast-global-color-4)","background-image":"","background-repeat":"repeat","background-position":"center center","background-size":"auto","background-attachment":"scroll","background-type":"","background-media":"","overlay-type":"","overlay-color":"","overlay-opacity":"","overlay-gradient":""},"tablet":{"background-color":"","background-image":"","background-repeat":"repeat","background-position":"center center","background-size":"auto","background-attachment":"scroll","background-type":"","background-media":"","overlay-type":"","overlay-color":"","overlay-opacity":"","overlay-gradient":""},"mobile":{"background-color":"","background-image":"","background-repeat":"repeat","background-position":"center center","background-size":"auto","background-attachment":"scroll","background-type":"","background-media":"","overlay-type":"","overlay-color":"","overlay-opacity":"","overlay-gradient":""}},"ast-content-background-meta":{"desktop":{"background-color":"var(--ast-global-color-5)","background-image":"","background-repeat":"repeat","background-position":"center center","background-size":"auto","background-attachment":"scroll","background-type":"","background-media":"","overlay-type":"","overlay-color":"","overlay-opacity":"","overlay-gradient":""},"tablet":{"background-color":"var(--ast-global-color-5)","background-image":"","background-repeat":"repeat","background-position":"center center","background-size":"auto","background-attachment":"scroll","background-type":"","background-media":"","overlay-type":"","overlay-color":"","overlay-opacity":"","overlay-gradient":""},"mobile":{"background-color":"var(--ast-global-color-5)","background-image":"","background-repeat":"repeat","background-position":"center center","background-size":"auto","background-attachment":"scroll","background-type":"","background-media":"","overlay-type":"","overlay-color":"","overlay-opacity":"","overlay-gradient":""}},"footnotes":""},"class_list":["post-49","page","type-page","status-publish","hentry"],"post_mailing_queue_ids":[],"_links":{"self":[{"href":"https:\/\/agora.xtec.cat\/insandreunin\/wp-json\/wp\/v2\/pages\/49","targetHints":{"allow":["GET"]}}],"collection":[{"href":"https:\/\/agora.xtec.cat\/insandreunin\/wp-json\/wp\/v2\/pages"}],"about":[{"href":"https:\/\/agora.xtec.cat\/insandreunin\/wp-json\/wp\/v2\/types\/page"}],"author":[{"embeddable":true,"href":"https:\/\/agora.xtec.cat\/insandreunin\/wp-json\/wp\/v2\/users\/1"}],"replies":[{"embeddable":true,"href":"https:\/\/agora.xtec.cat\/insandreunin\/wp-json\/wp\/v2\/comments?post=49"}],"version-history":[{"count":10,"href":"https:\/\/agora.xtec.cat\/insandreunin\/wp-json\/wp\/v2\/pages\/49\/revisions"}],"predecessor-version":[{"id":23666,"href":"https:\/\/agora.xtec.cat\/insandreunin\/wp-json\/wp\/v2\/pages\/49\/revisions\/23666"}],"up":[{"embeddable":true,"href":"https:\/\/agora.xtec.cat\/insandreunin\/wp-json\/wp\/v2\/pages\/19"}],"wp:attachment":[{"href":"https:\/\/agora.xtec.cat\/insandreunin\/wp-json\/wp\/v2\/media?parent=49"}],"curies":[{"name":"wp","href":"https:\/\/api.w.org\/{rel}","templated":true}]}}