{"id":475,"date":"2016-07-19T17:31:22","date_gmt":"2016-07-19T16:31:22","guid":{"rendered":"http:\/\/agora.xtec.cat\/insandreunin\/?page_id=475"},"modified":"2024-05-24T11:06:04","modified_gmt":"2024-05-24T09:06:04","slug":"empreses-i-entitats","status":"publish","type":"page","link":"https:\/\/agora.xtec.cat\/insandreunin\/empreses-i-entitats\/","title":{"rendered":"SERVEIS A PERSONES, EMPRESES I ENTITATS"},"content":{"rendered":"<p><img loading=\"lazy\" decoding=\"async\" class=\"aligncenter wp-image-17521\" src=\"https:\/\/agora.xtec.cat\/insandreunin\/wp-content\/uploads\/usu1005\/2021\/05\/logos-institucionals-1024x60.png\" alt=\"\" width=\"649\" height=\"38\" srcset=\"https:\/\/agora.xtec.cat\/insandreunin\/wp-content\/uploads\/usu1005\/2021\/05\/logos-institucionals-1024x60.png 1024w, https:\/\/agora.xtec.cat\/insandreunin\/wp-content\/uploads\/usu1005\/2021\/05\/logos-institucionals-300x18.png 300w, https:\/\/agora.xtec.cat\/insandreunin\/wp-content\/uploads\/usu1005\/2021\/05\/logos-institucionals-768x45.png 768w, https:\/\/agora.xtec.cat\/insandreunin\/wp-content\/uploads\/usu1005\/2021\/05\/logos-institucionals.png 1234w\" sizes=\"auto, (max-width: 649px) 100vw, 649px\" \/><\/p>\n<p style=\"text-align: center;\"><span style=\"text-decoration: underline;\"><span style=\"font-size: 14pt;\"><span style=\"color: #ff6600; text-decoration: underline;\"><strong style=\"font-family: inherit;\">CARTA DE SERVEIS A PERSONES, <\/strong><\/span><span style=\"color: #ff6600; text-decoration: underline;\"><strong style=\"font-family: inherit;\">EMPRESES I ENTITATS<\/strong><\/span><\/span><\/span><\/p>\n<p><span style=\"color: #000000;\"><strong style=\"font-size: 12pt; font-family: inherit;\"> \u00a0 <\/strong><\/span><span style=\"color: #ff6600;\"><strong style=\"font-size: 12pt; font-family: inherit;\"><span style=\"color: #000000;\">\u00a0 \u00a0\u00a0 Aqu\u00ed podeu descarregar el<\/span> <a href=\"https:\/\/agora.xtec.cat\/insandreunin\/wp-content\/uploads\/usu1005\/2020\/12\/D\u00edptic-empreses.pdf\">D\u00edptic de la Carta de Serveis<\/a><\/strong><\/span><\/p>\n<p><strong style=\"color: #000000; font-size: 12pt; font-family: inherit;\"><a href=\"https:\/\/agora.xtec.cat\/insandreunin\/wp-content\/uploads\/usu1005\/2020\/12\/Serveis-a-les-persones-i-empreses-2.png\"><img loading=\"lazy\" decoding=\"async\" class=\"wp-image-16316 alignleft\" src=\"https:\/\/agora.xtec.cat\/insandreunin\/wp-content\/uploads\/usu1005\/2020\/12\/Serveis-a-les-persones-i-empreses-2-947x1024.png\" alt=\"\" width=\"209\" height=\"226\" srcset=\"https:\/\/agora.xtec.cat\/insandreunin\/wp-content\/uploads\/usu1005\/2020\/12\/Serveis-a-les-persones-i-empreses-2-947x1024.png 947w, https:\/\/agora.xtec.cat\/insandreunin\/wp-content\/uploads\/usu1005\/2020\/12\/Serveis-a-les-persones-i-empreses-2-277x300.png 277w, https:\/\/agora.xtec.cat\/insandreunin\/wp-content\/uploads\/usu1005\/2020\/12\/Serveis-a-les-persones-i-empreses-2-768x830.png 768w, https:\/\/agora.xtec.cat\/insandreunin\/wp-content\/uploads\/usu1005\/2020\/12\/Serveis-a-les-persones-i-empreses-2.png 1561w\" sizes=\"auto, (max-width: 209px) 100vw, 209px\" \/><\/a><\/strong><a href=\"https:\/\/agora.xtec.cat\/insandreunin\/wp-content\/uploads\/usu1005\/2020\/12\/Logo-Andreu-Nin.png\"><img loading=\"lazy\" decoding=\"async\" class=\"wp-image-16321 alignleft\" src=\"https:\/\/agora.xtec.cat\/insandreunin\/wp-content\/uploads\/usu1005\/2020\/12\/Logo-Andreu-Nin.png\" alt=\"\" width=\"209\" height=\"224\" srcset=\"https:\/\/agora.xtec.cat\/insandreunin\/wp-content\/uploads\/usu1005\/2020\/12\/Logo-Andreu-Nin.png 476w, https:\/\/agora.xtec.cat\/insandreunin\/wp-content\/uploads\/usu1005\/2020\/12\/Logo-Andreu-Nin-280x300.png 280w\" sizes=\"auto, (max-width: 209px) 100vw, 209px\" \/><\/a><\/p>\n<p>&nbsp;<\/p>\n<p>&nbsp;<\/p>\n<p>&nbsp;<\/p>\n<p>&nbsp;<\/p>\n<p>&nbsp;<\/p>\n<p>&nbsp;<\/p>\n<p><span style=\"font-size: 14pt;\"><strong style=\"color: #000000; font-family: inherit;\">L\u2019institut Andreu Nin<\/strong><\/span><br \/>\n<span style=\"font-size: 12pt; color: #000000;\">El centre es troba integrat plenament en la societat vendrellenca i est\u00e0 comprom\u00e8s amb el desenvolupament cultural, social i econ\u00f2mic.<\/span><br \/>\n<span style=\"font-size: 12pt; color: #000000;\">La nostra visi\u00f3 \u00e9s \u00e9sser un element d\u2019evoluci\u00f3 progressista i motor de la transformaci\u00f3 social i del desenvolupament econ\u00f2mic de la comarca del Baix Pened\u00e8s. Estudis que oferim al centre: ESO, Batxillerat i Formaci\u00f3 professional de les fam\u00edlies: Activitats f\u00edsiques i esportives, Administraci\u00f3 i gesti\u00f3, Comer\u00e7 i m\u00e0rqueting, Electricitat i electr\u00f2nica, Fabricaci\u00f3 mec\u00e0nica (Desenvolupament virtual de l\u2019autom\u00f2bil), Sanitat, Serveis socioculturals i a la comunitat i Transport i manteniment de vehicles. <\/span><\/p>\n<p><span style=\"font-size: 14pt;\"><span style=\"color: #000000;\"><strong>Serveis a person<\/strong><\/span><span style=\"color: #000000;\"><strong>es<\/strong><\/span><\/span><br \/>\n<span style=\"color: #ff6600; font-size: 12pt;\"><em>\u203a <\/em>Punt d\u2019Orientaci\u00f3 Professional. POP<\/span><br \/>\n<span style=\"font-size: 12pt; color: #000000;\">Servei d\u2019orientaci\u00f3 individualitzat tant a les persones que necessitin millorar en la seva qualificaci\u00f3 professional, com a les empreses que vulguin millorar la qualificaci\u00f3 dels seus treballadors.<\/span><\/p>\n<p><span style=\"color: #ff6600; font-size: 12pt;\">\u203a Pyirene FP<\/span><br \/>\n<span style=\"font-size: 12pt; color: #000000;\">\u00c9s un projecte europeu de cooperaci\u00f3 transfronterera, dirigit a oferir als joves i a les persones adultes serveis coordinats d\u2019informaci\u00f3 i orientaci\u00f3 professional en <\/span><span style=\"font-size: 12pt; color: #000000;\">relaci\u00f3 a les ofertes de form<\/span><span style=\"color: #000000; font-size: 12pt; font-family: inherit;\">aci\u00f3 professional i de reconeixement de l\u2019experi\u00e8ncia laboral existents en l\u2019espai transfronterer entre Espanya i Fran\u00e7a<\/span><\/p>\n<p><span style=\"font-size: 14pt;\"><strong style=\"color: #000000; font-family: inherit;\">Serveis a empreses i entitats<\/strong><\/span><br \/>\n<span style=\"color: #ff6600; font-size: 12pt;\">\u203a Formaci\u00f3 adaptada a demanda de les empreses<\/span><br \/>\n<span style=\"font-size: 12pt; color: #000000;\">Oferim cursos de formaci\u00f3 cont\u00ednua per a les empreses. La formaci\u00f3 \u00e9s certificada pels centres i t\u00e9 valor per a l\u2019obtenci\u00f3 futura d\u2019un t\u00edtol.<\/span><\/p>\n<p><span style=\"color: #ff6600; font-size: 12pt;\">\u203a <\/span><span style=\"color: #ff6600; font-size: 12pt;\">Reconei<\/span><span style=\"color: #ff6600; font-size: 12pt; font-family: inherit;\">xement acad\u00e8mic de la<\/span><span style=\"color: #ff6600; font-size: 12pt;\">\u00a0formaci\u00f3 impartida per\u00a0<\/span><span style=\"color: #ff6600; font-size: 12pt;\">empreses o entitats\u00a0<\/span><span style=\"color: #000000; font-size: 12pt;\"><br \/>\nServei de validaci\u00f3 i reconeixement acad\u00e8mic de la formaci\u00f3 impartida als treballadors de les empreses o entitats.<\/span><\/p>\n<p><span style=\"color: #ff6600; font-size: 12pt;\">\u203a Borsa de treball<\/span><br \/>\n<span style=\"font-size: 12pt; color: #000000;\">Servei de borsa de treball oberta a totes les empreses que busquen treballadors amb el perfil professional dels nostres estudiants.<\/span><\/p>\n<p><span style=\"color: #ff6600; font-size: 12pt;\">\u203a Alumnat en pr\u00e0c<\/span><span style=\"color: #ff6600; font-size: 12pt;\">t<\/span><span style=\"color: #ff6600; font-size: 12pt;\">iques a l\u2019empresa (FCT)<\/span><br \/>\n<span style=\"color: #000000;\"><span style=\"font-size: 12pt;\">El nostre\u00a0<\/span><span style=\"font-size: 12pt;\">alumnat d\u2019FP realitza pr\u00e0ctiques no laborals als centres de treball. Consisteixen en una estada a l\u2019empresa d\u2019aproximadament 400 hores.<\/span><\/span><\/p>\n<p><span style=\"color: #ff6600; font-size: 12pt;\">\u203a La formaci\u00f3 professional Dual<\/span><br \/>\n<span style=\"font-size: 12pt; color: #000000;\">L\u2019empresa pot incorporar als nostres alumnes com a aprenents. Aquesta estada a l\u2019empresa t\u00e9 una durada aproximada de 1.000 hores.<\/span><br \/>\n<span style=\"font-size: 12pt; color: #000000;\">L\u2019alumne disposa d\u2019un contracte laboral, o b\u00e9, d\u2019una beca de formaci\u00f3 retribu\u00efda amb alta a la seguretat social i amb les bonificacions i exempcions previstes.<\/span><\/p>\n<p><span style=\"color: #ff6600; font-size: 12pt;\">\u203a Mobil<\/span><span style=\"font-family: inherit; font-size: 12pt; color: #ff6600;\">ita<\/span><span style=\"font-family: inherit; font-size: 12pt; color: #ff6600;\">t internacional a l\u2019FP<\/span><br \/>\n<span style=\"font-size: 12pt; color: #000000;\">L\u2019alumnat d\u2019FP pot fer pr\u00e0ctiques en seus o delegacions d\u2019una empresa en altres pa\u00efsos, o b\u00e9, <\/span><span style=\"color: #000000; font-family: inherit; font-size: 12pt;\">desenvolupar una\u00a0<\/span><span style=\"color: #000000; font-family: inherit; font-size: 12pt;\">part dels estudis en centres d\u2019altres pa\u00efsos.<\/span><\/p>\n<p><span style=\"color: #ff6600; font-size: 12pt;\">\u203a Innovaci\u00f3 i transfer\u00e8ncia del coneixement. InnovaFP<\/span><br \/>\n<span style=\"color: #000000; font-size: 12pt; font-family: inherit;\">L\u2019Innova FP t\u00e9 la finalitat d\u2019estimular la vinculaci\u00f3 entre els centres educatius que imparteixen ensenyaments de formaci\u00f3 professional i les empreses i entitats per al desenvolupament de projectes d\u2019inter\u00e8s mutu que generin valor educatiu i empresarial.<\/span><br \/>\n<a href=\"https:\/\/agora.xtec.cat\/insandreunin\/wp-content\/uploads\/usu1005\/2020\/12\/impuls-fp.jpg\"><img loading=\"lazy\" decoding=\"async\" class=\"size-full wp-image-16323 aligncenter\" src=\"https:\/\/agora.xtec.cat\/insandreunin\/wp-content\/uploads\/usu1005\/2020\/12\/impuls-fp.jpg\" alt=\"\" width=\"906\" height=\"151\" srcset=\"https:\/\/agora.xtec.cat\/insandreunin\/wp-content\/uploads\/usu1005\/2020\/12\/impuls-fp.jpg 906w, https:\/\/agora.xtec.cat\/insandreunin\/wp-content\/uploads\/usu1005\/2020\/12\/impuls-fp-300x50.jpg 300w, https:\/\/agora.xtec.cat\/insandreunin\/wp-content\/uploads\/usu1005\/2020\/12\/impuls-fp-768x128.jpg 768w\" sizes=\"auto, (max-width: 906px) 100vw, 906px\" \/><img loading=\"lazy\" decoding=\"async\" class=\"size-full wp-image-16332 alignright\" src=\"https:\/\/agora.xtec.cat\/insandreunin\/wp-content\/uploads\/usu1005\/2020\/12\/Erasmus-.png\" alt=\"\" width=\"194\" height=\"48\" \/><\/a><a href=\"https:\/\/agora.xtec.cat\/insandreunin\/wp-content\/uploads\/usu1005\/2020\/12\/FSE.jpg\"><img loading=\"lazy\" decoding=\"async\" class=\"wp-image-16330 alignright\" src=\"https:\/\/agora.xtec.cat\/insandreunin\/wp-content\/uploads\/usu1005\/2020\/12\/FSE.jpg\" alt=\"\" width=\"369\" height=\"88\" srcset=\"https:\/\/agora.xtec.cat\/insandreunin\/wp-content\/uploads\/usu1005\/2020\/12\/FSE.jpg 512w, https:\/\/agora.xtec.cat\/insandreunin\/wp-content\/uploads\/usu1005\/2020\/12\/FSE-300x71.jpg 300w\" sizes=\"auto, (max-width: 369px) 100vw, 369px\" \/><\/a><a href=\"https:\/\/agora.xtec.cat\/insandreunin\/wp-content\/uploads\/usu1005\/2020\/12\/impuls-fp.jpg\"><img loading=\"lazy\" decoding=\"async\" class=\"size-full wp-image-16333 alignright\" src=\"https:\/\/agora.xtec.cat\/insandreunin\/wp-content\/uploads\/usu1005\/2020\/12\/Applus.jpg\" alt=\"\" width=\"43\" height=\"73\" \/><img loading=\"lazy\" decoding=\"async\" class=\"wp-image-16335 alignnone\" src=\"https:\/\/agora.xtec.cat\/insandreunin\/wp-content\/uploads\/usu1005\/2020\/12\/Pyirene.png\" alt=\"\" width=\"149\" height=\"75\" srcset=\"https:\/\/agora.xtec.cat\/insandreunin\/wp-content\/uploads\/usu1005\/2020\/12\/Pyirene.png 459w, https:\/\/agora.xtec.cat\/insandreunin\/wp-content\/uploads\/usu1005\/2020\/12\/Pyirene-300x150.png 300w\" sizes=\"auto, (max-width: 149px) 100vw, 149px\" \/><\/a><a href=\"https:\/\/agora.xtec.cat\/insandreunin\/wp-content\/uploads\/usu1005\/2020\/12\/A-i-R.jpg\"><img loading=\"lazy\" decoding=\"async\" class=\" wp-image-16331 alignright\" src=\"https:\/\/agora.xtec.cat\/insandreunin\/wp-content\/uploads\/usu1005\/2020\/12\/A-i-R.jpg\" alt=\"\" width=\"153\" height=\"74\" \/><\/a><\/p>\n<p>&nbsp;<\/p>\n","protected":false},"excerpt":{"rendered":"<p>CARTA DE SERVEIS A PERSONES, EMPRESES I ENTITATS \u00a0 \u00a0 \u00a0\u00a0 Aqu\u00ed podeu descarregar el D\u00edptic de la Carta de Serveis &nbsp; &nbsp; &nbsp; &nbsp; &nbsp; &nbsp; L\u2019institut Andreu Nin El centre es troba integrat plenament en la societat vendrellenca i est\u00e0 comprom\u00e8s amb el desenvolupament cultural, social i econ\u00f2mic. La nostra visi\u00f3 \u00e9s \u00e9sser [&hellip;]<\/p>\n","protected":false},"author":1,"featured_media":0,"parent":0,"menu_order":0,"comment_status":"closed","ping_status":"closed","template":"page-templates\/side-menu.php","meta":{"_bbp_topic_count":0,"_bbp_reply_count":0,"_bbp_total_topic_count":0,"_bbp_total_reply_count":0,"_bbp_voice_count":0,"_bbp_anonymous_reply_count":0,"_bbp_topic_count_hidden":0,"_bbp_reply_count_hidden":0,"_bbp_forum_subforum_count":0,"site-sidebar-layout":"default","site-content-layout":"","ast-site-content-layout":"","site-content-style":"default","site-sidebar-style":"default","ast-global-header-display":"","ast-banner-title-visibility":"","ast-main-header-display":"","ast-hfb-above-header-display":"","ast-hfb-below-header-display":"","ast-hfb-mobile-header-display":"","site-post-title":"","ast-breadcrumbs-content":"","ast-featured-img":"","footer-sml-layout":"","theme-transparent-header-meta":"","adv-header-id-meta":"","stick-header-meta":"","header-above-stick-meta":"","header-main-stick-meta":"","header-below-stick-meta":"","astra-migrate-meta-layouts":"default","ast-page-background-enabled":"default","ast-page-background-meta":{"desktop":{"background-color":"var(--ast-global-color-4)","background-image":"","background-repeat":"repeat","background-position":"center center","background-size":"auto","background-attachment":"scroll","background-type":"","background-media":"","overlay-type":"","overlay-color":"","overlay-opacity":"","overlay-gradient":""},"tablet":{"background-color":"","background-image":"","background-repeat":"repeat","background-position":"center center","background-size":"auto","background-attachment":"scroll","background-type":"","background-media":"","overlay-type":"","overlay-color":"","overlay-opacity":"","overlay-gradient":""},"mobile":{"background-color":"","background-image":"","background-repeat":"repeat","background-position":"center center","background-size":"auto","background-attachment":"scroll","background-type":"","background-media":"","overlay-type":"","overlay-color":"","overlay-opacity":"","overlay-gradient":""}},"ast-content-background-meta":{"desktop":{"background-color":"var(--ast-global-color-5)","background-image":"","background-repeat":"repeat","background-position":"center center","background-size":"auto","background-attachment":"scroll","background-type":"","background-media":"","overlay-type":"","overlay-color":"","overlay-opacity":"","overlay-gradient":""},"tablet":{"background-color":"var(--ast-global-color-5)","background-image":"","background-repeat":"repeat","background-position":"center center","background-size":"auto","background-attachment":"scroll","background-type":"","background-media":"","overlay-type":"","overlay-color":"","overlay-opacity":"","overlay-gradient":""},"mobile":{"background-color":"var(--ast-global-color-5)","background-image":"","background-repeat":"repeat","background-position":"center center","background-size":"auto","background-attachment":"scroll","background-type":"","background-media":"","overlay-type":"","overlay-color":"","overlay-opacity":"","overlay-gradient":""}},"footnotes":""},"class_list":["post-475","page","type-page","status-publish","hentry"],"post_mailing_queue_ids":[],"_links":{"self":[{"href":"https:\/\/agora.xtec.cat\/insandreunin\/wp-json\/wp\/v2\/pages\/475","targetHints":{"allow":["GET"]}}],"collection":[{"href":"https:\/\/agora.xtec.cat\/insandreunin\/wp-json\/wp\/v2\/pages"}],"about":[{"href":"https:\/\/agora.xtec.cat\/insandreunin\/wp-json\/wp\/v2\/types\/page"}],"author":[{"embeddable":true,"href":"https:\/\/agora.xtec.cat\/insandreunin\/wp-json\/wp\/v2\/users\/1"}],"replies":[{"embeddable":true,"href":"https:\/\/agora.xtec.cat\/insandreunin\/wp-json\/wp\/v2\/comments?post=475"}],"version-history":[{"count":9,"href":"https:\/\/agora.xtec.cat\/insandreunin\/wp-json\/wp\/v2\/pages\/475\/revisions"}],"predecessor-version":[{"id":22188,"href":"https:\/\/agora.xtec.cat\/insandreunin\/wp-json\/wp\/v2\/pages\/475\/revisions\/22188"}],"wp:attachment":[{"href":"https:\/\/agora.xtec.cat\/insandreunin\/wp-json\/wp\/v2\/media?parent=475"}],"curies":[{"name":"wp","href":"https:\/\/api.w.org\/{rel}","templated":true}]}}