{"id":24282,"date":"2025-12-19T11:19:42","date_gmt":"2025-12-19T10:19:42","guid":{"rendered":"https:\/\/agora.xtec.cat\/insandreunin\/?page_id=24282"},"modified":"2025-12-19T11:30:04","modified_gmt":"2025-12-19T10:30:04","slug":"bustia-violencia-zero","status":"publish","type":"page","link":"https:\/\/agora.xtec.cat\/insandreunin\/bustia-violencia-zero\/","title":{"rendered":"B\u00fastia viol\u00e8ncia zero"},"content":{"rendered":"<p><b>B\u00fastia Viol\u00e8ncia ZERO a la web de l\u2019institut<\/b><\/p>\n<p><a href=\"https:\/\/agora.xtec.cat\/insandreunin\/wp-content\/uploads\/usu1005\/2025\/12\/violencia0.png\"><img loading=\"lazy\" decoding=\"async\" class=\"wp-image-24289 alignright\" src=\"https:\/\/agora.xtec.cat\/insandreunin\/wp-content\/uploads\/usu1005\/2025\/12\/violencia0.png\" alt=\"\" width=\"160\" height=\"208\" srcset=\"https:\/\/agora.xtec.cat\/insandreunin\/wp-content\/uploads\/usu1005\/2025\/12\/violencia0.png 446w, https:\/\/agora.xtec.cat\/insandreunin\/wp-content\/uploads\/usu1005\/2025\/12\/violencia0-231x300.png 231w\" sizes=\"auto, (max-width: 160px) 100vw, 160px\" \/><\/a><\/p>\n<p><span style=\"font-weight: 400;\">Un cop m\u00e9s a l\u2019Institut Andreu Nin diem NO a la viol\u00e8ncia, NO al bullying, No a l\u2019assetjament, NO als maltractaments i els abusos!!\u00a0<\/span><\/p>\n<p><span style=\"font-weight: 400;\">Per aquest motiu, s\u2019ha creat una nova b\u00fastia a la web per poder denunciar totes aquelles accions i situacions de viol\u00e8ncia que es puguin detectar.\u00a0<\/span><\/p>\n<p><span style=\"font-weight: 400;\">Estem treballant per tenir un equip d\u2019alumnat Referents i Guaites per dur a terme el Programa d\u2019Escoles Lliures de Viol\u00e8ncia.\u00a0<\/span><\/p>\n<p><span style=\"font-weight: 400;\">Nosaltres diem: STOP VIOL\u00c8NCIA, VIOL\u00c8NCIA ZERO!<\/span><\/p>\n<p><span style=\"font-weight: 400;\">Si has vist, coneixes alg\u00fa que estigui patint o tu mateix\/a est\u00e0s patint alguna situaci\u00f3 d\u2019aquestes, utilitza la b\u00fastia!!.<\/span><\/p>\n<p><span style=\"font-weight: 400;\">NO EST\u00c0S SOL\/A! tot l\u2019equip estem disposats a ajudar i trobar la millor soluci\u00f3.<\/span><\/p>\n<p><span style=\"font-weight: 400;\">Utilitza la nova B\u00fastia de Viol\u00e8ncia Zero. <\/span><\/p>\n<p>&nbsp;<\/p>\n<p><a href=\"https:\/\/docs.google.com\/forms\/d\/e\/1FAIpQLSdJ3BjDAbCPqbaD-DIhk6RukL2PsSO80wBn1yyYDDbEQPcIYQ\/viewform\"><strong><span style=\"font-size: 14pt;\">ENLLA\u00c7 AL FORMULARI<\/span><\/strong><\/a><\/p>\n","protected":false},"excerpt":{"rendered":"<p>B\u00fastia Viol\u00e8ncia ZERO a la web de l\u2019institut Un cop m\u00e9s a l\u2019Institut Andreu Nin diem NO a la viol\u00e8ncia, NO al bullying, No a l\u2019assetjament, NO als maltractaments i els abusos!!\u00a0 Per aquest motiu, s\u2019ha creat una nova b\u00fastia a la web per poder denunciar totes aquelles accions i situacions de viol\u00e8ncia que es [&hellip;]<\/p>\n","protected":false},"author":47,"featured_media":0,"parent":0,"menu_order":0,"comment_status":"closed","ping_status":"closed","template":"","meta":{"_bbp_topic_count":0,"_bbp_reply_count":0,"_bbp_total_topic_count":0,"_bbp_total_reply_count":0,"_bbp_voice_count":0,"_bbp_anonymous_reply_count":0,"_bbp_topic_count_hidden":0,"_bbp_reply_count_hidden":0,"_bbp_forum_subforum_count":0,"site-sidebar-layout":"default","site-content-layout":"","ast-site-content-layout":"default","site-content-style":"default","site-sidebar-style":"default","ast-global-header-display":"","ast-banner-title-visibility":"","ast-main-header-display":"","ast-hfb-above-header-display":"","ast-hfb-below-header-display":"","ast-hfb-mobile-header-display":"","site-post-title":"","ast-breadcrumbs-content":"","ast-featured-img":"","footer-sml-layout":"","theme-transparent-header-meta":"default","adv-header-id-meta":"","stick-header-meta":"","header-above-stick-meta":"","header-main-stick-meta":"","header-below-stick-meta":"","astra-migrate-meta-layouts":"set","ast-page-background-enabled":"default","ast-page-background-meta":{"desktop":{"background-color":"var(--ast-global-color-4)","background-image":"","background-repeat":"repeat","background-position":"center center","background-size":"auto","background-attachment":"scroll","background-type":"","background-media":"","overlay-type":"","overlay-color":"","overlay-opacity":"","overlay-gradient":""},"tablet":{"background-color":"","background-image":"","background-repeat":"repeat","background-position":"center center","background-size":"auto","background-attachment":"scroll","background-type":"","background-media":"","overlay-type":"","overlay-color":"","overlay-opacity":"","overlay-gradient":""},"mobile":{"background-color":"","background-image":"","background-repeat":"repeat","background-position":"center center","background-size":"auto","background-attachment":"scroll","background-type":"","background-media":"","overlay-type":"","overlay-color":"","overlay-opacity":"","overlay-gradient":""}},"ast-content-background-meta":{"desktop":{"background-color":"var(--ast-global-color-5)","background-image":"","background-repeat":"repeat","background-position":"center center","background-size":"auto","background-attachment":"scroll","background-type":"","background-media":"","overlay-type":"","overlay-color":"","overlay-opacity":"","overlay-gradient":""},"tablet":{"background-color":"var(--ast-global-color-5)","background-image":"","background-repeat":"repeat","background-position":"center center","background-size":"auto","background-attachment":"scroll","background-type":"","background-media":"","overlay-type":"","overlay-color":"","overlay-opacity":"","overlay-gradient":""},"mobile":{"background-color":"var(--ast-global-color-5)","background-image":"","background-repeat":"repeat","background-position":"center center","background-size":"auto","background-attachment":"scroll","background-type":"","background-media":"","overlay-type":"","overlay-color":"","overlay-opacity":"","overlay-gradient":""}},"footnotes":""},"class_list":["post-24282","page","type-page","status-publish","hentry"],"post_mailing_queue_ids":[],"_links":{"self":[{"href":"https:\/\/agora.xtec.cat\/insandreunin\/wp-json\/wp\/v2\/pages\/24282","targetHints":{"allow":["GET"]}}],"collection":[{"href":"https:\/\/agora.xtec.cat\/insandreunin\/wp-json\/wp\/v2\/pages"}],"about":[{"href":"https:\/\/agora.xtec.cat\/insandreunin\/wp-json\/wp\/v2\/types\/page"}],"author":[{"embeddable":true,"href":"https:\/\/agora.xtec.cat\/insandreunin\/wp-json\/wp\/v2\/users\/47"}],"replies":[{"embeddable":true,"href":"https:\/\/agora.xtec.cat\/insandreunin\/wp-json\/wp\/v2\/comments?post=24282"}],"version-history":[{"count":4,"href":"https:\/\/agora.xtec.cat\/insandreunin\/wp-json\/wp\/v2\/pages\/24282\/revisions"}],"predecessor-version":[{"id":24290,"href":"https:\/\/agora.xtec.cat\/insandreunin\/wp-json\/wp\/v2\/pages\/24282\/revisions\/24290"}],"wp:attachment":[{"href":"https:\/\/agora.xtec.cat\/insandreunin\/wp-json\/wp\/v2\/media?parent=24282"}],"curies":[{"name":"wp","href":"https:\/\/api.w.org\/{rel}","templated":true}]}}