{"id":23952,"date":"2025-11-04T12:04:59","date_gmt":"2025-11-04T11:04:59","guid":{"rendered":"https:\/\/agora.xtec.cat\/insandreunin\/?page_id=23952"},"modified":"2025-12-01T11:57:36","modified_gmt":"2025-12-01T10:57:36","slug":"docents","status":"publish","type":"page","link":"https:\/\/agora.xtec.cat\/insandreunin\/projectes-i-activitats\/erasmus-2\/docents\/","title":{"rendered":"Docents"},"content":{"rendered":"<table style=\"border-collapse: collapse; width: 100%;\">\n<tbody>\n<tr>\n<td style=\"width: 71.0775%; border-color: #ffffff; background-color: #ffffff;\"><span style=\"font-weight: 400;\">L\u2019Erasmus+ es un programa de la Uni\u00f3 Europea que brinda oportunitats en el marc de l\u2019educaci\u00f3, la formaci\u00f3, la joventut i l\u2019esport.<\/span><\/p>\n<p><span style=\"font-weight: 400;\">En aquest per\u00edode 2021-2027 amb uns fons que gaireb\u00e9 doblen els del per\u00edode anterior, el programa es desenvolupa posant especial atenci\u00f3 a la inclusi\u00f3 social, la doble transici\u00f3 ecol\u00f2gica i digital i el foment de la participaci\u00f3 de les persones joves en la vida democr\u00e0tica.\u00a0<\/span><\/td>\n<td style=\"width: 28.9225%; border-color: #ffffff; background-color: #ffffff;\"><a href=\"https:\/\/agora.xtec.cat\/insandreunin\/wp-content\/uploads\/usu1005\/2025\/10\/derecha_ES.png\"><img loading=\"lazy\" decoding=\"async\" class=\"aligncenter size-large wp-image-23828\" src=\"https:\/\/agora.xtec.cat\/insandreunin\/wp-content\/uploads\/usu1005\/2025\/10\/derecha_ES-1024x576.png\" alt=\"\" width=\"1024\" height=\"576\" srcset=\"https:\/\/agora.xtec.cat\/insandreunin\/wp-content\/uploads\/usu1005\/2025\/10\/derecha_ES-1024x576.png 1024w, https:\/\/agora.xtec.cat\/insandreunin\/wp-content\/uploads\/usu1005\/2025\/10\/derecha_ES-300x169.png 300w, https:\/\/agora.xtec.cat\/insandreunin\/wp-content\/uploads\/usu1005\/2025\/10\/derecha_ES-768x432.png 768w, https:\/\/agora.xtec.cat\/insandreunin\/wp-content\/uploads\/usu1005\/2025\/10\/derecha_ES-1536x864.png 1536w, https:\/\/agora.xtec.cat\/insandreunin\/wp-content\/uploads\/usu1005\/2025\/10\/derecha_ES.png 1920w\" sizes=\"auto, (max-width: 1024px) 100vw, 1024px\" \/><\/a><\/td>\n<\/tr>\n<\/tbody>\n<\/table>\n<table style=\"border-collapse: collapse; width: 100%; height: 173px;\">\n<tbody>\n<tr style=\"height: 32px;\">\n<td style=\"width: 24.9527%; border-color: #ffffff; background-color: #ffffff; text-align: right; height: 173px;\" rowspan=\"5\"><span style=\"color: #004b6c;\"><a href=\"https:\/\/agora.xtec.cat\/insandreunin\/wp-content\/uploads\/usu1005\/2025\/10\/prf_gm.jpg\"><img loading=\"lazy\" decoding=\"async\" class=\"aligncenter size-full wp-image-23832\" src=\"https:\/\/agora.xtec.cat\/insandreunin\/wp-content\/uploads\/usu1005\/2025\/10\/prf_gm.jpg\" alt=\"\" width=\"911\" height=\"906\" srcset=\"https:\/\/agora.xtec.cat\/insandreunin\/wp-content\/uploads\/usu1005\/2025\/10\/prf_gm.jpg 911w, https:\/\/agora.xtec.cat\/insandreunin\/wp-content\/uploads\/usu1005\/2025\/10\/prf_gm-300x298.jpg 300w, https:\/\/agora.xtec.cat\/insandreunin\/wp-content\/uploads\/usu1005\/2025\/10\/prf_gm-150x150.jpg 150w, https:\/\/agora.xtec.cat\/insandreunin\/wp-content\/uploads\/usu1005\/2025\/10\/prf_gm-768x764.jpg 768w\" sizes=\"auto, (max-width: 911px) 100vw, 911px\" \/><\/a><\/span><span style=\"color: #000000;\"><strong><span style=\"font-weight: 400;\"><br \/>\n<\/span><\/strong><\/span><strong><span style=\"color: #000000;\"><span style=\"color: #004b6c;\"><br \/>\n<\/span><\/span><\/strong><span style=\"color: #004b6c;\"><br \/>\n<\/span><span style=\"color: #004b6c;\"><br \/>\n<\/span><span style=\"color: #004b6c;\"><br \/>\n<\/span><\/td>\n<td style=\"height: 10px; border-color: #ffffff; background-color: #ffffff; text-align: right; width: 135.302%;\" colspan=\"2\"><span style=\"color: #004b6c;\"><br \/>\n<\/span><span style=\"text-decoration: underline;\"><span style=\"color: #004b6c; text-decoration: underline;\">CONVOCAT\u00d2RIES OBERTES PER A PROFESSORAT\u00a0 DE\u00a0 GRAU\u00a0 MITJ\u00c0<\/span><\/span><span style=\"color: #000000;\"><strong><span style=\"font-weight: 400;\"><a href=\"https:\/\/drive.google.com\/file\/d\/1IJzdB5DIyC-NoZC4ltqWyRi2oneNnsDk\/view?usp=sharing\">Convocat\u00f2ria 2025\/2026<\/a> <span style=\"color: #004b6c;\">&#8211; Places reservades per al professorat dels departaments d&#8217;Administraci\u00f3 i Comer\u00e7 i M\u00e0rqueting<\/span><\/span><\/strong><\/span>Acc\u00e9s a la presentaci\u00f3 de sol\u00b7licituds (presentaci\u00f3 se sol\u00b7licituds tancada).<\/td>\n<\/tr>\n<tr style=\"height: 32px;\">\n<td style=\"width: 31.8052%; border-color: #ffffff; background-color: #ffffff; height: 32px; text-align: right;\"><strong><span style=\"color: #000000;\"><span style=\"color: #004b6c;\">Del 16 d&#8217;ocutbre al 2 de novembre<\/span><\/span><\/strong><\/td>\n<td style=\"width: 103.497%; border-color: #ffffff; background-color: #ffffff; height: 32px; text-align: right;\"><span style=\"color: #000000;\"><strong><span style=\"font-weight: 400;\">Presenta la teva sol\u00b7licitud<\/span><\/strong><\/span><\/td>\n<\/tr>\n<tr style=\"height: 32px;\">\n<td style=\"width: 31.8052%; border-color: #ffffff; background-color: #ffffff; height: 32px; text-align: right;\"><strong><span style=\"color: #004b6c;\">Abans del 2 de desembre<\/span><\/strong><\/td>\n<td style=\"width: 103.497%; border-color: #ffffff; background-color: #ffffff; height: 32px; text-align: right;\"><span style=\"font-weight: 400;\">Publicaci\u00f3 de la r<a href=\"https:\/\/drive.google.com\/file\/d\/1pZYhuanrIhx9mNe43nfFu5SGK7mmS_DL\/view?usp=sharing\">esoluci\u00f3 provisional d&#8217;assignaci\u00f3 de beques<\/a><\/span><\/td>\n<\/tr>\n<tr style=\"height: 51px;\">\n<td style=\"width: 31.8052%; border-color: #ffffff; background-color: #ffffff; height: 51px; text-align: right;\"><strong><span style=\"color: #004b6c;\">Presentaci\u00f3 de reclamacions<\/span><\/strong><\/td>\n<td style=\"width: 103.497%; border-color: #ffffff; background-color: #ffffff; height: 51px; text-align: right;\">Un cop publicats els resultats de la convocat\u00f2ria, s\u2019obrir\u00e0 un per\u00edode de reclamacions de 3 dies lectius.<\/td>\n<\/tr>\n<tr style=\"height: 48px;\">\n<td style=\"width: 31.8052%; border-color: #ffffff; background-color: #ffffff; height: 48px; text-align: right;\"><strong><span style=\"color: #004b6c;\">Publicaci\u00f3 llistat definitiu d&#8217;aspirants seleccionats\u00a0 i llista d&#8217;espera.<\/span><\/strong><\/td>\n<td style=\"width: 103.497%; border-color: #ffffff; background-color: #ffffff; height: 48px; text-align: right;\">Un cop resoltes les reclamacions es tornar\u00e0 a publicar el <a href=\"https:\/\/drive.google.com\/file\/d\/1cI88CzvCPmb0dDAg-UA_opTUpvusJN86\/view?usp=sharing\">llistat definitiu d\u2019aspirants seleccionats i la llista d\u2019espera<\/a>.<\/td>\n<\/tr>\n<\/tbody>\n<\/table>\n<table style=\"border-collapse: collapse; width: 100%; height: 173px;\">\n<tbody>\n<tr style=\"height: 32px;\">\n<td style=\"width: 24.9527%; border-color: #ffffff; background-color: #ffffff; text-align: right; height: 173px;\" rowspan=\"5\"><span style=\"color: #000000;\"><strong><span style=\"font-weight: 400;\"><a href=\"https:\/\/agora.xtec.cat\/insandreunin\/wp-content\/uploads\/usu1005\/2025\/10\/Prof_gs.jpg\"><img loading=\"lazy\" decoding=\"async\" class=\"aligncenter size-large wp-image-23894\" src=\"https:\/\/agora.xtec.cat\/insandreunin\/wp-content\/uploads\/usu1005\/2025\/10\/Prof_gs-1024x1024.jpg\" alt=\"\" width=\"1024\" height=\"1024\" srcset=\"https:\/\/agora.xtec.cat\/insandreunin\/wp-content\/uploads\/usu1005\/2025\/10\/Prof_gs-1024x1024.jpg 1024w, https:\/\/agora.xtec.cat\/insandreunin\/wp-content\/uploads\/usu1005\/2025\/10\/Prof_gs-300x300.jpg 300w, https:\/\/agora.xtec.cat\/insandreunin\/wp-content\/uploads\/usu1005\/2025\/10\/Prof_gs-150x150.jpg 150w, https:\/\/agora.xtec.cat\/insandreunin\/wp-content\/uploads\/usu1005\/2025\/10\/Prof_gs-768x768.jpg 768w, https:\/\/agora.xtec.cat\/insandreunin\/wp-content\/uploads\/usu1005\/2025\/10\/Prof_gs.jpg 1286w\" sizes=\"auto, (max-width: 1024px) 100vw, 1024px\" \/><\/a><\/span><\/strong><\/span><strong><span style=\"color: #000000;\"><span style=\"color: #004b6c;\"><br \/>\n<\/span><\/span><\/strong><span style=\"color: #004b6c;\"><br \/>\n<\/span><span style=\"color: #004b6c;\"><br \/>\n<\/span><span style=\"color: #004b6c;\"><br \/>\n<\/span><\/td>\n<td style=\"height: 10px; border-color: #ffffff; background-color: #ffffff; text-align: right; width: 135.302%;\" colspan=\"2\"><span style=\"color: #004b6c;\"><br \/>\n<\/span><span style=\"text-decoration: underline; color: #007fc8;\">CONVOCAT\u00d2RIES OBERTES PER A PROFESSORAT<\/span><strong style=\"color: #007fc8; font-family: inherit; font-size: 1em;\"><span style=\"font-weight: 400;\"><a href=\"https:\/\/drive.google.com\/file\/d\/1Ko2H_fSy_kN0_Wb4H7kX53YTJJ5PyWpU\/view?usp=sharing\">Convocat\u00f2ria 2025\/2026<\/a> &#8211; Places per a professorat dels Cicles Formatius de Grau Superior<\/span><\/strong><span style=\"color: #000000;\"><strong style=\"font-family: inherit; font-size: 1em;\"><span style=\"font-weight: 400;\">Acc\u00e9s a la presentaci\u00f3 de sol\u00b7licituds. &#8211; Presentaci\u00f3 sol\u00b7licituds tancada.<\/span><\/strong><\/span><\/td>\n<\/tr>\n<tr style=\"height: 32px;\">\n<td style=\"width: 31.8052%; border-color: #ffffff; background-color: #ffffff; height: 32px; text-align: right;\"><span style=\"color: #007fc8;\"><strong>Del 30 d&#8217;octubre al 16 de novembre<\/strong><\/span><\/td>\n<td style=\"width: 103.497%; border-color: #ffffff; background-color: #ffffff; height: 32px; text-align: right;\"><span style=\"color: #000000;\"><strong><span style=\"font-weight: 400;\">Presenta la teva sol\u00b7licitud &#8211; Presentaci\u00f3 sol\u00b7licituds tancada.<\/span><\/strong><\/span><\/td>\n<\/tr>\n<tr style=\"height: 32px;\">\n<td style=\"width: 31.8052%; border-color: #ffffff; background-color: #ffffff; height: 32px; text-align: right;\"><span style=\"color: #007fc8;\"><strong>Abans del 16 de desembre<\/strong><\/span><\/td>\n<td style=\"width: 103.497%; border-color: #ffffff; background-color: #ffffff; height: 32px; text-align: right;\"><a href=\"https:\/\/drive.google.com\/file\/d\/1kCfpCwMSxuKvfz_whY4xxWE2ktBetYBg\/view?usp=sharing\"><span style=\"font-weight: 400;\">Publicaci\u00f3 de la resoluci\u00f3 provisional d&#8217;assignaci\u00f3 de beques<\/span><\/a><\/td>\n<\/tr>\n<tr style=\"height: 51px;\">\n<td style=\"width: 31.8052%; border-color: #ffffff; background-color: #ffffff; height: 51px; text-align: right;\"><span style=\"color: #007fc8;\"><strong>Presentaci\u00f3 de reclamacions<\/strong><\/span><\/td>\n<td style=\"width: 103.497%; border-color: #ffffff; background-color: #ffffff; height: 51px; text-align: right;\">Un cop publicats els resultats de la convocat\u00f2ria, s\u2019obrir\u00e0 un per\u00edode de reclamacions de 3 dies lectius.<\/td>\n<\/tr>\n<tr style=\"height: 48px;\">\n<td style=\"width: 31.8052%; border-color: #ffffff; background-color: #ffffff; height: 48px; text-align: right;\"><span style=\"color: #007fc8;\"><strong>Publicaci\u00f3 llistat definitiu d&#8217;aspirants seleccionats\u00a0 i llista d&#8217;espera.<\/strong><\/span><\/td>\n<td style=\"width: 103.497%; border-color: #ffffff; background-color: #ffffff; height: 48px; text-align: right;\">Un cop resoltes les reclamacions es tornar\u00e0 a publicar el<a href=\"https:\/\/drive.google.com\/file\/d\/1XonbVZhQURDhIpZrMLls7WZawDrVNXB3\/view?usp=sharing\"> llistat definitiu d\u2019aspirants seleccionats<\/a> i la llista d\u2019espera.<\/td>\n<\/tr>\n<\/tbody>\n<\/table>\n","protected":false},"excerpt":{"rendered":"<p>L\u2019Erasmus+ es un programa de la Uni\u00f3 Europea que brinda oportunitats en el marc de l\u2019educaci\u00f3, la formaci\u00f3, la joventut i l\u2019esport. En aquest per\u00edode 2021-2027 amb uns fons que gaireb\u00e9 doblen els del per\u00edode anterior, el programa es desenvolupa posant especial atenci\u00f3 a la inclusi\u00f3 social, la doble transici\u00f3 ecol\u00f2gica i digital i el [&hellip;]<\/p>\n","protected":false},"author":17,"featured_media":0,"parent":1052,"menu_order":0,"comment_status":"closed","ping_status":"closed","template":"","meta":{"_bbp_topic_count":0,"_bbp_reply_count":0,"_bbp_total_topic_count":0,"_bbp_total_reply_count":0,"_bbp_voice_count":0,"_bbp_anonymous_reply_count":0,"_bbp_topic_count_hidden":0,"_bbp_reply_count_hidden":0,"_bbp_forum_subforum_count":0,"site-sidebar-layout":"default","site-content-layout":"","ast-site-content-layout":"default","site-content-style":"default","site-sidebar-style":"default","ast-global-header-display":"","ast-banner-title-visibility":"","ast-main-header-display":"","ast-hfb-above-header-display":"","ast-hfb-below-header-display":"","ast-hfb-mobile-header-display":"","site-post-title":"","ast-breadcrumbs-content":"","ast-featured-img":"","footer-sml-layout":"","theme-transparent-header-meta":"default","adv-header-id-meta":"","stick-header-meta":"","header-above-stick-meta":"","header-main-stick-meta":"","header-below-stick-meta":"","astra-migrate-meta-layouts":"set","ast-page-background-enabled":"default","ast-page-background-meta":{"desktop":{"background-color":"var(--ast-global-color-4)","background-image":"","background-repeat":"repeat","background-position":"center center","background-size":"auto","background-attachment":"scroll","background-type":"","background-media":"","overlay-type":"","overlay-color":"","overlay-opacity":"","overlay-gradient":""},"tablet":{"background-color":"","background-image":"","background-repeat":"repeat","background-position":"center center","background-size":"auto","background-attachment":"scroll","background-type":"","background-media":"","overlay-type":"","overlay-color":"","overlay-opacity":"","overlay-gradient":""},"mobile":{"background-color":"","background-image":"","background-repeat":"repeat","background-position":"center center","background-size":"auto","background-attachment":"scroll","background-type":"","background-media":"","overlay-type":"","overlay-color":"","overlay-opacity":"","overlay-gradient":""}},"ast-content-background-meta":{"desktop":{"background-color":"var(--ast-global-color-5)","background-image":"","background-repeat":"repeat","background-position":"center center","background-size":"auto","background-attachment":"scroll","background-type":"","background-media":"","overlay-type":"","overlay-color":"","overlay-opacity":"","overlay-gradient":""},"tablet":{"background-color":"var(--ast-global-color-5)","background-image":"","background-repeat":"repeat","background-position":"center center","background-size":"auto","background-attachment":"scroll","background-type":"","background-media":"","overlay-type":"","overlay-color":"","overlay-opacity":"","overlay-gradient":""},"mobile":{"background-color":"var(--ast-global-color-5)","background-image":"","background-repeat":"repeat","background-position":"center center","background-size":"auto","background-attachment":"scroll","background-type":"","background-media":"","overlay-type":"","overlay-color":"","overlay-opacity":"","overlay-gradient":""}},"footnotes":""},"class_list":["post-23952","page","type-page","status-publish","hentry"],"post_mailing_queue_ids":[],"_links":{"self":[{"href":"https:\/\/agora.xtec.cat\/insandreunin\/wp-json\/wp\/v2\/pages\/23952","targetHints":{"allow":["GET"]}}],"collection":[{"href":"https:\/\/agora.xtec.cat\/insandreunin\/wp-json\/wp\/v2\/pages"}],"about":[{"href":"https:\/\/agora.xtec.cat\/insandreunin\/wp-json\/wp\/v2\/types\/page"}],"author":[{"embeddable":true,"href":"https:\/\/agora.xtec.cat\/insandreunin\/wp-json\/wp\/v2\/users\/17"}],"replies":[{"embeddable":true,"href":"https:\/\/agora.xtec.cat\/insandreunin\/wp-json\/wp\/v2\/comments?post=23952"}],"version-history":[{"count":6,"href":"https:\/\/agora.xtec.cat\/insandreunin\/wp-json\/wp\/v2\/pages\/23952\/revisions"}],"predecessor-version":[{"id":24153,"href":"https:\/\/agora.xtec.cat\/insandreunin\/wp-json\/wp\/v2\/pages\/23952\/revisions\/24153"}],"up":[{"embeddable":true,"href":"https:\/\/agora.xtec.cat\/insandreunin\/wp-json\/wp\/v2\/pages\/1052"}],"wp:attachment":[{"href":"https:\/\/agora.xtec.cat\/insandreunin\/wp-json\/wp\/v2\/media?parent=23952"}],"curies":[{"name":"wp","href":"https:\/\/api.w.org\/{rel}","templated":true}]}}