{"id":23950,"date":"2025-11-04T11:55:44","date_gmt":"2025-11-04T10:55:44","guid":{"rendered":"https:\/\/agora.xtec.cat\/insandreunin\/?page_id=23950"},"modified":"2026-02-02T11:02:17","modified_gmt":"2026-02-02T10:02:17","slug":"estudiants","status":"publish","type":"page","link":"https:\/\/agora.xtec.cat\/insandreunin\/projectes-i-activitats\/erasmus-2\/estudiants\/","title":{"rendered":"Estudiants"},"content":{"rendered":"<table style=\"border-collapse: collapse; width: 100%; height: 371px;\">\n<tbody>\n<tr style=\"height: 371px;\">\n<td style=\"width: 71.0775%; border-color: #ffffff; background-color: #ffffff; height: 371px;\"><span style=\"font-weight: 400;\">L\u2019Erasmus+ es un programa de la Uni\u00f3 Europea que brinda oportunitats en el marc de l\u2019educaci\u00f3, la formaci\u00f3, la joventut i l\u2019esport.<\/span><\/p>\n<p><span style=\"font-weight: 400;\">En aquest per\u00edode 2021-2027 amb uns fons que gaireb\u00e9 doblen els del per\u00edode anterior, el programa es desenvolupa posant especial atenci\u00f3 a la inclusi\u00f3 social, la doble transici\u00f3 ecol\u00f2gica i digital i el foment de la participaci\u00f3 de les persones joves en la vida democr\u00e0tica.\u00a0<\/span><\/td>\n<td style=\"width: 28.9225%; border-color: #ffffff; background-color: #ffffff; height: 371px;\"><a href=\"https:\/\/agora.xtec.cat\/insandreunin\/wp-content\/uploads\/usu1005\/2025\/10\/derecha_ES.png\"><img loading=\"lazy\" decoding=\"async\" class=\"aligncenter size-large wp-image-23828\" src=\"https:\/\/agora.xtec.cat\/insandreunin\/wp-content\/uploads\/usu1005\/2025\/10\/derecha_ES-1024x576.png\" alt=\"\" width=\"1024\" height=\"576\" srcset=\"https:\/\/agora.xtec.cat\/insandreunin\/wp-content\/uploads\/usu1005\/2025\/10\/derecha_ES-1024x576.png 1024w, https:\/\/agora.xtec.cat\/insandreunin\/wp-content\/uploads\/usu1005\/2025\/10\/derecha_ES-300x169.png 300w, https:\/\/agora.xtec.cat\/insandreunin\/wp-content\/uploads\/usu1005\/2025\/10\/derecha_ES-768x432.png 768w, https:\/\/agora.xtec.cat\/insandreunin\/wp-content\/uploads\/usu1005\/2025\/10\/derecha_ES-1536x864.png 1536w, https:\/\/agora.xtec.cat\/insandreunin\/wp-content\/uploads\/usu1005\/2025\/10\/derecha_ES.png 1920w\" sizes=\"auto, (max-width: 1024px) 100vw, 1024px\" \/><\/a><\/td>\n<\/tr>\n<\/tbody>\n<\/table>\n<table style=\"border-collapse: collapse;\">\n<tbody>\n<tr>\n<td style=\"width: 50%;\" colspan=\"2\"><span style=\"font-size: 14pt;\"><strong>2na convocat\u00f2ria a resultes 2025\/2026<\/strong><strong><span style=\"color: #004b6c; font-family: inherit;\"> &#8211; Places per a l\u2019alumnat Cicles Formatius de Grau Mitj\u00e0.<\/span><\/strong><\/span><\/td>\n<\/tr>\n<tr>\n<td style=\"width: 50%;\"><strong><span style=\"color: #004b6c;\">Del 28 de novembre al 5 de desembre &#8211; <\/span><\/strong>Presentaci\u00f3 de sol\u00b7licituds tancada.<\/p>\n<p><strong><span style=\"color: #004b6c;\"> Abans del 16 de desembre &#8211; <\/span><\/strong>Publicaci\u00f3 de la <a href=\"https:\/\/drive.google.com\/file\/d\/1Lx5N3vTW8dgdU_tPOU1YAzMSIct-nmKs\/view?usp=sharing\">resoluci\u00f3 provisional d&#8217;assignaci\u00f3 de beques<\/a><\/p>\n<p><strong><span style=\"color: #004b6c;\">Presentaci\u00f3 de reclamacions &#8211;\u00a0<\/span><\/strong>Per\u00edode de reclamacions de 2 dies lectius<\/p>\n<p><strong><span style=\"color: #004b6c;\">Publicaci\u00f3 d&#8217;aspirants seleccionats i llista d&#8217;espera &#8211;<\/span><\/strong>Un cop resoltes les reclamacions es tornar\u00e0 a publicar el llistat definitiu d\u2019aspirants seleccionats i la llista d\u2019espera.<\/td>\n<td style=\"width: 50%;\"><a href=\"https:\/\/agora.xtec.cat\/insandreunin\/wp-content\/uploads\/usu1005\/2025\/11\/benjamin-voros-jv15x2Gs5F8-unsplash-scaled.jpg\"><img loading=\"lazy\" decoding=\"async\" class=\"aligncenter size-large wp-image-24150\" src=\"https:\/\/agora.xtec.cat\/insandreunin\/wp-content\/uploads\/usu1005\/2025\/11\/benjamin-voros-jv15x2Gs5F8-unsplash-683x1024.jpg\" alt=\"\" width=\"683\" height=\"1024\" srcset=\"https:\/\/agora.xtec.cat\/insandreunin\/wp-content\/uploads\/usu1005\/2025\/11\/benjamin-voros-jv15x2Gs5F8-unsplash-683x1024.jpg 683w, https:\/\/agora.xtec.cat\/insandreunin\/wp-content\/uploads\/usu1005\/2025\/11\/benjamin-voros-jv15x2Gs5F8-unsplash-200x300.jpg 200w, https:\/\/agora.xtec.cat\/insandreunin\/wp-content\/uploads\/usu1005\/2025\/11\/benjamin-voros-jv15x2Gs5F8-unsplash-768x1152.jpg 768w, https:\/\/agora.xtec.cat\/insandreunin\/wp-content\/uploads\/usu1005\/2025\/11\/benjamin-voros-jv15x2Gs5F8-unsplash-1024x1536.jpg 1024w, https:\/\/agora.xtec.cat\/insandreunin\/wp-content\/uploads\/usu1005\/2025\/11\/benjamin-voros-jv15x2Gs5F8-unsplash-1365x2048.jpg 1365w, https:\/\/agora.xtec.cat\/insandreunin\/wp-content\/uploads\/usu1005\/2025\/11\/benjamin-voros-jv15x2Gs5F8-unsplash-scaled.jpg 1707w\" sizes=\"auto, (max-width: 683px) 100vw, 683px\" \/><\/a><\/td>\n<\/tr>\n<\/tbody>\n<\/table>\n<table style=\"border-collapse: collapse; width: 100%; height: 204px;\">\n<tbody>\n<tr style=\"height: 32px;\">\n<td style=\"height: 32px; border-color: #ffffff; background-color: #ffffff; width: 72.6606%;\" colspan=\"2\"><strong><span style=\"color: #004b6c;\"><br \/>\n<\/span><\/strong><span style=\"font-size: 12pt;\"><strong><span style=\"color: #004b6c;\">CICLES FORMATIUS DE GRAU MITJ\u00c0<\/span><\/strong><\/span><\/td>\n<td style=\"width: 100%; border-color: #ffffff; background-color: #ffffff; height: 204px;\" rowspan=\"6\"><strong><span style=\"color: #004b6c;\"><br \/>\n<\/span><\/strong><span style=\"color: #004b6c;\"><br \/>\n<\/span><span style=\"font-weight: 400; color: #004b6c;\"><br \/>\n<\/span><span style=\"font-weight: 400;\"><a href=\"https:\/\/agora.xtec.cat\/insandreunin\/wp-content\/uploads\/usu1005\/2025\/10\/timo-stern-iUBgeNeyVy8-unsplash-scaled.jpg\"><img loading=\"lazy\" decoding=\"async\" class=\"aligncenter size-large wp-image-23831\" src=\"https:\/\/agora.xtec.cat\/insandreunin\/wp-content\/uploads\/usu1005\/2025\/10\/timo-stern-iUBgeNeyVy8-unsplash-1024x1024.jpg\" alt=\"\" width=\"1024\" height=\"1024\" srcset=\"https:\/\/agora.xtec.cat\/insandreunin\/wp-content\/uploads\/usu1005\/2025\/10\/timo-stern-iUBgeNeyVy8-unsplash-1024x1024.jpg 1024w, https:\/\/agora.xtec.cat\/insandreunin\/wp-content\/uploads\/usu1005\/2025\/10\/timo-stern-iUBgeNeyVy8-unsplash-300x300.jpg 300w, https:\/\/agora.xtec.cat\/insandreunin\/wp-content\/uploads\/usu1005\/2025\/10\/timo-stern-iUBgeNeyVy8-unsplash-150x150.jpg 150w, https:\/\/agora.xtec.cat\/insandreunin\/wp-content\/uploads\/usu1005\/2025\/10\/timo-stern-iUBgeNeyVy8-unsplash-768x768.jpg 768w, https:\/\/agora.xtec.cat\/insandreunin\/wp-content\/uploads\/usu1005\/2025\/10\/timo-stern-iUBgeNeyVy8-unsplash-1536x1536.jpg 1536w, https:\/\/agora.xtec.cat\/insandreunin\/wp-content\/uploads\/usu1005\/2025\/10\/timo-stern-iUBgeNeyVy8-unsplash-2048x2048.jpg 2048w\" sizes=\"auto, (max-width: 1024px) 100vw, 1024px\" \/><\/a><\/span><br \/>\n<strong><span style=\"color: #004b6c;\"><br \/>\n<\/span><\/strong><strong><span style=\"color: #004b6c;\"><br \/>\n<\/span><\/strong><strong><span style=\"color: #004b6c;\"><br \/>\n<\/span><\/strong><\/td>\n<\/tr>\n<tr style=\"height: 30px;\">\n<td style=\"height: 30px; border-color: #ffffff; background-color: #ffffff; width: 72.6606%;\" colspan=\"2\"><span style=\"color: #004b6c;\"><br \/>\n<\/span><span style=\"text-decoration: underline;\"><span style=\"color: #004b6c; text-decoration: underline;\">CONVOCAT\u00d2RIES OBERTES PER A ALUMNAT<\/span><\/span><a style=\"font-family: inherit; font-size: 1em;\" href=\"https:\/\/drive.google.com\/file\/d\/1h9e5NP2Gh0gGTLGdhSUB-fKvfhIsjgbq\/view?usp=sharing\">Convocat\u00f2ria 2025\/2026<\/a><span style=\"color: #004b6c; font-family: inherit; font-size: 1em;\"> &#8211; Places reservades per a l\u2019alumnat CFGM d\u2019Activitats comercials, Gesti\u00f3 administrativa i Gesti\u00f3 administrativa (\u00e0mbit jur\u00eddic)<\/span>Acc\u00e9s a la presentaci\u00f3 de sol\u00b7licituds (presentaci\u00f3 se sol\u00b7licituds tancada).<\/td>\n<\/tr>\n<tr style=\"height: 32px;\">\n<td style=\"width: 28.2608%; height: 32px; border-color: #ffffff; background-color: #ffffff;\"><strong><span style=\"color: #004b6c;\">Del 16 d&#8217;ocutbre al 2 de novembre<\/span><\/strong><\/td>\n<td style=\"width: 44.3998%; height: 32px; border-color: #ffffff; background-color: #ffffff;\"><span style=\"font-weight: 400;\">Presenta la teva sol\u00b7licitud &#8211; Presentaci\u00f3 sol\u00b7licituds tancada.<\/span><\/td>\n<\/tr>\n<tr style=\"height: 26px;\">\n<td style=\"width: 28.2608%; border-color: #ffffff; background-color: #ffffff; height: 26px;\"><strong><span style=\"color: #004b6c;\">Abans del 2 de desembre<\/span><\/strong><\/td>\n<td style=\"width: 44.3998%; border-color: #ffffff; background-color: #ffffff; height: 26px;\"><span style=\"font-weight: 400;\">Publicaci\u00f3 de la <a href=\"https:\/\/drive.google.com\/file\/d\/1obJlXcxAvDd7sbcOUNSCXJHBbNk3fWjj\/view?usp=sharing\">resoluci\u00f3 provisional<\/a> d&#8217;assignaci\u00f3 de beques<\/span><\/td>\n<\/tr>\n<tr style=\"height: 52px;\">\n<td style=\"width: 28.2608%; border-color: #ffffff; background-color: #ffffff; height: 52px;\"><strong><span style=\"color: #004b6c;\">Presentaci\u00f3 de reclamacions<\/span><\/strong><\/td>\n<td style=\"width: 44.3998%; border-color: #ffffff; background-color: #ffffff; height: 52px;\">Un cop publicats els resultats de la convocat\u00f2ria, s\u2019obrir\u00e0 un per\u00edode de reclamacions de 3 dies lectius.<\/td>\n<\/tr>\n<tr style=\"height: 32px;\">\n<td style=\"width: 28.2608%; border-color: #ffffff; background-color: #ffffff; height: 32px;\"><strong><span style=\"color: #004b6c;\">Publicaci\u00f3 llistat definitiu d&#8217;aspirants seleccionats\u00a0 i llista d&#8217;espera.<\/span><\/strong><\/td>\n<td style=\"width: 44.3998%; border-color: #ffffff; background-color: #ffffff; height: 32px;\">Un cop resoltes les reclamacions es tornar\u00e0 a publicar el <a href=\"https:\/\/drive.google.com\/file\/d\/1XoNTVv7Zy1h7HnDu-CfI1l0-AzpcXd-y\/view?usp=sharing\">llistat definitiu d\u2019aspirants seleccionats i la llista d\u2019espera.<\/a><\/td>\n<\/tr>\n<\/tbody>\n<\/table>\n<table style=\"border-collapse: collapse; width: 100%;\">\n<tbody>\n<tr>\n<td style=\"width: 32.8067%;\"><a href=\"https:\/\/agora.xtec.cat\/insandreunin\/wp-content\/uploads\/usu1005\/2025\/11\/oxana-v-qoAIlAmLJBU-unsplash-1-1-scaled.jpg\"><img loading=\"lazy\" decoding=\"async\" class=\"aligncenter wp-image-24099\" src=\"https:\/\/agora.xtec.cat\/insandreunin\/wp-content\/uploads\/usu1005\/2025\/11\/oxana-v-qoAIlAmLJBU-unsplash-1-1-1024x1024.jpg\" alt=\"\" width=\"262\" height=\"262\" srcset=\"https:\/\/agora.xtec.cat\/insandreunin\/wp-content\/uploads\/usu1005\/2025\/11\/oxana-v-qoAIlAmLJBU-unsplash-1-1-1024x1024.jpg 1024w, https:\/\/agora.xtec.cat\/insandreunin\/wp-content\/uploads\/usu1005\/2025\/11\/oxana-v-qoAIlAmLJBU-unsplash-1-1-300x300.jpg 300w, https:\/\/agora.xtec.cat\/insandreunin\/wp-content\/uploads\/usu1005\/2025\/11\/oxana-v-qoAIlAmLJBU-unsplash-1-1-150x150.jpg 150w, https:\/\/agora.xtec.cat\/insandreunin\/wp-content\/uploads\/usu1005\/2025\/11\/oxana-v-qoAIlAmLJBU-unsplash-1-1-768x768.jpg 768w, https:\/\/agora.xtec.cat\/insandreunin\/wp-content\/uploads\/usu1005\/2025\/11\/oxana-v-qoAIlAmLJBU-unsplash-1-1-1536x1536.jpg 1536w, https:\/\/agora.xtec.cat\/insandreunin\/wp-content\/uploads\/usu1005\/2025\/11\/oxana-v-qoAIlAmLJBU-unsplash-1-1-2048x2048.jpg 2048w\" sizes=\"auto, (max-width: 262px) 100vw, 262px\" \/><\/a><\/td>\n<td style=\"width: 67.1933%;\"><span style=\"font-size: 14pt;\"><a href=\"https:\/\/drive.google.com\/file\/d\/1hxoIDM76dAeQioog--DxEvIsHDHdORsP\/view?usp=sharing\"><strong>Convocat\u00f2ria a resultes 2025\/2026<\/strong><\/a><strong><span style=\"color: #004b6c; font-family: inherit;\"> &#8211; Places per a l\u2019alumnat Cicles Formatius de Grau Mitj\u00e0.<\/span><\/strong><\/span><\/p>\n<p>Presentaci\u00f3 de sol\u00b7licituds tancada.<\/p>\n<p><strong><span style=\"color: #004b6c;\">Del 17 al 23 de novembre &#8211; <\/span><\/strong>Presentaci\u00f3 de sol\u00b7licituds tancada.<\/p>\n<p><strong><span style=\"color: #004b6c;\"> Abans del 16 de desembre &#8211; <\/span><\/strong>Publicaci\u00f3 de la<a href=\"https:\/\/drive.google.com\/file\/d\/14yxKf5f0Ets6WR25Lgh6zAYFYHUp0O4w\/view?usp=sharing\"> resoluci\u00f3 provisional d&#8217;assignaci\u00f3 de beques<\/a><\/p>\n<p><strong><span style=\"color: #004b6c;\">Presentaci\u00f3 de reclamacions &#8211;\u00a0<\/span><\/strong>Per\u00edode de reclamacions de 3 dies lectius<\/p>\n<p><strong><span style=\"color: #004b6c;\">Publicaci\u00f3 d&#8217;aspirants seleccionats i llista d&#8217;espera &#8211; <\/span><\/strong>Un cop resoltes les reclamacions es tornar\u00e0 a publicar el llistat definitiu d\u2019aspirants seleccionats i la llista d\u2019espera.<\/td>\n<\/tr>\n<\/tbody>\n<\/table>\n<p>&nbsp;<\/p>\n<table style=\"border-collapse: collapse; width: 100%;\">\n<tbody>\n<tr>\n<td style=\"width: 50%;\" colspan=\"2\"><\/td>\n<\/tr>\n<tr>\n<td style=\"width: 50%;\"><\/td>\n<td style=\"width: 50%;\"><\/td>\n<\/tr>\n<\/tbody>\n<\/table>\n<p>&nbsp;<\/p>\n<table style=\"border-collapse: collapse; width: 100%;\">\n<tbody>\n<tr>\n<td style=\"width: 96.4571%;\" colspan=\"3\"><span style=\"color: #007fc8; font-size: 12pt;\"><strong>CICLES FORMATIUS DE GRAU SUPERIOR<\/strong><\/span><\/p>\n<p><span style=\"color: #007fc8; font-size: 12pt;\"><strong>CONVOCAT\u00d2RIES OBERTES <span style=\"color: #004b6c;\"><a href=\"https:\/\/agora.xtec.cat\/insandreunin\/wp-content\/uploads\/usu1005\/2025\/10\/catgirlmutant-swdRc8sTrl0-unsplash-1-scaled.jpg\"><img loading=\"lazy\" decoding=\"async\" class=\"wp-image-23895 alignright\" src=\"https:\/\/agora.xtec.cat\/insandreunin\/wp-content\/uploads\/usu1005\/2025\/10\/catgirlmutant-swdRc8sTrl0-unsplash-1-1024x1024.jpg\" alt=\"\" width=\"190\" height=\"190\" srcset=\"https:\/\/agora.xtec.cat\/insandreunin\/wp-content\/uploads\/usu1005\/2025\/10\/catgirlmutant-swdRc8sTrl0-unsplash-1-1024x1024.jpg 1024w, https:\/\/agora.xtec.cat\/insandreunin\/wp-content\/uploads\/usu1005\/2025\/10\/catgirlmutant-swdRc8sTrl0-unsplash-1-300x300.jpg 300w, https:\/\/agora.xtec.cat\/insandreunin\/wp-content\/uploads\/usu1005\/2025\/10\/catgirlmutant-swdRc8sTrl0-unsplash-1-150x150.jpg 150w, https:\/\/agora.xtec.cat\/insandreunin\/wp-content\/uploads\/usu1005\/2025\/10\/catgirlmutant-swdRc8sTrl0-unsplash-1-768x768.jpg 768w, https:\/\/agora.xtec.cat\/insandreunin\/wp-content\/uploads\/usu1005\/2025\/10\/catgirlmutant-swdRc8sTrl0-unsplash-1-1536x1536.jpg 1536w, https:\/\/agora.xtec.cat\/insandreunin\/wp-content\/uploads\/usu1005\/2025\/10\/catgirlmutant-swdRc8sTrl0-unsplash-1-2048x2048.jpg 2048w\" sizes=\"auto, (max-width: 190px) 100vw, 190px\" \/><\/a><\/span><\/strong><\/span><\/td>\n<\/tr>\n<tr>\n<td style=\"width: 91.1404%;\" colspan=\"2\"><span style=\"color: #007fc8; font-size: 12pt;\"><strong><a href=\"https:\/\/docs.google.com\/document\/d\/1uDSlEcUSykBiTUem71gVFrEW7VqlzRW2wzs4CON8a50\/edit?usp=sharing\">Convocat\u00f2ria places<\/a> per alumnat de M\u00e0rqueting i Publicitat i Integraci\u00f3 Social &#8211; 2026<\/strong><\/span><\/p>\n<p>Acc\u00e9s a la <a href=\"https:\/\/docs.google.com\/forms\/d\/e\/1FAIpQLSebEoqup4Ot9pI5JHayrR5kMB1yUelnSx8R2ZmpNGe5IsgVOA\/viewform?usp=dialog\">presentaci\u00f3 de sol\u00b7licituds<\/a><\/td>\n<td style=\"width: 5.31666%;\"><\/td>\n<\/tr>\n<tr>\n<td style=\"width: 46.7406%;\"><span style=\"color: #007fc8; font-size: 12pt;\"><strong><span style=\"color: #007fc8;\">Del 2 de febrer al 13 de febrer<\/span><\/strong><\/span><\/td>\n<td style=\"width: 49.7165%;\" colspan=\"2\"><a href=\"https:\/\/docs.google.com\/forms\/d\/e\/1FAIpQLSebEoqup4Ot9pI5JHayrR5kMB1yUelnSx8R2ZmpNGe5IsgVOA\/viewform?usp=dialog\"><span style=\"color: #007fc8; font-size: 12pt;\"><strong><span style=\"font-weight: 400;\">Presenta la teva sol\u00b7licitud\u00a0<\/span><\/strong><\/span><\/a><\/td>\n<\/tr>\n<tr>\n<td style=\"width: 46.7406%;\"><span style=\"color: #007fc8; font-size: 12pt;\"><strong><span style=\"color: #007fc8;\">Abans del 13 de mar\u00e7<\/span><\/strong><\/span><\/td>\n<td style=\"width: 49.7165%;\" colspan=\"2\"><span style=\"font-size: 12pt;\"><strong><span style=\"font-weight: 400;\">Publicaci\u00f3 de la resoluci\u00f3 provisional d&#8217;assignaci\u00f3 de beques<\/span><\/strong><\/span><\/td>\n<\/tr>\n<tr style=\"height: 52px;\">\n<td style=\"width: 46.7406%; border-color: #ffffff; background-color: #ffffff; height: 52px;\"><span style=\"color: #007fc8;\"><strong>Presentaci\u00f3 de reclamacions<\/strong><\/span><\/td>\n<td style=\"width: 44.3998%; border-color: #ffffff; background-color: #ffffff; height: 52px;\">Un cop publicats els resultats de la convocat\u00f2ria, s\u2019obrir\u00e0 un per\u00edode de reclamacions de 3 dies lectius.<\/td>\n<td style=\"width: 5.31666%;\"><\/td>\n<\/tr>\n<tr style=\"height: 32px;\">\n<td style=\"width: 46.7406%; border-color: #ffffff; background-color: #ffffff; height: 32px;\"><span style=\"color: #007fc8;\"><strong>Publicaci\u00f3 llistat definitiu d&#8217;aspirants seleccionats\u00a0 i llista d&#8217;espera.<\/strong><\/span><\/td>\n<td style=\"width: 44.3998%; border-color: #ffffff; background-color: #ffffff; height: 32px;\">Un cop resoltes les reclamacions es tornar\u00e0 a publicar el llistat definitiu d\u2019aspirants seleccionats i la llista d\u2019espera.<\/td>\n<td style=\"width: 5.31666%;\"><\/td>\n<\/tr>\n<\/tbody>\n<\/table>\n<table style=\"border-collapse: collapse; width: 100%; height: 184px;\">\n<tbody>\n<tr style=\"height: 30px;\">\n<td style=\"height: 10px; border-color: #ffffff; background-color: #ffffff; width: 72.6606%;\" colspan=\"2\"><span style=\"color: #004b6c;\"><br \/>\n<\/span><span style=\"text-decoration: underline; color: #007fc8;\">CONVOCAT\u00d2RIES PASSADES PER A ALUMNAT<\/span><\/p>\n<p><a style=\"color: #007fc8;\" href=\"https:\/\/drive.google.com\/file\/d\/1x-5tY_ksF0MWEHhuF7Jd2LrG6CmcktEO\/view?usp=sharing\">Convocat\u00f2ria 2025\/2026<\/a> &#8211; <span style=\"color: #007fc8; font-family: inherit; font-size: 1em;\">Places per a l\u2019alumnat\u00a0 dels Cicles Formatius de Grau Superior<\/span><span style=\"color: #007fc8; font-family: inherit; font-size: 1em;\">\u00a0<\/span><a href=\"https:\/\/docs.google.com\/forms\/d\/e\/1FAIpQLSe9gZIlwYXBgbu1gWiz58wGB4weHMWsZwYuK0E-_xM6PNgmHA\/viewform?usp=dialog\">Acc\u00e9s a la presentaci\u00f3 de sol\u00b7licituds.\u00a0<\/a><\/td>\n<td style=\"width: 100%; border-color: #ffffff; background-color: #ffffff; height: 184px;\" rowspan=\"5\"><span style=\"color: #004b6c;\"><br \/>\n<\/span><span style=\"font-weight: 400; color: #004b6c;\"><br \/>\n<\/span><br \/>\n<strong><span style=\"color: #004b6c;\"><br \/>\n<\/span><\/strong><strong><span style=\"color: #004b6c;\"><br \/>\n<\/span><\/strong><strong><span style=\"color: #004b6c;\"><br \/>\n<\/span><\/strong><\/td>\n<\/tr>\n<tr style=\"height: 32px;\">\n<td style=\"width: 28.2608%; height: 32px; border-color: #ffffff; background-color: #ffffff;\"><span style=\"color: #007fc8;\"><strong>Del 20 d&#8217;octubre al 16 de novembre<\/strong><\/span><\/td>\n<td style=\"width: 44.3998%; height: 32px; border-color: #ffffff; background-color: #ffffff;\"><span style=\"font-weight: 400;\">Presenta la teva sol\u00b7licitud &#8211; Presentaci\u00f3 sol\u00b7licituds tancada.<\/span><\/td>\n<\/tr>\n<tr style=\"height: 26px;\">\n<td style=\"width: 28.2608%; border-color: #ffffff; background-color: #ffffff; height: 26px;\"><span style=\"color: #007fc8;\"><strong>Abans del 16 de desembre<\/strong><\/span><\/td>\n<td style=\"width: 44.3998%; border-color: #ffffff; background-color: #ffffff; height: 26px;\"><span style=\"font-weight: 400;\">Publicaci\u00f3 de la <a href=\"https:\/\/drive.google.com\/file\/d\/1ULust1VXJpBc3yvdd0v1p4wLjCfE2wui\/view?usp=sharing\">resoluci\u00f3 provisional d&#8217;assignaci\u00f3 de beques<\/a><\/span><\/td>\n<\/tr>\n<tr style=\"height: 52px;\">\n<td style=\"width: 28.2608%; border-color: #ffffff; background-color: #ffffff; height: 52px;\"><span style=\"color: #007fc8;\"><strong>Presentaci\u00f3 de reclamacions<\/strong><\/span><\/td>\n<td style=\"width: 44.3998%; border-color: #ffffff; background-color: #ffffff; height: 52px;\">Un cop publicats els resultats de la convocat\u00f2ria, s\u2019obrir\u00e0 un per\u00edode de reclamacions de 3 dies lectius.<\/td>\n<\/tr>\n<tr style=\"height: 32px;\">\n<td style=\"width: 28.2608%; border-color: #ffffff; background-color: #ffffff; height: 32px;\"><span style=\"color: #007fc8;\"><strong>Publicaci\u00f3 llistat definitiu d&#8217;aspirants seleccionats\u00a0 i llista d&#8217;espera.<\/strong><\/span><\/td>\n<td style=\"width: 44.3998%; border-color: #ffffff; background-color: #ffffff; height: 32px;\">Un cop resoltes les reclamacions es tornar\u00e0 a <a href=\"https:\/\/drive.google.com\/file\/d\/1vT3WaBqZoEUoiYHVUplAF1gIEIAWNEfi\/view?usp=sharing\">publicar el llistat definitiu<\/a> d\u2019aspirants seleccionats i la llista d\u2019espera.<\/td>\n<\/tr>\n<\/tbody>\n<\/table>\n","protected":false},"excerpt":{"rendered":"<p>L\u2019Erasmus+ es un programa de la Uni\u00f3 Europea que brinda oportunitats en el marc de l\u2019educaci\u00f3, la formaci\u00f3, la joventut i l\u2019esport. En aquest per\u00edode 2021-2027 amb uns fons que gaireb\u00e9 doblen els del per\u00edode anterior, el programa es desenvolupa posant especial atenci\u00f3 a la inclusi\u00f3 social, la doble transici\u00f3 ecol\u00f2gica i digital i el [&hellip;]<\/p>\n","protected":false},"author":17,"featured_media":0,"parent":1052,"menu_order":0,"comment_status":"closed","ping_status":"closed","template":"","meta":{"_bbp_topic_count":0,"_bbp_reply_count":0,"_bbp_total_topic_count":0,"_bbp_total_reply_count":0,"_bbp_voice_count":0,"_bbp_anonymous_reply_count":0,"_bbp_topic_count_hidden":0,"_bbp_reply_count_hidden":0,"_bbp_forum_subforum_count":0,"site-sidebar-layout":"default","site-content-layout":"","ast-site-content-layout":"default","site-content-style":"default","site-sidebar-style":"default","ast-global-header-display":"","ast-banner-title-visibility":"","ast-main-header-display":"","ast-hfb-above-header-display":"","ast-hfb-below-header-display":"","ast-hfb-mobile-header-display":"","site-post-title":"","ast-breadcrumbs-content":"","ast-featured-img":"","footer-sml-layout":"","theme-transparent-header-meta":"default","adv-header-id-meta":"","stick-header-meta":"","header-above-stick-meta":"","header-main-stick-meta":"","header-below-stick-meta":"","astra-migrate-meta-layouts":"set","ast-page-background-enabled":"default","ast-page-background-meta":{"desktop":{"background-color":"var(--ast-global-color-4)","background-image":"","background-repeat":"repeat","background-position":"center center","background-size":"auto","background-attachment":"scroll","background-type":"","background-media":"","overlay-type":"","overlay-color":"","overlay-opacity":"","overlay-gradient":""},"tablet":{"background-color":"","background-image":"","background-repeat":"repeat","background-position":"center center","background-size":"auto","background-attachment":"scroll","background-type":"","background-media":"","overlay-type":"","overlay-color":"","overlay-opacity":"","overlay-gradient":""},"mobile":{"background-color":"","background-image":"","background-repeat":"repeat","background-position":"center center","background-size":"auto","background-attachment":"scroll","background-type":"","background-media":"","overlay-type":"","overlay-color":"","overlay-opacity":"","overlay-gradient":""}},"ast-content-background-meta":{"desktop":{"background-color":"var(--ast-global-color-5)","background-image":"","background-repeat":"repeat","background-position":"center center","background-size":"auto","background-attachment":"scroll","background-type":"","background-media":"","overlay-type":"","overlay-color":"","overlay-opacity":"","overlay-gradient":""},"tablet":{"background-color":"var(--ast-global-color-5)","background-image":"","background-repeat":"repeat","background-position":"center center","background-size":"auto","background-attachment":"scroll","background-type":"","background-media":"","overlay-type":"","overlay-color":"","overlay-opacity":"","overlay-gradient":""},"mobile":{"background-color":"var(--ast-global-color-5)","background-image":"","background-repeat":"repeat","background-position":"center center","background-size":"auto","background-attachment":"scroll","background-type":"","background-media":"","overlay-type":"","overlay-color":"","overlay-opacity":"","overlay-gradient":""}},"footnotes":""},"class_list":["post-23950","page","type-page","status-publish","hentry"],"post_mailing_queue_ids":[],"_links":{"self":[{"href":"https:\/\/agora.xtec.cat\/insandreunin\/wp-json\/wp\/v2\/pages\/23950","targetHints":{"allow":["GET"]}}],"collection":[{"href":"https:\/\/agora.xtec.cat\/insandreunin\/wp-json\/wp\/v2\/pages"}],"about":[{"href":"https:\/\/agora.xtec.cat\/insandreunin\/wp-json\/wp\/v2\/types\/page"}],"author":[{"embeddable":true,"href":"https:\/\/agora.xtec.cat\/insandreunin\/wp-json\/wp\/v2\/users\/17"}],"replies":[{"embeddable":true,"href":"https:\/\/agora.xtec.cat\/insandreunin\/wp-json\/wp\/v2\/comments?post=23950"}],"version-history":[{"count":6,"href":"https:\/\/agora.xtec.cat\/insandreunin\/wp-json\/wp\/v2\/pages\/23950\/revisions"}],"predecessor-version":[{"id":24348,"href":"https:\/\/agora.xtec.cat\/insandreunin\/wp-json\/wp\/v2\/pages\/23950\/revisions\/24348"}],"up":[{"embeddable":true,"href":"https:\/\/agora.xtec.cat\/insandreunin\/wp-json\/wp\/v2\/pages\/1052"}],"wp:attachment":[{"href":"https:\/\/agora.xtec.cat\/insandreunin\/wp-json\/wp\/v2\/media?parent=23950"}],"curies":[{"name":"wp","href":"https:\/\/api.w.org\/{rel}","templated":true}]}}