{"id":22659,"date":"2024-09-10T20:01:56","date_gmt":"2024-09-10T18:01:56","guid":{"rendered":"https:\/\/agora.xtec.cat\/insandreunin\/?page_id=22659"},"modified":"2024-09-10T20:01:56","modified_gmt":"2024-09-10T18:01:56","slug":"espais","status":"publish","type":"page","link":"https:\/\/agora.xtec.cat\/insandreunin\/projectes-i-activitats\/biblioteca\/espais\/","title":{"rendered":"Espais"},"content":{"rendered":"<p>El fons de la biblioteca de l\u2019Institut Andreu Nin est\u00e0 repartit en dos espais:<\/p>\n<p>&nbsp;<\/p>\n<p><strong>Edifici C<\/strong>: Est\u00e0 situat just a l\u2019entrada i cont\u00e9 els llibres de ficci\u00f3 i no-ficci\u00f3 adre\u00e7ats a l\u2019alumnat d\u2019ESO.<\/p>\n<p><a href=\"https:\/\/agora.xtec.cat\/insandreunin\/wp-content\/uploads\/usu1005\/2024\/09\/IMG_20230912_110242.jpg\"><img loading=\"lazy\" decoding=\"async\" class=\"alignnone wp-image-22653 size-full\" src=\"https:\/\/agora.xtec.cat\/insandreunin\/wp-content\/uploads\/usu1005\/2024\/09\/IMG_20230912_110242.jpg\" alt=\"\" width=\"800\" height=\"369\" srcset=\"https:\/\/agora.xtec.cat\/insandreunin\/wp-content\/uploads\/usu1005\/2024\/09\/IMG_20230912_110242.jpg 800w, https:\/\/agora.xtec.cat\/insandreunin\/wp-content\/uploads\/usu1005\/2024\/09\/IMG_20230912_110242-300x138.jpg 300w, https:\/\/agora.xtec.cat\/insandreunin\/wp-content\/uploads\/usu1005\/2024\/09\/IMG_20230912_110242-768x354.jpg 768w\" sizes=\"auto, (max-width: 800px) 100vw, 800px\" \/><\/a><\/p>\n<p><strong>Edifici A<\/strong>: Est\u00e0 ubicat davant la Secretaria, entrant a l\u2019edifici A a la dreta. Hi ha el fons adre\u00e7at a Batxillerat, Cicles i Adults.<\/p>\n<p><a href=\"https:\/\/agora.xtec.cat\/insandreunin\/wp-content\/uploads\/usu1005\/2024\/09\/IMG_20230901_120122.jpg\"><img loading=\"lazy\" decoding=\"async\" class=\"alignnone size-full wp-image-22652\" src=\"https:\/\/agora.xtec.cat\/insandreunin\/wp-content\/uploads\/usu1005\/2024\/09\/IMG_20230901_120122.jpg\" alt=\"\" width=\"800\" height=\"369\" srcset=\"https:\/\/agora.xtec.cat\/insandreunin\/wp-content\/uploads\/usu1005\/2024\/09\/IMG_20230901_120122.jpg 800w, https:\/\/agora.xtec.cat\/insandreunin\/wp-content\/uploads\/usu1005\/2024\/09\/IMG_20230901_120122-300x138.jpg 300w, https:\/\/agora.xtec.cat\/insandreunin\/wp-content\/uploads\/usu1005\/2024\/09\/IMG_20230901_120122-768x354.jpg 768w\" sizes=\"auto, (max-width: 800px) 100vw, 800px\" \/><\/a><\/p>\n","protected":false},"excerpt":{"rendered":"<p>El fons de la biblioteca de l\u2019Institut Andreu Nin est\u00e0 repartit en dos espais: &nbsp; Edifici C: Est\u00e0 situat just a l\u2019entrada i cont\u00e9 els llibres de ficci\u00f3 i no-ficci\u00f3 adre\u00e7ats a l\u2019alumnat d\u2019ESO. Edifici A: Est\u00e0 ubicat davant la Secretaria, entrant a l\u2019edifici A a la dreta. Hi ha el fons adre\u00e7at a Batxillerat, [&hellip;]<\/p>\n","protected":false},"author":32,"featured_media":0,"parent":13784,"menu_order":0,"comment_status":"closed","ping_status":"closed","template":"page-templates\/side-menu.php","meta":{"_bbp_topic_count":0,"_bbp_reply_count":0,"_bbp_total_topic_count":0,"_bbp_total_reply_count":0,"_bbp_voice_count":0,"_bbp_anonymous_reply_count":0,"_bbp_topic_count_hidden":0,"_bbp_reply_count_hidden":0,"_bbp_forum_subforum_count":0,"site-sidebar-layout":"default","site-content-layout":"","ast-site-content-layout":"","site-content-style":"default","site-sidebar-style":"default","ast-global-header-display":"","ast-banner-title-visibility":"","ast-main-header-display":"","ast-hfb-above-header-display":"","ast-hfb-below-header-display":"","ast-hfb-mobile-header-display":"","site-post-title":"","ast-breadcrumbs-content":"","ast-featured-img":"","footer-sml-layout":"","theme-transparent-header-meta":"","adv-header-id-meta":"","stick-header-meta":"","header-above-stick-meta":"","header-main-stick-meta":"","header-below-stick-meta":"","astra-migrate-meta-layouts":"default","ast-page-background-enabled":"default","ast-page-background-meta":{"desktop":{"background-color":"var(--ast-global-color-4)","background-image":"","background-repeat":"repeat","background-position":"center center","background-size":"auto","background-attachment":"scroll","background-type":"","background-media":"","overlay-type":"","overlay-color":"","overlay-opacity":"","overlay-gradient":""},"tablet":{"background-color":"","background-image":"","background-repeat":"repeat","background-position":"center center","background-size":"auto","background-attachment":"scroll","background-type":"","background-media":"","overlay-type":"","overlay-color":"","overlay-opacity":"","overlay-gradient":""},"mobile":{"background-color":"","background-image":"","background-repeat":"repeat","background-position":"center center","background-size":"auto","background-attachment":"scroll","background-type":"","background-media":"","overlay-type":"","overlay-color":"","overlay-opacity":"","overlay-gradient":""}},"ast-content-background-meta":{"desktop":{"background-color":"var(--ast-global-color-5)","background-image":"","background-repeat":"repeat","background-position":"center center","background-size":"auto","background-attachment":"scroll","background-type":"","background-media":"","overlay-type":"","overlay-color":"","overlay-opacity":"","overlay-gradient":""},"tablet":{"background-color":"var(--ast-global-color-5)","background-image":"","background-repeat":"repeat","background-position":"center center","background-size":"auto","background-attachment":"scroll","background-type":"","background-media":"","overlay-type":"","overlay-color":"","overlay-opacity":"","overlay-gradient":""},"mobile":{"background-color":"var(--ast-global-color-5)","background-image":"","background-repeat":"repeat","background-position":"center center","background-size":"auto","background-attachment":"scroll","background-type":"","background-media":"","overlay-type":"","overlay-color":"","overlay-opacity":"","overlay-gradient":""}},"footnotes":""},"class_list":["post-22659","page","type-page","status-publish","hentry"],"post_mailing_queue_ids":[],"_links":{"self":[{"href":"https:\/\/agora.xtec.cat\/insandreunin\/wp-json\/wp\/v2\/pages\/22659","targetHints":{"allow":["GET"]}}],"collection":[{"href":"https:\/\/agora.xtec.cat\/insandreunin\/wp-json\/wp\/v2\/pages"}],"about":[{"href":"https:\/\/agora.xtec.cat\/insandreunin\/wp-json\/wp\/v2\/types\/page"}],"author":[{"embeddable":true,"href":"https:\/\/agora.xtec.cat\/insandreunin\/wp-json\/wp\/v2\/users\/32"}],"replies":[{"embeddable":true,"href":"https:\/\/agora.xtec.cat\/insandreunin\/wp-json\/wp\/v2\/comments?post=22659"}],"version-history":[{"count":1,"href":"https:\/\/agora.xtec.cat\/insandreunin\/wp-json\/wp\/v2\/pages\/22659\/revisions"}],"predecessor-version":[{"id":22660,"href":"https:\/\/agora.xtec.cat\/insandreunin\/wp-json\/wp\/v2\/pages\/22659\/revisions\/22660"}],"up":[{"embeddable":true,"href":"https:\/\/agora.xtec.cat\/insandreunin\/wp-json\/wp\/v2\/pages\/13784"}],"wp:attachment":[{"href":"https:\/\/agora.xtec.cat\/insandreunin\/wp-json\/wp\/v2\/media?parent=22659"}],"curies":[{"name":"wp","href":"https:\/\/api.w.org\/{rel}","templated":true}]}}