{"id":22160,"date":"2024-05-22T13:43:51","date_gmt":"2024-05-22T11:43:51","guid":{"rendered":"https:\/\/agora.xtec.cat\/insandreunin\/?page_id=22160"},"modified":"2024-08-07T11:58:22","modified_gmt":"2024-08-07T09:58:22","slug":"homologacio","status":"publish","type":"page","link":"https:\/\/agora.xtec.cat\/insandreunin\/secretaria\/homologacio\/","title":{"rendered":"HOMOLOGACI\u00d3"},"content":{"rendered":"<p>L&#8217;homologaci\u00f3 \u00e9s un procediment que et permet <strong>convalidar els t\u00edtols o estudis no universitaris que hagis cursat a l&#8217;estranger amb els t\u00edtols equivalents espanyols<\/strong> i <strong>recon\u00e8ixer la seva validesa oficial a Espanya<\/strong>.<\/p>\n<p>Es poden homologar tots els estudis de sistemes educatius estrangers no universitaris, <strong>excepte els d&#8217;idiomes<\/strong>.<\/p>\n<p>El proc\u00e9s d\u2019homologaci\u00f3 t\u00e9 els efectes seg\u00fcents:<\/p>\n<ul>\n<li>Suposa el reconeixement del grau acad\u00e8mic corresponent.<\/li>\n<li>T&#8217;habilita com a estudiant a continuar els estudis d&#8217;un altre nivell educatiu espanyol.<\/li>\n<li>Implica el reconeixement dels efectes professionals inherents al t\u00edtol espanyol de refer\u00e8ncia.<\/li>\n<\/ul>\n<p>Per sol\u00b7licitar una homologaci\u00f3 d&#8217;estudis estrangers no universitaris has d&#8217;acreditar la teva<strong> resid\u00e8ncia a Catalunya<\/strong> amb la presentaci\u00f3 d&#8217;un volant d&#8217;empadronament.<\/p>\n<p>Recordeu que pr\u00e8viament s\u2019han d\u2019homologar els estudis finalitzar al pa\u00eds d\u2019origen, per formalitzar la matr\u00edcula dels estudis <u>\u00fanicament \u00e9s v\u00e0lid<\/u> el <strong>volant del Departament d\u2019Educaci\u00f3 segellat amb registre d\u2019entrada.<\/strong><\/p>\n<p>Per tant <u>NO ser\u00e0 v\u00e0lid<\/u> el <strong>resguard de la sol\u00b7licitud.<\/strong><\/p>\n<p>&nbsp;<\/p>\n<h1><span style=\"font-size: 24pt;\">Has cursat estudis a l&#8217;estranger i vols homologar-los?<\/span><\/h1>\n<h1><span style=\"font-size: 18pt; color: #000000;\"><span style=\"font-size: 14pt;\">Consulta tota la informaci\u00f3, <\/span><a style=\"color: #000000;\" href=\"https:\/\/triaeducativa.gencat.cat\/ca\/homologacio\/inici\/\"><span style=\"font-size: 14pt;\"><span style=\"color: #0000ff;\"><strong>clicant aqu\u00ed<\/strong><\/span><\/span><\/a><\/span><\/h1>\n<h1><span style=\"font-size: 24pt;\">Requisits generals: <\/span><\/h1>\n<h1><span style=\"font-size: 14pt; color: #000000;\">Consulta tota la informaci\u00f3, <\/span><a href=\"https:\/\/triaeducativa.gencat.cat\/ca\/homologacio\/que-es\/requisits-generals\/\"><span style=\"font-size: 14pt;\"><span style=\"color: #0000ff;\"><strong>clicant aqu\u00ed<\/strong><\/span><\/span><\/a><\/h1>\n<h1><span style=\"font-size: 24pt;\">Quins estudis pots homologar?<\/span><\/h1>\n<h1><span style=\"color: #000000; font-size: 14pt;\">Consulta tota la informaci\u00f3, <\/span><span style=\"color: #0000ff;\"><a style=\"color: #0000ff;\" href=\"https:\/\/triaeducativa.gencat.cat\/ca\/homologacio\/que-es\/homologar-estudis\/\"><span style=\"font-size: 14pt;\"><strong><span style=\"color: #000000;\"><span style=\"color: #0000ff;\">clicant aqu\u00ed<\/span><\/span><\/strong><\/span><\/a><\/span><\/h1>\n<h1><span style=\"font-size: 24pt;\">Prepara la documentaci\u00f3:<\/span><\/h1>\n<h1><span style=\"font-size: 14pt; color: #000000;\">Consulta tota la informaci\u00f3, <a style=\"color: #000000;\" href=\"https:\/\/triaeducativa.gencat.cat\/ca\/homologacio\/documentacio\/\"><span style=\"color: #0000ff;\"><strong>clicant aqu\u00ed<\/strong><\/span><\/a><\/span><\/h1>\n<h1><span style=\"font-size: 24pt;\">Sol\u00b7licitud d\u2019homologaci\u00f3:<\/span><\/h1>\n<h1><span style=\"font-size: 14pt; color: #000000;\">Consulta tota la informaci\u00f3, <span style=\"color: #0000ff;\"><a style=\"color: #0000ff;\" href=\"https:\/\/educacio.gencat.cat\/ca\/tramits\/tramits-temes\/20264_homologacio_titols?category=254c193b-ca70-11e5-8c48-005056924a59&amp;temesNom=Educaci%C3%B3+i+formaci%C3%B3&amp;moda=1\"><strong><span style=\"color: #000000;\"><span style=\"color: #0000ff;\">clicant aqu\u00ed<\/span><\/span><\/strong><\/a><\/span><\/span><\/h1>\n<p>&#8230;&#8230;&#8230;&#8230;&#8230;&#8230;&#8230;&#8230;&#8230;&#8230;&#8230;&#8230;&#8230;&#8230;&#8230;&#8230;&#8230;&#8230;&#8230;&#8230;&#8230;&#8230;&#8230;&#8230;&#8230;&#8230;&#8230;&#8230;&#8230;&#8230;&#8230;&#8230;&#8230;&#8230;&#8230;&#8230;&#8230;&#8230;&#8230;&#8230;&#8230;&#8230;&#8230;&#8230;&#8230;&#8230;&#8230;&#8230;&#8230;&#8230;&#8230;&#8230;&#8230;&#8230;&#8230;&#8230;&#8230;&#8230;&#8230;&#8230;&#8230;&#8230;&#8230;&#8230;&#8230;&#8230;&#8230;&#8230;&#8230;&#8230;&#8230;&#8230;&#8230;&#8230;&#8230;&#8230;&#8230;&#8230;&#8230;&#8230;&#8230;&#8230;&#8230;&#8230;&#8230;&#8230;&#8230;&#8230;&#8230;&#8230;&#8230;&#8230;&#8230;&#8230;&#8230;&#8230;&#8230;&#8230;&#8230;&#8230;&#8230;&#8230;&#8230;<\/p>\n<p>La sol\u00b7licitud de l\u2019homologaci\u00f3 es pot fer telem\u00e0ticament, per\u00f2 s\u2019haur\u00e0 de presentar tota la documentaci\u00f3 original i c\u00f2pia a les oficines dels Servis Territorials m\u00e9s propers.<\/p>\n<p>&nbsp;<\/p>\n<p><strong>Servei Territorial d&#8217;Educaci\u00f3 al Pened\u00e8s\u00a0<\/strong><\/p>\n<p>Per a m\u00e9s informaci\u00f3 podeu enviar un correu electr\u00f2nic a: <span style=\"color: #0000ff;\"><strong>registre_pen.educacio@gencat.cat<\/strong><\/span><\/p>\n<p>Carrer Nou, 86 2on pis (registre)<\/p>\n<p>El Vendrell\u00a0 (Tarragona)<\/p>\n<p><u style=\"font-family: inherit; font-size: 1em;\">No \u00e9s necessari demanar cita pr\u00e8via<\/u><\/p>\n<p>&#8230;&#8230;&#8230;&#8230;&#8230;&#8230;&#8230;&#8230;&#8230;&#8230;&#8230;&#8230;&#8230;&#8230;&#8230;&#8230;&#8230;&#8230;&#8230;&#8230;&#8230;&#8230;&#8230;&#8230;&#8230;&#8230;&#8230;&#8230;&#8230;&#8230;&#8230;&#8230;&#8230;&#8230;&#8230;&#8230;&#8230;&#8230;&#8230;&#8230;&#8230;&#8230;&#8230;&#8230;&#8230;&#8230;&#8230;&#8230;&#8230;&#8230;&#8230;&#8230;&#8230;&#8230;&#8230;&#8230;&#8230;&#8230;&#8230;&#8230;&#8230;&#8230;&#8230;&#8230;&#8230;&#8230;&#8230;&#8230;&#8230;&#8230;&#8230;&#8230;&#8230;&#8230;&#8230;&#8230;&#8230;&#8230;&#8230;&#8230;&#8230;&#8230;&#8230;&#8230;&#8230;&#8230;&#8230;&#8230;&#8230;&#8230;&#8230;&#8230;&#8230;&#8230;&#8230;&#8230;&#8230;&#8230;&#8230;&#8230;&#8230;&#8230;&#8230;<\/p>\n<h1><span style=\"color: #000000;\"><a style=\"color: #000000;\" href=\"https:\/\/triaeducativa.gencat.cat\/ca\/homologacio\/que-es\/#faq-he-perdut-la-credencial-d-homologacio--que-puc-fer\"><span style=\"font-size: 24pt;\">He perdut la credencial d&#8217;homologaci\u00f3. Qu\u00e8 puc fer?<\/span><\/a><\/span><\/h1>\n<h1><span style=\"font-size: 14pt; color: #000000;\">Consulta tota la informaci\u00f3, <span style=\"color: #0000ff;\"><a style=\"color: #0000ff;\" href=\"https:\/\/educacio.gencat.cat\/ca\/tramits\/tramits-temes\/20264_homologacio_titols?category=254c193b-ca70-11e5-8c48-005056924a59&amp;temesNom=Educaci%C3%B3+i+formaci%C3%B3&amp;moda=2\"><span style=\"color: #0000ff;\"><strong>clicant aqu\u00ed<\/strong><\/span><\/a><\/span><\/span><\/h1>\n<p>&nbsp;<\/p>\n","protected":false},"excerpt":{"rendered":"<p>L&#8217;homologaci\u00f3 \u00e9s un procediment que et permet convalidar els t\u00edtols o estudis no universitaris que hagis cursat a l&#8217;estranger amb els t\u00edtols equivalents espanyols i recon\u00e8ixer la seva validesa oficial a Espanya. Es poden homologar tots els estudis de sistemes educatius estrangers no universitaris, excepte els d&#8217;idiomes. El proc\u00e9s d\u2019homologaci\u00f3 t\u00e9 els efectes seg\u00fcents: Suposa [&hellip;]<\/p>\n","protected":false},"author":41,"featured_media":0,"parent":81,"menu_order":6,"comment_status":"closed","ping_status":"closed","template":"page-templates\/side-menu.php","meta":{"_bbp_topic_count":0,"_bbp_reply_count":0,"_bbp_total_topic_count":0,"_bbp_total_reply_count":0,"_bbp_voice_count":0,"_bbp_anonymous_reply_count":0,"_bbp_topic_count_hidden":0,"_bbp_reply_count_hidden":0,"_bbp_forum_subforum_count":0,"site-sidebar-layout":"default","site-content-layout":"","ast-site-content-layout":"","site-content-style":"default","site-sidebar-style":"default","ast-global-header-display":"","ast-banner-title-visibility":"","ast-main-header-display":"","ast-hfb-above-header-display":"","ast-hfb-below-header-display":"","ast-hfb-mobile-header-display":"","site-post-title":"","ast-breadcrumbs-content":"","ast-featured-img":"","footer-sml-layout":"","theme-transparent-header-meta":"","adv-header-id-meta":"","stick-header-meta":"","header-above-stick-meta":"","header-main-stick-meta":"","header-below-stick-meta":"","astra-migrate-meta-layouts":"default","ast-page-background-enabled":"default","ast-page-background-meta":{"desktop":{"background-color":"var(--ast-global-color-4)","background-image":"","background-repeat":"repeat","background-position":"center center","background-size":"auto","background-attachment":"scroll","background-type":"","background-media":"","overlay-type":"","overlay-color":"","overlay-opacity":"","overlay-gradient":""},"tablet":{"background-color":"","background-image":"","background-repeat":"repeat","background-position":"center center","background-size":"auto","background-attachment":"scroll","background-type":"","background-media":"","overlay-type":"","overlay-color":"","overlay-opacity":"","overlay-gradient":""},"mobile":{"background-color":"","background-image":"","background-repeat":"repeat","background-position":"center center","background-size":"auto","background-attachment":"scroll","background-type":"","background-media":"","overlay-type":"","overlay-color":"","overlay-opacity":"","overlay-gradient":""}},"ast-content-background-meta":{"desktop":{"background-color":"var(--ast-global-color-5)","background-image":"","background-repeat":"repeat","background-position":"center center","background-size":"auto","background-attachment":"scroll","background-type":"","background-media":"","overlay-type":"","overlay-color":"","overlay-opacity":"","overlay-gradient":""},"tablet":{"background-color":"var(--ast-global-color-5)","background-image":"","background-repeat":"repeat","background-position":"center center","background-size":"auto","background-attachment":"scroll","background-type":"","background-media":"","overlay-type":"","overlay-color":"","overlay-opacity":"","overlay-gradient":""},"mobile":{"background-color":"var(--ast-global-color-5)","background-image":"","background-repeat":"repeat","background-position":"center center","background-size":"auto","background-attachment":"scroll","background-type":"","background-media":"","overlay-type":"","overlay-color":"","overlay-opacity":"","overlay-gradient":""}},"footnotes":""},"class_list":["post-22160","page","type-page","status-publish","hentry"],"post_mailing_queue_ids":[],"_links":{"self":[{"href":"https:\/\/agora.xtec.cat\/insandreunin\/wp-json\/wp\/v2\/pages\/22160","targetHints":{"allow":["GET"]}}],"collection":[{"href":"https:\/\/agora.xtec.cat\/insandreunin\/wp-json\/wp\/v2\/pages"}],"about":[{"href":"https:\/\/agora.xtec.cat\/insandreunin\/wp-json\/wp\/v2\/types\/page"}],"author":[{"embeddable":true,"href":"https:\/\/agora.xtec.cat\/insandreunin\/wp-json\/wp\/v2\/users\/41"}],"replies":[{"embeddable":true,"href":"https:\/\/agora.xtec.cat\/insandreunin\/wp-json\/wp\/v2\/comments?post=22160"}],"version-history":[{"count":5,"href":"https:\/\/agora.xtec.cat\/insandreunin\/wp-json\/wp\/v2\/pages\/22160\/revisions"}],"predecessor-version":[{"id":22176,"href":"https:\/\/agora.xtec.cat\/insandreunin\/wp-json\/wp\/v2\/pages\/22160\/revisions\/22176"}],"up":[{"embeddable":true,"href":"https:\/\/agora.xtec.cat\/insandreunin\/wp-json\/wp\/v2\/pages\/81"}],"wp:attachment":[{"href":"https:\/\/agora.xtec.cat\/insandreunin\/wp-json\/wp\/v2\/media?parent=22160"}],"curies":[{"name":"wp","href":"https:\/\/api.w.org\/{rel}","templated":true}]}}