{"id":22065,"date":"2024-05-20T13:09:11","date_gmt":"2024-05-20T11:09:11","guid":{"rendered":"https:\/\/agora.xtec.cat\/insandreunin\/?page_id=22065"},"modified":"2026-04-13T14:45:04","modified_gmt":"2026-04-13T12:45:04","slug":"itineraris-formatius-especifics-ife","status":"publish","type":"page","link":"https:\/\/agora.xtec.cat\/insandreunin\/secretaria\/preinscripcio-matricula\/itineraris-formatius-especifics-ife\/","title":{"rendered":"ITINERARIS FORMATIUS ESPEC\u00cdFICS (IFE)"},"content":{"rendered":"<p><strong><span style=\"font-size: 14pt;\">JORNADA DE PORTES OBERTES<\/span><\/strong><\/p>\n<table style=\"border-collapse: collapse; width: 100%;\">\n<tbody>\n<tr>\n<td style=\"width: 24.8775%; border-color: #ffffff;\"><img loading=\"lazy\" decoding=\"async\" class=\"alignnone wp-image-24487 size-large\" src=\"https:\/\/agora.xtec.cat\/insandreunin\/wp-content\/uploads\/usu1005\/2026\/03\/Comunicacions-INS-ANDREU-NIN-1-1024x1024.png\" alt=\"\" width=\"1024\" height=\"1024\" srcset=\"https:\/\/agora.xtec.cat\/insandreunin\/wp-content\/uploads\/usu1005\/2026\/03\/Comunicacions-INS-ANDREU-NIN-1-1024x1024.png 1024w, https:\/\/agora.xtec.cat\/insandreunin\/wp-content\/uploads\/usu1005\/2026\/03\/Comunicacions-INS-ANDREU-NIN-1-300x300.png 300w, https:\/\/agora.xtec.cat\/insandreunin\/wp-content\/uploads\/usu1005\/2026\/03\/Comunicacions-INS-ANDREU-NIN-1-150x150.png 150w, https:\/\/agora.xtec.cat\/insandreunin\/wp-content\/uploads\/usu1005\/2026\/03\/Comunicacions-INS-ANDREU-NIN-1-768x768.png 768w, https:\/\/agora.xtec.cat\/insandreunin\/wp-content\/uploads\/usu1005\/2026\/03\/Comunicacions-INS-ANDREU-NIN-1.png 1080w\" sizes=\"auto, (max-width: 1024px) 100vw, 1024px\" \/><\/td>\n<td style=\"width: 75.1225%; vertical-align: top; border-color: #ffffff;\">\n<p data-pm-slice=\"1 1 []\">El <strong>dimecres 8 d&#8217;abril<\/strong> a partir de les <strong>20<\/strong><strong>:30 hores<\/strong> es far\u00e0 la Jornada de Portes Obertes de Cicles Formatius.<\/p>\n<p>Coneix l&#8217;Intenerari Formatiu Espec\u00edfic d&#8217;<a href=\"https:\/\/agora.xtec.cat\/insandreunin\/estudis-que-oferim\/ife\/\">Auxiliar en manteniment d&#8217;instal\u00b7lacions esportives<\/a> que oferim al centre.<\/p>\n<p>&nbsp;<\/td>\n<\/tr>\n<\/tbody>\n<\/table>\n<hr class=\"wp-block-separator has-text-color has-cyan-bluish-gray-color has-alpha-channel-opacity has-cyan-bluish-gray-background-color has-background is-style-default\" \/>\n<p><strong><span style=\"font-size: 14pt;\">PREINSCRIPCI\u00d3<\/span><\/strong><\/p>\n<table style=\"border-collapse: collapse; width: 100%; height: 82px;\">\n<tbody>\n<tr style=\"height: 44px;\">\n<td style=\"width: 24.0705%; height: 82px; background-color: #ffffff; border-color: #ffffff;\" rowspan=\"3\"><img loading=\"lazy\" decoding=\"async\" class=\"alignnone size-large wp-image-23101\" src=\"https:\/\/agora.xtec.cat\/insandreunin\/wp-content\/uploads\/usu1005\/2025\/03\/427A6775-1024x1024.jpg\" alt=\"\" width=\"1024\" height=\"1024\" srcset=\"https:\/\/agora.xtec.cat\/insandreunin\/wp-content\/uploads\/usu1005\/2025\/03\/427A6775-1024x1024.jpg 1024w, https:\/\/agora.xtec.cat\/insandreunin\/wp-content\/uploads\/usu1005\/2025\/03\/427A6775-300x300.jpg 300w, https:\/\/agora.xtec.cat\/insandreunin\/wp-content\/uploads\/usu1005\/2025\/03\/427A6775-150x150.jpg 150w, https:\/\/agora.xtec.cat\/insandreunin\/wp-content\/uploads\/usu1005\/2025\/03\/427A6775-768x768.jpg 768w, https:\/\/agora.xtec.cat\/insandreunin\/wp-content\/uploads\/usu1005\/2025\/03\/427A6775.jpg 1280w\" sizes=\"auto, (max-width: 1024px) 100vw, 1024px\" \/><\/td>\n<td style=\"width: 75.9295%; height: 40px; background-color: #ffffff; border-color: #ffffff;\">Podeu consultar tota la <a style=\"font-family: inherit; font-size: 1em;\" href=\"https:\/\/preinscripcio.gencat.cat\/ca\/estudis\/ife\/inici\/index.html\">informaci\u00f3 en relaci\u00f3 a la preinscripci\u00f3 2026\/2027<\/a>\u00a0a la plana web del Departament d&#8217;Educaci\u00f3 i Formaci\u00f3 Professional.<\/p>\n<p>Al llarg de tot el procediment \u00e9s important que\u00a0<a href=\"https:\/\/preinscripcio.gencat.cat\/ca\/estudis\/ife\/informat\/calendari\/\">conegueu les dates clau del calendari i les accions associades.<\/a><\/p>\n<p><a href=\"https:\/\/preinscripcio.gencat.cat\/ca\/estudis\/ife\/informat\/criteris-assignacio\/\">Consulteu els criteris de selecci\u00f3, prioritzaci\u00f3 i desempat\u00a0<\/a><\/td>\n<\/tr>\n<tr style=\"height: 32px;\">\n<td style=\"width: 75.9295%; height: 32px; background-color: #ffffff; border-color: #ffffff;\"><\/td>\n<\/tr>\n<tr style=\"height: 32px;\">\n<td style=\"width: 75.9295%; height: 10px; background-color: #ffffff; border-color: #ffffff;\"><\/td>\n<\/tr>\n<\/tbody>\n<\/table>\n<p>&nbsp;<\/p>\n<table style=\"border-collapse: collapse; width: 100%; height: 192px;\">\n<tbody>\n<tr style=\"height: 32px;\">\n<td style=\"width: 18.3562%; height: 32px; border-color: #ffffff; background-color: #ffffff;\"><strong><span style=\"color: #ff6600;\">8 de maig<\/span><\/strong><\/td>\n<td style=\"width: 81.6438%; height: 32px; border-color: #ffffff; background-color: #ffffff;\">Oferta inicial de places.<\/td>\n<\/tr>\n<tr style=\"height: 32px;\">\n<td style=\"width: 18.3562%; height: 32px; border-color: #ffffff; background-color: #ffffff;\"><strong><span style=\"color: #ff6600;\">Del 11 al 22 de maig<\/span><\/strong><\/td>\n<td style=\"width: 81.6438%; height: 32px; border-color: #ffffff; background-color: #ffffff;\">Presentaci\u00f3 de sol\u00b7licituds mitjan\u00e7ant el formulari disponible al web preinscripcio.gencat.cat. <strong>Cal presentar la documentaci\u00f3 al centre<\/strong> de la primera petici\u00f3.<\/td>\n<\/tr>\n<tr style=\"height: 32px;\">\n<td style=\"width: 18.3562%; height: 32px; border-color: #ffffff; background-color: #ffffff;\"><strong><span style=\"color: #ff6600;\">29 de maig<\/span><\/strong><\/td>\n<td style=\"width: 81.6438%; height: 32px; border-color: #ffffff; background-color: #ffffff;\">Llista de sol\u00b7licituds amb puntuaci\u00f3 provisional.<\/td>\n<\/tr>\n<tr style=\"height: 32px;\">\n<td style=\"width: 18.3562%; height: 32px; border-color: #ffffff; background-color: #ffffff;\"><strong><span style=\"color: #ff6600;\">2 de juny<\/span><\/strong><\/td>\n<td style=\"width: 81.6438%; height: 32px; border-color: #ffffff; background-color: #ffffff;\">Sorteig per resoldre les sol\u00b7licituds de preinscripci\u00f3 empatades en punts.<\/td>\n<\/tr>\n<tr style=\"height: 32px;\">\n<td style=\"width: 18.3562%; border-color: #ffffff; background-color: #ffffff; height: 32px;\"><strong><span style=\"color: #ff6600;\">Del 3 al 10 de juny<\/span><\/strong><\/td>\n<td style=\"width: 81.6438%; border-color: #ffffff; background-color: #ffffff; height: 32px;\">Presentaci\u00f3 de reclamacions.<\/td>\n<\/tr>\n<tr style=\"height: 32px;\">\n<td style=\"width: 18.3562%; border-color: #ffffff; background-color: #ffffff; height: 32px;\"><strong><span style=\"color: #ff6600;\">16 de juny<\/span><\/strong><\/td>\n<td style=\"width: 81.6438%; border-color: #ffffff; background-color: #ffffff; height: 32px;\">Llista d&#8217;admesos al centre.<\/td>\n<\/tr>\n<\/tbody>\n<\/table>\n<hr class=\"wp-block-separator has-text-color has-cyan-bluish-gray-color has-alpha-channel-opacity has-cyan-bluish-gray-background-color has-background is-style-default\" \/>\n<p><strong><span style=\"font-size: 14pt;\">MATR\u00cdCULA<\/span><\/strong><\/p>\n<table style=\"border-collapse: collapse; width: 99.9212%; height: 5px;\">\n<tbody>\n<tr style=\"height: 32px;\">\n<td style=\"width: 18.6001%; border-color: #ffffff; background-color: #ffffff; height: 32px;\"><span style=\"color: #ff6600;\"><b>Del 19 al 26 de juny<\/b><\/span><\/td>\n<td style=\"width: 81.3999%; border-color: #ffffff; background-color: #ffffff; height: 32px;\">Per\u00edode per completar la matr\u00edcula al centre<\/td>\n<\/tr>\n<\/tbody>\n<\/table>\n<p>&nbsp;<\/p>\n<table style=\"border-collapse: collapse; width: 100%; height: 158px;\">\n<tbody>\n<tr>\n<td style=\"width: 100%; border-color: #ffffff;\" colspan=\"2\"><span style=\"color: #ffffff;\"><strong><span style=\"font-size: 13.3333px;\"><span style=\"font-size: 10pt;\">Podeu consultar les despeses aproximades que es vinculen amb cada cicle formatiu aqu\u00ed.<\/span><\/span><\/strong><\/span><\/td>\n<\/tr>\n<\/tbody>\n<\/table>\n<p>&nbsp;<\/p>\n","protected":false},"excerpt":{"rendered":"<p>JORNADA DE PORTES OBERTES El dimecres 8 d&#8217;abril a partir de les 20:30 hores es far\u00e0 la Jornada de Portes Obertes de Cicles Formatius. Coneix l&#8217;Intenerari Formatiu Espec\u00edfic d&#8217;Auxiliar en manteniment d&#8217;instal\u00b7lacions esportives que oferim al centre. &nbsp; PREINSCRIPCI\u00d3 Podeu consultar tota la informaci\u00f3 en relaci\u00f3 a la preinscripci\u00f3 2026\/2027\u00a0a la plana web del Departament [&hellip;]<\/p>\n","protected":false},"author":25,"featured_media":0,"parent":20092,"menu_order":7,"comment_status":"closed","ping_status":"closed","template":"","meta":{"_bbp_topic_count":0,"_bbp_reply_count":0,"_bbp_total_topic_count":0,"_bbp_total_reply_count":0,"_bbp_voice_count":0,"_bbp_anonymous_reply_count":0,"_bbp_topic_count_hidden":0,"_bbp_reply_count_hidden":0,"_bbp_forum_subforum_count":0,"site-sidebar-layout":"default","site-content-layout":"","ast-site-content-layout":"default","site-content-style":"default","site-sidebar-style":"default","ast-global-header-display":"","ast-banner-title-visibility":"","ast-main-header-display":"","ast-hfb-above-header-display":"","ast-hfb-below-header-display":"","ast-hfb-mobile-header-display":"","site-post-title":"","ast-breadcrumbs-content":"","ast-featured-img":"","footer-sml-layout":"","theme-transparent-header-meta":"default","adv-header-id-meta":"","stick-header-meta":"","header-above-stick-meta":"","header-main-stick-meta":"","header-below-stick-meta":"","astra-migrate-meta-layouts":"set","ast-page-background-enabled":"default","ast-page-background-meta":{"desktop":{"background-color":"var(--ast-global-color-4)","background-image":"","background-repeat":"repeat","background-position":"center center","background-size":"auto","background-attachment":"scroll","background-type":"","background-media":"","overlay-type":"","overlay-color":"","overlay-opacity":"","overlay-gradient":""},"tablet":{"background-color":"","background-image":"","background-repeat":"repeat","background-position":"center center","background-size":"auto","background-attachment":"scroll","background-type":"","background-media":"","overlay-type":"","overlay-color":"","overlay-opacity":"","overlay-gradient":""},"mobile":{"background-color":"","background-image":"","background-repeat":"repeat","background-position":"center center","background-size":"auto","background-attachment":"scroll","background-type":"","background-media":"","overlay-type":"","overlay-color":"","overlay-opacity":"","overlay-gradient":""}},"ast-content-background-meta":{"desktop":{"background-color":"var(--ast-global-color-5)","background-image":"","background-repeat":"repeat","background-position":"center center","background-size":"auto","background-attachment":"scroll","background-type":"","background-media":"","overlay-type":"","overlay-color":"","overlay-opacity":"","overlay-gradient":""},"tablet":{"background-color":"var(--ast-global-color-5)","background-image":"","background-repeat":"repeat","background-position":"center center","background-size":"auto","background-attachment":"scroll","background-type":"","background-media":"","overlay-type":"","overlay-color":"","overlay-opacity":"","overlay-gradient":""},"mobile":{"background-color":"var(--ast-global-color-5)","background-image":"","background-repeat":"repeat","background-position":"center center","background-size":"auto","background-attachment":"scroll","background-type":"","background-media":"","overlay-type":"","overlay-color":"","overlay-opacity":"","overlay-gradient":""}},"footnotes":""},"class_list":["post-22065","page","type-page","status-publish","hentry"],"post_mailing_queue_ids":[],"_links":{"self":[{"href":"https:\/\/agora.xtec.cat\/insandreunin\/wp-json\/wp\/v2\/pages\/22065","targetHints":{"allow":["GET"]}}],"collection":[{"href":"https:\/\/agora.xtec.cat\/insandreunin\/wp-json\/wp\/v2\/pages"}],"about":[{"href":"https:\/\/agora.xtec.cat\/insandreunin\/wp-json\/wp\/v2\/types\/page"}],"author":[{"embeddable":true,"href":"https:\/\/agora.xtec.cat\/insandreunin\/wp-json\/wp\/v2\/users\/25"}],"replies":[{"embeddable":true,"href":"https:\/\/agora.xtec.cat\/insandreunin\/wp-json\/wp\/v2\/comments?post=22065"}],"version-history":[{"count":8,"href":"https:\/\/agora.xtec.cat\/insandreunin\/wp-json\/wp\/v2\/pages\/22065\/revisions"}],"predecessor-version":[{"id":24525,"href":"https:\/\/agora.xtec.cat\/insandreunin\/wp-json\/wp\/v2\/pages\/22065\/revisions\/24525"}],"up":[{"embeddable":true,"href":"https:\/\/agora.xtec.cat\/insandreunin\/wp-json\/wp\/v2\/pages\/20092"}],"wp:attachment":[{"href":"https:\/\/agora.xtec.cat\/insandreunin\/wp-json\/wp\/v2\/media?parent=22065"}],"curies":[{"name":"wp","href":"https:\/\/api.w.org\/{rel}","templated":true}]}}