{"id":21935,"date":"2025-01-29T18:50:50","date_gmt":"2025-01-29T17:50:50","guid":{"rendered":"https:\/\/agora.xtec.cat\/insandreunin\/?page_id=21935"},"modified":"2025-02-24T14:22:06","modified_gmt":"2025-02-24T13:22:06","slug":"sollcitiud-de-baixa","status":"publish","type":"page","link":"https:\/\/agora.xtec.cat\/insandreunin\/sollcitiud-de-baixa\/","title":{"rendered":"Sol\u00b7lcitiud de baixa acad\u00e8mica"},"content":{"rendered":"<ul>\n<li><strong>Sol\u00b7licitud de baixa acad\u00e8mica d&#8217;ESO<\/strong><\/li>\n<\/ul>\n<p>Per tal de sol\u00b7licitar la baixa ac\u00e0demica de l&#8217;ESO cal formalitzar la petici\u00f3 de forma telem\u00e0tica mitjan\u00e7ant el seg\u00fcent\u00a0<a href=\"https:\/\/docs.google.com\/forms\/d\/e\/1FAIpQLSd0ucSxmqfQVnO6VgxWsgs6Ccc3xuQa8K4NwXe6h0XevKJ47w\/viewform?usp=dialog\" target=\"_blank\" rel=\"noopener\" data-saferedirecturl=\"https:\/\/www.google.com\/url?q=https:\/\/docs.google.com\/forms\/d\/e\/1FAIpQLSd0ucSxmqfQVnO6VgxWsgs6Ccc3xuQa8K4NwXe6h0XevKJ47w\/viewform?usp%3Ddialog&amp;source=gmail&amp;ust=1739636015735000&amp;usg=AOvVaw0GzmbRztMJ5izWo4N0-8YG\">enlla\u00e7<\/a>. Aquest tr\u00e0mit l&#8217;ha de realitzar la persona que tingui la p\u00e0tria potestat de l\u2019alumne\/a.<\/p>\n<p>No \u00e9s necessari presentar cap document justificatiu per tal de demanar la baixa de matr\u00edcula, per\u00f2 s\u00ed cal tenir disponible els seg\u00fcents documents en format digital:<\/p>\n<ul>\n<li>DNI, NIE o Passaport de l\u2019alumne\/a (ambdues cares).<\/li>\n<li>DNI, NIE o Passaport del pare\/mare\/tutor legal (ambdues cares), en cas d\u2019alumnat menor d\u2019edat.<\/li>\n<li>Full manuscrit amb la comunicaci\u00f3 de la baixa signat pel pare\/mare\/tutor legal (el podeu trobar\u00a0<a href=\"https:\/\/drive.google.com\/file\/d\/1tT3Ln0ZpAmao_iIThoCGcHIUT39GanRU\/view?usp=sharing\" target=\"_blank\" rel=\"noopener\" data-saferedirecturl=\"https:\/\/www.google.com\/url?q=https:\/\/drive.google.com\/file\/d\/1tT3Ln0ZpAmao_iIThoCGcHIUT39GanRU\/view?usp%3Dsharing&amp;source=gmail&amp;ust=1739636015735000&amp;usg=AOvVaw13XDLB3-Vf5iVcd9pPjzCY\">aqu\u00ed)<\/a>.<\/li>\n<\/ul>\n<p>Un cop s\u2019hagi realitzat el tr\u00e0mit, rebreu un correu de confirmaci\u00f3 per part de la secret\u00e0ria del centre. Un cop efectuat, aquest tr\u00e0mit no \u00e9s reversible.<\/p>\n<ul>\n<li><strong>Sol\u00b7licitud de baixa acad\u00e8mica de batxillerat<\/strong><\/li>\n<\/ul>\n<p>Per tal de sol\u00b7licitar la baixa ac\u00e0demica de batxillerat cal formalitzar la petici\u00f3 de forma telem\u00e0tica mitjan\u00e7ant el seg\u00fcent <a href=\"https:\/\/docs.google.com\/forms\/d\/e\/1FAIpQLSdr_XcamblHiGSLh07Yfvz5ez8Q8Xrs9icEToltANGvLhXqzA\/viewform\">enlla\u00e7<\/a>. Aquest tr\u00e0mit el pot realitzar qualsevol alumne\/a major d&#8217;edat o la persona que tingui la p\u00e0tria potestat si l&#8217;alumne\/a \u00e9s menor.<\/p>\n<p>No \u00e9s necessari presentar cap document justificatiu per tal de demanar la baixa de matr\u00edcula, per\u00f2 s\u00ed cal tenir disponible els seg\u00fcents documents en format digital:<\/p>\n<ul>\n<li>DNI, NIE o Passaport de l&#8217;alumne\/a (ambdues cares).<\/li>\n<li>DNI, NIE o Passaport del pare\/mare\/tutor legal (ambdues cares), en cas d&#8217;alumnat menor d&#8217;edat.<\/li>\n<li>Full manuscrit amb la comunicaci\u00f3 de la baixa signat pel pare\/mare\/tutor legal (el podeu trobar <a href=\"https:\/\/drive.google.com\/file\/d\/1tT3Ln0ZpAmao_iIThoCGcHIUT39GanRU\/view?usp=sharing\">aqu\u00ed)<\/a>.<\/li>\n<\/ul>\n<p>Un cop s&#8217;hagi realitzat el tr\u00e0mit, rebreu un correu de confirmaci\u00f3 per part de la secret\u00e0ria del centre. Un cop efectuat, aquest tr\u00e0mit no \u00e9s reversible.<\/p>\n<ul>\n<li><strong>Sol\u00b7licitud de baixa acad\u00e8mica d&#8217;un cicle formatiu (CFGB\/CFGM\/CFGS), curs d&#8217;especialitzaci\u00f3 (CE), programa de formaci\u00f3 i inserci\u00f3 (PFI) o itinerari formatiu espec\u00edfic (IFE)<\/strong><\/li>\n<\/ul>\n<p>Per tal de sol\u00b7licitar la baixa ac\u00e0demica d&#8217;un cicle formatiu cal formalitzar la petici\u00f3 de forma telem\u00e0tica mitjan\u00e7ant el seg\u00fcent <a href=\"https:\/\/docs.google.com\/forms\/d\/e\/1FAIpQLSfUll1UVB_44fP8K_SmncRqAMOM4bbFye_IArbt22Yk_-96sQ\/viewform?usp=dialog\">enlla\u00e7<\/a>. Aquest tr\u00e0mit el pot realitzar qualsevol alumne\/a major d&#8217;edat o la persona que tingui la p\u00e0tria potestat si l&#8217;alumne\/a \u00e9s menor.<\/p>\n<p>No \u00e9s necessari presentar cap document justificatiu per tal de demanar la baixa de matr\u00edcula, per\u00f2 s\u00ed cal tenir disponible els seg\u00fcents documents en format digital:<\/p>\n<ul>\n<li>DNI, NIE o Passaport de l&#8217;alumne\/a (ambdues cares).<\/li>\n<li>DNI, NIE o Passaport del pare\/mare\/tutor legal (ambdues cares), en cas d&#8217;alumnat menor d&#8217;edat.<\/li>\n<li>Full manuscrit amb la comunicaci\u00f3 de la baixa signat pel pare\/mare\/tutor legal (el podeu trobar <a href=\"https:\/\/drive.google.com\/file\/d\/1tT3Ln0ZpAmao_iIThoCGcHIUT39GanRU\/view?usp=sharing\">aqu\u00ed)<\/a>.<\/li>\n<\/ul>\n<p>Un cop s&#8217;hagi realitzat el tr\u00e0mit, rebreu un correu de confirmaci\u00f3 per part de la secret\u00e0ria del centre. Un cop efectuat, aquest tr\u00e0mit no \u00e9s reversible.<\/p>\n","protected":false},"excerpt":{"rendered":"<p>Sol\u00b7licitud de baixa acad\u00e8mica d&#8217;ESO Per tal de sol\u00b7licitar la baixa ac\u00e0demica de l&#8217;ESO cal formalitzar la petici\u00f3 de forma telem\u00e0tica mitjan\u00e7ant el seg\u00fcent\u00a0enlla\u00e7. Aquest tr\u00e0mit l&#8217;ha de realitzar la persona que tingui la p\u00e0tria potestat de l\u2019alumne\/a. No \u00e9s necessari presentar cap document justificatiu per tal de demanar la baixa de matr\u00edcula, per\u00f2 s\u00ed [&hellip;]<\/p>\n","protected":false},"author":25,"featured_media":0,"parent":0,"menu_order":0,"comment_status":"closed","ping_status":"closed","template":"","meta":{"_bbp_topic_count":0,"_bbp_reply_count":0,"_bbp_total_topic_count":0,"_bbp_total_reply_count":0,"_bbp_voice_count":0,"_bbp_anonymous_reply_count":0,"_bbp_topic_count_hidden":0,"_bbp_reply_count_hidden":0,"_bbp_forum_subforum_count":0,"site-sidebar-layout":"default","site-content-layout":"","ast-site-content-layout":"","site-content-style":"default","site-sidebar-style":"default","ast-global-header-display":"","ast-banner-title-visibility":"","ast-main-header-display":"","ast-hfb-above-header-display":"","ast-hfb-below-header-display":"","ast-hfb-mobile-header-display":"","site-post-title":"","ast-breadcrumbs-content":"","ast-featured-img":"","footer-sml-layout":"","theme-transparent-header-meta":"","adv-header-id-meta":"","stick-header-meta":"","header-above-stick-meta":"","header-main-stick-meta":"","header-below-stick-meta":"","astra-migrate-meta-layouts":"default","ast-page-background-enabled":"default","ast-page-background-meta":{"desktop":{"background-color":"var(--ast-global-color-4)","background-image":"","background-repeat":"repeat","background-position":"center center","background-size":"auto","background-attachment":"scroll","background-type":"","background-media":"","overlay-type":"","overlay-color":"","overlay-opacity":"","overlay-gradient":""},"tablet":{"background-color":"","background-image":"","background-repeat":"repeat","background-position":"center center","background-size":"auto","background-attachment":"scroll","background-type":"","background-media":"","overlay-type":"","overlay-color":"","overlay-opacity":"","overlay-gradient":""},"mobile":{"background-color":"","background-image":"","background-repeat":"repeat","background-position":"center center","background-size":"auto","background-attachment":"scroll","background-type":"","background-media":"","overlay-type":"","overlay-color":"","overlay-opacity":"","overlay-gradient":""}},"ast-content-background-meta":{"desktop":{"background-color":"var(--ast-global-color-5)","background-image":"","background-repeat":"repeat","background-position":"center center","background-size":"auto","background-attachment":"scroll","background-type":"","background-media":"","overlay-type":"","overlay-color":"","overlay-opacity":"","overlay-gradient":""},"tablet":{"background-color":"var(--ast-global-color-5)","background-image":"","background-repeat":"repeat","background-position":"center center","background-size":"auto","background-attachment":"scroll","background-type":"","background-media":"","overlay-type":"","overlay-color":"","overlay-opacity":"","overlay-gradient":""},"mobile":{"background-color":"var(--ast-global-color-5)","background-image":"","background-repeat":"repeat","background-position":"center center","background-size":"auto","background-attachment":"scroll","background-type":"","background-media":"","overlay-type":"","overlay-color":"","overlay-opacity":"","overlay-gradient":""}},"footnotes":""},"class_list":["post-21935","page","type-page","status-publish","hentry"],"post_mailing_queue_ids":[],"_links":{"self":[{"href":"https:\/\/agora.xtec.cat\/insandreunin\/wp-json\/wp\/v2\/pages\/21935","targetHints":{"allow":["GET"]}}],"collection":[{"href":"https:\/\/agora.xtec.cat\/insandreunin\/wp-json\/wp\/v2\/pages"}],"about":[{"href":"https:\/\/agora.xtec.cat\/insandreunin\/wp-json\/wp\/v2\/types\/page"}],"author":[{"embeddable":true,"href":"https:\/\/agora.xtec.cat\/insandreunin\/wp-json\/wp\/v2\/users\/25"}],"replies":[{"embeddable":true,"href":"https:\/\/agora.xtec.cat\/insandreunin\/wp-json\/wp\/v2\/comments?post=21935"}],"version-history":[{"count":6,"href":"https:\/\/agora.xtec.cat\/insandreunin\/wp-json\/wp\/v2\/pages\/21935\/revisions"}],"predecessor-version":[{"id":23025,"href":"https:\/\/agora.xtec.cat\/insandreunin\/wp-json\/wp\/v2\/pages\/21935\/revisions\/23025"}],"wp:attachment":[{"href":"https:\/\/agora.xtec.cat\/insandreunin\/wp-json\/wp\/v2\/media?parent=21935"}],"curies":[{"name":"wp","href":"https:\/\/api.w.org\/{rel}","templated":true}]}}