{"id":21807,"date":"2024-04-10T13:34:57","date_gmt":"2024-04-10T11:34:57","guid":{"rendered":"https:\/\/agora.xtec.cat\/insandreunin\/?page_id=21807"},"modified":"2024-09-01T21:00:39","modified_gmt":"2024-09-01T19:00:39","slug":"podcast-cf","status":"publish","type":"page","link":"https:\/\/agora.xtec.cat\/insandreunin\/media\/podcast-cf\/","title":{"rendered":"PODCAST EMPRENEDORS VEGUERIA DEL PENED\u00c8S"},"content":{"rendered":"<p><a href=\"https:\/\/agora.xtec.cat\/insandreunin\/wp-content\/uploads\/usu1005\/2024\/04\/logo-definitiu-podcast-AN-scaled.jpg\"><img loading=\"lazy\" decoding=\"async\" class=\"size-medium wp-image-21890 aligncenter\" src=\"https:\/\/agora.xtec.cat\/insandreunin\/wp-content\/uploads\/usu1005\/2024\/04\/logo-definitiu-podcast-AN-300x300.jpg\" alt=\"\" width=\"300\" height=\"300\" srcset=\"https:\/\/agora.xtec.cat\/insandreunin\/wp-content\/uploads\/usu1005\/2024\/04\/logo-definitiu-podcast-AN-300x300.jpg 300w, https:\/\/agora.xtec.cat\/insandreunin\/wp-content\/uploads\/usu1005\/2024\/04\/logo-definitiu-podcast-AN-1024x1024.jpg 1024w, https:\/\/agora.xtec.cat\/insandreunin\/wp-content\/uploads\/usu1005\/2024\/04\/logo-definitiu-podcast-AN-150x150.jpg 150w, https:\/\/agora.xtec.cat\/insandreunin\/wp-content\/uploads\/usu1005\/2024\/04\/logo-definitiu-podcast-AN-768x768.jpg 768w, https:\/\/agora.xtec.cat\/insandreunin\/wp-content\/uploads\/usu1005\/2024\/04\/logo-definitiu-podcast-AN-1536x1536.jpg 1536w, https:\/\/agora.xtec.cat\/insandreunin\/wp-content\/uploads\/usu1005\/2024\/04\/logo-definitiu-podcast-AN-2048x2048.jpg 2048w\" sizes=\"auto, (max-width: 300px) 100vw, 300px\" \/><\/a><\/p>\n<p style=\"text-align: left;\"><strong>Benvingudes i benvinguts al primer Podcast de l\u2019Institut Andreu Nin del Vendrell!<\/strong><br \/>\nEl nostre Podcast t\u00e9 com a finalitat donar a con\u00e8ixer les emprenedores i els emprenedors que duen a terme la seva activitat empresarial dins de la vegueria del Pened\u00e8s, \u00e9s a dir, a l\u2019Alt Pened\u00e8s, Anoia, Baix Pened\u00e8s i el Garraf.<br \/>\nSom els estudiants del cicle formatiu de grau Superior de M\u00e0rqueting i publicitat de l\u2019institut que duem a terme el guionatge, muntatge, presentaci\u00f3 i filmaci\u00f3 d\u2019aquest Podcast.<\/p>\n<p>&nbsp;<\/p>\n<p>En la nostra primera entrevista coneixem a <strong>VilanovaFit!<\/strong><strong><a href=\"https:\/\/agora.xtec.cat\/insandreunin\/wp-content\/uploads\/usu1005\/2024\/04\/1.-VilanovaFit.jpg\"><img loading=\"lazy\" decoding=\"async\" class=\"size-full wp-image-21892 aligncenter\" src=\"https:\/\/agora.xtec.cat\/insandreunin\/wp-content\/uploads\/usu1005\/2024\/04\/1.-VilanovaFit.jpg\" alt=\"\" width=\"228\" height=\"94\" \/><\/a><\/strong><\/p>\n<div class=\"ast-oembed-container \" style=\"height: 100%;\"><iframe loading=\"lazy\" title=\"Podcast Emprenedors Vegueria del Pened\u00e8s - VilanovaFit\" width=\"500\" height=\"281\" src=\"https:\/\/www.youtube.com\/embed\/N49y6u12dsA?feature=oembed\" frameborder=\"0\" allow=\"accelerometer; autoplay; clipboard-write; encrypted-media; gyroscope; picture-in-picture; web-share\" referrerpolicy=\"strict-origin-when-cross-origin\" allowfullscreen><\/iframe><\/div>\n<p>&nbsp;<\/p>\n<p>&nbsp;<\/p>\n<p>Tal com es defineixen Vilanovafit neix per a oferir un servei d&#8217;entrenament i benestar a l&#8217;aire lliure d&#8217;una forma diferent, divertida i din\u00e0mica. Creuen en la pr\u00e0ctica de l&#8217;exercici com a medicina contra l&#8217;estr\u00e8s i per a millorar la qualitat de vida de la persones.<\/p>\n<p>La segona entrevista publicada \u00e9s <strong>Talent femen\u00ed.<\/strong><a href=\"https:\/\/agora.xtec.cat\/insandreunin\/wp-content\/uploads\/usu1005\/2024\/05\/TalentF.jpg\"><img loading=\"lazy\" decoding=\"async\" class=\"wp-image-22023 aligncenter\" src=\"https:\/\/agora.xtec.cat\/insandreunin\/wp-content\/uploads\/usu1005\/2024\/05\/TalentF.jpg\" alt=\"\" width=\"103\" height=\"101\" srcset=\"https:\/\/agora.xtec.cat\/insandreunin\/wp-content\/uploads\/usu1005\/2024\/05\/TalentF.jpg 338w, https:\/\/agora.xtec.cat\/insandreunin\/wp-content\/uploads\/usu1005\/2024\/05\/TalentF-300x294.jpg 300w\" sizes=\"auto, (max-width: 103px) 100vw, 103px\" \/><\/a><\/p>\n<div class=\"ast-oembed-container \" style=\"height: 100%;\"><iframe loading=\"lazy\" title=\"Podcast Emprenedors Vegueria del Pened\u00e8s \u2013 Talent femen\u00ed.\" width=\"500\" height=\"281\" src=\"https:\/\/www.youtube.com\/embed\/E80f7yOA_78?feature=oembed\" frameborder=\"0\" allow=\"accelerometer; autoplay; clipboard-write; encrypted-media; gyroscope; picture-in-picture; web-share\" referrerpolicy=\"strict-origin-when-cross-origin\" allowfullscreen><\/iframe><\/div>\n<p>Parlem amb Raquel Romero Escovedo representant de Talent\u00a0Femen\u00ed. \u00c9s una associaci\u00f3 de dones emprenedores, empres\u00e0ries, i professionals, sense \u00e0nim de lucre, que es constitueix amb la finalitat de convertir-se en una xarxa de contacte i de suport mutu, que permeti millorar i aconseguir amb \u00e8xit els reptes que la vida presenta al sexe femen\u00ed.<\/p>\n<p>&nbsp;<\/p>\n<p>Seguim publicant entrevistes, ara amb <strong>Eina, Espai Empresarial<\/strong><a href=\"https:\/\/agora.xtec.cat\/insandreunin\/wp-content\/uploads\/usu1005\/2024\/05\/eina.jpg\"><img loading=\"lazy\" decoding=\"async\" class=\"wp-image-22025 aligncenter\" src=\"https:\/\/agora.xtec.cat\/insandreunin\/wp-content\/uploads\/usu1005\/2024\/05\/eina.jpg\" alt=\"\" width=\"158\" height=\"81\" \/><\/a><\/p>\n<div class=\"ast-oembed-container \" style=\"height: 100%;\"><iframe loading=\"lazy\" title=\"Podcast Emprenedors Vegueria del Pened\u00e8s \u2013 Eina, Espai Empresarial\" width=\"500\" height=\"281\" src=\"https:\/\/www.youtube.com\/embed\/IU6T2niiYJI?feature=oembed\" frameborder=\"0\" allow=\"accelerometer; autoplay; clipboard-write; encrypted-media; gyroscope; picture-in-picture; web-share\" referrerpolicy=\"strict-origin-when-cross-origin\" allowfullscreen><\/iframe><\/div>\n<p>En la nostra entrevista coneixerem a L&#8217;Eina, Espai Empresarial de l&#8217;ajuntament del Vendrell de la m\u00e0 de la Rebeca Mart\u00ed. Avui volem donar a con\u00e8ixer totes les ajudes i serveis que ofereixen als emprenedors i empresaris del territori.<\/p>\n<p>&nbsp;<\/p>\n<p>Entrevistem a Xavier Mart\u00ednez de l&#8217;empresa<strong> PulsaSons<\/strong><\/p>\n<p><a href=\"https:\/\/agora.xtec.cat\/insandreunin\/wp-content\/uploads\/usu1005\/2024\/05\/pulsasons.jpg\"><img loading=\"lazy\" decoding=\"async\" class=\" wp-image-22026 aligncenter\" src=\"https:\/\/agora.xtec.cat\/insandreunin\/wp-content\/uploads\/usu1005\/2024\/05\/pulsasons.jpg\" alt=\"\" width=\"166\" height=\"51\" srcset=\"https:\/\/agora.xtec.cat\/insandreunin\/wp-content\/uploads\/usu1005\/2024\/05\/pulsasons.jpg 436w, https:\/\/agora.xtec.cat\/insandreunin\/wp-content\/uploads\/usu1005\/2024\/05\/pulsasons-300x92.jpg 300w\" sizes=\"auto, (max-width: 166px) 100vw, 166px\" \/><\/a><\/p>\n<div class=\"ast-oembed-container \" style=\"height: 100%;\"><iframe loading=\"lazy\" title=\"Podcast Emprenedors Vegueria del Pened\u00e8s \u2013 Pulsasons\" width=\"500\" height=\"281\" src=\"https:\/\/www.youtube.com\/embed\/cWxgRcHY4WM?feature=oembed\" frameborder=\"0\" allow=\"accelerometer; autoplay; clipboard-write; encrypted-media; gyroscope; picture-in-picture; web-share\" referrerpolicy=\"strict-origin-when-cross-origin\" allowfullscreen><\/iframe><\/div>\n<p>En aquesta entrevista coneixerem a l&#8217;empresa PulsaSons de la m\u00e0 del seu creador; el m\u00fasic i musicoterapeuta Xavier Martinez. PulsaSons ofereix serveis especialitzats en musicoter\u00e0pia per a diferents col\u00b7lectius i activitats musicals adre\u00e7ades a la comunitat educativa i empreses.<\/p>\n<p>&nbsp;<\/p>\n<p>Seguim amb l&#8217;entrevista a <strong>l&#8217;Alcalde del Vendrell, el Sr. Kenneth Mart\u00ednez<\/strong><\/p>\n<div class=\"ast-oembed-container \" style=\"height: 100%;\"><iframe loading=\"lazy\" title=\"Podcast Emprenedors Vegueria del Pened\u00e8s \u2013 Kenneth Martinez, alcalde del Vendrell\" width=\"500\" height=\"281\" src=\"https:\/\/www.youtube.com\/embed\/MVre2-83KiM?feature=oembed\" frameborder=\"0\" allow=\"accelerometer; autoplay; clipboard-write; encrypted-media; gyroscope; picture-in-picture; web-share\" referrerpolicy=\"strict-origin-when-cross-origin\" allowfullscreen><\/iframe><\/div>\n<p>En aquest podcast parlarem amb l\u2019alcalde del Vendrell. En Kenneth Mart\u00ednez ens respondr\u00e0 a les preguntes que hem recopilat relatives a la seva feina com alcalde i d\u2019altres q\u00fcestions ciutadanes.<\/p>\n<p>&nbsp;<\/p>\n<p>Una entrevista amb els alumnes del propi centre,\u00a0<strong>ElectroCatFP <a href=\"https:\/\/agora.xtec.cat\/insandreunin\/wp-content\/uploads\/usu1005\/2024\/05\/310-electrocat-27052023_orig.jpg\"><img loading=\"lazy\" decoding=\"async\" class=\"wp-image-22027 alignleft\" src=\"https:\/\/agora.xtec.cat\/insandreunin\/wp-content\/uploads\/usu1005\/2024\/05\/310-electrocat-27052023_orig-1024x490.jpg\" alt=\"\" width=\"416\" height=\"199\" srcset=\"https:\/\/agora.xtec.cat\/insandreunin\/wp-content\/uploads\/usu1005\/2024\/05\/310-electrocat-27052023_orig-1024x490.jpg 1024w, https:\/\/agora.xtec.cat\/insandreunin\/wp-content\/uploads\/usu1005\/2024\/05\/310-electrocat-27052023_orig-300x143.jpg 300w, https:\/\/agora.xtec.cat\/insandreunin\/wp-content\/uploads\/usu1005\/2024\/05\/310-electrocat-27052023_orig-768x367.jpg 768w, https:\/\/agora.xtec.cat\/insandreunin\/wp-content\/uploads\/usu1005\/2024\/05\/310-electrocat-27052023_orig.jpg 1100w\" sizes=\"auto, (max-width: 416px) 100vw, 416px\" \/><\/a><\/strong><\/p>\n<p>Institut Andreu Nin guanyador de l&#8217;ElectroCatFP 2023, tornen a participar aquest any amb un nou vehicle i ens expliquen com ho han fet.<\/p>\n<p>&nbsp;<\/p>\n<p>&nbsp;<\/p>\n<div class=\"ast-oembed-container \" style=\"height: 100%;\"><iframe loading=\"lazy\" title=\"Podcast Emprenedors Vegueria del Pened\u00e8s - ElectroCatFP\" width=\"500\" height=\"281\" src=\"https:\/\/www.youtube.com\/embed\/PdTfaMiriLo?feature=oembed\" frameborder=\"0\" allow=\"accelerometer; autoplay; clipboard-write; encrypted-media; gyroscope; picture-in-picture; web-share\" referrerpolicy=\"strict-origin-when-cross-origin\" allowfullscreen><\/iframe><\/div>\n<p>L&#8217;\u00faltim\u00a0P\u00f2dcast\u00a0del curs va ser durant la Festa Major del Nin. El senyor l&#8217;Ernest\u00a0<span class=\"hiddenSpellError\">Benito<\/span>\u00a0ens va explicar la vida del pol\u00edtic Andreu Nin. El\u00a0P\u00f2dcast\u00a0va\u00a0ser dirigit\u00a0i entrevistat pels estudiants de batxillerat Jana Castro i Edgar\u00a0P\u00e9rez.<\/p>\n<p>&nbsp;<\/p>\n<p><iframe loading=\"lazy\" title=\"YouTube video player\" src=\"\/\/www.youtube.com\/embed\/q083sbcWFNY?si=P3RNQMMnqkumfxA9\" width=\"560\" height=\"315\" frameborder=\"0\" allowfullscreen=\"allowfullscreen\"><\/iframe><\/p>\n","protected":false},"excerpt":{"rendered":"<p>Benvingudes i benvinguts al primer Podcast de l\u2019Institut Andreu Nin del Vendrell! El nostre Podcast t\u00e9 com a finalitat donar a con\u00e8ixer les emprenedores i els emprenedors que duen a terme la seva activitat empresarial dins de la vegueria del Pened\u00e8s, \u00e9s a dir, a l\u2019Alt Pened\u00e8s, Anoia, Baix Pened\u00e8s i el Garraf. Som els [&hellip;]<\/p>\n","protected":false},"author":41,"featured_media":0,"parent":16881,"menu_order":4,"comment_status":"closed","ping_status":"closed","template":"page-templates\/side-menu.php","meta":{"_bbp_topic_count":0,"_bbp_reply_count":0,"_bbp_total_topic_count":0,"_bbp_total_reply_count":0,"_bbp_voice_count":0,"_bbp_anonymous_reply_count":0,"_bbp_topic_count_hidden":0,"_bbp_reply_count_hidden":0,"_bbp_forum_subforum_count":0,"site-sidebar-layout":"default","site-content-layout":"","ast-site-content-layout":"","site-content-style":"default","site-sidebar-style":"default","ast-global-header-display":"","ast-banner-title-visibility":"","ast-main-header-display":"","ast-hfb-above-header-display":"","ast-hfb-below-header-display":"","ast-hfb-mobile-header-display":"","site-post-title":"","ast-breadcrumbs-content":"","ast-featured-img":"","footer-sml-layout":"","theme-transparent-header-meta":"","adv-header-id-meta":"","stick-header-meta":"","header-above-stick-meta":"","header-main-stick-meta":"","header-below-stick-meta":"","astra-migrate-meta-layouts":"default","ast-page-background-enabled":"default","ast-page-background-meta":{"desktop":{"background-color":"var(--ast-global-color-4)","background-image":"","background-repeat":"repeat","background-position":"center center","background-size":"auto","background-attachment":"scroll","background-type":"","background-media":"","overlay-type":"","overlay-color":"","overlay-opacity":"","overlay-gradient":""},"tablet":{"background-color":"","background-image":"","background-repeat":"repeat","background-position":"center center","background-size":"auto","background-attachment":"scroll","background-type":"","background-media":"","overlay-type":"","overlay-color":"","overlay-opacity":"","overlay-gradient":""},"mobile":{"background-color":"","background-image":"","background-repeat":"repeat","background-position":"center center","background-size":"auto","background-attachment":"scroll","background-type":"","background-media":"","overlay-type":"","overlay-color":"","overlay-opacity":"","overlay-gradient":""}},"ast-content-background-meta":{"desktop":{"background-color":"var(--ast-global-color-5)","background-image":"","background-repeat":"repeat","background-position":"center center","background-size":"auto","background-attachment":"scroll","background-type":"","background-media":"","overlay-type":"","overlay-color":"","overlay-opacity":"","overlay-gradient":""},"tablet":{"background-color":"var(--ast-global-color-5)","background-image":"","background-repeat":"repeat","background-position":"center center","background-size":"auto","background-attachment":"scroll","background-type":"","background-media":"","overlay-type":"","overlay-color":"","overlay-opacity":"","overlay-gradient":""},"mobile":{"background-color":"var(--ast-global-color-5)","background-image":"","background-repeat":"repeat","background-position":"center center","background-size":"auto","background-attachment":"scroll","background-type":"","background-media":"","overlay-type":"","overlay-color":"","overlay-opacity":"","overlay-gradient":""}},"footnotes":""},"class_list":["post-21807","page","type-page","status-publish","hentry"],"post_mailing_queue_ids":[],"_links":{"self":[{"href":"https:\/\/agora.xtec.cat\/insandreunin\/wp-json\/wp\/v2\/pages\/21807","targetHints":{"allow":["GET"]}}],"collection":[{"href":"https:\/\/agora.xtec.cat\/insandreunin\/wp-json\/wp\/v2\/pages"}],"about":[{"href":"https:\/\/agora.xtec.cat\/insandreunin\/wp-json\/wp\/v2\/types\/page"}],"author":[{"embeddable":true,"href":"https:\/\/agora.xtec.cat\/insandreunin\/wp-json\/wp\/v2\/users\/41"}],"replies":[{"embeddable":true,"href":"https:\/\/agora.xtec.cat\/insandreunin\/wp-json\/wp\/v2\/comments?post=21807"}],"version-history":[{"count":6,"href":"https:\/\/agora.xtec.cat\/insandreunin\/wp-json\/wp\/v2\/pages\/21807\/revisions"}],"predecessor-version":[{"id":22631,"href":"https:\/\/agora.xtec.cat\/insandreunin\/wp-json\/wp\/v2\/pages\/21807\/revisions\/22631"}],"up":[{"embeddable":true,"href":"https:\/\/agora.xtec.cat\/insandreunin\/wp-json\/wp\/v2\/pages\/16881"}],"wp:attachment":[{"href":"https:\/\/agora.xtec.cat\/insandreunin\/wp-json\/wp\/v2\/media?parent=21807"}],"curies":[{"name":"wp","href":"https:\/\/api.w.org\/{rel}","templated":true}]}}