{"id":21005,"date":"2023-06-19T11:10:10","date_gmt":"2023-06-19T09:10:10","guid":{"rendered":"https:\/\/agora.xtec.cat\/insandreunin\/?page_id=21005"},"modified":"2023-06-20T12:44:13","modified_gmt":"2023-06-20T10:44:13","slug":"matricula-alumnat-nou-1r-deso","status":"publish","type":"page","link":"https:\/\/agora.xtec.cat\/insandreunin\/matricula-alumnat-nou-1r-deso\/","title":{"rendered":"MATR\u00cdCULA ALUMNAT NOU 1r D&#8217;ESO"},"content":{"rendered":"<p>&nbsp;<\/p>\n<p>Benvolgudes fam\u00edlies,<\/p>\n<p>A continuaci\u00f3 detallem les indicacions de com fer la matr\u00edcula de l&#8217;alumnat nou per a 1r d&#8217;ESO:<\/p>\n<ol>\n<li>Realitzar el pagament dels serveis complementaris: <a href=\"https:\/\/agora.xtec.cat\/insandreunin\/wp-content\/uploads\/usu1005\/2023\/05\/20230518_CODIS-DE-BARRES-ESO.pdf\" target=\"_blank\" rel=\"noopener noreferrer\">CODI DE BARRES<\/a><\/li>\n<li>Fer fotografies en format .jpg de:\n<ol>\n<li style=\"list-style-type: none;\">\n<ol>\n<li style=\"list-style-type: none;\">\n<ol>\n<li style=\"list-style-type: none;\">\n<ol style=\"list-style-type: lower-alpha;\">\n<li>\u00a0Justificant de pagament<\/li>\n<li>Fotografia del davant del DNI<\/li>\n<li>Fotografia del darrere del DNI<\/li>\n<li>Fotografia de carnet de l&#8217;alumne\/a<\/li>\n<li>Fotografia de la targeta sanit\u00e0ria de l&#8217;alumne\/a<\/li>\n<li>Document pdf del llibre de vacunaci\u00f3 (ha d&#8217;incloure totes les p\u00e0gines on quedin reflectides les vacunes rebudes per l&#8217;alumne\/a)<\/li>\n<li>Document pdf del llibre de fam\u00edlia (ha d&#8217;incloure la p\u00e0gina &#8220;Titular\/s del llibre&#8221; i la p\u00e0gina &#8220;Fill\/a&#8221;)<\/li>\n<li>Fotografia del davant del DNI d&#8217;un tutor\/a<\/li>\n<li>Fotografia del darrere del DNI d&#8217;un tutor\/a<\/li>\n<\/ol>\n<\/li>\n<\/ol>\n<\/li>\n<\/ol>\n<\/li>\n<\/ol>\n<\/li>\n<li>Emplenar el seg\u00fcent formulari (utilitzar ordinador i el navegador Chrome): <a href=\"http:\/\/intranet.insandreunin.cat\/matriculacions\/1rESO\" target=\"_blank\" rel=\"noopener noreferrer\">MATR\u00cdCULA ESO<\/a>.<\/li>\n<\/ol>\n<p>&nbsp;<\/p>\n","protected":false},"excerpt":{"rendered":"<p>&nbsp; Benvolgudes fam\u00edlies, A continuaci\u00f3 detallem les indicacions de com fer la matr\u00edcula de l&#8217;alumnat nou per a 1r d&#8217;ESO: Realitzar el pagament dels serveis complementaris: CODI DE BARRES Fer fotografies en format .jpg de: \u00a0Justificant de pagament Fotografia del davant del DNI Fotografia del darrere del DNI Fotografia de carnet de l&#8217;alumne\/a Fotografia de [&hellip;]<\/p>\n","protected":false},"author":41,"featured_media":0,"parent":0,"menu_order":0,"comment_status":"closed","ping_status":"closed","template":"","meta":{"_bbp_topic_count":0,"_bbp_reply_count":0,"_bbp_total_topic_count":0,"_bbp_total_reply_count":0,"_bbp_voice_count":0,"_bbp_anonymous_reply_count":0,"_bbp_topic_count_hidden":0,"_bbp_reply_count_hidden":0,"_bbp_forum_subforum_count":0,"site-sidebar-layout":"default","site-content-layout":"","ast-site-content-layout":"","site-content-style":"default","site-sidebar-style":"default","ast-global-header-display":"","ast-banner-title-visibility":"","ast-main-header-display":"","ast-hfb-above-header-display":"","ast-hfb-below-header-display":"","ast-hfb-mobile-header-display":"","site-post-title":"","ast-breadcrumbs-content":"","ast-featured-img":"","footer-sml-layout":"","theme-transparent-header-meta":"","adv-header-id-meta":"","stick-header-meta":"","header-above-stick-meta":"","header-main-stick-meta":"","header-below-stick-meta":"","astra-migrate-meta-layouts":"default","ast-page-background-enabled":"default","ast-page-background-meta":{"desktop":{"background-color":"var(--ast-global-color-4)","background-image":"","background-repeat":"repeat","background-position":"center center","background-size":"auto","background-attachment":"scroll","background-type":"","background-media":"","overlay-type":"","overlay-color":"","overlay-opacity":"","overlay-gradient":""},"tablet":{"background-color":"","background-image":"","background-repeat":"repeat","background-position":"center center","background-size":"auto","background-attachment":"scroll","background-type":"","background-media":"","overlay-type":"","overlay-color":"","overlay-opacity":"","overlay-gradient":""},"mobile":{"background-color":"","background-image":"","background-repeat":"repeat","background-position":"center center","background-size":"auto","background-attachment":"scroll","background-type":"","background-media":"","overlay-type":"","overlay-color":"","overlay-opacity":"","overlay-gradient":""}},"ast-content-background-meta":{"desktop":{"background-color":"var(--ast-global-color-5)","background-image":"","background-repeat":"repeat","background-position":"center center","background-size":"auto","background-attachment":"scroll","background-type":"","background-media":"","overlay-type":"","overlay-color":"","overlay-opacity":"","overlay-gradient":""},"tablet":{"background-color":"var(--ast-global-color-5)","background-image":"","background-repeat":"repeat","background-position":"center center","background-size":"auto","background-attachment":"scroll","background-type":"","background-media":"","overlay-type":"","overlay-color":"","overlay-opacity":"","overlay-gradient":""},"mobile":{"background-color":"var(--ast-global-color-5)","background-image":"","background-repeat":"repeat","background-position":"center center","background-size":"auto","background-attachment":"scroll","background-type":"","background-media":"","overlay-type":"","overlay-color":"","overlay-opacity":"","overlay-gradient":""}},"footnotes":""},"class_list":["post-21005","page","type-page","status-publish","hentry"],"post_mailing_queue_ids":[],"_links":{"self":[{"href":"https:\/\/agora.xtec.cat\/insandreunin\/wp-json\/wp\/v2\/pages\/21005","targetHints":{"allow":["GET"]}}],"collection":[{"href":"https:\/\/agora.xtec.cat\/insandreunin\/wp-json\/wp\/v2\/pages"}],"about":[{"href":"https:\/\/agora.xtec.cat\/insandreunin\/wp-json\/wp\/v2\/types\/page"}],"author":[{"embeddable":true,"href":"https:\/\/agora.xtec.cat\/insandreunin\/wp-json\/wp\/v2\/users\/41"}],"replies":[{"embeddable":true,"href":"https:\/\/agora.xtec.cat\/insandreunin\/wp-json\/wp\/v2\/comments?post=21005"}],"version-history":[{"count":4,"href":"https:\/\/agora.xtec.cat\/insandreunin\/wp-json\/wp\/v2\/pages\/21005\/revisions"}],"predecessor-version":[{"id":21032,"href":"https:\/\/agora.xtec.cat\/insandreunin\/wp-json\/wp\/v2\/pages\/21005\/revisions\/21032"}],"wp:attachment":[{"href":"https:\/\/agora.xtec.cat\/insandreunin\/wp-json\/wp\/v2\/media?parent=21005"}],"curies":[{"name":"wp","href":"https:\/\/api.w.org\/{rel}","templated":true}]}}