{"id":20989,"date":"2023-06-16T14:06:39","date_gmt":"2023-06-16T12:06:39","guid":{"rendered":"https:\/\/agora.xtec.cat\/insandreunin\/?page_id=20989"},"modified":"2023-10-03T10:59:33","modified_gmt":"2023-10-03T08:59:33","slug":"matricula-cfgm","status":"publish","type":"page","link":"https:\/\/agora.xtec.cat\/insandreunin\/matricula-cfgm\/","title":{"rendered":"MATR\u00cdCULA CFGM 23\/24"},"content":{"rendered":"<p><span style=\"font-size: 18pt; color: #ff6600;\"><strong>MATR\u00cdCULA CICLES FORMATIUS DE GRAU MITJ\u00c0 (CFGM) 23\/24<br \/>\n<\/strong><\/span><\/p>\n<p><strong>EL PER\u00cdODE DE MATRICULACI\u00d3 HA FINALITZAT. AQUESTA P\u00c0GINA QUEDA ACTIVADA PER MOTIUS INFORMATIUS.<\/strong><\/p>\n<p>&nbsp;<\/p>\n<p><strong>El procediment de matriculaci\u00f3 es realitza mitjan\u00e7ant un formulari, per\u00f2 abans d&#8217;emplenar-lo <span style=\"color: #ff0000;\">LLEGEIX ATENTAMENT AQUESTES INSTRUCCIONS:<\/span><\/strong><\/p>\n<p>S&#8217;ha de diferenciar entre <strong>2 tipus<\/strong> d&#8217;alumnat:<\/p>\n<p><span style=\"font-size: 14pt;\">&#8211; <span style=\"color: #ff6600;\"><strong>ALUMNAT DE CONTINU\u00cfTAT &#8211;<\/strong><\/span><\/span> tots aquells alumnes que han estat matriculats en un cicle formatiu a l&#8217;institut Andreu Nin durant el curs 22\/23 i compleixen alguna d&#8217;aquestes condicions:<\/p>\n<ul>\n<li style=\"list-style-type: none;\">\n<ul>\n<li>\u00a0Han cursat el 1r curs d&#8217;un cicle formatiu, ho tenen tot aprovat i es volen matricular al 2n curs del mateix cicle<\/li>\n<li>\u00a0Han cursat el 1r o 2n curs d&#8217;un cicle formatiu i repeteixen curs<\/li>\n<li>\u00a0Han cursat el 1r curs, els ha quedat alguna mat\u00e8ria pendent per\u00f2 poden passar a 2n curs. En aquest cas, l&#8217;alumne s&#8217;ha de matricular a 2n curs i a les mat\u00e8ries pendents de 1r curs. En alguns cicles formatius no es pot matricular d&#8217;alguns MP de 2n curs si tens algun MP de 1r curs susp\u00e8s relacionat amb el MP de 2n curs. Consulta amb el teu tutor\/a per a que t&#8217;informi d&#8217;aquests condicionants.<\/li>\n<li>Han cursat un cicle formatiu i els queda nom\u00e9s pendent alguna mat\u00e8ria solta per finalitzar (algun MP \u00f3 UF, S\u00edntesi, Projecte, FCT&#8230;)<\/li>\n<\/ul>\n<\/li>\n<\/ul>\n<p><strong>ATENCI\u00d3<\/strong>: La matr\u00edcula de l&#8217;<strong>alumnat de continu\u00eftat<\/strong> s&#8217;ha de realitzar del <strong>21 de juny al 7 de juliol.<\/strong><\/p>\n<p>&nbsp;<\/p>\n<p>&#8211; <span style=\"color: #ff6600; font-size: 14pt;\"><strong>ALUMNAT NOU &#8211; <\/strong><span style=\"color: #000000; font-size: 12pt;\">tots aquells alumnes que cumpleixen alguna d&#8217;aquestes condicions:<\/span><\/span><\/p>\n<ul>\n<li style=\"list-style-type: none;\">\n<ul>\n<li>Alumnat de fora del centre que se li ha adjudicat definitivament una pla\u00e7a en un cicle formatiu al centre<\/li>\n<li>Alumnat de cicles formatius de l&#8217;Institut Andreu Nin que se li ha adjudicat definitivament una pla\u00e7a en un<strong> cicle formatiu diferent<\/strong> al que ha estat cursant el curs 22\/23 (canvi de cicle formatiu, per exemple de CFGM a un altre CFGM, de CFGM a CFGS&#8230;)<\/li>\n<li>Alumnat d&#8217;ESO\/BAT de l&#8217;Institut Andreu Nin que se li ha adjudicat definitivament una pla\u00e7a en un cicle formatiu al centre<\/li>\n<\/ul>\n<\/li>\n<\/ul>\n<p><strong>ATENCI\u00d3:<\/strong> La matr\u00edcula de l&#8217;<strong>alumnat nou<\/strong> s&#8217;ha de realitzar del <strong>3 al 7 de juliol un cop s&#8217;hagi publicat la llista final d&#8217;alumnes admesos.<\/strong><\/p>\n<p>&nbsp;<\/p>\n<p><strong><span style=\"text-decoration: underline; font-size: 18pt;\">Abans d&#8217;emplenar el formulari has de realitzar aquests passos:<\/span><\/strong><\/p>\n<ul>\n<li><span style=\"color: #ff6600; font-size: 14pt;\"><strong>ALUMNAT DE CONTINU\u00cfTAT<\/strong>:<\/span>\n<ul>\n<li><strong>PAS 1.<\/strong> Fes el pagament de la quota del cicle formatiu corresponent mitjan\u00e7ant aquests codis de barres i fes foto del comprovant de pagament (format .jpg):\n<ul>\n<li style=\"list-style-type: none;\">\n<ul>\n<li><a href=\"https:\/\/drive.google.com\/file\/d\/1FfprMjBrTgPfYk1uV5qiQ8KOTZDnbtPx\/view?usp=sharing\" target=\"_blank\" rel=\"noopener\"><span style=\"font-size: 12pt;\">Codi barres CFGM CURES AUXILIARS D&#8217;INFERMERIA<\/span><\/a><\/li>\n<li><a href=\"https:\/\/drive.google.com\/file\/d\/1IUSc0l0vtxSYMmCIok0KeQ7V3OcG9STH\/view?usp=sharing\" target=\"_blank\" rel=\"noopener\"><span style=\"font-size: 12pt;\">Codi barres CFGM ACTIVITATS COMERCIALS<\/span><\/a><\/li>\n<li><a href=\"https:\/\/drive.google.com\/file\/d\/1OUvcFPrQJyIk7nEL8kdWSa0gZ8gRdIQV\/view?usp=sharing\" target=\"_blank\" rel=\"noopener\"><span style=\"font-size: 12pt;\">Codi barres CFGM GESTI\u00d3 ADMINISTRATIVA<\/span><\/a><\/li>\n<li><a href=\"https:\/\/drive.google.com\/file\/d\/1ffA0eF6NerhZR_7As0Cnns6CAwJb54OL\/view?usp=sharing\" target=\"_blank\" rel=\"noopener\"><span style=\"font-size: 12pt;\">Codi barres CFGM GESTI\u00d3 ADMINISTRATIVA (\u00c0MBIT JUR\u00cdDIC)<\/span><\/a><\/li>\n<li><a href=\"https:\/\/drive.google.com\/file\/d\/138ZU0pj7h0_U-mQg3iqr7TcZZQYNO4WH\/view?usp=sharing\" target=\"_blank\" rel=\"noopener\"><span style=\"font-size: 12pt;\">Codi barres CFGM ELECTROMEC\u00c0NICA DE VEHICLES AUTOM\u00d2BILS<\/span><\/a><\/li>\n<li><a href=\"https:\/\/drive.google.com\/file\/d\/1LMd9Zc7Fm7XtrgTrQXm3e0Oc7A6LWA4g\/view?usp=sharing\" target=\"_blank\" rel=\"noopener\"><span style=\"font-size: 12pt;\">Codi barres CFGM INSTAL\u00b7LACIONS EL\u00c8CTRIQUES I AUTOM\u00c0TIQUES<\/span><\/a><\/li>\n<li><span style=\"font-size: 12pt;\"><a href=\"https:\/\/drive.google.com\/file\/d\/1FMmGiPicE4EUeebTDYkGnaSVleyR7-1o\/view?usp=sharing\" target=\"_blank\" rel=\"noopener\">Codi barres CFGM GUIA EN EL MEDI NATURAL I TEMPS DE LLEURE<\/a><br \/>\n<\/span><\/li>\n<li><a href=\"https:\/\/drive.google.com\/file\/d\/1KwRg0DFHQrVLjGLfPFwarciWW1WU9uls\/view?usp=sharing\" target=\"_blank\" rel=\"noopener\"><span style=\"font-size: 12pt;\">Codi barres CFGM ATENCI\u00d3 A PERSONES EN SITUACI\u00d3 DE DEPEND\u00c8NCIA<\/span><\/a><\/li>\n<\/ul>\n<\/li>\n<\/ul>\n<\/li>\n<li><strong>PAS 2.<\/strong> Prepara una foto tipus carnet (format .jpg)<\/li>\n<li><strong>PAS 3<\/strong>. Prepara fotos del DNI (format .jpg): una foto de l&#8217;anvers i una altra del revers<\/li>\n<li><strong>PAS 4.<\/strong> Prepara foto de la targeta sanit\u00e0ria (format .jpg)<\/li>\n<li><strong>PAS 5.<\/strong> Prepara foto (format .jpg) del butllet\u00ed de notes de la \u00faltima avaluaci\u00f3 del cicle que has cursat aquest curs 22\/23<\/li>\n<li>Ves al <strong>PAS 6.<\/strong><\/li>\n<\/ul>\n<\/li>\n<\/ul>\n<ul>\n<li><span style=\"color: #ff6600; font-size: 14pt;\"><strong>ALUMNAT NOU<\/strong>:<\/span>\n<ul>\n<li><strong>PAS 1.<\/strong> Fes el pagament de la quota del cicle formatiu corresponent mitjan\u00e7ant aquests codis de barres i guarda el comprovant de pagament (format .jpg)\n<ul>\n<li><a href=\"https:\/\/drive.google.com\/file\/d\/1Ua8_8UYqeIX8WI6llP9NXw3iRUC9F8HB\/view?usp=sharing\" target=\"_blank\" rel=\"noopener\">Codi barres CFGM CURES AUXILIARS D&#8217;INFERMERIA<\/a><\/li>\n<li><a href=\"https:\/\/drive.google.com\/file\/d\/1umveTSw2AMNZffHws6bWvsnw-tV1B40D\/view?usp=sharing\" target=\"_blank\" rel=\"noopener\">Codi barres CFGM ACTIVITATS COMERCIALS<\/a><\/li>\n<li><a href=\"https:\/\/drive.google.com\/file\/d\/1OUvcFPrQJyIk7nEL8kdWSa0gZ8gRdIQV\/view?usp=sharing\" target=\"_blank\" rel=\"noopener\">Codi barres CFGM GESTI\u00d3 ADMINISTRATIVA<\/a><\/li>\n<li><a href=\"https:\/\/drive.google.com\/file\/d\/16ZF8FUJCuP78NTmN3OWdQ_1BeVimuclg\/view?usp=sharing\" target=\"_blank\" rel=\"noopener\">Codi barres CFGM GESTI\u00d3 ADMINISTRATIVA (\u00c0MBIT JUR\u00cdDIC)<\/a><\/li>\n<li><a href=\"https:\/\/drive.google.com\/file\/d\/1LCkSZnnG3dp82tuMl16LVYqPot_6fJ4J\/view?usp=sharing\" target=\"_blank\" rel=\"noopener\">Codi barres CFGM ELECTROMEC\u00c0NICA DE VEHICLES AUTOM\u00d2BILS<\/a><\/li>\n<li><a href=\"https:\/\/drive.google.com\/file\/d\/1dNZOP_wlALsQvHTpwekgc4FgKuVVDnnG\/view?usp=sharing\" target=\"_blank\" rel=\"noopener\">Codi barres CFGM INSTAL\u00b7LACIONS EL\u00c8CTRIQUES I AUTOM\u00c0TIQUES<\/a><\/li>\n<li><a href=\"https:\/\/drive.google.com\/file\/d\/1rycZd4EQVOR6AOH9ZjQzhNQ-dKcDUAGa\/view?usp=sharing\" target=\"_blank\" rel=\"noopener\">Codi barres CFGM GUIA EN EL MEDI NATURAL I TEMPS DE LLEURE<\/a> + <a href=\"https:\/\/drive.google.com\/file\/d\/1BkpGp9r620_DEpZ7lzqMxQIqoFyJyg33\/view?usp=sharing\" target=\"_blank\" rel=\"noopener\">Codi barres DESPESES ADDICIONALS CFGM GUIAMN<\/a> (incloure els 2 comprovants de pagament en una \u00fanica foto)<\/li>\n<li><a href=\"https:\/\/drive.google.com\/file\/d\/11BhGElUjr-XtCt9Az8tiCC5-yW6J3vXI\/view?usp=sharing\" target=\"_blank\" rel=\"noopener\">Codi barres CFGM ATENCI\u00d3 A PERSONES EN SITUACI\u00d3 DE DEPEND\u00c8NCIA<\/a><\/li>\n<\/ul>\n<\/li>\n<li><strong>PAS 2.<\/strong> Prepara una foto tipus carnet (format .jpg)<\/li>\n<li><strong>PAS 3.<\/strong> Prepara fotos del DNI (format .jpg): una foto de l&#8217;anvers i una altra del revers<\/li>\n<li><strong>PAS 4.<\/strong> Prepara foto de la targeta sanit\u00e0ria (format .jpg)<\/li>\n<li><strong>PAS 5.<\/strong> Prepara foto (format .jpg) del t\u00edtol o resguard dels estudis al\u00b7legats com a requisit d&#8217;acc\u00e9s<\/li>\n<li>Ves al <strong>PAS 6.<\/strong><\/li>\n<\/ul>\n<\/li>\n<\/ul>\n<p>&nbsp;<\/p>\n<p><strong>&#8211; <span style=\"font-size: 14pt;\">PAS 6.<\/span> Un cop hagis fet els passos 1 al 5 i preparat els arxius (format .jpg) ja pots emplenar el formulari seleccionant el teu cicle formatiu (FORMULARIS DESACTIVATS):<\/strong><\/p>\n<p><span style=\"color: #008000;\"><strong>Important:<\/strong> utilitzeu el navegador Chrome i fer-ho amb ordinador (no m\u00f2bil). Els enlla\u00e7os no funcionaran si us connecteu amb la wifi del centre.<br \/>\n<\/span><\/p>\n<p><strong><span style=\"color: #0000ff;\"><a style=\"color: #0000ff;\" href=\"http:\/\/intranet.insandreunin.cat\/\/matriculacions\/CCFF\/CCFFGM\/CFGMCuresauxiliarsd'infermeria(CFPM1601)...\" target=\"_blank\" rel=\"noopener\">CFGM CURES AUXILIARS D&#8217;INFERMERIA<\/a><\/span><\/strong><\/p>\n<p><strong><span style=\"color: #0000ff;\"><a style=\"color: #0000ff;\" href=\"http:\/\/intranet.insandreunin.cat\/\/matriculacions\/CCFF\/CCFFGM\/CFGMActivitatscomercials(CM10)...\" target=\"_blank\" rel=\"noopener\">CFGM ACTIVITATS COMERCIALS<\/a><\/span><\/strong><\/p>\n<p><strong><span style=\"color: #0000ff;\"><a style=\"color: #0000ff;\" href=\"http:\/\/intranet.insandreunin.cat\/\/matriculacions\/CCFF\/CCFFGM\/CFGMGesti\u00f3administrativa(AG10)...\" target=\"_blank\" rel=\"noopener\">CFGM GESTI\u00d3 ADMINISTRATIVA<\/a><\/span><\/strong><\/p>\n<p><strong><span style=\"color: #0000ff;\"><a style=\"color: #0000ff;\" href=\"http:\/\/intranet.insandreunin.cat\/\/matriculacions\/CCFF\/CCFFGM\/CFGMGesti\u00f3administrativa(\u00e0mbitjur\u00eddic)(AG11)...\" target=\"_blank\" rel=\"noopener\">CFGM GESTI\u00d3 ADMINISTRATIVA (\u00c0MBIT JUR\u00cdDIC)<\/a><\/span><\/strong><\/p>\n<p><strong><span style=\"color: #0000ff;\"><a style=\"color: #0000ff;\" href=\"http:\/\/intranet.insandreunin.cat\/\/matriculacions\/CCFF\/CCFFGM\/CFGMElectromec\u00e0nicadevehiclesautom\u00f2bils(TM10)...\" target=\"_blank\" rel=\"noopener\">CFGM ELECTROMEC\u00c0NICA DE VEHICLES AUTOM\u00d2BILS<\/a><\/span><\/strong><\/p>\n<p><strong><span style=\"color: #0000ff;\"><a style=\"color: #0000ff;\" href=\"http:\/\/intranet.insandreunin.cat\/\/matriculacions\/CCFF\/CCFFGM\/CFGMInstal\u00b7lacionsel\u00e8ctriquesiautom\u00e0tiques(EE10)...\" target=\"_blank\" rel=\"noopener\">CFGM INSTAL\u00b7LACIONS EL\u00c8CTRIQUES I AUTOM\u00c0TIQUES<\/a><\/span><\/strong><\/p>\n<p><strong><span style=\"color: #0000ff;\"><a style=\"color: #0000ff;\" href=\"http:\/\/intranet.insandreunin.cat\/\/matriculacions\/CCFF\/CCFFGM\/CFGMGuiaenelmedinaturalidetempsdelleure(CFPMAE10)...\" target=\"_blank\" rel=\"noopener\">CFGM GUIA EN EL MEDI NATURAL I TEMPS DE LLEURE<\/a><\/span><\/strong><\/p>\n<p><strong><span style=\"color: #0000ff;\"><a style=\"color: #0000ff;\" href=\"http:\/\/intranet.insandreunin.cat\/\/matriculacions\/CCFF\/CCFFGM\/CFGMAtenci\u00f3apersonesensituaci\u00f3dedepend\u00e8ncia(SC10)...\" target=\"_blank\" rel=\"noopener\">CFGM ATENCI\u00d3 A PERSONES EN SITUACI\u00d3 DE DEPEND\u00c8NCIA<\/a><\/span><\/strong><\/p>\n<p>&nbsp;<\/p>\n<p><span style=\"text-decoration: underline; font-size: 14pt;\"><strong>IMPORTANT!!<\/strong><\/span><\/p>\n<p>Si no rebem la documentaci\u00f3 dins el termini de matr\u00edcula, entendrem que renuncieu a la pla\u00e7a i activarem la llista d\u2019espera. En el cas que per algun motiu ja sapigueu que no formalitzareu la matr\u00edcula, us agrair\u00edem que ens ho comuniqueu a l\u2019adre\u00e7a <a href=\"mailto:secretaria@insandreunin.cat\"><span style=\"color: #000000;\">secretaria@insandreunin.cat<\/span><\/a><\/p>\n","protected":false},"excerpt":{"rendered":"<p>MATR\u00cdCULA CICLES FORMATIUS DE GRAU MITJ\u00c0 (CFGM) 23\/24 EL PER\u00cdODE DE MATRICULACI\u00d3 HA FINALITZAT. AQUESTA P\u00c0GINA QUEDA ACTIVADA PER MOTIUS INFORMATIUS. &nbsp; El procediment de matriculaci\u00f3 es realitza mitjan\u00e7ant un formulari, per\u00f2 abans d&#8217;emplenar-lo LLEGEIX ATENTAMENT AQUESTES INSTRUCCIONS: S&#8217;ha de diferenciar entre 2 tipus d&#8217;alumnat: &#8211; ALUMNAT DE CONTINU\u00cfTAT &#8211; tots aquells alumnes que han [&hellip;]<\/p>\n","protected":false},"author":41,"featured_media":0,"parent":0,"menu_order":0,"comment_status":"closed","ping_status":"closed","template":"","meta":{"_bbp_topic_count":0,"_bbp_reply_count":0,"_bbp_total_topic_count":0,"_bbp_total_reply_count":0,"_bbp_voice_count":0,"_bbp_anonymous_reply_count":0,"_bbp_topic_count_hidden":0,"_bbp_reply_count_hidden":0,"_bbp_forum_subforum_count":0,"site-sidebar-layout":"default","site-content-layout":"","ast-site-content-layout":"","site-content-style":"default","site-sidebar-style":"default","ast-global-header-display":"","ast-banner-title-visibility":"","ast-main-header-display":"","ast-hfb-above-header-display":"","ast-hfb-below-header-display":"","ast-hfb-mobile-header-display":"","site-post-title":"","ast-breadcrumbs-content":"","ast-featured-img":"","footer-sml-layout":"","theme-transparent-header-meta":"","adv-header-id-meta":"","stick-header-meta":"","header-above-stick-meta":"","header-main-stick-meta":"","header-below-stick-meta":"","astra-migrate-meta-layouts":"default","ast-page-background-enabled":"default","ast-page-background-meta":{"desktop":{"background-color":"var(--ast-global-color-4)","background-image":"","background-repeat":"repeat","background-position":"center center","background-size":"auto","background-attachment":"scroll","background-type":"","background-media":"","overlay-type":"","overlay-color":"","overlay-opacity":"","overlay-gradient":""},"tablet":{"background-color":"","background-image":"","background-repeat":"repeat","background-position":"center center","background-size":"auto","background-attachment":"scroll","background-type":"","background-media":"","overlay-type":"","overlay-color":"","overlay-opacity":"","overlay-gradient":""},"mobile":{"background-color":"","background-image":"","background-repeat":"repeat","background-position":"center center","background-size":"auto","background-attachment":"scroll","background-type":"","background-media":"","overlay-type":"","overlay-color":"","overlay-opacity":"","overlay-gradient":""}},"ast-content-background-meta":{"desktop":{"background-color":"var(--ast-global-color-5)","background-image":"","background-repeat":"repeat","background-position":"center center","background-size":"auto","background-attachment":"scroll","background-type":"","background-media":"","overlay-type":"","overlay-color":"","overlay-opacity":"","overlay-gradient":""},"tablet":{"background-color":"var(--ast-global-color-5)","background-image":"","background-repeat":"repeat","background-position":"center center","background-size":"auto","background-attachment":"scroll","background-type":"","background-media":"","overlay-type":"","overlay-color":"","overlay-opacity":"","overlay-gradient":""},"mobile":{"background-color":"var(--ast-global-color-5)","background-image":"","background-repeat":"repeat","background-position":"center center","background-size":"auto","background-attachment":"scroll","background-type":"","background-media":"","overlay-type":"","overlay-color":"","overlay-opacity":"","overlay-gradient":""}},"footnotes":""},"class_list":["post-20989","page","type-page","status-publish","hentry"],"post_mailing_queue_ids":[],"_links":{"self":[{"href":"https:\/\/agora.xtec.cat\/insandreunin\/wp-json\/wp\/v2\/pages\/20989","targetHints":{"allow":["GET"]}}],"collection":[{"href":"https:\/\/agora.xtec.cat\/insandreunin\/wp-json\/wp\/v2\/pages"}],"about":[{"href":"https:\/\/agora.xtec.cat\/insandreunin\/wp-json\/wp\/v2\/types\/page"}],"author":[{"embeddable":true,"href":"https:\/\/agora.xtec.cat\/insandreunin\/wp-json\/wp\/v2\/users\/41"}],"replies":[{"embeddable":true,"href":"https:\/\/agora.xtec.cat\/insandreunin\/wp-json\/wp\/v2\/comments?post=20989"}],"version-history":[{"count":5,"href":"https:\/\/agora.xtec.cat\/insandreunin\/wp-json\/wp\/v2\/pages\/20989\/revisions"}],"predecessor-version":[{"id":21340,"href":"https:\/\/agora.xtec.cat\/insandreunin\/wp-json\/wp\/v2\/pages\/20989\/revisions\/21340"}],"wp:attachment":[{"href":"https:\/\/agora.xtec.cat\/insandreunin\/wp-json\/wp\/v2\/media?parent=20989"}],"curies":[{"name":"wp","href":"https:\/\/api.w.org\/{rel}","templated":true}]}}