{"id":20058,"date":"2022-10-05T16:07:22","date_gmt":"2022-10-05T14:07:22","guid":{"rendered":"https:\/\/agora.xtec.cat\/insandreunin\/?page_id=20058"},"modified":"2024-05-24T13:14:12","modified_gmt":"2024-05-24T11:14:12","slug":"sollicitud-de-devolucio-dimports","status":"publish","type":"page","link":"https:\/\/agora.xtec.cat\/insandreunin\/secretaria\/tramits-i-documentacio\/sollicitud-de-devolucio-dimports\/","title":{"rendered":"Sol\u00b7licitud de devoluci\u00f3 d&#8217;import"},"content":{"rendered":"<p>Si vols sol\u00b7licitar una devoluci\u00f3 d&#8217;import, has d&#8217;omplir el seg\u00fcent formulari:<\/p>\n<table class=\" alignleft\" style=\"height: 47px; width: 38.5077%; border-collapse: collapse;\" cellspacing=\"2px\">\n<tbody>\n<tr style=\"height: 32px;\">\n<td style=\"width: 100%; height: 47px; border-color: #808080; border-style: ridge; background-color: #b58282; text-align: center; vertical-align: middle;\" scope=\"row\"><a href=\"https:\/\/docs.google.com\/forms\/d\/e\/1FAIpQLSc1N2YEqhjv-RzJHL7m5QGWGJvlu1FO0kClDrIt0rBuZy0tRA\/viewform\" target=\"_blank\" rel=\"noopener\"><span style=\"color: #ffffff;\"><strong><span style=\"font-size: 14pt;\">Formulari de sol\u00b7licitud<\/span><\/strong><\/span><\/a><\/td>\n<\/tr>\n<\/tbody>\n<\/table>\n<p>&nbsp;<\/p>\n<p>&nbsp;<\/p>\n<hr \/>\n<p>Per poder omplir el formulari,\u00a0 prepareu abans la seg\u00fcent documentaci\u00f3 digitalitzada en arxius separats:<\/p>\n<ul>\n<li style=\"list-style-type: none;\">\n<ul style=\"list-style-type: circle;\">\n<li>Anvers del document d&#8217;identificaci\u00f3 del sol\u00b7licitant.<\/li>\n<li>Revers del document d&#8217;identificaci\u00f3 del sol\u00b7licitant.<\/li>\n<li>Documentaci\u00f3 acreditativa, si s&#8217;escau (carnet de fam\u00edlia nombrosa \/ monoparental, resoluci\u00f3 de la beca, etc.).<\/li>\n<li>Fotoc\u00f2pia de la 1a p\u00e0gina de la llibreta banc\u00e0ria (o captura de l&#8217;oficina virtual amb nom del titular i n\u00famero de compte, si no teniu llibreta f\u00edsica).<\/li>\n<\/ul>\n<\/li>\n<\/ul>\n<hr \/>\n<p><span style=\"text-decoration: underline;\"><strong>Informaci\u00f3 important<\/strong><\/span>:<\/p>\n<table style=\"width: 100%; border-collapse: collapse; border-style: solid; border-color: #6b4d4d; background-color: #e8d3d3;\">\n<tbody>\n<tr>\n<td style=\"width: 100%; border-style: solid; border-color: #4f3a3a;\">\n<ul>\n<li><span style=\"font-weight: 400; font-size: 12pt;\">La sol\u00b7licitud de devoluci\u00f3 d\u2019import permet sol\u00b7licitar l\u2019ingr\u00e9s en un compte bancari dels diners a retornar en els seg\u00fcents casos:<\/span><\/li>\n<\/ul>\n<ul>\n<li style=\"list-style-type: none;\">\n<ul>\n<li style=\"font-weight: 400;\" aria-level=\"2\"><span style=\"font-size: 12pt;\"><span style=\"font-weight: 400;\">Devoluci\u00f3 del preu p\u00fablic per bonificacions o exempcions no al\u00b7legades al formalitzar la matr\u00edcula (<\/span><span style=\"font-weight: 400;\">veure apartat<\/span> Preu p\u00fablic de la nostra Guia devoluci\u00f3 import<span style=\"font-weight: 400;\">).<\/span><\/span><\/li>\n<\/ul>\n<\/li>\n<\/ul>\n<ul>\n<li style=\"list-style-type: none;\">\n<ul>\n<li style=\"font-weight: 400;\" aria-level=\"2\"><span style=\"font-weight: 400; font-size: 12pt;\">Devoluci\u00f3 parcial o total per error en l\u2019import abonat en la matr\u00edcula, corresponent a preu p\u00fablic, serveis complementaris i\/o Asseguran\u00e7a Escolar Obligat\u00f2ria.<\/span><\/li>\n<\/ul>\n<\/li>\n<\/ul>\n<ul>\n<li style=\"list-style-type: none;\">\n<ul>\n<li style=\"font-weight: 400;\" aria-level=\"2\"><span style=\"font-weight: 400; font-size: 12pt;\">Altres casos, com per exemple errors en el pagament de sortides, etc.<\/span><\/li>\n<\/ul>\n<\/li>\n<\/ul>\n<\/td>\n<\/tr>\n<tr>\n<td style=\"width: 100%; border-style: solid; border-color: #4f3a3a;\">\n<ul>\n<li><span style=\"font-size: 12pt;\"><span style=\"font-weight: 400;\">Realitzem els pagaments d&#8217;aquelles sol\u00b7licituds tramitades i aprovades <strong>a finals de cada mes<\/strong>. Per exemple:<\/span><\/span><\/li>\n<\/ul>\n<ul>\n<li style=\"list-style-type: none;\">\n<ul>\n<li><span style=\"font-size: 12pt;\">Si sol\u00b7licites la devoluci\u00f3 els primers dies del mes, l&#8217;ingr\u00e9s al teu compte bancari es far\u00e0 en un termini aproximat de 3-4 setmanes.<\/span><\/li>\n<\/ul>\n<\/li>\n<\/ul>\n<ul>\n<li style=\"list-style-type: none;\">\n<ul>\n<li><span style=\"font-size: 12pt;\">Si sol\u00b7licites la devoluci\u00f3 durant l&#8217;\u00faltima setmana del mes, l&#8217;ingr\u00e9s al teu compte bancari es far\u00e0 o b\u00e9 la setmana seg\u00fcent, o m\u00e9s probablement a finals del mes seg\u00fcent en un termini aproximat de 5-6 setmanes.<\/span><\/li>\n<\/ul>\n<\/li>\n<\/ul>\n<\/td>\n<\/tr>\n<tr>\n<td style=\"width: 100%; border-style: solid; border-color: #4f3a3a;\">\n<ul>\n<li><span style=\"font-size: 12pt;\">Si tens una bonificaci\u00f3 o exempci\u00f3, consulta quina \u00e9s la documentaci\u00f3 acreditativa que has de presentar a la Guia devoluci\u00f3 import.<\/span><\/li>\n<\/ul>\n<\/td>\n<\/tr>\n<tr>\n<td style=\"width: 100%; border-style: solid; border-color: #4f3a3a;\">\n<ul>\n<li><span style=\"font-size: 16px;\">La normativa <strong>s\u00ed contempla la devoluci\u00f3<\/strong> de l&#8217;import de matr\u00edcula en els seg\u00fcents casos:<\/span><\/li>\n<\/ul>\n<ul>\n<li style=\"list-style-type: none;\">\n<ul>\n<li><span style=\"font-size: 12pt;\">Ren\u00fancia a la matr\u00edcula per causes justificades, sempre i quan es sol\u00b7liciti abans del <strong style=\"font-family: inherit;\">5 de setembre<\/strong><span style=\"font-family: inherit;\">.<\/span><\/span><\/li>\n<\/ul>\n<\/li>\n<\/ul>\n<ul>\n<li style=\"list-style-type: none;\">\n<ul>\n<li><span style=\"font-size: 12pt;\">Baixa per causes excepcionals (entre d\u2019altres, malaltia o hospitalitzaci\u00f3 prolongada, mort de familiar fins al primer grau, embar\u00e0s de l\u2019alumna, etc.), sempre i quan es sol\u00b7liciti <strong>abans del 31 d&#8217;octubre<\/strong>. Caldr\u00e0 aportar documentaci\u00f3 que acrediti la situaci\u00f3.<\/span><\/li>\n<\/ul>\n<\/li>\n<\/ul>\n<ul>\n<li style=\"list-style-type: none;\">\n<ul>\n<li><span style=\"font-size: 12pt;\">Obtenci\u00f3 de pla\u00e7a p\u00fablica i matriculaci\u00f3 b\u00e9 en l\u2019ensenyament universitari, b\u00e9 en els ensenyaments art\u00edstics superiors, sempre i quan es sol\u00b7liciti <strong>abans del 31 d&#8217;octubre<\/strong>. Caldr\u00e0 aportar el resguard de matr\u00edcula dels estudis universitaris.<\/span><\/li>\n<\/ul>\n<\/li>\n<\/ul>\n<\/td>\n<\/tr>\n<tr>\n<td style=\"width: 100%; border-style: solid; border-color: #4f3a3a;\">\n<ul>\n<li><span style=\"font-size: 16px;\">La normativa <strong>no contempla la devoluci\u00f3<\/strong> de l&#8217;import de matr\u00edcula en els seg\u00fcents casos:<\/span><\/li>\n<\/ul>\n<ul>\n<li style=\"list-style-type: none;\">\n<ul>\n<li><span style=\"font-size: 12pt;\">Sol\u00b7licitud de devoluci\u00f3 sense haver sol\u00b7licitat pr\u00e8viament la baixa en els estudis en qu\u00e8 s&#8217;est\u00e0 matriculat.<\/span><\/li>\n<\/ul>\n<\/li>\n<\/ul>\n<ul>\n<li style=\"list-style-type: none;\">\n<ul>\n<li><span style=\"font-size: 12pt;\">Baixa sol\u00b7licitada per causes no excepcionals (no s\u00f3n considerades causes excepcionals els canvis en l&#8217;horari laboral, canvis de domicili o similars).<\/span><\/li>\n<\/ul>\n<\/li>\n<\/ul>\n<ul>\n<li style=\"list-style-type: none;\">\n<ul>\n<li><span style=\"font-size: 12pt;\">Baixa sol\u00b7licitada per obtenci\u00f3 de pla\u00e7a en un cicle formatiu de grau superior en un altre centre dependent del Departament d\u2019Educaci\u00f3. En aquests casos, l&#8217;import del preu p\u00fablic es transferir\u00e0 directament al centre de destinaci\u00f3, sempre i quan es sol\u00b7liciti <strong>abans del 31 d&#8217;octubre<\/strong>.<\/span><\/li>\n<\/ul>\n<\/li>\n<\/ul>\n<ul>\n<li style=\"list-style-type: none;\">\n<ul>\n<li><span style=\"font-size: 12pt;\">Baixa sol\u00b7licitada fora dels terminis establerts en aquest i en l&#8217;apartat anterior.<\/span><\/li>\n<\/ul>\n<\/li>\n<\/ul>\n<\/td>\n<\/tr>\n<\/tbody>\n<\/table>\n<hr \/>\n<ul>\n<li>Pots trobar tota la informaci\u00f3 i la documentaci\u00f3 acreditativa relacionades amb aquest tr\u00e0mit a la nostra <strong>Guia devoluci\u00f3 import<\/strong>.<\/li>\n<\/ul>\n","protected":false},"excerpt":{"rendered":"<p>Si vols sol\u00b7licitar una devoluci\u00f3 d&#8217;import, has d&#8217;omplir el seg\u00fcent formulari: Formulari de sol\u00b7licitud &nbsp; &nbsp; Per poder omplir el formulari,\u00a0 prepareu abans la seg\u00fcent documentaci\u00f3 digitalitzada en arxius separats: Anvers del document d&#8217;identificaci\u00f3 del sol\u00b7licitant. Revers del document d&#8217;identificaci\u00f3 del sol\u00b7licitant. Documentaci\u00f3 acreditativa, si s&#8217;escau (carnet de fam\u00edlia nombrosa \/ monoparental, resoluci\u00f3 de la [&hellip;]<\/p>\n","protected":false},"author":25,"featured_media":0,"parent":16561,"menu_order":0,"comment_status":"closed","ping_status":"closed","template":"page-templates\/side-menu.php","meta":{"_bbp_topic_count":0,"_bbp_reply_count":0,"_bbp_total_topic_count":0,"_bbp_total_reply_count":0,"_bbp_voice_count":0,"_bbp_anonymous_reply_count":0,"_bbp_topic_count_hidden":0,"_bbp_reply_count_hidden":0,"_bbp_forum_subforum_count":0,"site-sidebar-layout":"default","site-content-layout":"","ast-site-content-layout":"","site-content-style":"default","site-sidebar-style":"default","ast-global-header-display":"","ast-banner-title-visibility":"","ast-main-header-display":"","ast-hfb-above-header-display":"","ast-hfb-below-header-display":"","ast-hfb-mobile-header-display":"","site-post-title":"","ast-breadcrumbs-content":"","ast-featured-img":"","footer-sml-layout":"","theme-transparent-header-meta":"","adv-header-id-meta":"","stick-header-meta":"","header-above-stick-meta":"","header-main-stick-meta":"","header-below-stick-meta":"","astra-migrate-meta-layouts":"default","ast-page-background-enabled":"default","ast-page-background-meta":{"desktop":{"background-color":"var(--ast-global-color-4)","background-image":"","background-repeat":"repeat","background-position":"center center","background-size":"auto","background-attachment":"scroll","background-type":"","background-media":"","overlay-type":"","overlay-color":"","overlay-opacity":"","overlay-gradient":""},"tablet":{"background-color":"","background-image":"","background-repeat":"repeat","background-position":"center center","background-size":"auto","background-attachment":"scroll","background-type":"","background-media":"","overlay-type":"","overlay-color":"","overlay-opacity":"","overlay-gradient":""},"mobile":{"background-color":"","background-image":"","background-repeat":"repeat","background-position":"center center","background-size":"auto","background-attachment":"scroll","background-type":"","background-media":"","overlay-type":"","overlay-color":"","overlay-opacity":"","overlay-gradient":""}},"ast-content-background-meta":{"desktop":{"background-color":"var(--ast-global-color-5)","background-image":"","background-repeat":"repeat","background-position":"center center","background-size":"auto","background-attachment":"scroll","background-type":"","background-media":"","overlay-type":"","overlay-color":"","overlay-opacity":"","overlay-gradient":""},"tablet":{"background-color":"var(--ast-global-color-5)","background-image":"","background-repeat":"repeat","background-position":"center center","background-size":"auto","background-attachment":"scroll","background-type":"","background-media":"","overlay-type":"","overlay-color":"","overlay-opacity":"","overlay-gradient":""},"mobile":{"background-color":"var(--ast-global-color-5)","background-image":"","background-repeat":"repeat","background-position":"center center","background-size":"auto","background-attachment":"scroll","background-type":"","background-media":"","overlay-type":"","overlay-color":"","overlay-opacity":"","overlay-gradient":""}},"footnotes":""},"class_list":["post-20058","page","type-page","status-publish","hentry"],"post_mailing_queue_ids":[],"_links":{"self":[{"href":"https:\/\/agora.xtec.cat\/insandreunin\/wp-json\/wp\/v2\/pages\/20058","targetHints":{"allow":["GET"]}}],"collection":[{"href":"https:\/\/agora.xtec.cat\/insandreunin\/wp-json\/wp\/v2\/pages"}],"about":[{"href":"https:\/\/agora.xtec.cat\/insandreunin\/wp-json\/wp\/v2\/types\/page"}],"author":[{"embeddable":true,"href":"https:\/\/agora.xtec.cat\/insandreunin\/wp-json\/wp\/v2\/users\/25"}],"replies":[{"embeddable":true,"href":"https:\/\/agora.xtec.cat\/insandreunin\/wp-json\/wp\/v2\/comments?post=20058"}],"version-history":[{"count":5,"href":"https:\/\/agora.xtec.cat\/insandreunin\/wp-json\/wp\/v2\/pages\/20058\/revisions"}],"predecessor-version":[{"id":22200,"href":"https:\/\/agora.xtec.cat\/insandreunin\/wp-json\/wp\/v2\/pages\/20058\/revisions\/22200"}],"up":[{"embeddable":true,"href":"https:\/\/agora.xtec.cat\/insandreunin\/wp-json\/wp\/v2\/pages\/16561"}],"wp:attachment":[{"href":"https:\/\/agora.xtec.cat\/insandreunin\/wp-json\/wp\/v2\/media?parent=20058"}],"curies":[{"name":"wp","href":"https:\/\/api.w.org\/{rel}","templated":true}]}}