{"id":19612,"date":"2022-06-03T13:39:47","date_gmt":"2022-06-03T11:39:47","guid":{"rendered":"https:\/\/agora.xtec.cat\/insandreunin\/?page_id=19612"},"modified":"2024-05-20T13:50:22","modified_gmt":"2024-05-20T11:50:22","slug":"ife","status":"publish","type":"page","link":"https:\/\/agora.xtec.cat\/insandreunin\/estudis-que-oferim\/ife\/","title":{"rendered":"IFE Itinerari Formatiu Espec\u00edfic"},"content":{"rendered":"<p><strong>IFE ITINERARI FORMATIU ESPEC\u00cdFIC<\/strong><\/p>\n<p><strong>Auxiliar en manteniment d\u2019instal\u00b7lacions esportives<\/strong> (Durada: 4 cursos) <a href=\"https:\/\/drive.google.com\/file\/d\/1YGPmAo2daYGGFnjOq2Mh6HkL_2XYDfkm\/view?usp=sharing\">(Descarrega fullet\u00f3)<\/a><\/p>\n<p><a href=\"https:\/\/drive.google.com\/file\/d\/1MvYsnANA22YhNIPuBa6Erw_Tq4--0YmK\/view?usp=sharing\" target=\"_blank\" rel=\"noopener\">Estructura de la distribuci\u00f3 curricular dels M\u00f2duls Professionals MP de l&#8217;IFE<\/a><\/p>\n<p>Podeu obtenir m\u00e9s informaci\u00f3 de l&#8217;IFE en aquest <a href=\"https:\/\/triaeducativa.gencat.cat\/ca\/fp\/ife\/\" target=\"_blank\" rel=\"noopener\">enlla\u00e7<\/a><\/p>\n","protected":false},"excerpt":{"rendered":"<p>IFE ITINERARI FORMATIU ESPEC\u00cdFIC Auxiliar en manteniment d\u2019instal\u00b7lacions esportives (Durada: 4 cursos) (Descarrega fullet\u00f3) Estructura de la distribuci\u00f3 curricular dels M\u00f2duls Professionals MP de l&#8217;IFE Podeu obtenir m\u00e9s informaci\u00f3 de l&#8217;IFE en aquest enlla\u00e7<\/p>\n","protected":false},"author":41,"featured_media":0,"parent":451,"menu_order":0,"comment_status":"closed","ping_status":"closed","template":"page-templates\/side-menu.php","meta":{"_bbp_topic_count":0,"_bbp_reply_count":0,"_bbp_total_topic_count":0,"_bbp_total_reply_count":0,"_bbp_voice_count":0,"_bbp_anonymous_reply_count":0,"_bbp_topic_count_hidden":0,"_bbp_reply_count_hidden":0,"_bbp_forum_subforum_count":0,"site-sidebar-layout":"default","site-content-layout":"","ast-site-content-layout":"","site-content-style":"default","site-sidebar-style":"default","ast-global-header-display":"","ast-banner-title-visibility":"","ast-main-header-display":"","ast-hfb-above-header-display":"","ast-hfb-below-header-display":"","ast-hfb-mobile-header-display":"","site-post-title":"","ast-breadcrumbs-content":"","ast-featured-img":"","footer-sml-layout":"","theme-transparent-header-meta":"","adv-header-id-meta":"","stick-header-meta":"","header-above-stick-meta":"","header-main-stick-meta":"","header-below-stick-meta":"","astra-migrate-meta-layouts":"default","ast-page-background-enabled":"default","ast-page-background-meta":{"desktop":{"background-color":"var(--ast-global-color-4)","background-image":"","background-repeat":"repeat","background-position":"center center","background-size":"auto","background-attachment":"scroll","background-type":"","background-media":"","overlay-type":"","overlay-color":"","overlay-opacity":"","overlay-gradient":""},"tablet":{"background-color":"","background-image":"","background-repeat":"repeat","background-position":"center center","background-size":"auto","background-attachment":"scroll","background-type":"","background-media":"","overlay-type":"","overlay-color":"","overlay-opacity":"","overlay-gradient":""},"mobile":{"background-color":"","background-image":"","background-repeat":"repeat","background-position":"center center","background-size":"auto","background-attachment":"scroll","background-type":"","background-media":"","overlay-type":"","overlay-color":"","overlay-opacity":"","overlay-gradient":""}},"ast-content-background-meta":{"desktop":{"background-color":"var(--ast-global-color-5)","background-image":"","background-repeat":"repeat","background-position":"center center","background-size":"auto","background-attachment":"scroll","background-type":"","background-media":"","overlay-type":"","overlay-color":"","overlay-opacity":"","overlay-gradient":""},"tablet":{"background-color":"var(--ast-global-color-5)","background-image":"","background-repeat":"repeat","background-position":"center center","background-size":"auto","background-attachment":"scroll","background-type":"","background-media":"","overlay-type":"","overlay-color":"","overlay-opacity":"","overlay-gradient":""},"mobile":{"background-color":"var(--ast-global-color-5)","background-image":"","background-repeat":"repeat","background-position":"center center","background-size":"auto","background-attachment":"scroll","background-type":"","background-media":"","overlay-type":"","overlay-color":"","overlay-opacity":"","overlay-gradient":""}},"footnotes":""},"class_list":["post-19612","page","type-page","status-publish","hentry"],"post_mailing_queue_ids":[],"_links":{"self":[{"href":"https:\/\/agora.xtec.cat\/insandreunin\/wp-json\/wp\/v2\/pages\/19612","targetHints":{"allow":["GET"]}}],"collection":[{"href":"https:\/\/agora.xtec.cat\/insandreunin\/wp-json\/wp\/v2\/pages"}],"about":[{"href":"https:\/\/agora.xtec.cat\/insandreunin\/wp-json\/wp\/v2\/types\/page"}],"author":[{"embeddable":true,"href":"https:\/\/agora.xtec.cat\/insandreunin\/wp-json\/wp\/v2\/users\/41"}],"replies":[{"embeddable":true,"href":"https:\/\/agora.xtec.cat\/insandreunin\/wp-json\/wp\/v2\/comments?post=19612"}],"version-history":[{"count":6,"href":"https:\/\/agora.xtec.cat\/insandreunin\/wp-json\/wp\/v2\/pages\/19612\/revisions"}],"predecessor-version":[{"id":22147,"href":"https:\/\/agora.xtec.cat\/insandreunin\/wp-json\/wp\/v2\/pages\/19612\/revisions\/22147"}],"up":[{"embeddable":true,"href":"https:\/\/agora.xtec.cat\/insandreunin\/wp-json\/wp\/v2\/pages\/451"}],"wp:attachment":[{"href":"https:\/\/agora.xtec.cat\/insandreunin\/wp-json\/wp\/v2\/media?parent=19612"}],"curies":[{"name":"wp","href":"https:\/\/api.w.org\/{rel}","templated":true}]}}