{"id":19581,"date":"2022-05-24T13:03:02","date_gmt":"2022-05-24T11:03:02","guid":{"rendered":"https:\/\/agora.xtec.cat\/insandreunin\/?page_id=19581"},"modified":"2026-04-13T14:21:31","modified_gmt":"2026-04-13T12:21:31","slug":"grau-de-formacio-basica","status":"publish","type":"page","link":"https:\/\/agora.xtec.cat\/insandreunin\/secretaria\/preinscripcio-matricula\/grau-de-formacio-basica\/","title":{"rendered":"CICLE FORMATIU GRAU B\u00c0SIC"},"content":{"rendered":"<ul>\n<li style=\"list-style-type: none;\"><\/li>\n<\/ul>\n<p><strong><span style=\"font-size: 14pt;\">JORNADA DE PORTES OBERTES<\/span><\/strong><\/p>\n<table style=\"border-collapse: collapse; width: 100%;\">\n<tbody>\n<tr>\n<td style=\"width: 24.8775%; border-color: #ffffff;\"><img loading=\"lazy\" decoding=\"async\" class=\"alignnone wp-image-24487 size-large\" src=\"https:\/\/agora.xtec.cat\/insandreunin\/wp-content\/uploads\/usu1005\/2026\/03\/Comunicacions-INS-ANDREU-NIN-1-1024x1024.png\" alt=\"\" width=\"1024\" height=\"1024\" srcset=\"https:\/\/agora.xtec.cat\/insandreunin\/wp-content\/uploads\/usu1005\/2026\/03\/Comunicacions-INS-ANDREU-NIN-1-1024x1024.png 1024w, https:\/\/agora.xtec.cat\/insandreunin\/wp-content\/uploads\/usu1005\/2026\/03\/Comunicacions-INS-ANDREU-NIN-1-300x300.png 300w, https:\/\/agora.xtec.cat\/insandreunin\/wp-content\/uploads\/usu1005\/2026\/03\/Comunicacions-INS-ANDREU-NIN-1-150x150.png 150w, https:\/\/agora.xtec.cat\/insandreunin\/wp-content\/uploads\/usu1005\/2026\/03\/Comunicacions-INS-ANDREU-NIN-1-768x768.png 768w, https:\/\/agora.xtec.cat\/insandreunin\/wp-content\/uploads\/usu1005\/2026\/03\/Comunicacions-INS-ANDREU-NIN-1.png 1080w\" sizes=\"auto, (max-width: 1024px) 100vw, 1024px\" \/><\/td>\n<td style=\"width: 75.1225%; vertical-align: top; border-color: #ffffff;\">\n<p data-pm-slice=\"1 1 []\">El <strong>dimecres 8 d&#8217;abril<\/strong> <strong>a les 16:30h<\/strong> es far\u00e0 la Jornada de Portes Obertes de Cicles Formatius.<\/p>\n<p>Coneix el cicle formatiu de <a href=\"https:\/\/agora.xtec.cat\/insandreunin\/estudis-que-oferim\/fp-basica\/\">grau b\u00e0sic de Fabricaci\u00f3 i Muntatge<\/a> que oferim al centre<\/p>\n<p>&nbsp;<\/td>\n<\/tr>\n<\/tbody>\n<\/table>\n<hr class=\"wp-block-separator has-text-color has-cyan-bluish-gray-color has-alpha-channel-opacity has-cyan-bluish-gray-background-color has-background is-style-default\" \/>\n<p><strong><span style=\"font-size: 14pt;\">PREINSCRIPCI\u00d3<\/span><\/strong><\/p>\n<table style=\"border-collapse: collapse; width: 100%; height: 108px;\">\n<tbody>\n<tr style=\"height: 44px;\">\n<td style=\"width: 24.0705%; height: 108px; background-color: #ffffff; border-color: #ffffff;\" rowspan=\"3\"><img loading=\"lazy\" decoding=\"async\" class=\"alignnone size-large wp-image-23105\" src=\"https:\/\/agora.xtec.cat\/insandreunin\/wp-content\/uploads\/usu1005\/2025\/03\/427A6620-1024x1024.jpg\" alt=\"\" width=\"1024\" height=\"1024\" srcset=\"https:\/\/agora.xtec.cat\/insandreunin\/wp-content\/uploads\/usu1005\/2025\/03\/427A6620-1024x1024.jpg 1024w, https:\/\/agora.xtec.cat\/insandreunin\/wp-content\/uploads\/usu1005\/2025\/03\/427A6620-300x300.jpg 300w, https:\/\/agora.xtec.cat\/insandreunin\/wp-content\/uploads\/usu1005\/2025\/03\/427A6620-150x150.jpg 150w, https:\/\/agora.xtec.cat\/insandreunin\/wp-content\/uploads\/usu1005\/2025\/03\/427A6620-768x768.jpg 768w, https:\/\/agora.xtec.cat\/insandreunin\/wp-content\/uploads\/usu1005\/2025\/03\/427A6620.jpg 1280w\" sizes=\"auto, (max-width: 1024px) 100vw, 1024px\" \/><\/td>\n<td style=\"width: 75.9295%; height: 44px; background-color: #ffffff; border-color: #ffffff;\">Podeu consultar tota la <a style=\"font-family: inherit; font-size: 1em;\" href=\"https:\/\/preinscripcio.gencat.cat\/ca\/estudis\/fp-basica\/inici\/\" target=\"_blank\" rel=\"noopener\">informaci\u00f3 en relaci\u00f3 a la preinscripci\u00f3 2026\/2027<\/a>\u00a0a la plana web del Departament d&#8217;Educaci\u00f3 i Formaci\u00f3 Professional.<\/p>\n<p>Al llarg de tot el procediment \u00e9s important que\u00a0<a href=\"https:\/\/preinscripcio.gencat.cat\/ca\/estudis\/fp-basica\/informat\/calendari\/\">conegueu les dates clau del calendari i les accions associades.<\/a><\/p>\n<p><a href=\"https:\/\/preinscripcio.gencat.cat\/ca\/estudis\/fp-basica\/informat\/criteris-assignacio\/\">Consulteu els criteris de selecci\u00f3, prioritzaci\u00f3 i desempat\u00a0<\/a><\/td>\n<\/tr>\n<tr style=\"height: 32px;\">\n<td style=\"width: 75.9295%; height: 32px; background-color: #ffffff; border-color: #ffffff;\"><\/td>\n<\/tr>\n<tr style=\"height: 32px;\">\n<td style=\"width: 75.9295%; height: 32px; background-color: #ffffff; border-color: #ffffff;\"><\/td>\n<\/tr>\n<\/tbody>\n<\/table>\n<table style=\"border-collapse: collapse; width: 100%; height: 256px;\">\n<tbody>\n<tr style=\"height: 32px;\">\n<td style=\"width: 20.1666%; height: 32px; border-color: #ffffff; background-color: #ffffff;\"><strong><span style=\"color: #ff6600;\">30 d&#8217;abril<\/span><\/strong><\/td>\n<td style=\"width: 79.8334%; height: 32px; border-color: #ffffff; background-color: #ffffff;\">Oferta inicial de places<\/td>\n<\/tr>\n<tr style=\"height: 32px;\">\n<td style=\"width: 20.1666%; height: 32px; border-color: #ffffff; background-color: #ffffff;\"><strong><span style=\"color: #ff6600;\">Del 4 al 13 de maig<\/span><\/strong><\/td>\n<td style=\"width: 79.8334%; height: 32px; border-color: #ffffff; background-color: #ffffff;\">Per\u00edode de preinscripci\u00f3.<\/td>\n<\/tr>\n<tr style=\"height: 32px;\">\n<td style=\"width: 20.1666%; height: 32px; border-color: #ffffff; background-color: #ffffff;\"><strong><span style=\"color: #ff6600;\">28 de maig<\/span><\/strong><\/td>\n<td style=\"width: 79.8334%; height: 32px; border-color: #ffffff; background-color: #ffffff;\">Publicaci\u00f3 de llistes amb el barem provisional<\/td>\n<\/tr>\n<tr style=\"height: 32px;\">\n<td style=\"width: 20.1666%; height: 32px; border-color: #ffffff; background-color: #ffffff;\"><strong><span style=\"color: #ff6600;\">Del 28 de maig al 2 de juny<\/span><\/strong><\/td>\n<td style=\"width: 79.8334%; height: 32px; border-color: #ffffff; background-color: #ffffff;\">Presentaci\u00f3 de reclamacions a la puntuaci\u00f3 provisional<\/td>\n<\/tr>\n<tr style=\"height: 32px;\">\n<td style=\"width: 20.1666%; border-color: #ffffff; background-color: #ffffff; height: 32px;\"><strong><span style=\"color: #ff6600;\">8 de juny<\/span><\/strong><\/td>\n<td style=\"width: 79.8334%; border-color: #ffffff; background-color: #ffffff; height: 32px;\">Publicaci\u00f3 de llista de sol\u00b7licituds amb la puntuaci\u00f3 i el n\u00famero de desempat corresponent. Sorteig del <strong>n\u00famero de desempat.<\/strong><\/td>\n<\/tr>\n<tr style=\"height: 32px;\">\n<td style=\"width: 20.1666%; border-color: #ffffff; background-color: #ffffff; height: 32px;\"><strong><span style=\"color: #ff6600;\">12 de juny<\/span><\/strong><\/td>\n<td style=\"width: 79.8334%; border-color: #ffffff; background-color: #ffffff; height: 32px;\">Publicaci\u00f3 de llistes ordenades definitives<\/td>\n<\/tr>\n<tr style=\"height: 32px;\">\n<td style=\"width: 20.1666%; border-color: #ffffff; background-color: #ffffff; height: 32px;\"><strong><span style=\"color: #ff6600;\">26 de juny<\/span><\/strong><\/td>\n<td style=\"width: 79.8334%; border-color: #ffffff; background-color: #ffffff; height: 32px;\">Oferta final de places<\/td>\n<\/tr>\n<tr style=\"height: 32px;\">\n<td style=\"width: 20.1666%; border-color: #ffffff; background-color: #ffffff; height: 32px;\"><strong><span style=\"color: #ff6600;\">26 de juny<\/span><\/strong><\/td>\n<td style=\"width: 79.8334%; border-color: #ffffff; background-color: #ffffff; height: 32px;\">Llista d&#8217;alumnes admesos, llista d&#8217;exclosos i si s&#8217;escau, llista d&#8217;espera<\/td>\n<\/tr>\n<\/tbody>\n<\/table>\n<hr class=\"wp-block-separator has-text-color has-cyan-bluish-gray-color has-alpha-channel-opacity has-cyan-bluish-gray-background-color has-background is-style-default\" \/>\n<p><strong><span style=\"font-size: 14pt;\">MATR\u00cdCULA<\/span><\/strong><\/p>\n<table style=\"border-collapse: collapse; width: 100%; height: 42px;\">\n<tbody>\n<tr style=\"height: 42px;\">\n<td style=\"width: 20.3837%; border-color: #ffffff; background-color: #ffffff; height: 42px;\"><strong><span style=\"color: #ff6600;\">Del 29 de juny al 3 de juliol<\/span><\/strong><\/td>\n<td style=\"width: 79.6163%; border-color: #ffffff; background-color: #ffffff; height: 42px;\">\n<p data-pm-slice=\"1 1 []\">Les fam\u00edlies admeses<strong> rebreu un correu electr\u00f2nic<\/strong> amb informaci\u00f3 detallada per a formalitzar la matr\u00edcula.<\/p>\n<p><span style=\"color: #ffffff;\">El tr\u00e0mit es podr\u00e0 realitzar presencialment a la secretaria del centre dins del per\u00edode establert <strong>entre les 9:00h i les 14:00h<\/strong>.<\/span><\/p>\n<p><span style=\"color: #ffffff;\"><strong>No<\/strong> s&#8217;acceptaran peticions amb la <strong>documentaci\u00f3 incompleta<\/strong> o<strong> fora de termini<\/strong>.<\/span><\/p>\n<p><span style=\"color: #ffffff;\"><strong>Podeu consultar les despeses aproximades que es vinculen amb cada nivell de FPB aqu\u00ed.<\/strong><\/span><\/td>\n<\/tr>\n<\/tbody>\n<\/table>\n<p>&nbsp;<\/p>\n","protected":false},"excerpt":{"rendered":"<p>JORNADA DE PORTES OBERTES El dimecres 8 d&#8217;abril a les 16:30h es far\u00e0 la Jornada de Portes Obertes de Cicles Formatius. Coneix el cicle formatiu de grau b\u00e0sic de Fabricaci\u00f3 i Muntatge que oferim al centre &nbsp; PREINSCRIPCI\u00d3 Podeu consultar tota la informaci\u00f3 en relaci\u00f3 a la preinscripci\u00f3 2026\/2027\u00a0a la plana web del Departament d&#8217;Educaci\u00f3 [&hellip;]<\/p>\n","protected":false},"author":41,"featured_media":0,"parent":20092,"menu_order":2,"comment_status":"closed","ping_status":"closed","template":"","meta":{"_bbp_topic_count":0,"_bbp_reply_count":0,"_bbp_total_topic_count":0,"_bbp_total_reply_count":0,"_bbp_voice_count":0,"_bbp_anonymous_reply_count":0,"_bbp_topic_count_hidden":0,"_bbp_reply_count_hidden":0,"_bbp_forum_subforum_count":0,"site-sidebar-layout":"default","site-content-layout":"","ast-site-content-layout":"default","site-content-style":"default","site-sidebar-style":"default","ast-global-header-display":"","ast-banner-title-visibility":"","ast-main-header-display":"","ast-hfb-above-header-display":"","ast-hfb-below-header-display":"","ast-hfb-mobile-header-display":"","site-post-title":"","ast-breadcrumbs-content":"","ast-featured-img":"","footer-sml-layout":"","theme-transparent-header-meta":"default","adv-header-id-meta":"","stick-header-meta":"","header-above-stick-meta":"","header-main-stick-meta":"","header-below-stick-meta":"","astra-migrate-meta-layouts":"set","ast-page-background-enabled":"default","ast-page-background-meta":{"desktop":{"background-color":"var(--ast-global-color-4)","background-image":"","background-repeat":"repeat","background-position":"center center","background-size":"auto","background-attachment":"scroll","background-type":"","background-media":"","overlay-type":"","overlay-color":"","overlay-opacity":"","overlay-gradient":""},"tablet":{"background-color":"","background-image":"","background-repeat":"repeat","background-position":"center center","background-size":"auto","background-attachment":"scroll","background-type":"","background-media":"","overlay-type":"","overlay-color":"","overlay-opacity":"","overlay-gradient":""},"mobile":{"background-color":"","background-image":"","background-repeat":"repeat","background-position":"center center","background-size":"auto","background-attachment":"scroll","background-type":"","background-media":"","overlay-type":"","overlay-color":"","overlay-opacity":"","overlay-gradient":""}},"ast-content-background-meta":{"desktop":{"background-color":"var(--ast-global-color-5)","background-image":"","background-repeat":"repeat","background-position":"center center","background-size":"auto","background-attachment":"scroll","background-type":"","background-media":"","overlay-type":"","overlay-color":"","overlay-opacity":"","overlay-gradient":""},"tablet":{"background-color":"var(--ast-global-color-5)","background-image":"","background-repeat":"repeat","background-position":"center center","background-size":"auto","background-attachment":"scroll","background-type":"","background-media":"","overlay-type":"","overlay-color":"","overlay-opacity":"","overlay-gradient":""},"mobile":{"background-color":"var(--ast-global-color-5)","background-image":"","background-repeat":"repeat","background-position":"center center","background-size":"auto","background-attachment":"scroll","background-type":"","background-media":"","overlay-type":"","overlay-color":"","overlay-opacity":"","overlay-gradient":""}},"footnotes":""},"class_list":["post-19581","page","type-page","status-publish","hentry"],"post_mailing_queue_ids":[],"_links":{"self":[{"href":"https:\/\/agora.xtec.cat\/insandreunin\/wp-json\/wp\/v2\/pages\/19581","targetHints":{"allow":["GET"]}}],"collection":[{"href":"https:\/\/agora.xtec.cat\/insandreunin\/wp-json\/wp\/v2\/pages"}],"about":[{"href":"https:\/\/agora.xtec.cat\/insandreunin\/wp-json\/wp\/v2\/types\/page"}],"author":[{"embeddable":true,"href":"https:\/\/agora.xtec.cat\/insandreunin\/wp-json\/wp\/v2\/users\/41"}],"replies":[{"embeddable":true,"href":"https:\/\/agora.xtec.cat\/insandreunin\/wp-json\/wp\/v2\/comments?post=19581"}],"version-history":[{"count":9,"href":"https:\/\/agora.xtec.cat\/insandreunin\/wp-json\/wp\/v2\/pages\/19581\/revisions"}],"predecessor-version":[{"id":24523,"href":"https:\/\/agora.xtec.cat\/insandreunin\/wp-json\/wp\/v2\/pages\/19581\/revisions\/24523"}],"up":[{"embeddable":true,"href":"https:\/\/agora.xtec.cat\/insandreunin\/wp-json\/wp\/v2\/pages\/20092"}],"wp:attachment":[{"href":"https:\/\/agora.xtec.cat\/insandreunin\/wp-json\/wp\/v2\/media?parent=19581"}],"curies":[{"name":"wp","href":"https:\/\/api.w.org\/{rel}","templated":true}]}}