{"id":19340,"date":"2022-04-19T13:56:01","date_gmt":"2022-04-19T11:56:01","guid":{"rendered":"https:\/\/agora.xtec.cat\/insandreunin\/?page_id=19340"},"modified":"2025-04-22T10:30:15","modified_gmt":"2025-04-22T08:30:15","slug":"cursos-despecialitzacio","status":"publish","type":"page","link":"https:\/\/agora.xtec.cat\/insandreunin\/estudis-que-oferim\/cursos-despecialitzacio\/","title":{"rendered":"CURSOS D&#8217;ESPECIALITZACI\u00d3"},"content":{"rendered":"<p style=\"text-align: left;\">\n<p style=\"text-align: left;\"><em><span style=\"text-decoration: underline; color: #ff6600;\"><strong>Inspecci\u00f3 T\u00e8cnica i Peritatge de Sinistres <\/strong><\/span><\/em><span style=\"color: #ff0000;\"><strong>&#8211; NOVETAT 25\/26 <\/strong><a href=\"https:\/\/drive.google.com\/file\/d\/17NAMbSGZwVIFPIjd5_VAqfiWZRvw8DDf\/view?usp=sharing\"><span style=\"color: #000000;\">&#8211; (Descarrega fullet\u00f3)<\/span><\/a><\/span><\/p>\n<p style=\"text-align: left;\"><em><span style=\"text-decoration: underline; color: #ff6600;\"><strong>Manteniment de vehicles h\u00edbrids i el\u00e8ctrics<\/strong><\/span><\/em> &#8211;<a href=\"https:\/\/drive.google.com\/file\/d\/1s3ugHia1jY6h2WS2E_l2cR1daVWDddWs\/view?usp=sharing\"><span style=\"color: #000000;\"> (Descarrega fullet\u00f3)<\/span><\/a><\/p>\n<p>&nbsp;<\/p>\n<p>&nbsp;<\/p>\n<p>&nbsp;<\/p>\n","protected":false},"excerpt":{"rendered":"<p>Inspecci\u00f3 T\u00e8cnica i Peritatge de Sinistres &#8211; NOVETAT 25\/26 &#8211; (Descarrega fullet\u00f3) Manteniment de vehicles h\u00edbrids i el\u00e8ctrics &#8211; (Descarrega fullet\u00f3) &nbsp; &nbsp; &nbsp;<\/p>\n","protected":false},"author":20,"featured_media":0,"parent":451,"menu_order":0,"comment_status":"closed","ping_status":"closed","template":"page-templates\/side-menu.php","meta":{"_bbp_topic_count":0,"_bbp_reply_count":0,"_bbp_total_topic_count":0,"_bbp_total_reply_count":0,"_bbp_voice_count":0,"_bbp_anonymous_reply_count":0,"_bbp_topic_count_hidden":0,"_bbp_reply_count_hidden":0,"_bbp_forum_subforum_count":0,"site-sidebar-layout":"default","site-content-layout":"","ast-site-content-layout":"","site-content-style":"default","site-sidebar-style":"default","ast-global-header-display":"","ast-banner-title-visibility":"","ast-main-header-display":"","ast-hfb-above-header-display":"","ast-hfb-below-header-display":"","ast-hfb-mobile-header-display":"","site-post-title":"","ast-breadcrumbs-content":"","ast-featured-img":"","footer-sml-layout":"","theme-transparent-header-meta":"","adv-header-id-meta":"","stick-header-meta":"","header-above-stick-meta":"","header-main-stick-meta":"","header-below-stick-meta":"","astra-migrate-meta-layouts":"default","ast-page-background-enabled":"default","ast-page-background-meta":{"desktop":{"background-color":"var(--ast-global-color-4)","background-image":"","background-repeat":"repeat","background-position":"center center","background-size":"auto","background-attachment":"scroll","background-type":"","background-media":"","overlay-type":"","overlay-color":"","overlay-opacity":"","overlay-gradient":""},"tablet":{"background-color":"","background-image":"","background-repeat":"repeat","background-position":"center center","background-size":"auto","background-attachment":"scroll","background-type":"","background-media":"","overlay-type":"","overlay-color":"","overlay-opacity":"","overlay-gradient":""},"mobile":{"background-color":"","background-image":"","background-repeat":"repeat","background-position":"center center","background-size":"auto","background-attachment":"scroll","background-type":"","background-media":"","overlay-type":"","overlay-color":"","overlay-opacity":"","overlay-gradient":""}},"ast-content-background-meta":{"desktop":{"background-color":"var(--ast-global-color-5)","background-image":"","background-repeat":"repeat","background-position":"center center","background-size":"auto","background-attachment":"scroll","background-type":"","background-media":"","overlay-type":"","overlay-color":"","overlay-opacity":"","overlay-gradient":""},"tablet":{"background-color":"var(--ast-global-color-5)","background-image":"","background-repeat":"repeat","background-position":"center center","background-size":"auto","background-attachment":"scroll","background-type":"","background-media":"","overlay-type":"","overlay-color":"","overlay-opacity":"","overlay-gradient":""},"mobile":{"background-color":"var(--ast-global-color-5)","background-image":"","background-repeat":"repeat","background-position":"center center","background-size":"auto","background-attachment":"scroll","background-type":"","background-media":"","overlay-type":"","overlay-color":"","overlay-opacity":"","overlay-gradient":""}},"footnotes":""},"class_list":["post-19340","page","type-page","status-publish","hentry"],"post_mailing_queue_ids":[],"_links":{"self":[{"href":"https:\/\/agora.xtec.cat\/insandreunin\/wp-json\/wp\/v2\/pages\/19340","targetHints":{"allow":["GET"]}}],"collection":[{"href":"https:\/\/agora.xtec.cat\/insandreunin\/wp-json\/wp\/v2\/pages"}],"about":[{"href":"https:\/\/agora.xtec.cat\/insandreunin\/wp-json\/wp\/v2\/types\/page"}],"author":[{"embeddable":true,"href":"https:\/\/agora.xtec.cat\/insandreunin\/wp-json\/wp\/v2\/users\/20"}],"replies":[{"embeddable":true,"href":"https:\/\/agora.xtec.cat\/insandreunin\/wp-json\/wp\/v2\/comments?post=19340"}],"version-history":[{"count":6,"href":"https:\/\/agora.xtec.cat\/insandreunin\/wp-json\/wp\/v2\/pages\/19340\/revisions"}],"predecessor-version":[{"id":23312,"href":"https:\/\/agora.xtec.cat\/insandreunin\/wp-json\/wp\/v2\/pages\/19340\/revisions\/23312"}],"up":[{"embeddable":true,"href":"https:\/\/agora.xtec.cat\/insandreunin\/wp-json\/wp\/v2\/pages\/451"}],"wp:attachment":[{"href":"https:\/\/agora.xtec.cat\/insandreunin\/wp-json\/wp\/v2\/media?parent=19340"}],"curies":[{"name":"wp","href":"https:\/\/api.w.org\/{rel}","templated":true}]}}