{"id":19337,"date":"2022-04-19T13:53:13","date_gmt":"2022-04-19T11:53:13","guid":{"rendered":"https:\/\/agora.xtec.cat\/insandreunin\/?page_id=19337"},"modified":"2026-03-28T13:45:09","modified_gmt":"2026-03-28T12:45:09","slug":"fp-basica","status":"publish","type":"page","link":"https:\/\/agora.xtec.cat\/insandreunin\/estudis-que-oferim\/fp-basica\/","title":{"rendered":"FP GRAU B\u00c0SIC"},"content":{"rendered":"<p><span style=\"color: #ff6600;\"><strong>\u00a0FP GRAU B\u00c0SIC<\/strong><strong>\u00a0CFGB FABRICACI\u00d3 I MUNTATGE<\/strong><\/span><\/p>\n<p><a href=\"https:\/\/drive.google.com\/file\/d\/1rS9CFK3luw1wIUhfVicVnRXnCGK5z7K_\/view?usp=sharing\">CONSULTEU LA FITXA DEL <strong><em>CFGB FABRICACI\u00d3 I MUNTATGE<\/em><\/strong> EN AQUEST ENLLA\u00c7<\/a><\/p>\n<p>Podeu obtenir m\u00e9s informaci\u00f3 general dels cicles formatius de grau b\u00e0sic en aquest <a href=\"https:\/\/triaeducativa.gencat.cat\/ca\/fp\/grau-basic\/\" target=\"_blank\" rel=\"noopener\" data-saferedirecturl=\"https:\/\/www.google.com\/url?q=https:\/\/triaeducativa.gencat.cat\/ca\/fp\/grau-basic\/&amp;source=gmail&amp;ust=1679571433154000&amp;usg=AOvVaw1ujTNmrNuGTm8pnjtxr7OM\">enlla\u00e7<\/a><\/p>\n","protected":false},"excerpt":{"rendered":"<p>\u00a0FP GRAU B\u00c0SIC\u00a0CFGB FABRICACI\u00d3 I MUNTATGE CONSULTEU LA FITXA DEL CFGB FABRICACI\u00d3 I MUNTATGE EN AQUEST ENLLA\u00c7 Podeu obtenir m\u00e9s informaci\u00f3 general dels cicles formatius de grau b\u00e0sic en aquest enlla\u00e7<\/p>\n","protected":false},"author":20,"featured_media":0,"parent":451,"menu_order":0,"comment_status":"closed","ping_status":"closed","template":"","meta":{"_bbp_topic_count":0,"_bbp_reply_count":0,"_bbp_total_topic_count":0,"_bbp_total_reply_count":0,"_bbp_voice_count":0,"_bbp_anonymous_reply_count":0,"_bbp_topic_count_hidden":0,"_bbp_reply_count_hidden":0,"_bbp_forum_subforum_count":0,"site-sidebar-layout":"default","site-content-layout":"","ast-site-content-layout":"default","site-content-style":"default","site-sidebar-style":"default","ast-global-header-display":"","ast-banner-title-visibility":"","ast-main-header-display":"","ast-hfb-above-header-display":"","ast-hfb-below-header-display":"","ast-hfb-mobile-header-display":"","site-post-title":"","ast-breadcrumbs-content":"","ast-featured-img":"","footer-sml-layout":"","theme-transparent-header-meta":"default","adv-header-id-meta":"","stick-header-meta":"","header-above-stick-meta":"","header-main-stick-meta":"","header-below-stick-meta":"","astra-migrate-meta-layouts":"set","ast-page-background-enabled":"default","ast-page-background-meta":{"desktop":{"background-color":"var(--ast-global-color-4)","background-image":"","background-repeat":"repeat","background-position":"center center","background-size":"auto","background-attachment":"scroll","background-type":"","background-media":"","overlay-type":"","overlay-color":"","overlay-opacity":"","overlay-gradient":""},"tablet":{"background-color":"","background-image":"","background-repeat":"repeat","background-position":"center center","background-size":"auto","background-attachment":"scroll","background-type":"","background-media":"","overlay-type":"","overlay-color":"","overlay-opacity":"","overlay-gradient":""},"mobile":{"background-color":"","background-image":"","background-repeat":"repeat","background-position":"center center","background-size":"auto","background-attachment":"scroll","background-type":"","background-media":"","overlay-type":"","overlay-color":"","overlay-opacity":"","overlay-gradient":""}},"ast-content-background-meta":{"desktop":{"background-color":"var(--ast-global-color-5)","background-image":"","background-repeat":"repeat","background-position":"center center","background-size":"auto","background-attachment":"scroll","background-type":"","background-media":"","overlay-type":"","overlay-color":"","overlay-opacity":"","overlay-gradient":""},"tablet":{"background-color":"var(--ast-global-color-5)","background-image":"","background-repeat":"repeat","background-position":"center center","background-size":"auto","background-attachment":"scroll","background-type":"","background-media":"","overlay-type":"","overlay-color":"","overlay-opacity":"","overlay-gradient":""},"mobile":{"background-color":"var(--ast-global-color-5)","background-image":"","background-repeat":"repeat","background-position":"center center","background-size":"auto","background-attachment":"scroll","background-type":"","background-media":"","overlay-type":"","overlay-color":"","overlay-opacity":"","overlay-gradient":""}},"footnotes":""},"class_list":["post-19337","page","type-page","status-publish","hentry"],"post_mailing_queue_ids":[],"_links":{"self":[{"href":"https:\/\/agora.xtec.cat\/insandreunin\/wp-json\/wp\/v2\/pages\/19337","targetHints":{"allow":["GET"]}}],"collection":[{"href":"https:\/\/agora.xtec.cat\/insandreunin\/wp-json\/wp\/v2\/pages"}],"about":[{"href":"https:\/\/agora.xtec.cat\/insandreunin\/wp-json\/wp\/v2\/types\/page"}],"author":[{"embeddable":true,"href":"https:\/\/agora.xtec.cat\/insandreunin\/wp-json\/wp\/v2\/users\/20"}],"replies":[{"embeddable":true,"href":"https:\/\/agora.xtec.cat\/insandreunin\/wp-json\/wp\/v2\/comments?post=19337"}],"version-history":[{"count":8,"href":"https:\/\/agora.xtec.cat\/insandreunin\/wp-json\/wp\/v2\/pages\/19337\/revisions"}],"predecessor-version":[{"id":24520,"href":"https:\/\/agora.xtec.cat\/insandreunin\/wp-json\/wp\/v2\/pages\/19337\/revisions\/24520"}],"up":[{"embeddable":true,"href":"https:\/\/agora.xtec.cat\/insandreunin\/wp-json\/wp\/v2\/pages\/451"}],"wp:attachment":[{"href":"https:\/\/agora.xtec.cat\/insandreunin\/wp-json\/wp\/v2\/media?parent=19337"}],"curies":[{"name":"wp","href":"https:\/\/api.w.org\/{rel}","templated":true}]}}