{"id":18638,"date":"2021-12-22T11:29:06","date_gmt":"2021-12-22T10:29:06","guid":{"rendered":"https:\/\/agora.xtec.cat\/insandreunin\/?page_id=18638"},"modified":"2026-02-04T09:57:42","modified_gmt":"2026-02-04T08:57:42","slug":"proves-obtencio-titols","status":"publish","type":"page","link":"https:\/\/agora.xtec.cat\/insandreunin\/secretaria\/proves-obtencio-titols\/","title":{"rendered":"PROVES D&#8217;OBTENCI\u00d3 DE T\u00cdTOL"},"content":{"rendered":"<p><span style=\"font-size: 14pt;\"><strong>Proves per l&#8217;obtenci\u00f3 del t\u00edtol de T\u00e8cnic\/a Superior en Educaci\u00f3 Infantil (Convocat\u00f2ria 2025)<\/strong><\/span><\/p>\n<ul>\n<li>Teniu tota la informaci\u00f3 (calendaris, normativa, etc) a la web del Departament d&#8217;Educaci\u00f3: <a href=\"https:\/\/triaeducativa.gencat.cat\/ca\/proves\/proves-lliures\/fp\/calendari\/\" target=\"_blank\" rel=\"noopener\">enlla\u00e7<\/a><\/li>\n<li>Continguts, caracter\u00edstiques i criteris de superaci\u00f3 de les proves: <a href=\"https:\/\/educacio.gencat.cat\/web\/.content\/home\/serveis-tramits\/proves\/proves-lliures-obtencio-titols\/obtencio-titols-fp\/continguts-proves\/contingut-infantil.pdf\" target=\"_blank\" rel=\"noopener\">enlla\u00e7<\/a><\/li>\n<\/ul>\n<p>Us informem que ja s&#8217;ha publicat la llista d\u2019 admesos\/exclosos definitiva. Els aspirants poden fer la consulta a la p\u00e0gina web de les proves dins l\u2019aparat de \u201cconsulta de resultats\u201d.<\/p>\n<p><a href=\"https:\/\/triaeducativa.gencat.cat\/ca\/proves\/proves-lliures\/fp\/resultats\/\" target=\"_blank\" rel=\"noopener\">https:\/\/triaeducativa.gencat.cat\/ca\/proves\/proves-lliures\/fp\/resultats\/<\/a><\/p>\n<hr \/>\n<p><strong>El calendari de les proves \u00e9s el seg\u00fcent:<\/strong><\/p>\n<ul>\n<li>Proves t\u00e8cniques: veure <strong><a href=\"https:\/\/drive.google.com\/file\/d\/1oYvm56SqGTzXBtEqOGeMa-wyYJ4Ybs_f\/view?usp=sharing\" target=\"_blank\" rel=\"noopener\">document adjunt<\/a><\/strong>.<\/li>\n<li>Proves \u00faniques: veure <a href=\"https:\/\/drive.google.com\/file\/d\/1uYzjo-6P5qLuObVgokXyRgeRvnCXIf1y\/view?usp=sharing\" target=\"_blank\" rel=\"noopener\"><strong>document adjunt<\/strong><\/a>.<\/li>\n<li>Proves pr\u00e0ctiques: veure <a href=\"https:\/\/drive.google.com\/file\/d\/1MD2eC5VV6bB5ITioD6MHwSbMY0pJyAln\/view?usp=sharing\" target=\"_blank\" rel=\"noopener\"><strong>document adjunt<\/strong><\/a>.<\/li>\n<li>M\u00f2dul de Projecte d&#8217;atenci\u00f3 a la infantesa (pendent de la superaci\u00f3 de tots els m\u00f2duls del cicle)<\/li>\n<\/ul>\n<p>Tamb\u00e9 pots accedir al calendari de les proves a trav\u00e9s de la web del Departament d&#8217;Educaci\u00f3 i Formaci\u00f3 Professional:<\/p>\n<p><a href=\"https:\/\/triaeducativa.gencat.cat\/ca\/proves\/proves-lliures\/fp\/calendari\/\" target=\"_blank\" rel=\"noopener\">https:\/\/educacio.gencat.cat\/ca\/serveis-tramits\/proves\/proves-lliures-obtencio-titols\/obtencio-titols-fp\/calendari\/<\/a><\/p>\n","protected":false},"excerpt":{"rendered":"<p>Proves per l&#8217;obtenci\u00f3 del t\u00edtol de T\u00e8cnic\/a Superior en Educaci\u00f3 Infantil (Convocat\u00f2ria 2025) Teniu tota la informaci\u00f3 (calendaris, normativa, etc) a la web del Departament d&#8217;Educaci\u00f3: enlla\u00e7 Continguts, caracter\u00edstiques i criteris de superaci\u00f3 de les proves: enlla\u00e7 Us informem que ja s&#8217;ha publicat la llista d\u2019 admesos\/exclosos definitiva. Els aspirants poden fer la consulta a [&hellip;]<\/p>\n","protected":false},"author":1,"featured_media":0,"parent":81,"menu_order":2,"comment_status":"closed","ping_status":"closed","template":"","meta":{"_bbp_topic_count":0,"_bbp_reply_count":0,"_bbp_total_topic_count":0,"_bbp_total_reply_count":0,"_bbp_voice_count":0,"_bbp_anonymous_reply_count":0,"_bbp_topic_count_hidden":0,"_bbp_reply_count_hidden":0,"_bbp_forum_subforum_count":0,"site-sidebar-layout":"default","site-content-layout":"","ast-site-content-layout":"default","site-content-style":"default","site-sidebar-style":"default","ast-global-header-display":"","ast-banner-title-visibility":"","ast-main-header-display":"","ast-hfb-above-header-display":"","ast-hfb-below-header-display":"","ast-hfb-mobile-header-display":"","site-post-title":"","ast-breadcrumbs-content":"","ast-featured-img":"","footer-sml-layout":"","theme-transparent-header-meta":"default","adv-header-id-meta":"","stick-header-meta":"","header-above-stick-meta":"","header-main-stick-meta":"","header-below-stick-meta":"","astra-migrate-meta-layouts":"set","ast-page-background-enabled":"default","ast-page-background-meta":{"desktop":{"background-color":"var(--ast-global-color-4)","background-image":"","background-repeat":"repeat","background-position":"center center","background-size":"auto","background-attachment":"scroll","background-type":"","background-media":"","overlay-type":"","overlay-color":"","overlay-opacity":"","overlay-gradient":""},"tablet":{"background-color":"","background-image":"","background-repeat":"repeat","background-position":"center center","background-size":"auto","background-attachment":"scroll","background-type":"","background-media":"","overlay-type":"","overlay-color":"","overlay-opacity":"","overlay-gradient":""},"mobile":{"background-color":"","background-image":"","background-repeat":"repeat","background-position":"center center","background-size":"auto","background-attachment":"scroll","background-type":"","background-media":"","overlay-type":"","overlay-color":"","overlay-opacity":"","overlay-gradient":""}},"ast-content-background-meta":{"desktop":{"background-color":"var(--ast-global-color-5)","background-image":"","background-repeat":"repeat","background-position":"center center","background-size":"auto","background-attachment":"scroll","background-type":"","background-media":"","overlay-type":"","overlay-color":"","overlay-opacity":"","overlay-gradient":""},"tablet":{"background-color":"var(--ast-global-color-5)","background-image":"","background-repeat":"repeat","background-position":"center center","background-size":"auto","background-attachment":"scroll","background-type":"","background-media":"","overlay-type":"","overlay-color":"","overlay-opacity":"","overlay-gradient":""},"mobile":{"background-color":"var(--ast-global-color-5)","background-image":"","background-repeat":"repeat","background-position":"center center","background-size":"auto","background-attachment":"scroll","background-type":"","background-media":"","overlay-type":"","overlay-color":"","overlay-opacity":"","overlay-gradient":""}},"footnotes":""},"class_list":["post-18638","page","type-page","status-publish","hentry"],"post_mailing_queue_ids":[],"_links":{"self":[{"href":"https:\/\/agora.xtec.cat\/insandreunin\/wp-json\/wp\/v2\/pages\/18638","targetHints":{"allow":["GET"]}}],"collection":[{"href":"https:\/\/agora.xtec.cat\/insandreunin\/wp-json\/wp\/v2\/pages"}],"about":[{"href":"https:\/\/agora.xtec.cat\/insandreunin\/wp-json\/wp\/v2\/types\/page"}],"author":[{"embeddable":true,"href":"https:\/\/agora.xtec.cat\/insandreunin\/wp-json\/wp\/v2\/users\/1"}],"replies":[{"embeddable":true,"href":"https:\/\/agora.xtec.cat\/insandreunin\/wp-json\/wp\/v2\/comments?post=18638"}],"version-history":[{"count":8,"href":"https:\/\/agora.xtec.cat\/insandreunin\/wp-json\/wp\/v2\/pages\/18638\/revisions"}],"predecessor-version":[{"id":24351,"href":"https:\/\/agora.xtec.cat\/insandreunin\/wp-json\/wp\/v2\/pages\/18638\/revisions\/24351"}],"up":[{"embeddable":true,"href":"https:\/\/agora.xtec.cat\/insandreunin\/wp-json\/wp\/v2\/pages\/81"}],"wp:attachment":[{"href":"https:\/\/agora.xtec.cat\/insandreunin\/wp-json\/wp\/v2\/media?parent=18638"}],"curies":[{"name":"wp","href":"https:\/\/api.w.org\/{rel}","templated":true}]}}