{"id":17429,"date":"2021-05-05T11:07:54","date_gmt":"2021-05-05T09:07:54","guid":{"rendered":"http:\/\/agora.xtec.cat\/insandreunin\/?page_id=17429"},"modified":"2022-09-21T11:13:15","modified_gmt":"2022-09-21T09:13:15","slug":"llistats-preinscripcio-gm","status":"publish","type":"page","link":"https:\/\/agora.xtec.cat\/insandreunin\/secretaria\/preinscripcio-matricula\/cfgm\/llistats-preinscripcio-gm\/","title":{"rendered":"LLISTATS PREINSCRIPCI\u00d3 GM"},"content":{"rendered":"<ol>\n<li><a href=\"https:\/\/agora.xtec.cat\/insandreunin\/wp-content\/uploads\/usu1005\/2022\/05\/Llistat-provisional-dadmesos-i-exclosos-6-5-22.pdf\">LLISTA D&#8217;ADMESOS I EXCLOSOS PROVISIONAL 6-5-22<\/a><\/li>\n<li><a href=\"https:\/\/agora.xtec.cat\/insandreunin\/wp-content\/uploads\/usu1005\/2022\/05\/Llista-definitiva-dadmesos-i-exclosos-16-5-22.pdf\">LLISTA D&#8217;ADMESOS I EXCLOSOS DEFINITIVA<\/a><\/li>\n<li><a href=\"https:\/\/agora.xtec.cat\/insandreunin\/wp-content\/uploads\/usu1005\/2022\/06\/Llista-de-sollicituds-alumnat-de-continuitat-amb-puntuacio-provisional-09-06-23.pdf\">LLISTA DE SOL\u00b7LICITUDS ALUMNAT DE CONTINU\u00cfTAT AMB PUNTUACI\u00d3 PROVISIONAL 09\/06\/2022<\/a><\/li>\n<li><a href=\"https:\/\/agora.xtec.cat\/insandreunin\/wp-content\/uploads\/usu1005\/2022\/06\/Llista-sollicituds-resta-alumnat-amb-puntuacio-provisional-09-06-2022.pdf\">LLISTA SOL\u00b7LICITUDS RESTA ALUMNAT AMB PUNTUACI\u00d3 PROVISIONAL 09\/06\/2022<\/a><\/li>\n<li><a href=\"https:\/\/agora.xtec.cat\/insandreunin\/wp-content\/uploads\/usu1005\/2022\/06\/Nota-realitzacio-reclamacions-CFGM.docx\">NOTA REALITZACI\u00d3 RECLAMACIONS CFGM<\/a><\/li>\n<li><a href=\"https:\/\/agora.xtec.cat\/insandreunin\/wp-content\/uploads\/usu1005\/2022\/06\/Llista-sollicituds-resoltes-les-reclamacions-alumnes-de-continuitat-CFGM-22-06-22.pdf\">LLISTA DE SOL\u00b7LICITUDS ALUMNAT DE CONTINU\u00cfTAT RESOLTES LES RECLAMACIONS 28-06-2022<\/a><\/li>\n<li><a href=\"https:\/\/agora.xtec.cat\/insandreunin\/wp-content\/uploads\/usu1005\/2022\/06\/Llistat-CFGM-resta-alumnat-resoltes-les-reclamacions-22-06-2022.pdf\">LLISTA DE SOL\u00b7LICITUDS CFGM RESTA ALUMNAT RESOLTES LES RECLAMACIONS 28-06-2022<\/a><\/li>\n<li><a href=\"https:\/\/agora.xtec.cat\/insandreunin\/wp-content\/uploads\/usu1005\/2022\/07\/Llista-dadmesos-CFGM-continuitat-8-07-22.pdf\">LLISTA D&#8217;ADMESOS CFGM CONTINU\u00cfTAT 8-07-22<\/a><\/li>\n<li><a href=\"https:\/\/agora.xtec.cat\/insandreunin\/wp-content\/uploads\/usu1005\/2022\/07\/LLista-despera-CFGM-continuitat-8-07-22.pdf\">LLISTA D&#8217;ESPERA CFGM CONTINU\u00cfTAT 8-07-22<\/a><\/li>\n<li><a href=\"https:\/\/agora.xtec.cat\/insandreunin\/wp-content\/uploads\/usu1005\/2022\/07\/Llista-de-admesos-CFGM-resta-de-lalumnat-15-07-22.pdf\">LLISTA D&#8217;ADMESOS RESTA DE L&#8217;ALUMNAT<\/a><\/li>\n<li><a href=\"https:\/\/agora.xtec.cat\/insandreunin\/wp-content\/uploads\/usu1005\/2022\/07\/LLista-despera-CFGM-resta-dalumnat-15-07-22.pdf\">LLISTA D&#8217;ESPERA RESTA DE L&#8217;ALUMNAT\u00a0<\/a><\/li>\n<li><a href=\"https:\/\/agora.xtec.cat\/insandreunin\/wp-content\/uploads\/usu1005\/2022\/07\/20220720_GESTIO-PLACES-VACANTS.pdf\">GESTI\u00d3 DE LES PLACES VACANTS ALS CFGM AMB LA LLISTA D\u2019ESPERA<\/a><\/li>\n<li><a href=\"https:\/\/agora.xtec.cat\/insandreunin\/wp-content\/uploads\/usu1005\/2022\/07\/20220722_GESTIO-PLACES-VACANTS.pdf\">ACTE P\u00daBLIC D&#8217;ASSIGNACI\u00d3 DE PLACES VACANTS<\/a><\/li>\n<li><a href=\"https:\/\/agora.xtec.cat\/insandreunin\/wp-content\/uploads\/usu1005\/2022\/09\/20220921_Llistat-preinscripcio-en-segona-volta-Alumnat-de-continuitat.pdf\">LLISTA DE PREINSCRIPCI\u00d3 CFGM CONTINU\u00cfTAT (SEGONA FASE D&#8217;ADMISSI\u00d3)<\/a><\/li>\n<li><a href=\"https:\/\/agora.xtec.cat\/insandreunin\/wp-content\/uploads\/usu1005\/2022\/09\/20220921_Llistat-preinscripcio-en-segona-volta-Resta-de-lalumnat.pdf\">LLISTA DE PREINSCRIPCI\u00d3 CFGM RESTA DE L&#8217;ALUMNAT (SEGONA FASE D&#8217;ADMISSI\u00d3)<\/a><\/li>\n<li><a href=\"https:\/\/agora.xtec.cat\/insandreunin\/wp-content\/uploads\/usu1005\/2022\/09\/20220921_Llistat-damesos-en-segona-volta-Alumnat-de-continuitat.pdf\">LLISTA D&#8217;ADMESOS CFGM CONTINU\u00cfTAT (SEGONA FASE D&#8217;ADMISSI\u00d3)<\/a><\/li>\n<li><a href=\"https:\/\/agora.xtec.cat\/insandreunin\/wp-content\/uploads\/usu1005\/2022\/09\/20220921_Llistat-damesos-en-segona-volta-Resta-de-lalumnat.pdf\">LLISTA D&#8217;ADMESOS CFGM RESTA DE L&#8217;ALUMNAT (SEGONA FASE D&#8217;ADMISSI\u00d3)<\/a><\/li>\n<\/ol>\n","protected":false},"excerpt":{"rendered":"<p>LLISTA D&#8217;ADMESOS I EXCLOSOS PROVISIONAL 6-5-22 LLISTA D&#8217;ADMESOS I EXCLOSOS DEFINITIVA LLISTA DE SOL\u00b7LICITUDS ALUMNAT DE CONTINU\u00cfTAT AMB PUNTUACI\u00d3 PROVISIONAL 09\/06\/2022 LLISTA SOL\u00b7LICITUDS RESTA ALUMNAT AMB PUNTUACI\u00d3 PROVISIONAL 09\/06\/2022 NOTA REALITZACI\u00d3 RECLAMACIONS CFGM LLISTA DE SOL\u00b7LICITUDS ALUMNAT DE CONTINU\u00cfTAT RESOLTES LES RECLAMACIONS 28-06-2022 LLISTA DE SOL\u00b7LICITUDS CFGM RESTA ALUMNAT RESOLTES LES RECLAMACIONS 28-06-2022 LLISTA D&#8217;ADMESOS [&hellip;]<\/p>\n","protected":false},"author":25,"featured_media":0,"parent":16537,"menu_order":2,"comment_status":"closed","ping_status":"closed","template":"","meta":{"_bbp_topic_count":0,"_bbp_reply_count":0,"_bbp_total_topic_count":0,"_bbp_total_reply_count":0,"_bbp_voice_count":0,"_bbp_anonymous_reply_count":0,"_bbp_topic_count_hidden":0,"_bbp_reply_count_hidden":0,"_bbp_forum_subforum_count":0,"site-sidebar-layout":"default","site-content-layout":"","ast-site-content-layout":"","site-content-style":"default","site-sidebar-style":"default","ast-global-header-display":"","ast-banner-title-visibility":"","ast-main-header-display":"","ast-hfb-above-header-display":"","ast-hfb-below-header-display":"","ast-hfb-mobile-header-display":"","site-post-title":"","ast-breadcrumbs-content":"","ast-featured-img":"","footer-sml-layout":"","theme-transparent-header-meta":"","adv-header-id-meta":"","stick-header-meta":"","header-above-stick-meta":"","header-main-stick-meta":"","header-below-stick-meta":"","astra-migrate-meta-layouts":"default","ast-page-background-enabled":"default","ast-page-background-meta":{"desktop":{"background-color":"var(--ast-global-color-4)","background-image":"","background-repeat":"repeat","background-position":"center center","background-size":"auto","background-attachment":"scroll","background-type":"","background-media":"","overlay-type":"","overlay-color":"","overlay-opacity":"","overlay-gradient":""},"tablet":{"background-color":"","background-image":"","background-repeat":"repeat","background-position":"center center","background-size":"auto","background-attachment":"scroll","background-type":"","background-media":"","overlay-type":"","overlay-color":"","overlay-opacity":"","overlay-gradient":""},"mobile":{"background-color":"","background-image":"","background-repeat":"repeat","background-position":"center center","background-size":"auto","background-attachment":"scroll","background-type":"","background-media":"","overlay-type":"","overlay-color":"","overlay-opacity":"","overlay-gradient":""}},"ast-content-background-meta":{"desktop":{"background-color":"var(--ast-global-color-5)","background-image":"","background-repeat":"repeat","background-position":"center center","background-size":"auto","background-attachment":"scroll","background-type":"","background-media":"","overlay-type":"","overlay-color":"","overlay-opacity":"","overlay-gradient":""},"tablet":{"background-color":"var(--ast-global-color-5)","background-image":"","background-repeat":"repeat","background-position":"center center","background-size":"auto","background-attachment":"scroll","background-type":"","background-media":"","overlay-type":"","overlay-color":"","overlay-opacity":"","overlay-gradient":""},"mobile":{"background-color":"var(--ast-global-color-5)","background-image":"","background-repeat":"repeat","background-position":"center center","background-size":"auto","background-attachment":"scroll","background-type":"","background-media":"","overlay-type":"","overlay-color":"","overlay-opacity":"","overlay-gradient":""}},"footnotes":""},"class_list":["post-17429","page","type-page","status-publish","hentry"],"post_mailing_queue_ids":[],"_links":{"self":[{"href":"https:\/\/agora.xtec.cat\/insandreunin\/wp-json\/wp\/v2\/pages\/17429","targetHints":{"allow":["GET"]}}],"collection":[{"href":"https:\/\/agora.xtec.cat\/insandreunin\/wp-json\/wp\/v2\/pages"}],"about":[{"href":"https:\/\/agora.xtec.cat\/insandreunin\/wp-json\/wp\/v2\/types\/page"}],"author":[{"embeddable":true,"href":"https:\/\/agora.xtec.cat\/insandreunin\/wp-json\/wp\/v2\/users\/25"}],"replies":[{"embeddable":true,"href":"https:\/\/agora.xtec.cat\/insandreunin\/wp-json\/wp\/v2\/comments?post=17429"}],"version-history":[{"count":4,"href":"https:\/\/agora.xtec.cat\/insandreunin\/wp-json\/wp\/v2\/pages\/17429\/revisions"}],"predecessor-version":[{"id":20008,"href":"https:\/\/agora.xtec.cat\/insandreunin\/wp-json\/wp\/v2\/pages\/17429\/revisions\/20008"}],"up":[{"embeddable":true,"href":"https:\/\/agora.xtec.cat\/insandreunin\/wp-json\/wp\/v2\/pages\/16537"}],"wp:attachment":[{"href":"https:\/\/agora.xtec.cat\/insandreunin\/wp-json\/wp\/v2\/media?parent=17429"}],"curies":[{"name":"wp","href":"https:\/\/api.w.org\/{rel}","templated":true}]}}