{"id":17228,"date":"2021-04-21T12:01:35","date_gmt":"2021-04-21T10:01:35","guid":{"rendered":"http:\/\/agora.xtec.cat\/insandreunin\/?page_id=17228"},"modified":"2025-04-27T23:06:59","modified_gmt":"2025-04-27T21:06:59","slug":"concurs-el-gust-per-la-lectura","status":"publish","type":"page","link":"https:\/\/agora.xtec.cat\/insandreunin\/concurs-el-gust-per-la-lectura\/","title":{"rendered":"Concurs &#8220;El gust per la lectura&#8221; 2025"},"content":{"rendered":"<p>Els alumnes de 2n de batxillerat de Llengua Catalana i Literatura participen en el XXX Concurs El gust per la lectura. Es tracta de crear una producci\u00f3 liter\u00e0ria o art\u00edstica que estigui rel<a href=\"https:\/\/agora.xtec.cat\/insandreunin\/wp-content\/uploads\/usu1005\/2025\/04\/coberta-coctel-de-contes.webp\"><img loading=\"lazy\" decoding=\"async\" class=\"wp-image-23339 alignright\" src=\"https:\/\/agora.xtec.cat\/insandreunin\/wp-content\/uploads\/usu1005\/2025\/04\/coberta-coctel-de-contes.webp\" alt=\"\" width=\"216\" height=\"288\" srcset=\"https:\/\/agora.xtec.cat\/insandreunin\/wp-content\/uploads\/usu1005\/2025\/04\/coberta-coctel-de-contes.webp 768w, https:\/\/agora.xtec.cat\/insandreunin\/wp-content\/uploads\/usu1005\/2025\/04\/coberta-coctel-de-contes-225x300.webp 225w\" sizes=\"auto, (max-width: 216px) 100vw, 216px\" \/><\/a>acionada amb la lectura proposada per a aquest curs; concretament, la selecci\u00f3 de contes de la literatura catalana <em>C\u00f2ctel de contes<\/em>, a cura d&#8217;Albert Planelles i Francesc Vernet.<\/p>\n<p>Per aprofundir en l&#8217;an\u00e0lisi i interpretaci\u00f3 dels diversos contes s&#8217;ha seguit la Guia did\u00e0ctica elaborada per Artur Garcia Fuster en la qual es proposa treballar els contes per temes (mort, amor i humor). D&#8217;aquesta manera, s&#8217;han establert les caracter\u00edstiques del g\u00e8nere literari i de l&#8217;autor o autora per elaborar diverses activitats de creaci\u00f3 liter\u00e0ria.<\/p>\n<p>Els alumnes es presenten en la categoria F, que est\u00e0 adre\u00e7ada a l&#8217;alumnat de batxillerat i d&#8217;educaci\u00f3 d&#8217;adults.\u00a0Aquests s\u00f3n els treballs, alguns dels quals es presenten al concurs:<\/p>\n<p><a href=\"https:\/\/drive.google.com\/file\/d\/1U8aU9Cn-f-xK57ooON8gkrKJdSyFK9i9\/view?usp=sharing\"><span style=\"font-weight: 400;\">Les cicatrius del silenci<\/span><\/a><\/p>\n<p><a href=\"https:\/\/drive.google.com\/file\/d\/1KPWw-xZGFeAru7E3Zy63GuYtznKfIsQq\/view?usp=sharing\">Estimat diari<\/a><\/p>\n<p><a href=\"https:\/\/drive.google.com\/file\/d\/1coKEKpJobwmGy7D_yYEB1vvABQlFPH8D\/view?usp=sharing\">El final &#8211; El comen\u00e7ament<\/a><\/p>\n<p><a style=\"color: #2795b6;\" href=\"https:\/\/drive.google.com\/file\/d\/1u2TRNWPVRmQs48u7jjhawBSX-KZPNeva\/view?usp=sharing\">Estimat transport p\u00fablic<\/a><\/p>\n<p><a href=\"https:\/\/drive.google.com\/file\/d\/1z3Bx85dCjzvlAl0lfyAUH6B2kxZxdWSw\/view?usp=sharing\">Crims<\/a><\/p>\n<p><a href=\"https:\/\/drive.google.com\/file\/d\/1ajTBfV4h-tn0BvCZzQObNCtoRblel9YO\/view?usp=sharing\">Natura<\/a><\/p>\n<p><a href=\"https:\/\/drive.google.com\/file\/d\/1vJtGsx57qcYb7EUg9Np_qJ5TxCv_kMJ0\/view?usp=sharing\">Amor daurat<img loading=\"lazy\" decoding=\"async\" class=\"wp-image-23336 alignright\" src=\"https:\/\/agora.xtec.cat\/insandreunin\/wp-content\/uploads\/usu1005\/2025\/04\/logo-2025.jpg\" alt=\"\" width=\"301\" height=\"271\" srcset=\"https:\/\/agora.xtec.cat\/insandreunin\/wp-content\/uploads\/usu1005\/2025\/04\/logo-2025.jpg 714w, https:\/\/agora.xtec.cat\/insandreunin\/wp-content\/uploads\/usu1005\/2025\/04\/logo-2025-300x270.jpg 300w\" sizes=\"auto, (max-width: 301px) 100vw, 301px\" \/><\/a><\/p>\n<p><a href=\"https:\/\/drive.google.com\/file\/d\/1OYdBcIHcL1LIxdnr4rOhbbNFpU72Sp-Y\/view?usp=sharing\">El guanyador<\/a><\/p>\n<p><a href=\"https:\/\/drive.google.com\/file\/d\/1vQQwrWF4tKF9LC7PjjCsmlCGzOKXC3cX\/view?usp=sharing\">El primer amor<\/a><\/p>\n<p><a href=\"https:\/\/drive.google.com\/file\/d\/1nl-vnFbFt0RushLU_bDtjIV2LMAszjss\/view?usp=sharing\">Germans<\/a><\/p>\n<p><a href=\"https:\/\/drive.google.com\/file\/d\/1uBSj6xxQoTCvb56W_mpLyzh8r8XslhHY\/view?usp=sharing\">Gr\u00e0cies i perd\u00f3<\/a><\/p>\n","protected":false},"excerpt":{"rendered":"<p>Els alumnes de 2n de batxillerat de Llengua Catalana i Literatura participen en el XXX Concurs El gust per la lectura. Es tracta de crear una producci\u00f3 liter\u00e0ria o art\u00edstica que estigui relacionada amb la lectura proposada per a aquest curs; concretament, la selecci\u00f3 de contes de la literatura catalana C\u00f2ctel de contes, a cura [&hellip;]<\/p>\n","protected":false},"author":1,"featured_media":0,"parent":0,"menu_order":0,"comment_status":"closed","ping_status":"closed","template":"","meta":{"_bbp_topic_count":0,"_bbp_reply_count":0,"_bbp_total_topic_count":0,"_bbp_total_reply_count":0,"_bbp_voice_count":0,"_bbp_anonymous_reply_count":0,"_bbp_topic_count_hidden":0,"_bbp_reply_count_hidden":0,"_bbp_forum_subforum_count":0,"site-sidebar-layout":"default","site-content-layout":"","ast-site-content-layout":"","site-content-style":"default","site-sidebar-style":"default","ast-global-header-display":"","ast-banner-title-visibility":"","ast-main-header-display":"","ast-hfb-above-header-display":"","ast-hfb-below-header-display":"","ast-hfb-mobile-header-display":"","site-post-title":"","ast-breadcrumbs-content":"","ast-featured-img":"","footer-sml-layout":"","theme-transparent-header-meta":"","adv-header-id-meta":"","stick-header-meta":"","header-above-stick-meta":"","header-main-stick-meta":"","header-below-stick-meta":"","astra-migrate-meta-layouts":"default","ast-page-background-enabled":"default","ast-page-background-meta":{"desktop":{"background-color":"var(--ast-global-color-4)","background-image":"","background-repeat":"repeat","background-position":"center center","background-size":"auto","background-attachment":"scroll","background-type":"","background-media":"","overlay-type":"","overlay-color":"","overlay-opacity":"","overlay-gradient":""},"tablet":{"background-color":"","background-image":"","background-repeat":"repeat","background-position":"center center","background-size":"auto","background-attachment":"scroll","background-type":"","background-media":"","overlay-type":"","overlay-color":"","overlay-opacity":"","overlay-gradient":""},"mobile":{"background-color":"","background-image":"","background-repeat":"repeat","background-position":"center center","background-size":"auto","background-attachment":"scroll","background-type":"","background-media":"","overlay-type":"","overlay-color":"","overlay-opacity":"","overlay-gradient":""}},"ast-content-background-meta":{"desktop":{"background-color":"var(--ast-global-color-5)","background-image":"","background-repeat":"repeat","background-position":"center center","background-size":"auto","background-attachment":"scroll","background-type":"","background-media":"","overlay-type":"","overlay-color":"","overlay-opacity":"","overlay-gradient":""},"tablet":{"background-color":"var(--ast-global-color-5)","background-image":"","background-repeat":"repeat","background-position":"center center","background-size":"auto","background-attachment":"scroll","background-type":"","background-media":"","overlay-type":"","overlay-color":"","overlay-opacity":"","overlay-gradient":""},"mobile":{"background-color":"var(--ast-global-color-5)","background-image":"","background-repeat":"repeat","background-position":"center center","background-size":"auto","background-attachment":"scroll","background-type":"","background-media":"","overlay-type":"","overlay-color":"","overlay-opacity":"","overlay-gradient":""}},"footnotes":""},"class_list":["post-17228","page","type-page","status-publish","hentry"],"post_mailing_queue_ids":[],"_links":{"self":[{"href":"https:\/\/agora.xtec.cat\/insandreunin\/wp-json\/wp\/v2\/pages\/17228","targetHints":{"allow":["GET"]}}],"collection":[{"href":"https:\/\/agora.xtec.cat\/insandreunin\/wp-json\/wp\/v2\/pages"}],"about":[{"href":"https:\/\/agora.xtec.cat\/insandreunin\/wp-json\/wp\/v2\/types\/page"}],"author":[{"embeddable":true,"href":"https:\/\/agora.xtec.cat\/insandreunin\/wp-json\/wp\/v2\/users\/1"}],"replies":[{"embeddable":true,"href":"https:\/\/agora.xtec.cat\/insandreunin\/wp-json\/wp\/v2\/comments?post=17228"}],"version-history":[{"count":6,"href":"https:\/\/agora.xtec.cat\/insandreunin\/wp-json\/wp\/v2\/pages\/17228\/revisions"}],"predecessor-version":[{"id":23351,"href":"https:\/\/agora.xtec.cat\/insandreunin\/wp-json\/wp\/v2\/pages\/17228\/revisions\/23351"}],"wp:attachment":[{"href":"https:\/\/agora.xtec.cat\/insandreunin\/wp-json\/wp\/v2\/media?parent=17228"}],"curies":[{"name":"wp","href":"https:\/\/api.w.org\/{rel}","templated":true}]}}