{"id":17114,"date":"2021-04-15T11:48:06","date_gmt":"2021-04-15T09:48:06","guid":{"rendered":"http:\/\/agora.xtec.cat\/insandreunin\/?page_id=17114"},"modified":"2024-04-30T09:46:12","modified_gmt":"2024-04-30T07:46:12","slug":"matricula","status":"publish","type":"page","link":"https:\/\/agora.xtec.cat\/insandreunin\/estudis-que-oferim\/pfi\/matricula\/","title":{"rendered":"MATR\u00cdCULA"},"content":{"rendered":"<p><strong>Matr\u00edcula curs 2024-2025<\/strong><\/p>\n<p>Per\u00edode de matr\u00edcula: <strong>del 2 al 8 de juliol de 2024<\/strong><\/p>\n<p>Lloc on formalitzar matricula: Secretaria Institut Andreu Nin <a tabindex=\"0\" href=\"https:\/\/www.google.com\/maps\/dir\/\/institut+andreu+nin+el+vendrell\/data=!4m6!4m5!1m1!4e2!1m2!1m1!1s0x12a38b26b321c9a5:0x491ad9e444a06a1e?sa=X&amp;ved=1t:3061&amp;ictx=111\" data-url=\"\/maps\/place\/\/data=!4m2!3m1!1s0x12a38b26b321c9a5:0x491ad9e444a06a1e?sa=X&amp;ved=2ahUKEwirvezTuOmFAxWoTaQEHdgbCa0Q4kB6BAgyEAA\" data-sb=\"\/url?sa=t&amp;source=web&amp;rct=j&amp;opi=89978449&amp;url=\/maps\/place\/\/data%3D!4m2!3m1!1s0x12a38b26b321c9a5:0x491ad9e444a06a1e%3Fsa%3DX%26ved%3D1t:8290%26ictx%3D111&amp;ved=2ahUKEwirvezTuOmFAxWoTaQEHdgbCa0Q4kB6BAg_EAM&amp;usg=AOvVaw1Ofmaa6CxDPFkSJ9O0_WlF\">Av. Salvador Palau Rabass\u00f3, 18, 43700 El Vendrell, Tarragona<\/a><\/p>\n<p><strong><u>Molt important: si la matr\u00edcula no es fa en el per\u00edode establert, es considera que es renuncia a la pla\u00e7a adjudicada, llevat que sigui per causes justificades.<\/u><\/strong><\/p>\n<h6><\/h6>\n","protected":false},"excerpt":{"rendered":"<p>Matr\u00edcula curs 2024-2025 Per\u00edode de matr\u00edcula: del 2 al 8 de juliol de 2024 Lloc on formalitzar matricula: Secretaria Institut Andreu Nin Av. Salvador Palau Rabass\u00f3, 18, 43700 El Vendrell, Tarragona Molt important: si la matr\u00edcula no es fa en el per\u00edode establert, es considera que es renuncia a la pla\u00e7a adjudicada, llevat que sigui [&hellip;]<\/p>\n","protected":false},"author":1,"featured_media":0,"parent":17069,"menu_order":0,"comment_status":"closed","ping_status":"closed","template":"","meta":{"_bbp_topic_count":0,"_bbp_reply_count":0,"_bbp_total_topic_count":0,"_bbp_total_reply_count":0,"_bbp_voice_count":0,"_bbp_anonymous_reply_count":0,"_bbp_topic_count_hidden":0,"_bbp_reply_count_hidden":0,"_bbp_forum_subforum_count":0,"site-sidebar-layout":"default","site-content-layout":"","ast-site-content-layout":"","site-content-style":"default","site-sidebar-style":"default","ast-global-header-display":"","ast-banner-title-visibility":"","ast-main-header-display":"","ast-hfb-above-header-display":"","ast-hfb-below-header-display":"","ast-hfb-mobile-header-display":"","site-post-title":"","ast-breadcrumbs-content":"","ast-featured-img":"","footer-sml-layout":"","theme-transparent-header-meta":"","adv-header-id-meta":"","stick-header-meta":"","header-above-stick-meta":"","header-main-stick-meta":"","header-below-stick-meta":"","astra-migrate-meta-layouts":"default","ast-page-background-enabled":"default","ast-page-background-meta":{"desktop":{"background-color":"var(--ast-global-color-4)","background-image":"","background-repeat":"repeat","background-position":"center center","background-size":"auto","background-attachment":"scroll","background-type":"","background-media":"","overlay-type":"","overlay-color":"","overlay-opacity":"","overlay-gradient":""},"tablet":{"background-color":"","background-image":"","background-repeat":"repeat","background-position":"center center","background-size":"auto","background-attachment":"scroll","background-type":"","background-media":"","overlay-type":"","overlay-color":"","overlay-opacity":"","overlay-gradient":""},"mobile":{"background-color":"","background-image":"","background-repeat":"repeat","background-position":"center center","background-size":"auto","background-attachment":"scroll","background-type":"","background-media":"","overlay-type":"","overlay-color":"","overlay-opacity":"","overlay-gradient":""}},"ast-content-background-meta":{"desktop":{"background-color":"var(--ast-global-color-5)","background-image":"","background-repeat":"repeat","background-position":"center center","background-size":"auto","background-attachment":"scroll","background-type":"","background-media":"","overlay-type":"","overlay-color":"","overlay-opacity":"","overlay-gradient":""},"tablet":{"background-color":"var(--ast-global-color-5)","background-image":"","background-repeat":"repeat","background-position":"center center","background-size":"auto","background-attachment":"scroll","background-type":"","background-media":"","overlay-type":"","overlay-color":"","overlay-opacity":"","overlay-gradient":""},"mobile":{"background-color":"var(--ast-global-color-5)","background-image":"","background-repeat":"repeat","background-position":"center center","background-size":"auto","background-attachment":"scroll","background-type":"","background-media":"","overlay-type":"","overlay-color":"","overlay-opacity":"","overlay-gradient":""}},"footnotes":""},"class_list":["post-17114","page","type-page","status-publish","hentry"],"post_mailing_queue_ids":[],"_links":{"self":[{"href":"https:\/\/agora.xtec.cat\/insandreunin\/wp-json\/wp\/v2\/pages\/17114","targetHints":{"allow":["GET"]}}],"collection":[{"href":"https:\/\/agora.xtec.cat\/insandreunin\/wp-json\/wp\/v2\/pages"}],"about":[{"href":"https:\/\/agora.xtec.cat\/insandreunin\/wp-json\/wp\/v2\/types\/page"}],"author":[{"embeddable":true,"href":"https:\/\/agora.xtec.cat\/insandreunin\/wp-json\/wp\/v2\/users\/1"}],"replies":[{"embeddable":true,"href":"https:\/\/agora.xtec.cat\/insandreunin\/wp-json\/wp\/v2\/comments?post=17114"}],"version-history":[{"count":5,"href":"https:\/\/agora.xtec.cat\/insandreunin\/wp-json\/wp\/v2\/pages\/17114\/revisions"}],"predecessor-version":[{"id":21988,"href":"https:\/\/agora.xtec.cat\/insandreunin\/wp-json\/wp\/v2\/pages\/17114\/revisions\/21988"}],"up":[{"embeddable":true,"href":"https:\/\/agora.xtec.cat\/insandreunin\/wp-json\/wp\/v2\/pages\/17069"}],"wp:attachment":[{"href":"https:\/\/agora.xtec.cat\/insandreunin\/wp-json\/wp\/v2\/media?parent=17114"}],"curies":[{"name":"wp","href":"https:\/\/api.w.org\/{rel}","templated":true}]}}