{"id":17069,"date":"2021-04-13T12:41:14","date_gmt":"2021-04-13T10:41:14","guid":{"rendered":"http:\/\/agora.xtec.cat\/insandreunin\/?page_id=17069"},"modified":"2025-07-09T13:36:21","modified_gmt":"2025-07-09T11:36:21","slug":"pfi","status":"publish","type":"page","link":"https:\/\/agora.xtec.cat\/insandreunin\/estudis-que-oferim\/pfi\/","title":{"rendered":"PFI \/ PTT"},"content":{"rendered":"<p>PROGRAMA DE FORMACI\u00d3 I INSERCI\u00d3 (PFI) &#8211; PLA DE TRANSICI\u00d3 AL TREBALL (PTT)<\/p>\n<p style=\"text-align: left;\">Els <a href=\"https:\/\/triaeducativa.gencat.cat\/ca\/fp\/pfi\/\">PFI<\/a> estan adre\u00e7ats a joves (d&#8217;entre 16 i 21 anys d&#8217;edat) que no han obtingut el Graduat en Educaci\u00f3 Secund\u00e0ria Obligat\u00f2ria (ESO) que tenen una finalitat formativa i professionalitzadora en un perfil professional concret.<\/p>\n<p><em><strong>El curs s&#8217;estructura en:<\/strong><\/em><\/p>\n<ul>\n<li>M\u00f2duls de formaci\u00f3 general per a l&#8217;adquisici\u00f3 de compet\u00e8ncies instrumentals b\u00e0siques que han de facilitar l&#8217;assoliment de les compet\u00e8ncies professionals: operacions matem\u00e0tiques b\u00e0siques, comunicaci\u00f3 oral i escrita (catal\u00e0, castell\u00e0 i angl\u00e8s), TIC, entorn social i incorporaci\u00f3 al m\u00f3n professional.<\/li>\n<li>M\u00f2duls de formaci\u00f3 professional per a l&#8217;assoliment de les compet\u00e8ncies professionals, que inclouen un m\u00f2dul de pr\u00e0ctiques en empreses.<\/li>\n<li>Accions de seguiment i orientaci\u00f3 de l&#8217;alumnat.<\/li>\n<\/ul>\n<p><em><strong>Durada: <\/strong><\/em>La durada dels PFI \u00e9s d&#8217;un curs escolar: de setembre a juny (1.000 hores).<\/p>\n<p><em><strong>Nombre d&#8217;alumnes per curs<\/strong><\/em>: entre 15 i 17 persones.<\/p>\n<p><em><strong>Qu\u00e8 podr\u00e0s fer despr\u00e9s?<\/strong><\/em><\/p>\n<ul>\n<li>Un cicle formatiu de grau mitj\u00e0.<\/li>\n<li>Accedir a les Escoles d&#8217;Adults per obtenir el GESO.<\/li>\n<li>Treballar com a auxiliar amb un certificat professional de nivell 1.<\/li>\n<\/ul>\n<p><em><strong>Quins PFI:<\/strong><\/em><\/p>\n<ul>\n<li style=\"list-style-type: none;\">\n<ul>\n<li><a href=\"https:\/\/drive.google.com\/file\/d\/1C_jyCr0AgUg1GC7S7l4hEXhHAG9augv-\/view?usp=sharing\">Auxiliar d\u2019activitats esportives<\/a>.<\/li>\n<li><a href=\"https:\/\/drive.google.com\/file\/d\/1A3KQbJ2F83Sxcp-orJ2xLD-n0k6-EYZq\/view?usp=sharing\">Auxiliar de reparaci\u00f3 i manteniment de vehicles lleugers<\/a>.<\/li>\n<li><a href=\"https:\/\/drive.google.com\/file\/d\/1pd8c6PDVd44X5bw-Kv_aBng6VSZxGyEQ\/view?usp=sharing\">Auxiliar en centres sanitaris<\/a> <span style=\"color: #ef6b1a; font-size: 12pt;\"><strong>&#8211; NOVETAT 25\/26 &#8211;<\/strong><\/span><\/li>\n<li><a href=\"https:\/\/drive.google.com\/file\/d\/1K3m7FOc1CyMlxgrabxmHknpsrU2d-1AI\/view?usp=sharing\">Auxiliar de pastisseria i forneria<\/a> <span style=\"color: #ef6b1a; font-size: 12pt;\"><strong>&#8211; NOVETAT 25\/26 &#8211;<\/strong><\/span><\/li>\n<\/ul>\n<\/li>\n<\/ul>\n<p>&nbsp;<\/p>\n<p><em><strong>Contacte<\/strong><\/em>: INS Andreu Nin <u><\/u><u>e3004803@xtec.cat<\/u><\/p>\n<p><a href=\"https:\/\/agora.xtec.cat\/insandreunin\/estudis-que-oferim\/pfi\/preinscripcio\/\">PREINSCRIPCI\u00d3<\/a><\/p>\n<p><a href=\"https:\/\/agora.xtec.cat\/insandreunin\/estudis-que-oferim\/pfi\/matricula\/\">MATR\u00cdCULA<\/a><\/p>\n","protected":false},"excerpt":{"rendered":"<p>PROGRAMA DE FORMACI\u00d3 I INSERCI\u00d3 (PFI) &#8211; PLA DE TRANSICI\u00d3 AL TREBALL (PTT) Els PFI estan adre\u00e7ats a joves (d&#8217;entre 16 i 21 anys d&#8217;edat) que no han obtingut el Graduat en Educaci\u00f3 Secund\u00e0ria Obligat\u00f2ria (ESO) que tenen una finalitat formativa i professionalitzadora en un perfil professional concret. El curs s&#8217;estructura en: M\u00f2duls de formaci\u00f3 [&hellip;]<\/p>\n","protected":false},"author":25,"featured_media":0,"parent":451,"menu_order":0,"comment_status":"closed","ping_status":"closed","template":"page-templates\/side-menu.php","meta":{"_bbp_topic_count":0,"_bbp_reply_count":0,"_bbp_total_topic_count":0,"_bbp_total_reply_count":0,"_bbp_voice_count":0,"_bbp_anonymous_reply_count":0,"_bbp_topic_count_hidden":0,"_bbp_reply_count_hidden":0,"_bbp_forum_subforum_count":0,"site-sidebar-layout":"default","site-content-layout":"","ast-site-content-layout":"","site-content-style":"default","site-sidebar-style":"default","ast-global-header-display":"","ast-banner-title-visibility":"","ast-main-header-display":"","ast-hfb-above-header-display":"","ast-hfb-below-header-display":"","ast-hfb-mobile-header-display":"","site-post-title":"","ast-breadcrumbs-content":"","ast-featured-img":"","footer-sml-layout":"","theme-transparent-header-meta":"","adv-header-id-meta":"","stick-header-meta":"","header-above-stick-meta":"","header-main-stick-meta":"","header-below-stick-meta":"","astra-migrate-meta-layouts":"default","ast-page-background-enabled":"default","ast-page-background-meta":{"desktop":{"background-color":"var(--ast-global-color-4)","background-image":"","background-repeat":"repeat","background-position":"center center","background-size":"auto","background-attachment":"scroll","background-type":"","background-media":"","overlay-type":"","overlay-color":"","overlay-opacity":"","overlay-gradient":""},"tablet":{"background-color":"","background-image":"","background-repeat":"repeat","background-position":"center center","background-size":"auto","background-attachment":"scroll","background-type":"","background-media":"","overlay-type":"","overlay-color":"","overlay-opacity":"","overlay-gradient":""},"mobile":{"background-color":"","background-image":"","background-repeat":"repeat","background-position":"center center","background-size":"auto","background-attachment":"scroll","background-type":"","background-media":"","overlay-type":"","overlay-color":"","overlay-opacity":"","overlay-gradient":""}},"ast-content-background-meta":{"desktop":{"background-color":"var(--ast-global-color-5)","background-image":"","background-repeat":"repeat","background-position":"center center","background-size":"auto","background-attachment":"scroll","background-type":"","background-media":"","overlay-type":"","overlay-color":"","overlay-opacity":"","overlay-gradient":""},"tablet":{"background-color":"var(--ast-global-color-5)","background-image":"","background-repeat":"repeat","background-position":"center center","background-size":"auto","background-attachment":"scroll","background-type":"","background-media":"","overlay-type":"","overlay-color":"","overlay-opacity":"","overlay-gradient":""},"mobile":{"background-color":"var(--ast-global-color-5)","background-image":"","background-repeat":"repeat","background-position":"center center","background-size":"auto","background-attachment":"scroll","background-type":"","background-media":"","overlay-type":"","overlay-color":"","overlay-opacity":"","overlay-gradient":""}},"footnotes":""},"class_list":["post-17069","page","type-page","status-publish","hentry"],"post_mailing_queue_ids":[],"_links":{"self":[{"href":"https:\/\/agora.xtec.cat\/insandreunin\/wp-json\/wp\/v2\/pages\/17069","targetHints":{"allow":["GET"]}}],"collection":[{"href":"https:\/\/agora.xtec.cat\/insandreunin\/wp-json\/wp\/v2\/pages"}],"about":[{"href":"https:\/\/agora.xtec.cat\/insandreunin\/wp-json\/wp\/v2\/types\/page"}],"author":[{"embeddable":true,"href":"https:\/\/agora.xtec.cat\/insandreunin\/wp-json\/wp\/v2\/users\/25"}],"replies":[{"embeddable":true,"href":"https:\/\/agora.xtec.cat\/insandreunin\/wp-json\/wp\/v2\/comments?post=17069"}],"version-history":[{"count":7,"href":"https:\/\/agora.xtec.cat\/insandreunin\/wp-json\/wp\/v2\/pages\/17069\/revisions"}],"predecessor-version":[{"id":23584,"href":"https:\/\/agora.xtec.cat\/insandreunin\/wp-json\/wp\/v2\/pages\/17069\/revisions\/23584"}],"up":[{"embeddable":true,"href":"https:\/\/agora.xtec.cat\/insandreunin\/wp-json\/wp\/v2\/pages\/451"}],"wp:attachment":[{"href":"https:\/\/agora.xtec.cat\/insandreunin\/wp-json\/wp\/v2\/media?parent=17069"}],"curies":[{"name":"wp","href":"https:\/\/api.w.org\/{rel}","templated":true}]}}