{"id":16907,"date":"2021-03-12T14:39:55","date_gmt":"2021-03-12T13:39:55","guid":{"rendered":"http:\/\/agora.xtec.cat\/insandreunin\/?page_id=16907"},"modified":"2026-03-11T13:04:49","modified_gmt":"2026-03-11T12:04:49","slug":"cicles-formatius-de-grau-superior","status":"publish","type":"page","link":"https:\/\/agora.xtec.cat\/insandreunin\/secretaria\/proves-dacces\/cicles-formatius-de-grau-superior\/","title":{"rendered":"PROVES D&#8217;ACC\u00c9S A CF DE GRAU SUPERIOR 2026"},"content":{"rendered":"<p>El Departament d&#8217;Educaci\u00f3 i Formaci\u00f3 Professional convoca la\u00a0<strong>prova d&#8217;acc\u00e9s als cicles formatius de grau superior<\/strong> per a les persones que hi volen accedir per\u00f2 que no tenen el t\u00edtol de batxillerat (o un altre equivalent per accedir a aquests ensenyaments); podeu consultar tota la <a href=\"https:\/\/triaeducativa.gencat.cat\/ca\/proves\/proves-acces\/fp\/fp-gs\/\">informaci\u00f3 detallada al seu web<\/a>.<\/p>\n<p>\u00c9s molt important que conegueu els <a href=\"https:\/\/triaeducativa.gencat.cat\/ca\/proves\/proves-acces\/fp\/fp-gs\/requisits\/\">requisits<\/a> per poder-vos presentar a les proves aix\u00ed com totes les <a href=\"https:\/\/triaeducativa.gencat.cat\/ca\/proves\/proves-acces\/fp\/fp-gs\/calendari\/\">dates claus<\/a> i el <a href=\"https:\/\/triaeducativa.gencat.cat\/ca\/proves\/proves-acces\/fp\/fp-gs\/material\/\">material<\/a> que necessites per la prova.<\/p>\n<p>La prova ser\u00e0 el <strong>20 i 21 de maig del 2026<\/strong>, en la seg\u00fcent distribuci\u00f3:<\/p>\n<p>20 de maig &#8211; part comuna<\/p>\n<p><span style=\"color: #ffffff;\">.\u00a0 \u00a0 \u00a0<\/span>\u00a0 \u00a0 \u00a0 \u00a0 \u00a0 \u00a0 \u00a0 \u00a0 \u00a0 \u00a0 15.30 h Verificaci\u00f3 de la identitat dels aspirants<br \/>\n<span style=\"color: #ffffff;\">.\u00a0 \u00a0 \u00a0<\/span>\u00a0 \u00a0 \u00a0 \u00a0 \u00a0 \u00a0 \u00a0 \u00a0 \u00a0 \u00a0 16 h Primer bloc: Llengua estrangera (angl\u00e8s, franc\u00e8s o alemany) i llengua castellana<br \/>\n<span style=\"color: #ffffff;\">.\u00a0 \u00a0 \u00a0<\/span>\u00a0 \u00a0 \u00a0 \u00a0 \u00a0 \u00a0 \u00a0 \u00a0 \u00a0 \u00a0 18 h Descans<br \/>\n<span style=\"color: #ffffff;\">.\u00a0 \u00a0 \u00a0<\/span>\u00a0 \u00a0 \u00a0 \u00a0 \u00a0 \u00a0 \u00a0 \u00a0 \u00a0 \u00a0 18.30 Segon bloc: Llengua catalana i matem\u00e0tiques<\/p>\n<p>21 de maig &#8211; part espec\u00edfica<\/p>\n<p><span style=\"color: #ffffff;\">.\u00a0 \u00a0 \u00a0<\/span>\u00a0 \u00a0 \u00a0 \u00a0 \u00a0 \u00a0 \u00a0 \u00a0 \u00a0 \u00a0 15.30 h Verificaci\u00f3 de la identitat dels aspirants<br \/>\n<span style=\"color: #ffffff;\">.\u00a0 \u00a0 \u00a0<\/span>\u00a0 \u00a0 \u00a0 \u00a0 \u00a0 \u00a0 \u00a0 \u00a0 \u00a0 \u00a0 16 h Mat\u00e8ries espec\u00edfiques triades<\/p>\n<p><span style=\"color: #ffffff;\">La presentaci\u00f3 de la documentaci\u00f3 a la comissi\u00f3 avaluadora del nostre centre es far\u00e0 de forma telem\u00e0tica mitjan\u00e7ant l&#8217;adre\u00e7a <a style=\"color: #ffffff;\" href=\"mailto:provesaccesccff@insandreunin.cat\" target=\"_blank\" rel=\"noopener\">provesaccesccff@insandreunin.<wbr \/>cat<\/a> en el termini establert per la convocat\u00f2ria.<\/span><\/p>\n<p><span style=\"color: #ffffff;\">Per demanar informaci\u00f3 podeu utilitzar el correu electr\u00f2nic <a style=\"color: #ffffff;\" href=\"mailto:provesaccesccff@insandreunin.cat\" target=\"_blank\" rel=\"noopener\">provesaccesccff@insandreunin.<wbr \/>cat<\/a><\/span><\/p>\n","protected":false},"excerpt":{"rendered":"<p>El Departament d&#8217;Educaci\u00f3 i Formaci\u00f3 Professional convoca la\u00a0prova d&#8217;acc\u00e9s als cicles formatius de grau superior per a les persones que hi volen accedir per\u00f2 que no tenen el t\u00edtol de batxillerat (o un altre equivalent per accedir a aquests ensenyaments); podeu consultar tota la informaci\u00f3 detallada al seu web. \u00c9s molt important que conegueu els [&hellip;]<\/p>\n","protected":false},"author":25,"featured_media":0,"parent":16559,"menu_order":0,"comment_status":"closed","ping_status":"closed","template":"","meta":{"_bbp_topic_count":0,"_bbp_reply_count":0,"_bbp_total_topic_count":0,"_bbp_total_reply_count":0,"_bbp_voice_count":0,"_bbp_anonymous_reply_count":0,"_bbp_topic_count_hidden":0,"_bbp_reply_count_hidden":0,"_bbp_forum_subforum_count":0,"site-sidebar-layout":"default","site-content-layout":"","ast-site-content-layout":"default","site-content-style":"default","site-sidebar-style":"default","ast-global-header-display":"","ast-banner-title-visibility":"","ast-main-header-display":"","ast-hfb-above-header-display":"","ast-hfb-below-header-display":"","ast-hfb-mobile-header-display":"","site-post-title":"","ast-breadcrumbs-content":"","ast-featured-img":"","footer-sml-layout":"","theme-transparent-header-meta":"default","adv-header-id-meta":"","stick-header-meta":"","header-above-stick-meta":"","header-main-stick-meta":"","header-below-stick-meta":"","astra-migrate-meta-layouts":"set","ast-page-background-enabled":"default","ast-page-background-meta":{"desktop":{"background-color":"var(--ast-global-color-4)","background-image":"","background-repeat":"repeat","background-position":"center center","background-size":"auto","background-attachment":"scroll","background-type":"","background-media":"","overlay-type":"","overlay-color":"","overlay-opacity":"","overlay-gradient":""},"tablet":{"background-color":"","background-image":"","background-repeat":"repeat","background-position":"center center","background-size":"auto","background-attachment":"scroll","background-type":"","background-media":"","overlay-type":"","overlay-color":"","overlay-opacity":"","overlay-gradient":""},"mobile":{"background-color":"","background-image":"","background-repeat":"repeat","background-position":"center center","background-size":"auto","background-attachment":"scroll","background-type":"","background-media":"","overlay-type":"","overlay-color":"","overlay-opacity":"","overlay-gradient":""}},"ast-content-background-meta":{"desktop":{"background-color":"var(--ast-global-color-5)","background-image":"","background-repeat":"repeat","background-position":"center center","background-size":"auto","background-attachment":"scroll","background-type":"","background-media":"","overlay-type":"","overlay-color":"","overlay-opacity":"","overlay-gradient":""},"tablet":{"background-color":"var(--ast-global-color-5)","background-image":"","background-repeat":"repeat","background-position":"center center","background-size":"auto","background-attachment":"scroll","background-type":"","background-media":"","overlay-type":"","overlay-color":"","overlay-opacity":"","overlay-gradient":""},"mobile":{"background-color":"var(--ast-global-color-5)","background-image":"","background-repeat":"repeat","background-position":"center center","background-size":"auto","background-attachment":"scroll","background-type":"","background-media":"","overlay-type":"","overlay-color":"","overlay-opacity":"","overlay-gradient":""}},"footnotes":""},"class_list":["post-16907","page","type-page","status-publish","hentry"],"post_mailing_queue_ids":[],"_links":{"self":[{"href":"https:\/\/agora.xtec.cat\/insandreunin\/wp-json\/wp\/v2\/pages\/16907","targetHints":{"allow":["GET"]}}],"collection":[{"href":"https:\/\/agora.xtec.cat\/insandreunin\/wp-json\/wp\/v2\/pages"}],"about":[{"href":"https:\/\/agora.xtec.cat\/insandreunin\/wp-json\/wp\/v2\/types\/page"}],"author":[{"embeddable":true,"href":"https:\/\/agora.xtec.cat\/insandreunin\/wp-json\/wp\/v2\/users\/25"}],"replies":[{"embeddable":true,"href":"https:\/\/agora.xtec.cat\/insandreunin\/wp-json\/wp\/v2\/comments?post=16907"}],"version-history":[{"count":8,"href":"https:\/\/agora.xtec.cat\/insandreunin\/wp-json\/wp\/v2\/pages\/16907\/revisions"}],"predecessor-version":[{"id":24447,"href":"https:\/\/agora.xtec.cat\/insandreunin\/wp-json\/wp\/v2\/pages\/16907\/revisions\/24447"}],"up":[{"embeddable":true,"href":"https:\/\/agora.xtec.cat\/insandreunin\/wp-json\/wp\/v2\/pages\/16559"}],"wp:attachment":[{"href":"https:\/\/agora.xtec.cat\/insandreunin\/wp-json\/wp\/v2\/media?parent=16907"}],"curies":[{"name":"wp","href":"https:\/\/api.w.org\/{rel}","templated":true}]}}