{"id":16888,"date":"2021-03-11T11:13:15","date_gmt":"2021-03-11T10:13:15","guid":{"rendered":"http:\/\/agora.xtec.cat\/insandreunin\/?page_id=16888"},"modified":"2021-04-16T21:16:23","modified_gmt":"2021-04-16T19:16:23","slug":"media-cf","status":"publish","type":"page","link":"https:\/\/agora.xtec.cat\/insandreunin\/media\/media-cf\/","title":{"rendered":"M\u00c8DIA CF"},"content":{"rendered":"<p>Coneix els cicles formatius que impartim a l&#8217;institut Andreu Nin explicats de la m\u00e0 dels nostres estudiants.<\/p>\n<h3>ACTIVITATS F\u00cdSIQUES I ESPORTIVES<\/h3>\n<h3><iframe loading=\"lazy\" src=\"\/\/www.youtube.com\/embed\/ddcYsSdP4B4\" width=\"900\" height=\"506\" frameborder=\"0\"><\/iframe><\/h3>\n<p>L&#8217;Eren va cursar el CFGM de Conducci\u00f3 d\u2019activitats fisicoesportives en el medi natural i ara est\u00e0 estudiant el CFGS d&#8217;Ensenyament i animaci\u00f3 socioesportiva que li ha perm\u00e8s obrir-se cam\u00ed en el m\u00f3n de l&#8217;esport.<\/p>\n<h3>ADMINISTRACI\u00d3 I GESTI\u00d3<\/h3>\n<h3><iframe loading=\"lazy\" src=\"\/\/www.youtube.com\/embed\/H2mYTUBe0NU\" width=\"900\" height=\"506\" frameborder=\"0\"><\/iframe><\/h3>\n<p>La Mariam va cursar el CFGM de Gesti\u00f3 administrativa en l&#8217;\u00e0mbit jur\u00eddic a l&#8217;institut i ara es troba estudiant el CFGS d&#8217;Administraci\u00f3 i finances que li permet professionalitzar-se en la branca de les finances.<\/p>\n<h3>COMER\u00c7 I M\u00c0RQUETING<\/h3>\n<p><iframe loading=\"lazy\" src=\"\/\/www.youtube.com\/embed\/n6MVML6jMBk\" width=\"900\" height=\"506\" frameborder=\"0\"><\/iframe><\/p>\n<p>El Joel, cursa el 2n curs del CFGM d&#8217;Activitats Comercials i el propers curs ha decidit estudiar el CFGS de Gesti\u00f3 de vendes i espais comercials en modalitat Dual, per tal, de formar-se en el m\u00f3n del comer\u00e7 i el m\u00e0rqueting.<\/p>\n<h3>ELECTRICITAT I ELECTR\u00d2NICA<\/h3>\n<p><iframe loading=\"lazy\" src=\"\/\/www.youtube.com\/embed\/H3hCGhbn6c8\" width=\"900\" height=\"506\" frameborder=\"0\"><\/iframe><\/p>\n<p>L&#8217;Unax est\u00e0 estudiant el 1r curs del CFGS d&#8217;Automatitzaci\u00f3 i rob\u00f2tica industrial i aquest curs podr\u00e0 optar per realitzar les pr\u00e0ctiques en modalitat Dual en una empresa de la zona.<\/p>\n<h3>FABRICACI\u00d3 MEC\u00c0NICA<\/h3>\n<p><iframe loading=\"lazy\" src=\"\/\/www.youtube.com\/embed\/ULQQhX-Erms\" width=\"900\" height=\"506\" frameborder=\"0\"><\/iframe><\/p>\n<p>La Katia ha escollit el CFGS Disseny en fabricaci\u00f3 mec\u00e0nica amb el perfil de desenvolupament virtual de l\u2019autom\u00f2bil. En aquest cicle est\u00e0 aprenent els secrets del disseny industrial i a l&#8217;escollir la modalitat Dual li ha perm\u00e8s realitzar les pr\u00e0ctiques a l&#8217;empresa Idiada.<\/p>\n<h3>SANITAT<\/h3>\n<p><iframe loading=\"lazy\" src=\"\/\/www.youtube.com\/embed\/Pg_bhKUeub0\" width=\"900\" height=\"506\" frameborder=\"0\"><\/iframe><\/p>\n<p>La Nora estudia el CFGM de Cures auxiliars d&#8217;infermeria que li permet adquirir els coneixements necessaris per realitzar les pr\u00e0ctiques i desenvolupar la seva carrera professional en \u00e0mbits sanitaris.<\/p>\n<h3>SERVEIS SOCIOCULTURALS I A LA COMUNITAT<\/h3>\n<h6>EDUCACI\u00d3 INFANTIL<\/h6>\n<p><iframe loading=\"lazy\" src=\"\/\/www.youtube.com\/embed\/BTRFlgP0zY8\" width=\"900\" height=\"506\" frameborder=\"0\"><\/iframe><\/p>\n<p>La Laura ens explica que sempre li ha agradat treballar amb infants i el CFGS d&#8217;Educaci\u00f3 infantil li ha perm\u00e8s obtenir els coneixements necessaris per poder crear i dissenyar activitats educatives d&#8217;atenci\u00f3 a la infancia.<\/p>\n<h6>INTEGRACI\u00d3 SOCIAL<\/h6>\n<p><iframe loading=\"lazy\" src=\"\/\/www.youtube.com\/embed\/jbSimxfGLBY\" width=\"900\" height=\"506\" frameborder=\"0\"><\/iframe><\/p>\n<p>L&#8217;Emma actualment estudia el CFGS d&#8217;integraci\u00f3 social i ha accedit a trav\u00e9s del CFGM d&#8217;Atenci\u00f3 a persones en situaci\u00f3 de depend\u00e8ncia. Aquests cicles li han perm\u00e8s desenvolupar la seva carrera professional en la branca del benestar de les persones.<\/p>\n<h3>TRANSPORT I MANTENIMENT DE VEHICLES<\/h3>\n<p><iframe loading=\"lazy\" src=\"\/\/www.youtube.com\/embed\/aw_vIvdkET0\" width=\"900\" height=\"506\" frameborder=\"0\"><\/iframe><\/p>\n<p>La Maria gr\u00e0cies a les pr\u00e0ctiques que va realitzar a un taller quan cursava el CFGM Electromec\u00e0nica de vehicles autom\u00f2bils va acabar sent contractada i ara ha decidit continuar estudiant el CFGS d&#8217;Automoci\u00f3 en modalitat Dual.<\/p>\n<p>&nbsp;<\/p>\n","protected":false},"excerpt":{"rendered":"<p>Coneix els cicles formatius que impartim a l&#8217;institut Andreu Nin explicats de la m\u00e0 dels nostres estudiants. ACTIVITATS F\u00cdSIQUES I ESPORTIVES L&#8217;Eren va cursar el CFGM de Conducci\u00f3 d\u2019activitats fisicoesportives en el medi natural i ara est\u00e0 estudiant el CFGS d&#8217;Ensenyament i animaci\u00f3 socioesportiva que li ha perm\u00e8s obrir-se cam\u00ed en el m\u00f3n de l&#8217;esport. [&hellip;]<\/p>\n","protected":false},"author":1,"featured_media":0,"parent":16881,"menu_order":3,"comment_status":"closed","ping_status":"closed","template":"page-templates\/side-menu.php","meta":{"_bbp_topic_count":0,"_bbp_reply_count":0,"_bbp_total_topic_count":0,"_bbp_total_reply_count":0,"_bbp_voice_count":0,"_bbp_anonymous_reply_count":0,"_bbp_topic_count_hidden":0,"_bbp_reply_count_hidden":0,"_bbp_forum_subforum_count":0,"site-sidebar-layout":"default","site-content-layout":"","ast-site-content-layout":"","site-content-style":"default","site-sidebar-style":"default","ast-global-header-display":"","ast-banner-title-visibility":"","ast-main-header-display":"","ast-hfb-above-header-display":"","ast-hfb-below-header-display":"","ast-hfb-mobile-header-display":"","site-post-title":"","ast-breadcrumbs-content":"","ast-featured-img":"","footer-sml-layout":"","theme-transparent-header-meta":"","adv-header-id-meta":"","stick-header-meta":"","header-above-stick-meta":"","header-main-stick-meta":"","header-below-stick-meta":"","astra-migrate-meta-layouts":"default","ast-page-background-enabled":"default","ast-page-background-meta":{"desktop":{"background-color":"var(--ast-global-color-4)","background-image":"","background-repeat":"repeat","background-position":"center center","background-size":"auto","background-attachment":"scroll","background-type":"","background-media":"","overlay-type":"","overlay-color":"","overlay-opacity":"","overlay-gradient":""},"tablet":{"background-color":"","background-image":"","background-repeat":"repeat","background-position":"center center","background-size":"auto","background-attachment":"scroll","background-type":"","background-media":"","overlay-type":"","overlay-color":"","overlay-opacity":"","overlay-gradient":""},"mobile":{"background-color":"","background-image":"","background-repeat":"repeat","background-position":"center center","background-size":"auto","background-attachment":"scroll","background-type":"","background-media":"","overlay-type":"","overlay-color":"","overlay-opacity":"","overlay-gradient":""}},"ast-content-background-meta":{"desktop":{"background-color":"var(--ast-global-color-5)","background-image":"","background-repeat":"repeat","background-position":"center center","background-size":"auto","background-attachment":"scroll","background-type":"","background-media":"","overlay-type":"","overlay-color":"","overlay-opacity":"","overlay-gradient":""},"tablet":{"background-color":"var(--ast-global-color-5)","background-image":"","background-repeat":"repeat","background-position":"center center","background-size":"auto","background-attachment":"scroll","background-type":"","background-media":"","overlay-type":"","overlay-color":"","overlay-opacity":"","overlay-gradient":""},"mobile":{"background-color":"var(--ast-global-color-5)","background-image":"","background-repeat":"repeat","background-position":"center center","background-size":"auto","background-attachment":"scroll","background-type":"","background-media":"","overlay-type":"","overlay-color":"","overlay-opacity":"","overlay-gradient":""}},"footnotes":""},"class_list":["post-16888","page","type-page","status-publish","hentry"],"post_mailing_queue_ids":[],"_links":{"self":[{"href":"https:\/\/agora.xtec.cat\/insandreunin\/wp-json\/wp\/v2\/pages\/16888","targetHints":{"allow":["GET"]}}],"collection":[{"href":"https:\/\/agora.xtec.cat\/insandreunin\/wp-json\/wp\/v2\/pages"}],"about":[{"href":"https:\/\/agora.xtec.cat\/insandreunin\/wp-json\/wp\/v2\/types\/page"}],"author":[{"embeddable":true,"href":"https:\/\/agora.xtec.cat\/insandreunin\/wp-json\/wp\/v2\/users\/1"}],"replies":[{"embeddable":true,"href":"https:\/\/agora.xtec.cat\/insandreunin\/wp-json\/wp\/v2\/comments?post=16888"}],"version-history":[{"count":3,"href":"https:\/\/agora.xtec.cat\/insandreunin\/wp-json\/wp\/v2\/pages\/16888\/revisions"}],"predecessor-version":[{"id":17162,"href":"https:\/\/agora.xtec.cat\/insandreunin\/wp-json\/wp\/v2\/pages\/16888\/revisions\/17162"}],"up":[{"embeddable":true,"href":"https:\/\/agora.xtec.cat\/insandreunin\/wp-json\/wp\/v2\/pages\/16881"}],"wp:attachment":[{"href":"https:\/\/agora.xtec.cat\/insandreunin\/wp-json\/wp\/v2\/media?parent=16888"}],"curies":[{"name":"wp","href":"https:\/\/api.w.org\/{rel}","templated":true}]}}