{"id":16627,"date":"2021-02-09T12:31:42","date_gmt":"2021-02-09T11:31:42","guid":{"rendered":"http:\/\/agora.xtec.cat\/insandreunin\/?page_id=16627"},"modified":"2023-05-25T13:18:16","modified_gmt":"2023-05-25T11:18:16","slug":"preinscripcio-grau-superior-2021-2022","status":"publish","type":"page","link":"https:\/\/agora.xtec.cat\/insandreunin\/secretaria\/preinscripcio-matricula\/cfgs\/matriculacio\/preinscripcio-grau-superior-2021-2022\/","title":{"rendered":"PREINSCRIPCI\u00d3 GRAU SUPERIOR 2022-2023"},"content":{"rendered":"<p><strong>del 26 de maig a l&#8217;1 de juny de 2023<\/strong><\/p>\n<p>***************************************************************<\/p>\n<p>En els seg\u00fcents enlla\u00e7os trobareu tota la informaci\u00f3:<\/p>\n<p>&#8211; <a href=\"https:\/\/preinscripcio.gencat.cat\/ca\/estudis\/fp-grau-superior\/informat\/calendari\/\">Calendari PREINS GS 2023\/2024<\/a><\/p>\n<p>&#8211; <a href=\"https:\/\/preinscripcio.gencat.cat\/ca\/estudis\/fp-grau-superior\/inici\/\">Informaci\u00f3 PREINSCRIPCI\u00d3 2023\/2024<\/a><\/p>\n<ul>\n<li><strong>IMPORTANT.<\/strong> Per a fer la <em><strong>Sol\u00b7licitud ELECTR\u00d2NICA<\/strong><\/em> necessitareu un certificat digital. Si no en disposeu de cap, podeu obtenir el de l<a href=\"https:\/\/web.gencat.cat\/ca\/tramits\/que-cal-fer-si\/Vull-identificar-me-digitalment\/idcat-mobil\/\">&#8216;IdCAD M\u00f2bil<\/a>. Cal complir els requisits seg\u00fcents:\n<ul>\n<li>Ser major de 16 anys<\/li>\n<li>Acreditar la personalitat mitjan\u00e7ant un dels documents reconeguts seg\u00fcents:\n<ul>\n<li>Targeta d\u2019identitat d\u2019estranger (TIE)<\/li>\n<li>DNI<\/li>\n<li>NIE<\/li>\n<li>Passaport<\/li>\n<li>Document identificador d&#8217;un pa\u00eds de la Uni\u00f3 Europea<\/li>\n<li>Targeta de resid\u00e8ncia comunit\u00e0ria<\/li>\n<\/ul>\n<\/li>\n<\/ul>\n<ul>\n<li>Informar obligat\u00f2riament d&#8217;una adre\u00e7a de correu electr\u00f2nic i un tel\u00e8fon m\u00f2bil a efectes d&#8217;identificaci\u00f3 i contacte.<\/li>\n<\/ul>\n<p>&nbsp;<\/li>\n<li><span style=\"font-family: inherit; font-size: 1em;\">Si l&#8217;alumne\/a t\u00e9 <\/span><a style=\"font-family: inherit; font-size: 1em;\" href=\"http:\/\/educacio.gencat.cat\/ca\/tramits\/tramits-temes\/identificador-alumne\">n\u00famero identificador del registre d&#8217;alumnes de Catalunya<\/a><span style=\"font-family: inherit; font-size: 1em;\"> (RALC) es recuperen les dades i no cal presentar documentaci\u00f3 acreditativa d&#8217;identitat.<\/span><\/li>\n<li>Si no ha estat escolaritzat a Catalunya anteriorment i no t\u00e9 n\u00famero identificador del RALC, cal adjuntar a la <strong>sol\u00b7licitud ELECTR\u00d2NICA<\/strong> la documentaci\u00f3 identificativa corresponent: <em><strong>el llibre de fam\u00edlia<\/strong>\u00a0 i <strong>el document d&#8217;identitat de l&#8217;alumne\/a i del pare, mare o tutor<\/strong>, si no s&#8217;han pogut validar o si s&#8217;han identificat amb el passaport o el document d&#8217;identitat d&#8217;un pa\u00eds de la Uni\u00f3 Europea<\/em>. Si l&#8217;alumne t\u00e9 18 anys o els fa el 2022, nom\u00e9s cal presentar el document d&#8217;identitat de l&#8217;alumne\/a.<\/li>\n<li>Nom\u00e9s en el cas que no es disposi de cap document d&#8217;Identitat es pot fer la <strong><em>sol\u00b7licitud en suport inform\u00e0tic<\/em><\/strong>.<\/li>\n<\/ul>\n<p>&#8211; <a href=\"https:\/\/preinscripcio.gencat.cat\/ca\/estudis\/fp-grau-superior\/preinscriute\/sollicitud\/\">Enlla\u00e7 per poder fer la sol\u00b7licitud via Internet<\/a> a cicles formatius de Grau SUPERIOR.<\/p>\n<p>**************************************************************************************************<\/p>\n<p>El tr\u00e0mit de presentaci\u00f3 de la sol\u00b7licitud s&#8217;acaba amb l&#8217;enviament del formulari, que es registrar\u00e0 al registre electr\u00f2nic de la Generalitat de Catalunya. NO<span style=\"font-family: inherit; font-size: 1em;\"> cal presentar cap c\u00f2pia al centre.<\/span><\/p>\n<p>Nom\u00e9s es pot presentar una sol\u00b7licitud de preinscripci\u00f3 per persona per\u00f2 s&#8217;hi poden indicar peticions d&#8217;admissi\u00f3 en diversos centres, modalitats i r\u00e8gim, sempre ordenats per ordre de prefer\u00e8ncia.<\/p>\n<p><strong>Al Vendrell disposeu d&#8217;un punt presencial d&#8217;atenci\u00f3 en cas de dubtes sobre com fer els tr\u00e0mits, posant-vos en contacte per tel\u00e8fon i demanant cita pr\u00e8via al <a href=\"https:\/\/serveiseducatius.xtec.cat\/baixpenedes\/general\/punt-connecta-suport-digital\/\">Punt-Connecta<\/a>.<\/strong><\/p>\n<p>&nbsp;<\/p>\n<p><strong>ATENCI\u00d3<\/strong><\/p>\n<p>Alguns cicles formatius de GRAU SUPERIOR comporten despeses complement\u00e0ries. Trobareu aquesta informaci\u00f3 al centre.<\/p>\n","protected":false},"excerpt":{"rendered":"<p>del 26 de maig a l&#8217;1 de juny de 2023 *************************************************************** En els seg\u00fcents enlla\u00e7os trobareu tota la informaci\u00f3: &#8211; Calendari PREINS GS 2023\/2024 &#8211; Informaci\u00f3 PREINSCRIPCI\u00d3 2023\/2024 IMPORTANT. Per a fer la Sol\u00b7licitud ELECTR\u00d2NICA necessitareu un certificat digital. Si no en disposeu de cap, podeu obtenir el de l&#8216;IdCAD M\u00f2bil. Cal complir els requisits [&hellip;]<\/p>\n","protected":false},"author":25,"featured_media":0,"parent":16549,"menu_order":0,"comment_status":"closed","ping_status":"closed","template":"page-templates\/side-menu.php","meta":{"_bbp_topic_count":0,"_bbp_reply_count":0,"_bbp_total_topic_count":0,"_bbp_total_reply_count":0,"_bbp_voice_count":0,"_bbp_anonymous_reply_count":0,"_bbp_topic_count_hidden":0,"_bbp_reply_count_hidden":0,"_bbp_forum_subforum_count":0,"site-sidebar-layout":"default","site-content-layout":"","ast-site-content-layout":"","site-content-style":"default","site-sidebar-style":"default","ast-global-header-display":"","ast-banner-title-visibility":"","ast-main-header-display":"","ast-hfb-above-header-display":"","ast-hfb-below-header-display":"","ast-hfb-mobile-header-display":"","site-post-title":"","ast-breadcrumbs-content":"","ast-featured-img":"","footer-sml-layout":"","theme-transparent-header-meta":"","adv-header-id-meta":"","stick-header-meta":"","header-above-stick-meta":"","header-main-stick-meta":"","header-below-stick-meta":"","astra-migrate-meta-layouts":"default","ast-page-background-enabled":"default","ast-page-background-meta":{"desktop":{"background-color":"var(--ast-global-color-4)","background-image":"","background-repeat":"repeat","background-position":"center center","background-size":"auto","background-attachment":"scroll","background-type":"","background-media":"","overlay-type":"","overlay-color":"","overlay-opacity":"","overlay-gradient":""},"tablet":{"background-color":"","background-image":"","background-repeat":"repeat","background-position":"center center","background-size":"auto","background-attachment":"scroll","background-type":"","background-media":"","overlay-type":"","overlay-color":"","overlay-opacity":"","overlay-gradient":""},"mobile":{"background-color":"","background-image":"","background-repeat":"repeat","background-position":"center center","background-size":"auto","background-attachment":"scroll","background-type":"","background-media":"","overlay-type":"","overlay-color":"","overlay-opacity":"","overlay-gradient":""}},"ast-content-background-meta":{"desktop":{"background-color":"var(--ast-global-color-5)","background-image":"","background-repeat":"repeat","background-position":"center center","background-size":"auto","background-attachment":"scroll","background-type":"","background-media":"","overlay-type":"","overlay-color":"","overlay-opacity":"","overlay-gradient":""},"tablet":{"background-color":"var(--ast-global-color-5)","background-image":"","background-repeat":"repeat","background-position":"center center","background-size":"auto","background-attachment":"scroll","background-type":"","background-media":"","overlay-type":"","overlay-color":"","overlay-opacity":"","overlay-gradient":""},"mobile":{"background-color":"var(--ast-global-color-5)","background-image":"","background-repeat":"repeat","background-position":"center center","background-size":"auto","background-attachment":"scroll","background-type":"","background-media":"","overlay-type":"","overlay-color":"","overlay-opacity":"","overlay-gradient":""}},"footnotes":""},"class_list":["post-16627","page","type-page","status-publish","hentry"],"post_mailing_queue_ids":[],"_links":{"self":[{"href":"https:\/\/agora.xtec.cat\/insandreunin\/wp-json\/wp\/v2\/pages\/16627","targetHints":{"allow":["GET"]}}],"collection":[{"href":"https:\/\/agora.xtec.cat\/insandreunin\/wp-json\/wp\/v2\/pages"}],"about":[{"href":"https:\/\/agora.xtec.cat\/insandreunin\/wp-json\/wp\/v2\/types\/page"}],"author":[{"embeddable":true,"href":"https:\/\/agora.xtec.cat\/insandreunin\/wp-json\/wp\/v2\/users\/25"}],"replies":[{"embeddable":true,"href":"https:\/\/agora.xtec.cat\/insandreunin\/wp-json\/wp\/v2\/comments?post=16627"}],"version-history":[{"count":4,"href":"https:\/\/agora.xtec.cat\/insandreunin\/wp-json\/wp\/v2\/pages\/16627\/revisions"}],"predecessor-version":[{"id":20899,"href":"https:\/\/agora.xtec.cat\/insandreunin\/wp-json\/wp\/v2\/pages\/16627\/revisions\/20899"}],"up":[{"embeddable":true,"href":"https:\/\/agora.xtec.cat\/insandreunin\/wp-json\/wp\/v2\/pages\/16549"}],"wp:attachment":[{"href":"https:\/\/agora.xtec.cat\/insandreunin\/wp-json\/wp\/v2\/media?parent=16627"}],"curies":[{"name":"wp","href":"https:\/\/api.w.org\/{rel}","templated":true}]}}