{"id":16567,"date":"2021-02-05T08:59:03","date_gmt":"2021-02-05T07:59:03","guid":{"rendered":"http:\/\/agora.xtec.cat\/insandreunin\/?page_id=16567"},"modified":"2024-05-22T14:21:32","modified_gmt":"2024-05-22T12:21:32","slug":"sollicitud-de-titols","status":"publish","type":"page","link":"https:\/\/agora.xtec.cat\/insandreunin\/secretaria\/tramits-i-documentacio\/sollicitud-de-titols\/","title":{"rendered":"Sol\u00b7licitud i recollida de t\u00edtols"},"content":{"rendered":"<ul>\n<li><strong>Sol\u00b7licitud de t\u00edtols: <\/strong><\/li>\n<\/ul>\n<p>Si has acabat els teus estudis al nostre institut, ja pots sol\u00b7licitar el teu t\u00edtol acad\u00e8mic, cal que segueixis les INSTRUCCIONS:<\/p>\n<p>&nbsp;<\/p>\n<p>1) Emplenar el FORMULARI: (<a href=\"https:\/\/docs.google.com\/forms\/d\/e\/1FAIpQLSdX77X9H84tKl1O4Bg-JcWymfc_HxLrigGf28NfyNCu9qkPzw\/viewform\" target=\"_blank\" rel=\"noopener\">Formulari per sol\u00b7licitar un t\u00edtol acad\u00e8mic<\/a>).<\/p>\n<p>Recorda que per poder omplir el formulari, <strong>haur\u00e0s de preparar abans la seg\u00fcent documentaci\u00f3 digitalitzada<\/strong> <strong>en arxius separats:<\/strong><\/p>\n<ul>\n<li>Anvers del document d\u2019identitat del sol\u00b7licitant.<\/li>\n<li>Revers del document d\u2019identitat del sol\u00b7licitant.<\/li>\n<li>Documentaci\u00f3 acreditativa de la bonificaci\u00f3 o exempci\u00f3 de pagament de les taxes, si s\u2019escau.<\/li>\n<\/ul>\n<p>Aqu\u00ed pots consultar tota la informaci\u00f3 sobre les taxes d\u2019expedici\u00f3 de t\u00edtol, bonificacions i exempcions: <u><a href=\"https:\/\/educacio.gencat.cat\/ca\/departament\/normativa\/taxes-preus-publics\/taxes\/\">enlla\u00e7<\/a><\/u><\/p>\n<p>&nbsp;<\/p>\n<p>2) Un cop rebuda la vostra sol\u00b7licitud, us adjuntarem per correu electr\u00f2nic el \u201cResguard del t\u00edtol\u201d (PDF amb codi de barres), per tal que puguis realizar el pagament:<\/p>\n<ul>\n<li>De manera online a Caixabank (siguis client o no ): <a href=\"https:\/\/www.caixabank.cat\/particular\/pagos\/impuestosrecibosmatriculas_ca.html\">enlla\u00e7<\/a><\/li>\n<li>Per el caixer autom\u00e0tic a trav\u00e9s del lector de codi de barres.<\/li>\n<\/ul>\n<p><strong><u>Important: (El termini per realizar el pagament \u00e9s de 10 dies)<\/u><\/strong><\/p>\n<p><u>Si fas el pagament on-line haur\u00e0s de descarregar i imprimir el justificant, en cas de fer-ho per el caixer haur\u00e0s de portar el justificant del pagament realitzat.<\/u><\/p>\n<p>&nbsp;<\/p>\n<p>3) Un cop ja heu fet el pagament de la taxa, \u00e9s <strong>IMPRESCINDIBLE que retorneu presencialment a Secretaria <\/strong>la seg\u00fcent documentaci\u00f3:<\/p>\n<ul>\n<li>Justificant pagament de les taxes.<\/li>\n<li>Resguard sol\u00b7licitud t\u00edtol acad\u00e8mic impr\u00e8s (document amb codi de barres)<\/li>\n<\/ul>\n<p>&nbsp;<\/p>\n<p>4) Verificarem la documentaci\u00f3, i us segellarem i signarem el resguard que ser\u00e0 v\u00e0lid per justificar la titulaci\u00f3 obtinguda fins que no rebem l\u2019original al centre.<\/p>\n<p>&nbsp;<\/p>\n<ul>\n<li><strong>Sol\u00b7licitud d\u00faplicat FP1 i FP2:<\/strong><\/li>\n<\/ul>\n<p>Si has perdut el teu t\u00edtol d&#8217;FP1 o FP2 , i necessites sol\u00b7licitar un duplicat, <a href=\"https:\/\/agora.xtec.cat\/insandreunin\/wp-content\/uploads\/usu1005\/2024\/05\/INSTRUCCIONS-DUPLICAT-TITOLS-ANTICS-WEB-240522-LECTURA.docx\">clica aqu\u00ed<\/a>.<\/p>\n<div>En el seg\u00fcent enlla\u00e7 trobar\u00e0s les instruccions i els passos a seguir per la sol\u00b7licitud del duplicat. Recorda que la petici\u00f3 i liquidaci\u00f3 de les taxes corresponents, l&#8217;ha de fer la persona interessada. <strong><strong><strong>Podeu indicar que el t\u00edtol sigui tram\u00e8s al nostre centre. <\/strong><\/strong><\/strong><\/div>\n<div><\/div>\n<div><\/div>\n<div>\n<div>\n<ul>\n<li>Enlla\u00e7 per realitzar la gesti\u00f3: <a href=\"https:\/\/sede.administracionespublicas.gob.es\/pagina\/index\/directorio\/tasa059\" target=\"_blank\" rel=\"noopener\" data-saferedirecturl=\"https:\/\/www.google.com\/url?q=https:\/\/sede.administracionespublicas.gob.es\/pagina\/index\/directorio\/tasa059&amp;source=gmail&amp;ust=1716451378570000&amp;usg=AOvVaw0dRNbJFSPsANRBcn2M_62U\">duplicat t\u00edtol FP1\/FP2<\/a><\/li>\n<\/ul>\n<\/div>\n<\/div>\n<div><\/div>\n<hr \/>\n<ul>\n<li><strong>Recollida de t\u00edtols<\/strong><\/li>\n<\/ul>\n<p>Si vas sol\u00b7licitar el teu t\u00edtol acad\u00e8mic fa <strong>tres anys o m\u00e9s<\/strong>, t\u2019haur\u00e0s de posar en contacte amb nosaltres a trav\u00e9s del correu electr\u00f2nic de\u00a0<u><a href=\"mailto:secretaria@insandreunin.cat\">secretaria@insandreunin.cat<\/a><\/u>.<\/p>\n<p>I si el t\u00edtol s\u2019ha rebut, podr\u00e0s venir a recollir-lo.<\/p>\n<p>Recorda que <strong>per venir a recollir el teu t\u00edtol<\/strong> haur\u00e0s de portar la <strong>seg\u00fcent documentaci\u00f3<\/strong>:<\/p>\n<ul>\n<li>Document d\u2019identitat.<\/li>\n<li>Resguard de pagament de les taxes (en cas de p\u00e8rdua, has d\u2019emplenar i porta <a href=\"https:\/\/agora.xtec.cat\/insandreunin\/wp-content\/uploads\/usu1005\/2024\/05\/sollicitud-lliurament-titol-sense-resguard.pdf\"><strong>aquest document<\/strong><\/a>)<\/li>\n<\/ul>\n<p><strong>Si no pots venir<\/strong> i <strong>vols autoritzar el lliurament del teu t\u00edtol<\/strong>, has d\u2019emplenar la seg\u00fcent autoritzaci\u00f3 <a href=\"https:\/\/agora.xtec.cat\/insandreunin\/wp-content\/uploads\/usu1005\/2024\/05\/autoritzacio-recollida-titol.pdf\"><strong>clica aqu\u00ed <\/strong><\/a>i donar-li a la persona autoritzada juntament amb una fotoc\u00f2pia del teu document d&#8217;identitat.<\/p>\n<p>La <strong>persona autoritzada<\/strong> a recollir el t\u00edtol <strong>haur\u00e0 de portar la seg\u00fcent documentaci\u00f3<\/strong>:<\/p>\n<ul>\n<li>Autoritzaci\u00f3 lliurament de t\u00edtol emplenat i signat per la persona interessada.<\/li>\n<li>Fotoc\u00f2pia del document d\u2019identitat de l\u2019interessat\/da.<\/li>\n<li>Document d\u2019identitat de la persona autoritzada a la recollida.<\/li>\n<li>Resguard del pagament de les taxes (en cas de p\u00e8rdua, has d\u2019emplenar i porta <a href=\"https:\/\/agora.xtec.cat\/insandreunin\/wp-content\/uploads\/usu1005\/2024\/05\/sollicitud-lliurament-titol-sense-resguard.pdf\"><strong>aquest document<\/strong><\/a>)<\/li>\n<\/ul>\n<p><strong>\u00a0<\/strong><\/p>\n<p>&nbsp;<\/p>\n","protected":false},"excerpt":{"rendered":"<p>Sol\u00b7licitud de t\u00edtols: Si has acabat els teus estudis al nostre institut, ja pots sol\u00b7licitar el teu t\u00edtol acad\u00e8mic, cal que segueixis les INSTRUCCIONS: &nbsp; 1) Emplenar el FORMULARI: (Formulari per sol\u00b7licitar un t\u00edtol acad\u00e8mic). Recorda que per poder omplir el formulari, haur\u00e0s de preparar abans la seg\u00fcent documentaci\u00f3 digitalitzada en arxius separats: Anvers del [&hellip;]<\/p>\n","protected":false},"author":1,"featured_media":0,"parent":16561,"menu_order":0,"comment_status":"closed","ping_status":"closed","template":"page-templates\/side-menu.php","meta":{"_bbp_topic_count":0,"_bbp_reply_count":0,"_bbp_total_topic_count":0,"_bbp_total_reply_count":0,"_bbp_voice_count":0,"_bbp_anonymous_reply_count":0,"_bbp_topic_count_hidden":0,"_bbp_reply_count_hidden":0,"_bbp_forum_subforum_count":0,"site-sidebar-layout":"default","site-content-layout":"","ast-site-content-layout":"","site-content-style":"default","site-sidebar-style":"default","ast-global-header-display":"","ast-banner-title-visibility":"","ast-main-header-display":"","ast-hfb-above-header-display":"","ast-hfb-below-header-display":"","ast-hfb-mobile-header-display":"","site-post-title":"","ast-breadcrumbs-content":"","ast-featured-img":"","footer-sml-layout":"","theme-transparent-header-meta":"","adv-header-id-meta":"","stick-header-meta":"","header-above-stick-meta":"","header-main-stick-meta":"","header-below-stick-meta":"","astra-migrate-meta-layouts":"default","ast-page-background-enabled":"default","ast-page-background-meta":{"desktop":{"background-color":"var(--ast-global-color-4)","background-image":"","background-repeat":"repeat","background-position":"center center","background-size":"auto","background-attachment":"scroll","background-type":"","background-media":"","overlay-type":"","overlay-color":"","overlay-opacity":"","overlay-gradient":""},"tablet":{"background-color":"","background-image":"","background-repeat":"repeat","background-position":"center center","background-size":"auto","background-attachment":"scroll","background-type":"","background-media":"","overlay-type":"","overlay-color":"","overlay-opacity":"","overlay-gradient":""},"mobile":{"background-color":"","background-image":"","background-repeat":"repeat","background-position":"center center","background-size":"auto","background-attachment":"scroll","background-type":"","background-media":"","overlay-type":"","overlay-color":"","overlay-opacity":"","overlay-gradient":""}},"ast-content-background-meta":{"desktop":{"background-color":"var(--ast-global-color-5)","background-image":"","background-repeat":"repeat","background-position":"center center","background-size":"auto","background-attachment":"scroll","background-type":"","background-media":"","overlay-type":"","overlay-color":"","overlay-opacity":"","overlay-gradient":""},"tablet":{"background-color":"var(--ast-global-color-5)","background-image":"","background-repeat":"repeat","background-position":"center center","background-size":"auto","background-attachment":"scroll","background-type":"","background-media":"","overlay-type":"","overlay-color":"","overlay-opacity":"","overlay-gradient":""},"mobile":{"background-color":"var(--ast-global-color-5)","background-image":"","background-repeat":"repeat","background-position":"center center","background-size":"auto","background-attachment":"scroll","background-type":"","background-media":"","overlay-type":"","overlay-color":"","overlay-opacity":"","overlay-gradient":""}},"footnotes":""},"class_list":["post-16567","page","type-page","status-publish","hentry"],"post_mailing_queue_ids":[],"_links":{"self":[{"href":"https:\/\/agora.xtec.cat\/insandreunin\/wp-json\/wp\/v2\/pages\/16567","targetHints":{"allow":["GET"]}}],"collection":[{"href":"https:\/\/agora.xtec.cat\/insandreunin\/wp-json\/wp\/v2\/pages"}],"about":[{"href":"https:\/\/agora.xtec.cat\/insandreunin\/wp-json\/wp\/v2\/types\/page"}],"author":[{"embeddable":true,"href":"https:\/\/agora.xtec.cat\/insandreunin\/wp-json\/wp\/v2\/users\/1"}],"replies":[{"embeddable":true,"href":"https:\/\/agora.xtec.cat\/insandreunin\/wp-json\/wp\/v2\/comments?post=16567"}],"version-history":[{"count":6,"href":"https:\/\/agora.xtec.cat\/insandreunin\/wp-json\/wp\/v2\/pages\/16567\/revisions"}],"predecessor-version":[{"id":22166,"href":"https:\/\/agora.xtec.cat\/insandreunin\/wp-json\/wp\/v2\/pages\/16567\/revisions\/22166"}],"up":[{"embeddable":true,"href":"https:\/\/agora.xtec.cat\/insandreunin\/wp-json\/wp\/v2\/pages\/16561"}],"wp:attachment":[{"href":"https:\/\/agora.xtec.cat\/insandreunin\/wp-json\/wp\/v2\/media?parent=16567"}],"curies":[{"name":"wp","href":"https:\/\/api.w.org\/{rel}","templated":true}]}}