{"id":16565,"date":"2021-02-05T08:58:19","date_gmt":"2021-02-05T07:58:19","guid":{"rendered":"http:\/\/agora.xtec.cat\/insandreunin\/?page_id=16565"},"modified":"2024-05-21T10:01:23","modified_gmt":"2024-05-21T08:01:23","slug":"sollicitud-de-certificats","status":"publish","type":"page","link":"https:\/\/agora.xtec.cat\/insandreunin\/secretaria\/tramits-i-documentacio\/sollicitud-de-certificats\/","title":{"rendered":"Sol\u00b7licitud reconeixement del nivell de catal\u00e0 B2 o C1"},"content":{"rendered":"<p>Si vols demanar un certificat de reconeixement del nivell B2 o C1 de catal\u00e0, has d&#8217;omplir el seg\u00fcent formulari:<\/p>\n<table class=\" alignleft\" style=\"height: 47px; width: 38.5077%; border-collapse: collapse;\" cellspacing=\"2px\">\n<tbody>\n<tr style=\"height: 32px;\">\n<td style=\"width: 100%; height: 47px; border-color: #808080; border-style: ridge; background-color: #b58282; text-align: center; vertical-align: middle;\" scope=\"row\"><a href=\"https:\/\/docs.google.com\/forms\/d\/e\/1FAIpQLSdU_O2wxv6b_Eq_MOe5A95yJGcPpzdRcWI7NP--XRl71Rf_vA\/viewform\" target=\"_blank\" rel=\"noopener\"><span style=\"color: #ffffff;\"><strong><span style=\"font-size: 14pt;\">Formulari de sol\u00b7licitud<\/span><\/strong><\/span><\/a><\/td>\n<\/tr>\n<\/tbody>\n<\/table>\n<p>&nbsp;<\/p>\n<p>&nbsp;<\/p>\n<p>Revisarem la teva sol\u00b7licitud i si tens dret a l&#8217;obtenci\u00f3 del certificat, et respondrem al correu electr\u00f2nic que has indicat al formulari amb instruccions per venir al centre a recollir-lo.<\/p>\n<p><strong>Termini de lliurament del certificat<\/strong>: Aproximadament 2-3 dies h\u00e0bils des de la sol\u00b7licitud, subjecte al volum de feina.<\/p>\n<hr \/>\n<hr \/>\n<p>Per poder omplir el formulari, et recomanem preparar abans la seg\u00fcent documentaci\u00f3 digitalitzada en arxius separats:<\/p>\n<ul>\n<li style=\"list-style-type: none;\">\n<ul style=\"list-style-type: circle;\">\n<li>Document d\u2019identificaci\u00f3 del sol\u00b7licitant davant <span style=\"color: #999999;\">(imatge o PDF)<\/span>.<\/li>\n<li>Document d\u2019identificaci\u00f3 del sol\u00b7licitant darrera <span style=\"color: #999999;\">(imatge o PDF)<\/span>.<\/li>\n<li>Documents acreditatius de l&#8217;escolaritzaci\u00f3 en catal\u00e0 <span style=\"color: #999999;\">(PDF)<\/span>:\n<ul style=\"list-style-type: disc;\">\n<li>Historials acad\u00e8mics o llibres d&#8217;escolaritat (veure <a href=\"https:\/\/agora.xtec.cat\/insandreunin\/secretaria\/tramits-i-documentacio\/sollicitud-de-certificats\/#quadre\">quadre d&#8217;equival\u00e8ncies<\/a>).<\/li>\n<li>En cas de no tenir el llibre d&#8217;escolaritat o historial d&#8217;alguna de les etapes, haur\u00e0s d&#8217;aportar un <strong>certificat acreditatiu <\/strong><strong>superaci\u00f3\u00a0\u00a0\u00a0\u00a0\u00a0\u00a0\u00a0\u00a0\u00a0\u00a0\u00a0\u00a0\u00a0\u00a0\u00a0 de catal\u00e0 o de no exempci\u00f3 <\/strong>, expedit pel centre\/escola on vas estudiar.<\/li>\n<\/ul>\n<\/li>\n<li>T\u00edtol del nivell acreditat (davant i darrera) <span style=\"color: #999999;\">(PDF)<\/span>.<\/li>\n<\/ul>\n<\/li>\n<\/ul>\n<hr \/>\n<p>Pots consultar tota la informaci\u00f3 relacionada amb aquest tr\u00e0mit a la <a href=\"https:\/\/web.gencat.cat\/ca\/tramits\/tramits-temes\/22046-reconeixement-b2-c1-catala?category=742b7874-a82c-11e3-a972-000c29052e2c&amp;moda=1\">web del Departament d&#8217;Educaci\u00f3<\/a>.<a id=\"quadre\"><\/a><\/p>\n<hr \/>\n<p><strong><span style=\"font-size: 14pt; color: #993300;\">Quadre d&#8217;equival\u00e8ncies<\/span><\/strong><\/p>\n<table style=\"width: 92.7604%; height: 143px;\">\n<tbody>\n<tr style=\"height: 40px;\">\n<td style=\"width: 98.5423%; height: 40px; background-color: #bf9797; text-align: center;\" colspan=\"3\" width=\"570\"><strong>Nivell B2 (intermedi)<\/strong><strong>\u00a0<\/strong><\/td>\n<\/tr>\n<tr style=\"height: 32px;\">\n<td style=\"width: 24.344%; height: 32px; text-align: center; background-color: #ebc5c5;\" width=\"180\">T\u00edtol presentat<\/td>\n<td style=\"width: 41.691%; height: 32px; text-align: center; background-color: #ebc5c5;\" width=\"199\">Requisit<\/td>\n<td style=\"width: 32.5073%; height: 32px; text-align: center; background-color: #ebc5c5;\" width=\"187\">Documents escanejats que cal aportar<\/td>\n<\/tr>\n<tr style=\"height: 44px;\">\n<td style=\"width: 24.344%; height: 44px;\" width=\"180\">T\u00edtol de graduat escolar (EGB)<\/td>\n<td style=\"width: 41.691%; height: 44px;\" width=\"199\">Sempre que s&#8217;hagi cursat tota l&#8217;EGB a Catalunya. A partir del curs 1978\/1979 (curs d&#8217;inici d&#8217;EGB) i haver aprovat la mat\u00e8ria de la llengua catalana en la\u00a0totalitat\u00a0dels estudis esmentats.<\/td>\n<td style=\"width: 32.5073%; height: 44px;\" width=\"187\">\n<ul>\n<li>DNI (davant i darrera)<\/li>\n<li>Historial acad\u00e8mic o llibre d\u2019escolaritat o certificat acreditatiu**<\/li>\n<li>T\u00edtol d\u2019EGB (davant i darrera)<\/li>\n<\/ul>\n<\/td>\n<\/tr>\n<tr style=\"height: 27px;\">\n<td style=\"width: 24.344%; height: 27px;\" width=\"180\">T\u00edtol FP1<\/td>\n<td style=\"width: 41.691%; height: 27px;\" width=\"199\">Sempre que s\u2019hagi cursat tota l\u2019EGB i l\u2019FP1 a Catalunya. A partir del curs 1978\/1979 (curs d&#8217;inici d&#8217;EGB) i haver aprovat la mat\u00e8ria de llengua catalana\u00a0en la totalitat dels estudis\u00a0esmentats.<\/td>\n<td style=\"width: 32.5073%; height: 27px;\" width=\"187\">\n<ul>\n<li style=\"list-style-type: none;\">\n<ul>DNI (davant i darrera)<\/ul>\n<\/li>\n<\/ul>\n<ul>\n<li>Historial acad\u00e8mic o llibre d\u2019escolaritat d\u2019EGB o certificat acreditatiu**<\/li>\n<li>Certificat acad\u00e8mic d\u2019FP1 o certificat acreditatiu**<\/li>\n<li>T\u00edtol de T\u00e8cnic auxiliar FP1 (davant i darrera)<\/li>\n<\/ul>\n<\/td>\n<\/tr>\n<\/tbody>\n<\/table>\n<p>** <span style=\"text-decoration: underline;\">Certificat acreditatiu:<\/span> en cas de no tenir el llibre d&#8217;escolaritat o l&#8217;historial acad\u00e8mic, heu d&#8217;anar a l&#8217;escola o institut on vau estudiar, i demanar un certificat que indiqui els anys, els cursos d&#8217;escolaritat i la frase: <strong>&#8220;l&#8217;alumne ha cursat i aprovat la mat\u00e8ria de llengua catalana&#8221;<\/strong><\/p>\n<table style=\"width: 92.6252%; height: 622px;\">\n<tbody>\n<tr style=\"height: 37px;\">\n<td style=\"width: 98.5402%; height: 40px; background-color: #bf9797; text-align: center;\" colspan=\"3\" width=\"570\"><strong>Nivell C1 (sufici\u00e8ncia)<\/strong><strong>\u00a0<\/strong><\/td>\n<\/tr>\n<tr style=\"height: 46px;\">\n<td style=\"width: 24.2336%; height: 46px; text-align: center; background-color: #ebc5c5;\" width=\"183\">T\u00edtol presentat<\/td>\n<td style=\"width: 42.0438%; height: 46px; text-align: center; background-color: #ebc5c5;\" width=\"198\">Requisit<\/td>\n<td style=\"width: 32.2628%; height: 46px; text-align: center; background-color: #ebc5c5;\" width=\"185\">Documents escanejats que cal aportar<\/td>\n<\/tr>\n<tr style=\"height: 100px;\">\n<td style=\"width: 24.2336%; height: 100px;\" width=\"183\">T\u00edtol BUP<\/td>\n<td style=\"width: 42.0438%; height: 100px;\" width=\"198\">Sempre que s\u2019hagi cursat tota l\u2019EGB i el BUP a Catalunya. A partir del curs 1978\/1979 i haver aprovat la mat\u00e8ria de llengua catalana\u00a0en la totalitat dels estudis\u00a0esmentats.<\/td>\n<td style=\"width: 32.2628%; height: 100px;\" width=\"185\">\n<ul>\n<li>DNI (davant i darrera)<\/li>\n<li>Historial acad\u00e8mic o llibre d\u2019EGB i BUP o o certificat acreditatiu**<\/li>\n<li>T\u00edtol de BUP (davant i darrera)<\/li>\n<\/ul>\n<\/td>\n<\/tr>\n<tr style=\"height: 167px;\">\n<td style=\"width: 24.2336%; height: 167px;\" width=\"183\">T\u00edtol FP2<\/td>\n<td style=\"width: 42.0438%; height: 167px;\" width=\"198\">Sempre que s\u2019hagi cursat tota l\u2019EGB, l\u2019FP1 i l\u2019FP2 a Catalunya i s\u2019hagi cursat de manera oficial la mat\u00e8ria de llengua catalana\u00a0<strong>en la totalitat dels estudis<\/strong>\u00a0esmentats a partir del curs 1978-1979.<\/td>\n<td style=\"width: 32.2628%; height: 167px;\" width=\"185\">\n<ul>\n<li>DNI (davant i darrera)<\/li>\n<li>Historial acad\u00e8mic o llibre d\u2019EGB o o certificat acreditatiu**<\/li>\n<li>Certificat acad\u00e8mic oficial d\u2019FP1 i FP2 o certificat acreditatiu**<\/li>\n<li>T\u00edtol de FP2 (davant i darrera)<\/li>\n<\/ul>\n<\/td>\n<\/tr>\n<tr style=\"height: 144px;\">\n<td style=\"width: 24.2336%; height: 144px;\" width=\"183\">T\u00edtol BATXILLERAT (LOGSE)<\/td>\n<td style=\"width: 42.0438%; height: 144px;\" width=\"198\">Sempre que s\u2019hagin cursat a Catalunya tres cursos qualsevol de prim\u00e0ria i cinc cursos qualsevol entre l\u2019ESO i el batxillerat i s\u2019hagi cursat la mat\u00e8ria de llengua catalana en\u00a0<strong>la totalitat dels estudis<\/strong>\u00a0m\u00ednims esmentats.<\/td>\n<td style=\"width: 32.2628%; height: 144px;\" width=\"185\">\n<ul>\n<li>DNI (davant i darrera)<\/li>\n<li>Historial acad\u00e8mic o llibre de prim\u00e0ria o certificat acreditatiu**<\/li>\n<li>Historial acad\u00e8mic o llibre d\u2019ESO i de Batxillerat o certificat acreditatiu**<\/li>\n<li>T\u00edtol de Batxillerat (davant i darrera)<\/li>\n<\/ul>\n<\/td>\n<\/tr>\n<tr style=\"height: 128px;\">\n<td style=\"width: 24.2336%; height: 128px;\" width=\"183\">T\u00edtol ESO<\/td>\n<td style=\"width: 42.0438%; height: 128px;\" width=\"198\">Sempre que s\u2019hagin cursat a Catalunya almenys tres cursos qualsevol de prim\u00e0ria i tota l\u2019ESO. Apartir del curs 2007\/2008, haver aprovat la mat\u00e8ria llengua catalana en la totalitat dels estudis m\u00ednims esmentats. (el t\u00edtol d&#8217;ESO no garanteix que s&#8217;hagi superat la mat\u00e8ria)<\/td>\n<td style=\"width: 32.2628%; height: 128px;\" width=\"185\">\n<ul>\n<li>DNI (davant i darrera)<\/li>\n<li>Historial acad\u00e8mic o llibre de prim\u00e0ria i d\u2019ESO o certificat acreditatiu**<\/li>\n<li>T\u00edtol d&#8217;ESO (davant i darrera)<\/li>\n<\/ul>\n<\/td>\n<\/tr>\n<\/tbody>\n<\/table>\n<p><span style=\"text-decoration: underline;\">** Certificat acreditatiu:<\/span> en cas de no tenir el llibre d&#8217;escolaritat o l&#8217;historial acad\u00e8mic, heu d&#8217;anar a l&#8217;escola o institut on vau estudiar, i demanar un certificat que indiqui els anys, els cursos d&#8217;escolaritat i la frase: <strong>&#8220;l&#8217;alumne ha cursat i aprovat la mat\u00e8ria de llengua catalana&#8221;<\/strong><\/p>\n<p>&nbsp;<\/p>\n<p>Aquelles persones que no acompleixin els requisits detallats a la graella s\u2019han d\u2019adre\u00e7ar a:<\/p>\n<p><em>Departament d\u2019Ensenyament<br \/>\nVia Augusta, 202-226 | Barcelona<br \/>\nTel\u00e8fon: 934 006 900<\/em><\/p>\n","protected":false},"excerpt":{"rendered":"<p>Si vols demanar un certificat de reconeixement del nivell B2 o C1 de catal\u00e0, has d&#8217;omplir el seg\u00fcent formulari: Formulari de sol\u00b7licitud &nbsp; &nbsp; Revisarem la teva sol\u00b7licitud i si tens dret a l&#8217;obtenci\u00f3 del certificat, et respondrem al correu electr\u00f2nic que has indicat al formulari amb instruccions per venir al centre a recollir-lo. Termini [&hellip;]<\/p>\n","protected":false},"author":1,"featured_media":0,"parent":16561,"menu_order":0,"comment_status":"closed","ping_status":"closed","template":"page-templates\/side-menu.php","meta":{"_bbp_topic_count":0,"_bbp_reply_count":0,"_bbp_total_topic_count":0,"_bbp_total_reply_count":0,"_bbp_voice_count":0,"_bbp_anonymous_reply_count":0,"_bbp_topic_count_hidden":0,"_bbp_reply_count_hidden":0,"_bbp_forum_subforum_count":0,"site-sidebar-layout":"default","site-content-layout":"","ast-site-content-layout":"","site-content-style":"default","site-sidebar-style":"default","ast-global-header-display":"","ast-banner-title-visibility":"","ast-main-header-display":"","ast-hfb-above-header-display":"","ast-hfb-below-header-display":"","ast-hfb-mobile-header-display":"","site-post-title":"","ast-breadcrumbs-content":"","ast-featured-img":"","footer-sml-layout":"","theme-transparent-header-meta":"","adv-header-id-meta":"","stick-header-meta":"","header-above-stick-meta":"","header-main-stick-meta":"","header-below-stick-meta":"","astra-migrate-meta-layouts":"default","ast-page-background-enabled":"default","ast-page-background-meta":{"desktop":{"background-color":"var(--ast-global-color-4)","background-image":"","background-repeat":"repeat","background-position":"center center","background-size":"auto","background-attachment":"scroll","background-type":"","background-media":"","overlay-type":"","overlay-color":"","overlay-opacity":"","overlay-gradient":""},"tablet":{"background-color":"","background-image":"","background-repeat":"repeat","background-position":"center center","background-size":"auto","background-attachment":"scroll","background-type":"","background-media":"","overlay-type":"","overlay-color":"","overlay-opacity":"","overlay-gradient":""},"mobile":{"background-color":"","background-image":"","background-repeat":"repeat","background-position":"center center","background-size":"auto","background-attachment":"scroll","background-type":"","background-media":"","overlay-type":"","overlay-color":"","overlay-opacity":"","overlay-gradient":""}},"ast-content-background-meta":{"desktop":{"background-color":"var(--ast-global-color-5)","background-image":"","background-repeat":"repeat","background-position":"center center","background-size":"auto","background-attachment":"scroll","background-type":"","background-media":"","overlay-type":"","overlay-color":"","overlay-opacity":"","overlay-gradient":""},"tablet":{"background-color":"var(--ast-global-color-5)","background-image":"","background-repeat":"repeat","background-position":"center center","background-size":"auto","background-attachment":"scroll","background-type":"","background-media":"","overlay-type":"","overlay-color":"","overlay-opacity":"","overlay-gradient":""},"mobile":{"background-color":"var(--ast-global-color-5)","background-image":"","background-repeat":"repeat","background-position":"center center","background-size":"auto","background-attachment":"scroll","background-type":"","background-media":"","overlay-type":"","overlay-color":"","overlay-opacity":"","overlay-gradient":""}},"footnotes":""},"class_list":["post-16565","page","type-page","status-publish","hentry"],"post_mailing_queue_ids":[],"_links":{"self":[{"href":"https:\/\/agora.xtec.cat\/insandreunin\/wp-json\/wp\/v2\/pages\/16565","targetHints":{"allow":["GET"]}}],"collection":[{"href":"https:\/\/agora.xtec.cat\/insandreunin\/wp-json\/wp\/v2\/pages"}],"about":[{"href":"https:\/\/agora.xtec.cat\/insandreunin\/wp-json\/wp\/v2\/types\/page"}],"author":[{"embeddable":true,"href":"https:\/\/agora.xtec.cat\/insandreunin\/wp-json\/wp\/v2\/users\/1"}],"replies":[{"embeddable":true,"href":"https:\/\/agora.xtec.cat\/insandreunin\/wp-json\/wp\/v2\/comments?post=16565"}],"version-history":[{"count":6,"href":"https:\/\/agora.xtec.cat\/insandreunin\/wp-json\/wp\/v2\/pages\/16565\/revisions"}],"predecessor-version":[{"id":22149,"href":"https:\/\/agora.xtec.cat\/insandreunin\/wp-json\/wp\/v2\/pages\/16565\/revisions\/22149"}],"up":[{"embeddable":true,"href":"https:\/\/agora.xtec.cat\/insandreunin\/wp-json\/wp\/v2\/pages\/16561"}],"wp:attachment":[{"href":"https:\/\/agora.xtec.cat\/insandreunin\/wp-json\/wp\/v2\/media?parent=16565"}],"curies":[{"name":"wp","href":"https:\/\/api.w.org\/{rel}","templated":true}]}}