{"id":16545,"date":"2021-02-04T19:40:46","date_gmt":"2021-02-04T18:40:46","guid":{"rendered":"http:\/\/agora.xtec.cat\/insandreunin\/?page_id=16545"},"modified":"2026-03-27T12:51:57","modified_gmt":"2026-03-27T11:51:57","slug":"cfgs","status":"publish","type":"page","link":"https:\/\/agora.xtec.cat\/insandreunin\/secretaria\/preinscripcio-matricula\/cfgs\/","title":{"rendered":"CICLE FORMATIU GRAU SUPERIOR"},"content":{"rendered":"<p><strong><span style=\"font-size: 14pt;\">JORNADA DE PORTES OBERTES<\/span><\/strong><\/p>\n<table style=\"border-collapse: collapse; width: 100%;\">\n<tbody>\n<tr>\n<td style=\"width: 24.8775%; border-color: #ffffff;\"><img loading=\"lazy\" decoding=\"async\" class=\"alignnone wp-image-24487 size-large\" src=\"https:\/\/agora.xtec.cat\/insandreunin\/wp-content\/uploads\/usu1005\/2026\/03\/Comunicacions-INS-ANDREU-NIN-1-1024x1024.png\" alt=\"\" width=\"1024\" height=\"1024\" srcset=\"https:\/\/agora.xtec.cat\/insandreunin\/wp-content\/uploads\/usu1005\/2026\/03\/Comunicacions-INS-ANDREU-NIN-1-1024x1024.png 1024w, https:\/\/agora.xtec.cat\/insandreunin\/wp-content\/uploads\/usu1005\/2026\/03\/Comunicacions-INS-ANDREU-NIN-1-300x300.png 300w, https:\/\/agora.xtec.cat\/insandreunin\/wp-content\/uploads\/usu1005\/2026\/03\/Comunicacions-INS-ANDREU-NIN-1-150x150.png 150w, https:\/\/agora.xtec.cat\/insandreunin\/wp-content\/uploads\/usu1005\/2026\/03\/Comunicacions-INS-ANDREU-NIN-1-768x768.png 768w, https:\/\/agora.xtec.cat\/insandreunin\/wp-content\/uploads\/usu1005\/2026\/03\/Comunicacions-INS-ANDREU-NIN-1.png 1080w\" sizes=\"auto, (max-width: 1024px) 100vw, 1024px\" \/><\/td>\n<td style=\"width: 75.1225%; vertical-align: top; border-color: #ffffff;\">\n<p data-pm-slice=\"1 1 []\">El\u00a0<strong>dimecres 8 d\u2019abril<\/strong> (<a href=\"https:\/\/drive.google.com\/file\/d\/1yC-oPb-1fjqqYbMJmuhR5bCYqC0K6CNz\/view?usp=sharing\" target=\"_blank\" rel=\"noopener\">consulta horaris<\/a>) es far\u00e0 la Jornada de Portes Obertes de Cicles Formatius.<\/p>\n<p>Coneix tota l&#8217;<a href=\"https:\/\/agora.xtec.cat\/insandreunin\/estudis-que-oferim\/cicles-formatius\/\">oferta d&#8217;estudis<\/a> que t&#8217;ofereix l&#8217;Institut Andreu Nin, on podr\u00e0s escollir entre 8 fam\u00edlies professionals.<\/p>\n<p>&nbsp;<\/td>\n<\/tr>\n<\/tbody>\n<\/table>\n<hr class=\"wp-block-separator has-text-color has-cyan-bluish-gray-color has-alpha-channel-opacity has-cyan-bluish-gray-background-color has-background is-style-default\" \/>\n<p><strong><span style=\"font-size: 14pt;\">PREINSCRIPCI\u00d3<\/span><\/strong><\/p>\n<table style=\"border-collapse: collapse; width: 100%; height: 111px;\">\n<tbody>\n<tr style=\"height: 44px;\">\n<td style=\"width: 24.0705%; height: 111px; background-color: #ffffff; border-color: #ffffff; vertical-align: top;\"><img loading=\"lazy\" decoding=\"async\" class=\"alignnone size-large wp-image-23054\" src=\"https:\/\/agora.xtec.cat\/insandreunin\/wp-content\/uploads\/usu1005\/2025\/03\/427A7131-1024x1024.jpg\" alt=\"\" width=\"1024\" height=\"1024\" srcset=\"https:\/\/agora.xtec.cat\/insandreunin\/wp-content\/uploads\/usu1005\/2025\/03\/427A7131-1024x1024.jpg 1024w, https:\/\/agora.xtec.cat\/insandreunin\/wp-content\/uploads\/usu1005\/2025\/03\/427A7131-300x300.jpg 300w, https:\/\/agora.xtec.cat\/insandreunin\/wp-content\/uploads\/usu1005\/2025\/03\/427A7131-150x150.jpg 150w, https:\/\/agora.xtec.cat\/insandreunin\/wp-content\/uploads\/usu1005\/2025\/03\/427A7131-768x768.jpg 768w, https:\/\/agora.xtec.cat\/insandreunin\/wp-content\/uploads\/usu1005\/2025\/03\/427A7131.jpg 1280w\" sizes=\"auto, (max-width: 1024px) 100vw, 1024px\" \/><\/td>\n<td style=\"width: 74.9791%; height: 52px; background-color: #ffffff; border-color: #ffffff; vertical-align: top;\">\n<p style=\"text-align: justify;\">Podeu consultar tota la <a style=\"font-family: inherit; font-size: 1em;\" href=\"https:\/\/preinscripcio.gencat.cat\/ca\/estudis\/fp-grau-superior\/inici\/\" target=\"_blank\" rel=\"noopener\">informaci\u00f3 en relaci\u00f3 a la preinscripci\u00f3 2026\/2027 <\/a>a la plana web del Departament d&#8217;Educaci\u00f3 i Formaci\u00f3 Professional; a la vegada s&#8217;han publicat les <a href=\"https:\/\/preinscripcio.gencat.cat\/ca\/estudis\/fp-grau-superior\/informat\/consulta-notes-tall\/index.html\">notes de tall de refer\u00e8ncia del curs 2025\/2026<\/a>\u00a0i<a href=\"https:\/\/preinscripcio.gencat.cat\/ca\/estudis\/fp-grau-superior\/informat\/fes-simulacre\/\"> un simulador <\/a>perqu\u00e8 pugueu con\u00e8ixer el proc\u00e9s.<\/p>\n<p style=\"text-align: justify;\">Al llarg de tot el procediment \u00e9s important que\u00a0<a href=\"https:\/\/preinscripcio.gencat.cat\/ca\/estudis\/fp-grau-superior\/informat\/calendari\/\">conegueu les dates clau del calendari i les accions associades.<\/a><\/p>\n<p style=\"text-align: justify;\"><a href=\"https:\/\/preinscripcio.gencat.cat\/ca\/estudis\/fp-grau-superior\/informat\/criteris-assignacio\/\">Consulteu els criteris de selecci\u00f3 i prioritzaci\u00f3.\u00a0<\/a><\/p>\n<\/td>\n<td style=\"width: 1.02249%; background-color: #ffffff; border-color: #ffffff; vertical-align: top; height: 52px;\"><\/td>\n<\/tr>\n<\/tbody>\n<\/table>\n<table style=\"border-collapse: collapse; width: 100%; height: 416px;\">\n<tbody>\n<tr style=\"height: 32px;\">\n<td style=\"width: 25.1138%; height: 32px; border-color: #ffffff; background-color: #ffffff;\"><strong><span style=\"color: #ff6600;\">22 de maig<\/span><\/strong><\/td>\n<td style=\"width: 74.8862%; height: 32px; border-color: #ffffff; background-color: #ffffff;\">Oferta inicial de places<\/td>\n<\/tr>\n<tr style=\"height: 32px;\">\n<td style=\"width: 25.1138%; height: 32px; border-color: #ffffff; background-color: #ffffff;\"><strong><span style=\"color: #ff6600;\">26 de maig a l&#8217;1 de juny<\/span><\/strong><\/td>\n<td style=\"width: 74.8862%; height: 32px; border-color: #ffffff; background-color: #ffffff;\">Per\u00edode de preinscripci\u00f3. Les sol\u00b7licituds es realitzaran \u00fanicament per internet<\/td>\n<\/tr>\n<tr style=\"height: 32px;\">\n<td style=\"width: 25.1138%; height: 32px; border-color: #ffffff; background-color: #ffffff;\"><strong><span style=\"color: #ff6600;\">26 de maig al 2 de juny<\/span><\/strong><\/td>\n<td style=\"width: 74.8862%; height: 32px; border-color: #ffffff; background-color: #ffffff;\">Presentaci\u00f3 de la documentaci\u00f3 acreditativa<\/td>\n<\/tr>\n<tr style=\"height: 32px;\">\n<td style=\"width: 25.1138%; height: 32px; border-color: #ffffff; background-color: #ffffff;\"><strong><span style=\"color: #ff6600;\">29 de juny<\/span><\/strong><\/td>\n<td style=\"width: 74.8862%; height: 32px; border-color: #ffffff; background-color: #ffffff;\">Publicaci\u00f3 de llistes amb el barem provisional<\/td>\n<\/tr>\n<tr style=\"height: 32px;\">\n<td style=\"width: 25.1138%; border-color: #ffffff; background-color: #ffffff; height: 32px;\"><strong><span style=\"color: #ff6600;\">29 de juny al 2 de juliol<\/span><\/strong><\/td>\n<td style=\"width: 74.8862%; border-color: #ffffff; background-color: #ffffff; height: 32px;\">Presentaci\u00f3 de reclamacions a la puntuaci\u00f3 provisional<\/td>\n<\/tr>\n<tr style=\"height: 32px;\">\n<td style=\"width: 25.1138%; border-color: #ffffff; background-color: #ffffff; height: 32px;\"><strong><span style=\"color: #ff6600;\">6 de juliol<\/span><\/strong><\/td>\n<td style=\"width: 74.8862%; border-color: #ffffff; background-color: #ffffff; height: 32px;\">Sorteig del n\u00famero de desempat<\/td>\n<\/tr>\n<tr style=\"height: 32px;\">\n<td style=\"width: 25.1138%; border-color: #ffffff; background-color: #ffffff; height: 32px;\"><strong><span style=\"color: #ff6600;\">7 de juliol<\/span><\/strong><\/td>\n<td style=\"width: 74.8862%; border-color: #ffffff; background-color: #ffffff; height: 32px;\">Publicaci\u00f3 de llistes ordenades definitives<\/td>\n<\/tr>\n<tr style=\"height: 32px;\">\n<td style=\"width: 25.1138%; border-color: #ffffff; background-color: #ffffff; height: 32px;\"><strong><span style=\"color: #ff6600;\">10 de juliol<\/span><\/strong><\/td>\n<td style=\"width: 74.8862%; border-color: #ffffff; background-color: #ffffff; height: 32px;\">Oferta final de places i llista de places assignades en primera tanda<\/td>\n<\/tr>\n<tr style=\"height: 32px;\">\n<td style=\"width: 25.1138%; border-color: #ffffff; background-color: #ffffff; height: 32px;\"><strong><span style=\"color: #ff6600;\">10 al 14 de juliol<\/span><\/strong><\/td>\n<td style=\"width: 74.8862%; border-color: #ffffff; background-color: #ffffff; height: 32px;\">Confirma la matr\u00edcula, millora l\u2019assignaci\u00f3 o renuncia a la pla\u00e7a assignada a l\u2019enlla\u00e7 que rebreu per correu o SMS<\/td>\n<\/tr>\n<tr style=\"height: 32px;\">\n<td style=\"width: 25.1138%; border-color: #ffffff; background-color: #ffffff; height: 32px;\"><strong><span style=\"color: #ff6600;\">24 de juliol<\/span><\/strong><\/td>\n<td style=\"width: 74.8862%; border-color: #ffffff; background-color: #ffffff; height: 32px;\">Llista de places assignades en segona atanda<\/td>\n<\/tr>\n<tr style=\"height: 32px;\">\n<td style=\"width: 25.1138%; border-color: #ffffff; background-color: #ffffff; height: 32px;\"><strong><span style=\"color: #ff6600;\">24 i 28 de juliol<\/span><\/strong><\/td>\n<td style=\"width: 74.8862%; border-color: #ffffff; background-color: #ffffff; height: 32px;\">Confirma la matr\u00edcula o renuncia a la pla\u00e7a assignada (segona tanda d&#8217;assignaci\u00f3)<\/td>\n<\/tr>\n<\/tbody>\n<\/table>\n<p><strong>Has de tenir en compte que si no fas la confirmaci\u00f3 de matr\u00edcula en l\u00ednia i no completes la matr\u00edcula adre\u00e7ant-te al centre educatiu, perdr\u00e0s la pla\u00e7a assignada i quedar\u00e0s excl\u00f2s\/osa del proc\u00e9s.<\/strong><\/p>\n<hr class=\"wp-block-separator has-text-color has-cyan-bluish-gray-color has-alpha-channel-opacity has-cyan-bluish-gray-background-color has-background is-style-default\" \/>\n<p><strong><span style=\"font-size: 14pt;\">MATR\u00cdCULA<\/span><\/strong><\/p>\n<p><iframe loading=\"lazy\" title=\"YouTube video player\" src=\"\/\/www.youtube.com\/embed\/Lb9DKPy6yCE?si=zkmoeDbGlR9KnCk8\" width=\"560\" height=\"315\" frameborder=\"0\" allowfullscreen=\"allowfullscreen\"><\/iframe><\/p>\n<table style=\"border-collapse: collapse; width: 100%; height: 126px;\">\n<tbody>\n<tr style=\"height: 42px;\">\n<td style=\"width: 21.5179%; border-color: #ffffff; background-color: #ffffff; height: 42px;\"><strong><span style=\"color: #ff6600;\">10 al 16 de juliol <\/span><\/strong><strong><span style=\"color: #ff6600;\">(fins les 14:00h)<\/span><\/strong><\/td>\n<td style=\"width: 78.4821%; border-color: #ffffff; background-color: #ffffff; height: 42px;\">Per\u00edode per completar la matr\u00edcula al centre (<strong>primera tanda<\/strong>) un cop rebeu el <strong>correu amb les instruccions<\/strong> per fer-ho<\/td>\n<\/tr>\n<tr style=\"height: 42px;\">\n<td style=\"width: 21.5179%; border-color: #ffffff; background-color: #ffffff; height: 42px;\"><strong><span style=\"color: #ff6600;\">24 al 29 de juliol<\/span><\/strong><\/td>\n<td style=\"width: 78.4821%; border-color: #ffffff; background-color: #ffffff; height: 42px;\">Per\u00edode per completar la matr\u00edcula al centre (<strong>segona tanda<\/strong>) un cop rebeu el <strong>correu amb les instruccions<\/strong> per fer-ho<\/td>\n<\/tr>\n<\/tbody>\n<\/table>\n<p><span style=\"color: #ffffff;\"><strong><span style=\"font-size: 13.3333px;\"><span style=\"font-size: 10pt;\">Abans de fer la matr\u00edcula recordeu consultar els preus p\u00fablics del CFGS i\u00a0 consultar les despeses aproximades que es vinculen amb cada cicle formatiu.<\/span><\/span><\/strong><\/span><\/p>\n","protected":false},"excerpt":{"rendered":"<p>JORNADA DE PORTES OBERTES El\u00a0dimecres 8 d\u2019abril (consulta horaris) es far\u00e0 la Jornada de Portes Obertes de Cicles Formatius. Coneix tota l&#8217;oferta d&#8217;estudis que t&#8217;ofereix l&#8217;Institut Andreu Nin, on podr\u00e0s escollir entre 8 fam\u00edlies professionals. &nbsp; PREINSCRIPCI\u00d3 Podeu consultar tota la informaci\u00f3 en relaci\u00f3 a la preinscripci\u00f3 2026\/2027 a la plana web del Departament d&#8217;Educaci\u00f3 [&hellip;]<\/p>\n","protected":false},"author":1,"featured_media":0,"parent":20092,"menu_order":4,"comment_status":"closed","ping_status":"closed","template":"","meta":{"_bbp_topic_count":0,"_bbp_reply_count":0,"_bbp_total_topic_count":0,"_bbp_total_reply_count":0,"_bbp_voice_count":0,"_bbp_anonymous_reply_count":0,"_bbp_topic_count_hidden":0,"_bbp_reply_count_hidden":0,"_bbp_forum_subforum_count":0,"site-sidebar-layout":"default","site-content-layout":"","ast-site-content-layout":"default","site-content-style":"default","site-sidebar-style":"default","ast-global-header-display":"","ast-banner-title-visibility":"","ast-main-header-display":"","ast-hfb-above-header-display":"","ast-hfb-below-header-display":"","ast-hfb-mobile-header-display":"","site-post-title":"","ast-breadcrumbs-content":"","ast-featured-img":"","footer-sml-layout":"","theme-transparent-header-meta":"default","adv-header-id-meta":"","stick-header-meta":"","header-above-stick-meta":"","header-main-stick-meta":"","header-below-stick-meta":"","astra-migrate-meta-layouts":"set","ast-page-background-enabled":"default","ast-page-background-meta":{"desktop":{"background-color":"var(--ast-global-color-4)","background-image":"","background-repeat":"repeat","background-position":"center center","background-size":"auto","background-attachment":"scroll","background-type":"","background-media":"","overlay-type":"","overlay-color":"","overlay-opacity":"","overlay-gradient":""},"tablet":{"background-color":"","background-image":"","background-repeat":"repeat","background-position":"center center","background-size":"auto","background-attachment":"scroll","background-type":"","background-media":"","overlay-type":"","overlay-color":"","overlay-opacity":"","overlay-gradient":""},"mobile":{"background-color":"","background-image":"","background-repeat":"repeat","background-position":"center center","background-size":"auto","background-attachment":"scroll","background-type":"","background-media":"","overlay-type":"","overlay-color":"","overlay-opacity":"","overlay-gradient":""}},"ast-content-background-meta":{"desktop":{"background-color":"var(--ast-global-color-5)","background-image":"","background-repeat":"repeat","background-position":"center center","background-size":"auto","background-attachment":"scroll","background-type":"","background-media":"","overlay-type":"","overlay-color":"","overlay-opacity":"","overlay-gradient":""},"tablet":{"background-color":"var(--ast-global-color-5)","background-image":"","background-repeat":"repeat","background-position":"center center","background-size":"auto","background-attachment":"scroll","background-type":"","background-media":"","overlay-type":"","overlay-color":"","overlay-opacity":"","overlay-gradient":""},"mobile":{"background-color":"var(--ast-global-color-5)","background-image":"","background-repeat":"repeat","background-position":"center center","background-size":"auto","background-attachment":"scroll","background-type":"","background-media":"","overlay-type":"","overlay-color":"","overlay-opacity":"","overlay-gradient":""}},"footnotes":""},"class_list":["post-16545","page","type-page","status-publish","hentry"],"post_mailing_queue_ids":[],"_links":{"self":[{"href":"https:\/\/agora.xtec.cat\/insandreunin\/wp-json\/wp\/v2\/pages\/16545","targetHints":{"allow":["GET"]}}],"collection":[{"href":"https:\/\/agora.xtec.cat\/insandreunin\/wp-json\/wp\/v2\/pages"}],"about":[{"href":"https:\/\/agora.xtec.cat\/insandreunin\/wp-json\/wp\/v2\/types\/page"}],"author":[{"embeddable":true,"href":"https:\/\/agora.xtec.cat\/insandreunin\/wp-json\/wp\/v2\/users\/1"}],"replies":[{"embeddable":true,"href":"https:\/\/agora.xtec.cat\/insandreunin\/wp-json\/wp\/v2\/comments?post=16545"}],"version-history":[{"count":10,"href":"https:\/\/agora.xtec.cat\/insandreunin\/wp-json\/wp\/v2\/pages\/16545\/revisions"}],"predecessor-version":[{"id":24512,"href":"https:\/\/agora.xtec.cat\/insandreunin\/wp-json\/wp\/v2\/pages\/16545\/revisions\/24512"}],"up":[{"embeddable":true,"href":"https:\/\/agora.xtec.cat\/insandreunin\/wp-json\/wp\/v2\/pages\/20092"}],"wp:attachment":[{"href":"https:\/\/agora.xtec.cat\/insandreunin\/wp-json\/wp\/v2\/media?parent=16545"}],"curies":[{"name":"wp","href":"https:\/\/api.w.org\/{rel}","templated":true}]}}