{"id":16529,"date":"2021-02-04T19:37:22","date_gmt":"2021-02-04T18:37:22","guid":{"rendered":"http:\/\/agora.xtec.cat\/insandreunin\/?page_id=16529"},"modified":"2026-04-08T11:34:05","modified_gmt":"2026-04-08T09:34:05","slug":"batxillerat","status":"publish","type":"page","link":"https:\/\/agora.xtec.cat\/insandreunin\/secretaria\/preinscripcio-matricula\/batxillerat\/","title":{"rendered":"BATXILLERAT"},"content":{"rendered":"<p><strong><span style=\"font-size: 14pt;\">JORNADA DE PORTES OBERTES<\/span><\/strong><\/p>\n<table style=\"border-collapse: collapse; width: 100%;\">\n<tbody>\n<tr>\n<td style=\"width: 20.2683%; border-color: #ffffff;\"><a href=\"https:\/\/agora.xtec.cat\/insandreunin\/wp-content\/uploads\/usu1005\/2026\/02\/Portes-obertes-batxillerat-25-26.jpg\" target=\"_blank\" rel=\"noopener\"><img loading=\"lazy\" decoding=\"async\" class=\"alignnone wp-image-24408 size-large\" src=\"https:\/\/agora.xtec.cat\/insandreunin\/wp-content\/uploads\/usu1005\/2026\/02\/Portes-obertes-batxillerat-25-26-724x1024.jpg\" alt=\"\" width=\"724\" height=\"1024\" srcset=\"https:\/\/agora.xtec.cat\/insandreunin\/wp-content\/uploads\/usu1005\/2026\/02\/Portes-obertes-batxillerat-25-26-724x1024.jpg 724w, https:\/\/agora.xtec.cat\/insandreunin\/wp-content\/uploads\/usu1005\/2026\/02\/Portes-obertes-batxillerat-25-26-212x300.jpg 212w, https:\/\/agora.xtec.cat\/insandreunin\/wp-content\/uploads\/usu1005\/2026\/02\/Portes-obertes-batxillerat-25-26-768x1086.jpg 768w, https:\/\/agora.xtec.cat\/insandreunin\/wp-content\/uploads\/usu1005\/2026\/02\/Portes-obertes-batxillerat-25-26-1086x1536.jpg 1086w, https:\/\/agora.xtec.cat\/insandreunin\/wp-content\/uploads\/usu1005\/2026\/02\/Portes-obertes-batxillerat-25-26-1448x2048.jpg 1448w, https:\/\/agora.xtec.cat\/insandreunin\/wp-content\/uploads\/usu1005\/2026\/02\/Portes-obertes-batxillerat-25-26.jpg 1587w\" sizes=\"auto, (max-width: 724px) 100vw, 724px\" \/><\/a><\/td>\n<td style=\"width: 79.7317%; vertical-align: top; border-color: #ffffff;\">El <strong>dimecres 25 de mar\u00e7<\/strong>\u00a0a les <strong>18:00 hores<\/strong> es far\u00e0 la Jornada de Portes Obertes de batxillerat.<\/p>\n<p>Coneix el nostre <a href=\"https:\/\/agora.xtec.cat\/insandreunin\/estudis-que-oferim\/batxillerat\/\">batxillerat especialitzador<\/a> amb un nou enfocament m\u00e9s pr\u00e0ctic i professional de les optatives trimestrals de centre.<\/p>\n<p>&nbsp;<\/td>\n<\/tr>\n<\/tbody>\n<\/table>\n<hr class=\"wp-block-separator has-text-color has-cyan-bluish-gray-color has-alpha-channel-opacity has-cyan-bluish-gray-background-color has-background is-style-default\" \/>\n<p><strong><span style=\"font-size: 14pt;\">PREINSCRIPCI\u00d3<\/span><\/strong><\/p>\n<table style=\"border-collapse: collapse; width: 100%; height: 108px;\">\n<tbody>\n<tr style=\"height: 44px;\">\n<td style=\"width: 17.6577%; height: 108px; background-color: #ffffff; border-color: #ffffff;\" rowspan=\"3\"><a href=\"https:\/\/agora.xtec.cat\/insandreunin\/wp-content\/uploads\/usu1005\/2025\/02\/427A6484.jpg\" target=\"_blank\" rel=\"noopener\"><img loading=\"lazy\" decoding=\"async\" class=\"alignnone wp-image-23038 size-large\" src=\"https:\/\/agora.xtec.cat\/insandreunin\/wp-content\/uploads\/usu1005\/2025\/02\/427A6484-819x1024.jpg\" alt=\"\" width=\"819\" height=\"1024\" srcset=\"https:\/\/agora.xtec.cat\/insandreunin\/wp-content\/uploads\/usu1005\/2025\/02\/427A6484-819x1024.jpg 819w, https:\/\/agora.xtec.cat\/insandreunin\/wp-content\/uploads\/usu1005\/2025\/02\/427A6484-240x300.jpg 240w, https:\/\/agora.xtec.cat\/insandreunin\/wp-content\/uploads\/usu1005\/2025\/02\/427A6484-768x960.jpg 768w, https:\/\/agora.xtec.cat\/insandreunin\/wp-content\/uploads\/usu1005\/2025\/02\/427A6484-1229x1536.jpg 1229w, https:\/\/agora.xtec.cat\/insandreunin\/wp-content\/uploads\/usu1005\/2025\/02\/427A6484.jpg 1280w\" sizes=\"auto, (max-width: 819px) 100vw, 819px\" \/><\/a><\/td>\n<td style=\"width: 82.3423%; height: 44px; background-color: #ffffff; border-color: #ffffff;\">Podeu consultar tota la <a style=\"font-family: inherit; font-size: 1em;\" href=\"https:\/\/preinscripcio.gencat.cat\/ca\/inici\/index.html\" target=\"_blank\" rel=\"noopener\">informaci\u00f3 en relaci\u00f3 a la preinscripci\u00f3 2026\/2027<\/a>\u00a0a la plana web del Departament d&#8217;Educaci\u00f3 i Formaci\u00f3 Professional. Al llarg de tot el procediment \u00e9s important que <a href=\"https:\/\/preinscripcio.gencat.cat\/ca\/estudis\/batxillerat\/informat\/calendari\/\" target=\"_blank\" rel=\"noopener\">conegueu les dates clau del calendari i les accions associades.<\/a><\/td>\n<\/tr>\n<tr style=\"height: 32px;\">\n<td style=\"width: 82.3423%; height: 32px; background-color: #ffffff; border-color: #ffffff;\"><a href=\"https:\/\/drive.google.com\/file\/d\/1A5hrpvIyklBdu2Ngh-wPSUgxGf-ozfFx\/view?usp=sharing\" target=\"_blank\" rel=\"noopener\">Calendari de preinscripci\u00f3 2026\/2027<\/a><\/td>\n<\/tr>\n<tr style=\"height: 32px;\">\n<td style=\"width: 82.3423%; height: 32px; background-color: #ffffff; border-color: #ffffff;\"><a href=\"https:\/\/preinscripcio.gencat.cat\/ca\/estudis\/batxillerat\/informat\/criteris-assignacio\/\" target=\"_blank\" rel=\"noopener\">Criteris d&#8217;assignaci\u00f3 de pla\u00e7a 2026\/2027<\/a><\/td>\n<\/tr>\n<\/tbody>\n<\/table>\n<table style=\"border-collapse: collapse; width: 100%; height: 224px;\">\n<tbody>\n<tr style=\"height: 32px;\">\n<td style=\"width: 15.7832%; height: 32px; background-color: #ffffff; border-color: #ffffff;\"><span style=\"color: #ff6600;\"><strong>8 d&#8217;abril<\/strong><\/span><\/td>\n<td style=\"width: 84.2168%; height: 32px; background-color: #ffffff; border-color: #ffffff;\"><a href=\"https:\/\/drive.google.com\/file\/d\/13-mQhhK4fLIN1AlIHnJDZhDP5-xY5dsj\/view?usp=sharing\" target=\"_blank\" rel=\"noopener\">Oferta inicial de places<\/a><\/td>\n<\/tr>\n<tr style=\"height: 32px;\">\n<td style=\"width: 15.7832%; height: 32px; background-color: #ffffff; border-color: #ffffff;\"><span style=\"color: #ff6600;\"><strong>Del 9 al 16 d&#8217;abril<\/strong><\/span><\/td>\n<td style=\"width: 84.2168%; height: 32px; background-color: #ffffff; border-color: #ffffff;\">Per\u00edode de preinscripci\u00f3. Les sol\u00b7licituds es realitzaran \u00fanicament per internet<\/td>\n<\/tr>\n<tr style=\"height: 32px;\">\n<td style=\"width: 15.7832%; height: 32px; background-color: #ffffff; border-color: #ffffff;\"><span style=\"color: #ff6600;\"><strong>14 de maig<\/strong><\/span><\/td>\n<td style=\"width: 84.2168%; height: 32px; background-color: #ffffff; border-color: #ffffff;\">Publicaci\u00f3 de llistes amb el barem provisional<\/td>\n<\/tr>\n<tr style=\"height: 32px;\">\n<td style=\"width: 15.7832%; height: 32px; background-color: #ffffff; border-color: #ffffff;\"><span style=\"color: #ff6600;\"><strong>Del 14 al 20 de maig<\/strong><\/span><\/td>\n<td style=\"width: 84.2168%; height: 32px; background-color: #ffffff; border-color: #ffffff;\">Presentaci\u00f3 de reclamacions a la puntuaci\u00f3 provisional<\/td>\n<\/tr>\n<tr style=\"height: 32px;\">\n<td style=\"width: 15.7832%; height: 32px; background-color: #ffffff; border-color: #ffffff;\"><span style=\"color: #ff6600;\"><strong>26 de maig<\/strong><\/span><\/td>\n<td style=\"width: 84.2168%; height: 32px; background-color: #ffffff; border-color: #ffffff;\">Publicaci\u00f3 de llistes definitives i sorteig del n\u00famero de desempat<\/td>\n<\/tr>\n<tr style=\"height: 32px;\">\n<td style=\"width: 15.7832%; height: 32px; background-color: #ffffff; border-color: #ffffff;\"><span style=\"color: #ff6600;\"><strong>29 de maig<\/strong><\/span><\/td>\n<td style=\"width: 84.2168%; height: 32px; background-color: #ffffff; border-color: #ffffff;\">Publicaci\u00f3 de llistes ordenades definitives<\/td>\n<\/tr>\n<tr style=\"height: 32px;\">\n<td style=\"width: 15.7832%; height: 32px; background-color: #ffffff; border-color: #ffffff;\"><span style=\"color: #ff6600;\"><strong>17 de juny<\/strong><\/span><\/td>\n<td style=\"width: 84.2168%; height: 32px; background-color: #ffffff; border-color: #ffffff;\">Publicaci\u00f3 oferta final, llista d&#8217;admesos i llista d&#8217;espera<\/td>\n<\/tr>\n<\/tbody>\n<\/table>\n<hr class=\"wp-block-separator has-text-color has-cyan-bluish-gray-color has-alpha-channel-opacity has-cyan-bluish-gray-background-color has-background is-style-default\" \/>\n<p><strong><span style=\"font-size: 14pt;\">MATR\u00cdCULA<\/span><\/strong><\/p>\n<p>La matr\u00edcula es realitzar\u00e0 del 18 al 30 de juny.<\/p>\n<p>Aquest procediment \u00e9s per alumnes nous, no pels alumnes que ja estan matriculats al centre aquest curs 2025-2026. Per aquests alumnes ja s&#8217;informar\u00e0 del procediment de confirmaci\u00f3 de pla\u00e7a.<\/p>\n","protected":false},"excerpt":{"rendered":"<p>JORNADA DE PORTES OBERTES El dimecres 25 de mar\u00e7\u00a0a les 18:00 hores es far\u00e0 la Jornada de Portes Obertes de batxillerat. Coneix el nostre batxillerat especialitzador amb un nou enfocament m\u00e9s pr\u00e0ctic i professional de les optatives trimestrals de centre. &nbsp; PREINSCRIPCI\u00d3 Podeu consultar tota la informaci\u00f3 en relaci\u00f3 a la preinscripci\u00f3 2026\/2027\u00a0a la plana [&hellip;]<\/p>\n","protected":false},"author":1,"featured_media":0,"parent":20092,"menu_order":1,"comment_status":"closed","ping_status":"closed","template":"","meta":{"_bbp_topic_count":0,"_bbp_reply_count":0,"_bbp_total_topic_count":0,"_bbp_total_reply_count":0,"_bbp_voice_count":0,"_bbp_anonymous_reply_count":0,"_bbp_topic_count_hidden":0,"_bbp_reply_count_hidden":0,"_bbp_forum_subforum_count":0,"site-sidebar-layout":"default","site-content-layout":"","ast-site-content-layout":"default","site-content-style":"default","site-sidebar-style":"default","ast-global-header-display":"","ast-banner-title-visibility":"","ast-main-header-display":"","ast-hfb-above-header-display":"","ast-hfb-below-header-display":"","ast-hfb-mobile-header-display":"","site-post-title":"","ast-breadcrumbs-content":"","ast-featured-img":"","footer-sml-layout":"","theme-transparent-header-meta":"default","adv-header-id-meta":"","stick-header-meta":"","header-above-stick-meta":"","header-main-stick-meta":"","header-below-stick-meta":"","astra-migrate-meta-layouts":"set","ast-page-background-enabled":"default","ast-page-background-meta":{"desktop":{"background-color":"var(--ast-global-color-4)","background-image":"","background-repeat":"repeat","background-position":"center center","background-size":"auto","background-attachment":"scroll","background-type":"","background-media":"","overlay-type":"","overlay-color":"","overlay-opacity":"","overlay-gradient":""},"tablet":{"background-color":"","background-image":"","background-repeat":"repeat","background-position":"center center","background-size":"auto","background-attachment":"scroll","background-type":"","background-media":"","overlay-type":"","overlay-color":"","overlay-opacity":"","overlay-gradient":""},"mobile":{"background-color":"","background-image":"","background-repeat":"repeat","background-position":"center center","background-size":"auto","background-attachment":"scroll","background-type":"","background-media":"","overlay-type":"","overlay-color":"","overlay-opacity":"","overlay-gradient":""}},"ast-content-background-meta":{"desktop":{"background-color":"var(--ast-global-color-5)","background-image":"","background-repeat":"repeat","background-position":"center center","background-size":"auto","background-attachment":"scroll","background-type":"","background-media":"","overlay-type":"","overlay-color":"","overlay-opacity":"","overlay-gradient":""},"tablet":{"background-color":"var(--ast-global-color-5)","background-image":"","background-repeat":"repeat","background-position":"center center","background-size":"auto","background-attachment":"scroll","background-type":"","background-media":"","overlay-type":"","overlay-color":"","overlay-opacity":"","overlay-gradient":""},"mobile":{"background-color":"var(--ast-global-color-5)","background-image":"","background-repeat":"repeat","background-position":"center center","background-size":"auto","background-attachment":"scroll","background-type":"","background-media":"","overlay-type":"","overlay-color":"","overlay-opacity":"","overlay-gradient":""}},"footnotes":""},"class_list":["post-16529","page","type-page","status-publish","hentry"],"post_mailing_queue_ids":[],"_links":{"self":[{"href":"https:\/\/agora.xtec.cat\/insandreunin\/wp-json\/wp\/v2\/pages\/16529","targetHints":{"allow":["GET"]}}],"collection":[{"href":"https:\/\/agora.xtec.cat\/insandreunin\/wp-json\/wp\/v2\/pages"}],"about":[{"href":"https:\/\/agora.xtec.cat\/insandreunin\/wp-json\/wp\/v2\/types\/page"}],"author":[{"embeddable":true,"href":"https:\/\/agora.xtec.cat\/insandreunin\/wp-json\/wp\/v2\/users\/1"}],"replies":[{"embeddable":true,"href":"https:\/\/agora.xtec.cat\/insandreunin\/wp-json\/wp\/v2\/comments?post=16529"}],"version-history":[{"count":10,"href":"https:\/\/agora.xtec.cat\/insandreunin\/wp-json\/wp\/v2\/pages\/16529\/revisions"}],"predecessor-version":[{"id":24522,"href":"https:\/\/agora.xtec.cat\/insandreunin\/wp-json\/wp\/v2\/pages\/16529\/revisions\/24522"}],"up":[{"embeddable":true,"href":"https:\/\/agora.xtec.cat\/insandreunin\/wp-json\/wp\/v2\/pages\/20092"}],"wp:attachment":[{"href":"https:\/\/agora.xtec.cat\/insandreunin\/wp-json\/wp\/v2\/media?parent=16529"}],"curies":[{"name":"wp","href":"https:\/\/api.w.org\/{rel}","templated":true}]}}