{"id":16527,"date":"2024-02-09T00:00:47","date_gmt":"2024-02-08T23:00:47","guid":{"rendered":"http:\/\/agora.xtec.cat\/insandreunin\/?page_id=16527"},"modified":"2026-01-26T09:01:26","modified_gmt":"2026-01-26T08:01:26","slug":"proves-geso","status":"publish","type":"page","link":"https:\/\/agora.xtec.cat\/insandreunin\/secretaria\/preinscripcio-matricula\/eso\/proves-geso\/","title":{"rendered":"PROVES GESO 2026"},"content":{"rendered":"<h1 class=\"NG-menu__title\"><span style=\"font-size: 24pt;\">Graduat en educaci\u00f3 secund\u00e0ria obligat\u00f2ria <\/span><span style=\"font-size: 24pt;\">(alumnes que no l&#8217;han obtingut en finalitzar l&#8217;etapa)<\/span><\/h1>\n<p>Trobareu tota la informaci\u00f3 a la web del <a href=\"http:\/\/educacio.gencat.cat\/ca\/serveis-tramits\/proves\/proves-lliures-obtencio-titols\/obtencio-titol-eso\/\">Departament d&#8217;Educaci\u00f3<\/a>.<\/p>\n<table style=\"border-collapse: collapse; width: 61.0061%; height: 459px;\">\n<tbody>\n<tr style=\"height: 44px;\">\n<td style=\"width: 65.9211%; height: 44px;\" colspan=\"2\">\n<p style=\"text-align: justify;\"><b>Alumnes que no han obtingut el graduat en finalitzar l\u2019etapa d\u2019escolaritzaci\u00f3 i compleixin els seg\u00fcents requisits:<\/b><\/p>\n<ol style=\"text-align: justify;\">\n<li>Tenir <strong>almenys 18 anys o complir-los l&#8217;any 2026<\/strong>. L&#8217;edat requerida es podr\u00e0 rebaixar fins als setze anys sempre que l&#8217;alumne o alumna compleixi alguna de les condicions seg\u00fcents:\n<ul>\n<li>tenir un contracte laboral que els impedeixi d&#8217;assistir al centre en r\u00e8gim ordinari,<\/li>\n<li>trobar-se en proc\u00e9s d&#8217;obtenir un perm\u00eds de treball,<\/li>\n<li>ser esportista d&#8217;alt rendiment (cal presentar una certificaci\u00f3 del Consell Catal\u00e0 de l&#8217;Esport que acredita que consta en el programa de tecnificaci\u00f3 (ARC) de la federaci\u00f3 catalana corresponent) o<\/li>\n<li>tenir un expedient d&#8217;homologaci\u00f3 obert d&#8217;estudis estrangers al t\u00edtol de GESO.<\/li>\n<\/ul>\n<\/li>\n<li>Haver <strong>finalitzat l&#8217;ESO<\/strong> l&#8217;any<strong> 2024 o 2025<\/strong> <strong>sense haver obtingut el t\u00edtol<\/strong> o haver finalitzat l&#8217;equivalent del quart curs de l&#8217;ESO en un sistema educatiu estranger amb mat\u00e8ries amb avaluaci\u00f3 negativa en cursos anteriors.De manera excepcional, tamb\u00e9 s&#8217;hi poden acollir alumnes amb informe de reconeixement de necessitats educatives especials, em\u00e8s per l&#8217;equip d&#8217;assessorament psicopedag\u00f2gic (EAP), per als quals es va elaborar un pla de suport individualitzat durant el per\u00edode compr\u00e8s entre els cursos 2017-2018 i 2022-2023.<\/li>\n<\/ol>\n<\/td>\n<\/tr>\n<tr style=\"height: 33px;\">\n<td style=\"width: 65.9211%; height: 33px;\" colspan=\"2\">\n<p style=\"text-align: justify;\"><strong>CALENDARI GESO 2026<\/strong><\/p>\n<\/td>\n<\/tr>\n<tr style=\"height: 39px;\">\n<td style=\"width: 25.431%; height: 39px;\"><strong>Procediment<\/strong><\/td>\n<td style=\"width: 40.4901%; height: 39px;\"><strong>Dates<\/strong><\/td>\n<\/tr>\n<tr style=\"height: 40px;\">\n<td style=\"width: 25.431%; height: 40px;\"><strong>Presentaci\u00f3 de sol\u00b7licituds<\/strong><\/td>\n<td style=\"width: 40.4901%; height: 40px;\">Del 2 al 13 de febrer<\/td>\n<\/tr>\n<tr style=\"height: 48px;\">\n<td style=\"width: 25.431%; height: 48px;\"><strong>Llistes de persones admeses\/exclosos i\u00a0calendari de les proves<\/strong><\/td>\n<td style=\"width: 40.4901%; height: 48px;\">El 2 de mar\u00e7<\/td>\n<\/tr>\n<tr style=\"height: 32px;\">\n<td style=\"width: 25.431%; height: 32px;\"><strong>Reclamacions<\/strong><\/td>\n<td style=\"width: 40.4901%; height: 32px;\">Del 3 al 5 de mar\u00e7<\/td>\n<\/tr>\n<tr style=\"height: 48px;\">\n<td style=\"width: 25.431%; height: 48px;\"><strong>Qu\u00e8 haig d&#8217;estudiar?<\/strong><\/td>\n<td style=\"width: 40.4901%; height: 48px;\">En aquest document trobareu la informaci\u00f3 de les diferents mat\u00e8ries:<\/p>\n<p><a href=\"https:\/\/docs.google.com\/document\/d\/1k-1pu3c-_JL01PgtbHEXTYwi-8seg9noj97lTCciWwo\/edit?usp=sharing\">Indicacions<\/a><\/td>\n<\/tr>\n<tr style=\"height: 48px;\">\n<td style=\"width: 25.431%; height: 48px;\"><strong>Proves<\/strong><\/td>\n<td style=\"width: 40.4901%; height: 48px;\">Les proves es realitzaran del 23 al 27 de mar\u00e7, podeu consultar-ne l&#8217;horari.<\/p>\n<p>El lloc de les proves s&#8217;informar\u00e0 en el seu moment.<\/p>\n<p><span style=\"color: #ff6600;\"><strong>IMPORTANT<\/strong> <\/span>&#8211; Abans de l&#8217;inici de les proves l&#8217;aspirant haur\u00e0 d&#8217;identificar-se amb l&#8217;original del DNI, NIE o passaport.<\/td>\n<\/tr>\n<tr style=\"height: 48px;\">\n<td style=\"width: 25.431%; height: 48px;\"><strong>Documentaci\u00f3 el dia de la prova<\/strong><\/td>\n<td style=\"width: 40.4901%; height: 48px;\">S&#8217;ha de portar el DNI, targeta de resid\u00e8ncia o passaport.<\/td>\n<\/tr>\n<tr style=\"height: 47px;\">\n<td style=\"width: 25.431%; height: 47px;\"><strong>Qualificacions<\/strong><\/td>\n<td style=\"width: 40.4901%; height: 47px;\">Es lliuraran el 7 d&#8217;abril.<\/td>\n<\/tr>\n<tr style=\"height: 32px;\">\n<td style=\"width: 25.431%; height: 32px;\"><b>Reclamacions<\/b><\/td>\n<td style=\"width: 40.4901%; height: 32px;\">Del\u00a0 8 al 10 d&#8217;abril.<\/td>\n<\/tr>\n<\/tbody>\n<\/table>\n<p>&nbsp;<\/p>\n","protected":false},"excerpt":{"rendered":"<p>Graduat en educaci\u00f3 secund\u00e0ria obligat\u00f2ria (alumnes que no l&#8217;han obtingut en finalitzar l&#8217;etapa) Trobareu tota la informaci\u00f3 a la web del Departament d&#8217;Educaci\u00f3. Alumnes que no han obtingut el graduat en finalitzar l\u2019etapa d\u2019escolaritzaci\u00f3 i compleixin els seg\u00fcents requisits: Tenir almenys 18 anys o complir-los l&#8217;any 2026. L&#8217;edat requerida es podr\u00e0 rebaixar fins als setze [&hellip;]<\/p>\n","protected":false},"author":1,"featured_media":0,"parent":16519,"menu_order":0,"comment_status":"closed","ping_status":"closed","template":"","meta":{"_bbp_topic_count":0,"_bbp_reply_count":0,"_bbp_total_topic_count":0,"_bbp_total_reply_count":0,"_bbp_voice_count":0,"_bbp_anonymous_reply_count":0,"_bbp_topic_count_hidden":0,"_bbp_reply_count_hidden":0,"_bbp_forum_subforum_count":0,"site-sidebar-layout":"default","site-content-layout":"","ast-site-content-layout":"default","site-content-style":"default","site-sidebar-style":"default","ast-global-header-display":"","ast-banner-title-visibility":"","ast-main-header-display":"","ast-hfb-above-header-display":"","ast-hfb-below-header-display":"","ast-hfb-mobile-header-display":"","site-post-title":"","ast-breadcrumbs-content":"","ast-featured-img":"","footer-sml-layout":"","theme-transparent-header-meta":"default","adv-header-id-meta":"","stick-header-meta":"","header-above-stick-meta":"","header-main-stick-meta":"","header-below-stick-meta":"","astra-migrate-meta-layouts":"set","ast-page-background-enabled":"default","ast-page-background-meta":{"desktop":{"background-color":"var(--ast-global-color-4)","background-image":"","background-repeat":"repeat","background-position":"center center","background-size":"auto","background-attachment":"scroll","background-type":"","background-media":"","overlay-type":"","overlay-color":"","overlay-opacity":"","overlay-gradient":""},"tablet":{"background-color":"","background-image":"","background-repeat":"repeat","background-position":"center center","background-size":"auto","background-attachment":"scroll","background-type":"","background-media":"","overlay-type":"","overlay-color":"","overlay-opacity":"","overlay-gradient":""},"mobile":{"background-color":"","background-image":"","background-repeat":"repeat","background-position":"center center","background-size":"auto","background-attachment":"scroll","background-type":"","background-media":"","overlay-type":"","overlay-color":"","overlay-opacity":"","overlay-gradient":""}},"ast-content-background-meta":{"desktop":{"background-color":"var(--ast-global-color-5)","background-image":"","background-repeat":"repeat","background-position":"center center","background-size":"auto","background-attachment":"scroll","background-type":"","background-media":"","overlay-type":"","overlay-color":"","overlay-opacity":"","overlay-gradient":""},"tablet":{"background-color":"var(--ast-global-color-5)","background-image":"","background-repeat":"repeat","background-position":"center center","background-size":"auto","background-attachment":"scroll","background-type":"","background-media":"","overlay-type":"","overlay-color":"","overlay-opacity":"","overlay-gradient":""},"mobile":{"background-color":"var(--ast-global-color-5)","background-image":"","background-repeat":"repeat","background-position":"center center","background-size":"auto","background-attachment":"scroll","background-type":"","background-media":"","overlay-type":"","overlay-color":"","overlay-opacity":"","overlay-gradient":""}},"footnotes":""},"class_list":["post-16527","page","type-page","status-publish","hentry"],"post_mailing_queue_ids":[],"_links":{"self":[{"href":"https:\/\/agora.xtec.cat\/insandreunin\/wp-json\/wp\/v2\/pages\/16527","targetHints":{"allow":["GET"]}}],"collection":[{"href":"https:\/\/agora.xtec.cat\/insandreunin\/wp-json\/wp\/v2\/pages"}],"about":[{"href":"https:\/\/agora.xtec.cat\/insandreunin\/wp-json\/wp\/v2\/types\/page"}],"author":[{"embeddable":true,"href":"https:\/\/agora.xtec.cat\/insandreunin\/wp-json\/wp\/v2\/users\/1"}],"replies":[{"embeddable":true,"href":"https:\/\/agora.xtec.cat\/insandreunin\/wp-json\/wp\/v2\/comments?post=16527"}],"version-history":[{"count":7,"href":"https:\/\/agora.xtec.cat\/insandreunin\/wp-json\/wp\/v2\/pages\/16527\/revisions"}],"predecessor-version":[{"id":24341,"href":"https:\/\/agora.xtec.cat\/insandreunin\/wp-json\/wp\/v2\/pages\/16527\/revisions\/24341"}],"up":[{"embeddable":true,"href":"https:\/\/agora.xtec.cat\/insandreunin\/wp-json\/wp\/v2\/pages\/16519"}],"wp:attachment":[{"href":"https:\/\/agora.xtec.cat\/insandreunin\/wp-json\/wp\/v2\/media?parent=16527"}],"curies":[{"name":"wp","href":"https:\/\/api.w.org\/{rel}","templated":true}]}}