{"id":16521,"date":"2021-02-04T19:35:11","date_gmt":"2021-02-04T18:35:11","guid":{"rendered":"http:\/\/agora.xtec.cat\/insandreunin\/?page_id=16521"},"modified":"2024-03-06T13:21:30","modified_gmt":"2024-03-06T12:21:30","slug":"preinscripcio","status":"publish","type":"page","link":"https:\/\/agora.xtec.cat\/insandreunin\/secretaria\/preinscripcio-matricula\/eso\/preinscripcio\/","title":{"rendered":"PREINSCRIPCI\u00d3 ESO 2024\/2025"},"content":{"rendered":"<p><span style=\"color: #000000;\">Benvolgudes fam\u00edlies,<\/span><\/p>\n<p><span style=\"color: #000000;\">En aquest enlla\u00e7 us adrecem al <span style=\"color: #3366ff;\"><strong><a style=\"color: #3366ff;\" href=\"https:\/\/preinscripcio.gencat.cat\/ca\/estudis\/eso\/inici\/\">calendari de preinscripci\u00f3<\/a>.<\/strong><\/span><\/span><\/p>\n<p><span style=\"color: #000000;\">Us recomanem seguir els passos seg\u00fcents en l&#8217;ordre que us indiquem. Cal:<\/span><\/p>\n<h6><span style=\"color: #000000;\"><strong>1- Tenir un identificador digital (IdCAT M\u00f2bil, DNI electr\u00f2nic, Cl@ve, usuari GICAR,&#8230;).\u00a0<\/strong><\/span><\/h6>\n<h6><span style=\"color: #000000;\"><strong>2- El n\u00famero de l&#8217;identificador RALC de l&#8217;alumne\/a (IDALU).<\/strong><\/span><\/h6>\n<h6><span style=\"color: #000000;\"><strong>3- Preparar els documents que heu de presentar en format digital.<\/strong><\/span><\/h6>\n<h6><span style=\"color: #000000;\"><strong>4- Finalment, fer la<\/strong> <span style=\"color: #3366ff;\"><a style=\"color: #3366ff;\" href=\"https:\/\/preinscripcio.gencat.cat\/ca\/estudis\/eso\/preinscriute\/sollicitud\/\">SOL\u00b7LICITUD ELECTR\u00d2NICA<\/a><\/span> de preinscripci\u00f3 per Internet dins el termini del 8 al 20 de mar\u00e7.\u00a0<\/span><\/h6>\n<p><span style=\"color: #000000;\"><strong>5- <a style=\"color: #000000;\" href=\"https:\/\/agora.xtec.cat\/insandreunin\/portada\/punt-connecta-punt-presencial-datencio-i-formacio-deines-digitals\/\">Punt-Connecta<\/a>. Ajuda per a aquelles fam\u00edlies que tingueu dificultats de connexi\u00f3 a Internet o que no disposeu d&#8217;ordinador a casa.<\/strong><\/span><\/p>\n<p>&nbsp;<\/p>\n<p><span style=\"color: #000000;\">En els v\u00eddeos i enlla\u00e7os seg\u00fcents <span style=\"font-family: inherit; font-size: 1em;\">teniu informaci\u00f3 per tal d&#8217;ajudar-vos en aquest proc\u00e9s:<\/span><\/span><\/p>\n<p><span style=\"color: #000000;\"><strong>1- Si no teniu cap identificador digital, el podeu aconseguir de forma molt f\u00e0cil amb l&#8217;<a style=\"color: #000000;\" href=\"https:\/\/web.gencat.cat\/ca\/tramits\/que-cal-fer-si\/Vull-identificar-me-digitalment\/idcat-mobil\/\">IdCat M\u00f2bil<\/a>. A continuaci\u00f3 teniu un v\u00eddeo que us explica com aconseguir-lo. Necessitareu:<\/strong><\/span><\/p>\n<ul>\n<li style=\"list-style-type: none;\">\n<ul>\n<li><span style=\"color: #000000;\">Tenir m\u00e9s de 16 anys<\/span><\/li>\n<li><span style=\"color: #000000;\">El DNI\/NIE\/Passaport\/Document Identificador d&#8217;un pa\u00eds de la UE o targeta de resid\u00e8ncia comunit\u00e0ria.<\/span><\/li>\n<li><span style=\"color: #000000;\">La Tarja sanit\u00e0ria (TSI), i<\/span><\/li>\n<li><span style=\"color: #000000;\">Un correu electr\u00f2nic.<\/span><\/li>\n<\/ul>\n<\/li>\n<\/ul>\n<div class=\"ast-oembed-container \" style=\"height: 100%;\"><iframe loading=\"lazy\" title=\"Com obtenir l&#039;idCAT M\u00f2bil amb TSI i DNI o TIE\" width=\"500\" height=\"281\" src=\"https:\/\/www.youtube.com\/embed\/sMFIjSzpaBQ?feature=oembed\" frameborder=\"0\" allow=\"accelerometer; autoplay; clipboard-write; encrypted-media; gyroscope; picture-in-picture; web-share\" referrerpolicy=\"strict-origin-when-cross-origin\" allowfullscreen><\/iframe><\/div>\n<p>&nbsp;<\/p>\n<p><strong><span style=\"color: #000000;\">2- Per obtenir l&#8217;Identificador RALC de l&#8217;alumne\/a (IDALU), podeu accedir a aquest <a style=\"color: #000000;\" href=\"http:\/\/educacio.gencat.cat\/ca\/tramits\/tramits-temes\/identificador-alumne\">enlla\u00e7<\/a>. Necessitareu identificar-vos amb l&#8217;IdCAT M\u00f2bil a trav\u00e9s del vostre n\u00famero de tel\u00e8fon i el n\u00famero del document d&#8217;identitat.<\/span><\/strong><\/p>\n<p>&nbsp;<\/p>\n<p><strong><span style=\"color: #000000;\">3- Aqu\u00ed teniu un v\u00eddeo de com digitalitzar els vostres documents:<\/span><\/strong><\/p>\n<div class=\"ast-oembed-container \" style=\"height: 100%;\"><iframe loading=\"lazy\" title=\"Saps com digitalitzar documents per fer els tr\u00e0mits?\" width=\"500\" height=\"281\" src=\"https:\/\/www.youtube.com\/embed\/kAm26LWm51U?feature=oembed\" frameborder=\"0\" allow=\"accelerometer; autoplay; clipboard-write; encrypted-media; gyroscope; picture-in-picture; web-share\" referrerpolicy=\"strict-origin-when-cross-origin\" allowfullscreen><\/iframe><\/div>\n<p>&nbsp;<\/p>\n<p><strong><span style=\"color: #000000;\">4. Ajuda per a fer la <span style=\"color: #ff0000;\"><a style=\"color: #ff0000;\" href=\"http:\/\/educacio.gencat.cat\/ca\/tramits\/tramits-temes\/20483-obligatoris?moda=3\">SOL\u00b7LICITUD ELECTR\u00d2NICA<\/a><\/span> de preinscripci\u00f3 en l\u00ednia:<\/span><\/strong><\/p>\n<p>&nbsp;<\/p>\n<p>https:\/\/www.youtube.com\/watch?v=7Jz8gYBFCFM<\/p>\n<p>&nbsp;<\/p>\n<p><span style=\"color: #000000;\">La SOL\u00b7LICITUD EN SUPORT INFORM\u00c0TIC est\u00e0 indicada per a les persones que no tenen TIE i s\u00f3n extracomunit\u00e0ries o per a les persones que no tenen Targeta sanit\u00e0ria individual ni tampoc targeta de MUFACE.<\/span><\/p>\n<p><span style=\"color: #000000;\">&#8211; Trobareu m\u00e9s informaci\u00f3 en aquest enlla\u00e7 a la <span style=\"color: #ff0000;\"><strong><a style=\"color: #ff0000;\" href=\"https:\/\/preinscripcio.gencat.cat\/ca\/estudis\/eso\/inici\/\">PREINSCRIPCI\u00d3<\/a><\/strong><\/span> del Departament d&#8217;Educaci\u00f3.<\/span><\/p>\n<p><span style=\"color: #000000;\">.<\/span><\/p>\n","protected":false},"excerpt":{"rendered":"<p>Benvolgudes fam\u00edlies, En aquest enlla\u00e7 us adrecem al calendari de preinscripci\u00f3. Us recomanem seguir els passos seg\u00fcents en l&#8217;ordre que us indiquem. Cal: 1- Tenir un identificador digital (IdCAT M\u00f2bil, DNI electr\u00f2nic, Cl@ve, usuari GICAR,&#8230;).\u00a0 2- El n\u00famero de l&#8217;identificador RALC de l&#8217;alumne\/a (IDALU). 3- Preparar els documents que heu de presentar en format digital. [&hellip;]<\/p>\n","protected":false},"author":1,"featured_media":0,"parent":16519,"menu_order":0,"comment_status":"closed","ping_status":"closed","template":"page-templates\/side-menu.php","meta":{"_bbp_topic_count":0,"_bbp_reply_count":0,"_bbp_total_topic_count":0,"_bbp_total_reply_count":0,"_bbp_voice_count":0,"_bbp_anonymous_reply_count":0,"_bbp_topic_count_hidden":0,"_bbp_reply_count_hidden":0,"_bbp_forum_subforum_count":0,"site-sidebar-layout":"default","site-content-layout":"","ast-site-content-layout":"","site-content-style":"default","site-sidebar-style":"default","ast-global-header-display":"","ast-banner-title-visibility":"","ast-main-header-display":"","ast-hfb-above-header-display":"","ast-hfb-below-header-display":"","ast-hfb-mobile-header-display":"","site-post-title":"","ast-breadcrumbs-content":"","ast-featured-img":"","footer-sml-layout":"","theme-transparent-header-meta":"","adv-header-id-meta":"","stick-header-meta":"","header-above-stick-meta":"","header-main-stick-meta":"","header-below-stick-meta":"","astra-migrate-meta-layouts":"default","ast-page-background-enabled":"default","ast-page-background-meta":{"desktop":{"background-color":"var(--ast-global-color-4)","background-image":"","background-repeat":"repeat","background-position":"center center","background-size":"auto","background-attachment":"scroll","background-type":"","background-media":"","overlay-type":"","overlay-color":"","overlay-opacity":"","overlay-gradient":""},"tablet":{"background-color":"","background-image":"","background-repeat":"repeat","background-position":"center center","background-size":"auto","background-attachment":"scroll","background-type":"","background-media":"","overlay-type":"","overlay-color":"","overlay-opacity":"","overlay-gradient":""},"mobile":{"background-color":"","background-image":"","background-repeat":"repeat","background-position":"center center","background-size":"auto","background-attachment":"scroll","background-type":"","background-media":"","overlay-type":"","overlay-color":"","overlay-opacity":"","overlay-gradient":""}},"ast-content-background-meta":{"desktop":{"background-color":"var(--ast-global-color-5)","background-image":"","background-repeat":"repeat","background-position":"center center","background-size":"auto","background-attachment":"scroll","background-type":"","background-media":"","overlay-type":"","overlay-color":"","overlay-opacity":"","overlay-gradient":""},"tablet":{"background-color":"var(--ast-global-color-5)","background-image":"","background-repeat":"repeat","background-position":"center center","background-size":"auto","background-attachment":"scroll","background-type":"","background-media":"","overlay-type":"","overlay-color":"","overlay-opacity":"","overlay-gradient":""},"mobile":{"background-color":"var(--ast-global-color-5)","background-image":"","background-repeat":"repeat","background-position":"center center","background-size":"auto","background-attachment":"scroll","background-type":"","background-media":"","overlay-type":"","overlay-color":"","overlay-opacity":"","overlay-gradient":""}},"footnotes":""},"class_list":["post-16521","page","type-page","status-publish","hentry"],"post_mailing_queue_ids":[],"_links":{"self":[{"href":"https:\/\/agora.xtec.cat\/insandreunin\/wp-json\/wp\/v2\/pages\/16521","targetHints":{"allow":["GET"]}}],"collection":[{"href":"https:\/\/agora.xtec.cat\/insandreunin\/wp-json\/wp\/v2\/pages"}],"about":[{"href":"https:\/\/agora.xtec.cat\/insandreunin\/wp-json\/wp\/v2\/types\/page"}],"author":[{"embeddable":true,"href":"https:\/\/agora.xtec.cat\/insandreunin\/wp-json\/wp\/v2\/users\/1"}],"replies":[{"embeddable":true,"href":"https:\/\/agora.xtec.cat\/insandreunin\/wp-json\/wp\/v2\/comments?post=16521"}],"version-history":[{"count":6,"href":"https:\/\/agora.xtec.cat\/insandreunin\/wp-json\/wp\/v2\/pages\/16521\/revisions"}],"predecessor-version":[{"id":21748,"href":"https:\/\/agora.xtec.cat\/insandreunin\/wp-json\/wp\/v2\/pages\/16521\/revisions\/21748"}],"up":[{"embeddable":true,"href":"https:\/\/agora.xtec.cat\/insandreunin\/wp-json\/wp\/v2\/pages\/16519"}],"wp:attachment":[{"href":"https:\/\/agora.xtec.cat\/insandreunin\/wp-json\/wp\/v2\/media?parent=16521"}],"curies":[{"name":"wp","href":"https:\/\/api.w.org\/{rel}","templated":true}]}}