{"id":16519,"date":"2021-02-04T19:34:36","date_gmt":"2021-02-04T18:34:36","guid":{"rendered":"http:\/\/agora.xtec.cat\/insandreunin\/?page_id=16519"},"modified":"2026-04-15T12:59:43","modified_gmt":"2026-04-15T10:59:43","slug":"eso","status":"publish","type":"page","link":"https:\/\/agora.xtec.cat\/insandreunin\/secretaria\/preinscripcio-matricula\/eso\/","title":{"rendered":"ESO"},"content":{"rendered":"<ul style=\"list-style-type: circle;\">\n<li><a href=\"https:\/\/preinscripcio.gencat.cat\/ca\/inici\/index.html\" target=\"_blank\" rel=\"noopener\"><span style=\"color: #ff6600;\"><span style=\"font-size: 14pt;\">Informaci\u00f3 en relaci\u00f3 a la Preinscripci\u00f3 2026-2027<\/span><\/span><\/a><\/li>\n<li><span style=\"font-size: 14pt;\"><a href=\"https:\/\/drive.google.com\/file\/d\/11rOuviuSFkV353c4Ajz6lyhJ9InIE9IO\/view?usp=sharing\" target=\"_blank\" rel=\"noopener\">Calendari Preinscripci\u00f3 2026-2027<\/a><\/span><\/li>\n<li><span style=\"font-size: 14pt;\"><a href=\"https:\/\/preinscripcio.gencat.cat\/ca\/estudis\/eso\/informat\/criteris-assignacio\/\">Criteris d&#8217;assignaci\u00f3 de pla\u00e7a 2026-2027<\/a>.<\/span><\/li>\n<\/ul>\n<p>&nbsp;<\/p>\n<ul style=\"list-style-type: circle;\">\n<li><span style=\"color: #ff6600; font-size: 14pt;\"><a href=\"https:\/\/agora.xtec.cat\/insandreunin\/secretaria\/matricula-continuitat-confirmacio-placa\/\">MATR\u00cdCULA ALUMNAT CONTINU\u00cfTAT<\/a>.<\/span><\/li>\n<\/ul>\n<ul>\n<li><span style=\"color: #ff6600; font-size: 14pt;\"><a style=\"color: #ff6600;\" title=\"PROVES GESO\" href=\"https:\/\/agora.xtec.cat\/insandreunin\/secretaria\/eso\/proves-geso\/\">PROVES GESO<\/a><\/span><\/li>\n<\/ul>\n<hr \/>\n<h2><span style=\"color: #000000;\">CALENDARI<\/span><\/h2>\n<table style=\"border-collapse: collapse; width: 100%; height: 513px;\">\n<tbody>\n<tr style=\"height: 57px;\">\n<td style=\"width: 21.7791%; height: 57px;\"><span style=\"color: #ff6600; font-size: 14pt;\">03\/03\/2026<\/span><\/td>\n<td style=\"width: 78.2209%; height: 57px;\"><a href=\"https:\/\/drive.google.com\/file\/d\/1UHJvybjkDA2zbQEWlgUecmkapnCMEQSf\/view?usp=sharing\" target=\"_blank\" rel=\"noopener\"><span style=\"font-size: 14pt;\">Oferta inicial de places<\/span><\/a><\/td>\n<\/tr>\n<tr style=\"height: 57px;\">\n<td style=\"width: 21.7791%; height: 57px;\"><span style=\"color: #ff6600; font-size: 14pt;\">15\/04\/2026<\/span><\/td>\n<td style=\"width: 78.2209%; height: 57px;\"><a href=\"https:\/\/drive.google.com\/file\/d\/16mOIJ7G4mAyf_ceo1QZa_QbMrOvur12M\/view?usp=sharing\" target=\"_blank\" rel=\"noopener\"><span style=\"font-size: 14pt;\">Llista provisional de sol\u00b7licituds<\/span><\/a><\/td>\n<\/tr>\n<tr style=\"height: 57px;\">\n<td style=\"width: 21.7791%; height: 57px;\"><span style=\"color: #ff6600; font-size: 14pt;\">23\/04\/2026<\/span><\/td>\n<td style=\"width: 78.2209%; height: 57px;\"><span style=\"font-size: 14pt;\">Llista de sol\u00b7licituds (reclamacions resoltes)<\/span><\/td>\n<\/tr>\n<tr style=\"height: 57px;\">\n<td style=\"width: 21.7791%; height: 57px;\"><span style=\"color: #ff6600; font-size: 14pt;\">Data per determinar<\/span><\/td>\n<td style=\"width: 78.2209%; height: 57px;\"><span style=\"font-size: 14pt;\">N\u00famero de desempat ESO publicat pel Departament d&#8217;Educaci\u00f3<\/span><\/td>\n<\/tr>\n<tr style=\"height: 57px;\">\n<td style=\"width: 21.7791%; height: 57px;\"><span style=\"color: #ff6600; font-size: 14pt;\">29\/04\/2026<\/span><\/td>\n<td style=\"width: 78.2209%; height: 57px;\"><span style=\"font-size: 14pt;\">Llista de sol\u00b7licituds ordenada<\/span><\/td>\n<\/tr>\n<tr style=\"height: 57px;\">\n<td style=\"width: 21.7791%; height: 57px;\"><span style=\"color: #ff6600; font-size: 14pt;\">10\/06\/2026<\/span><\/td>\n<td style=\"width: 78.2209%; height: 57px;\"><span style=\"font-size: 14pt;\">Publicaci\u00f3 de l&#8217;oferta definitiva de places<\/span><\/td>\n<\/tr>\n<tr style=\"height: 57px;\">\n<td style=\"width: 21.7791%; height: 57px;\"><span style=\"color: #ff6600; font-size: 14pt;\">10\/06\/2026<\/span><\/td>\n<td style=\"width: 78.2209%; height: 57px;\"><span style=\"font-size: 14pt;\">Alumnes assignats al centre amb indicaci\u00f3 de la primera petici\u00f3<\/span><\/td>\n<\/tr>\n<tr style=\"height: 57px;\">\n<td style=\"width: 21.7791%; height: 57px;\"><span style=\"color: #ff6600; font-size: 14pt;\">10\/06\/2026<\/span><\/td>\n<td style=\"width: 78.2209%; height: 57px;\"><span style=\"font-size: 14pt;\">Publicaci\u00f3 de la llista d&#8217;espera del centre<\/span><\/td>\n<\/tr>\n<tr style=\"height: 57px;\">\n<td style=\"width: 21.7791%; height: 57px;\"><span style=\"color: #ff6600; font-size: 14pt;\">Data per determinar<\/span><\/td>\n<td style=\"width: 78.2209%; height: 57px;\"><span style=\"font-size: 14pt;\">Alumnes preinscrits al centre<\/span><\/td>\n<\/tr>\n<\/tbody>\n<\/table>\n<h2><strong>MATR\u00cdCULA<\/strong><\/h2>\n<p>La matr\u00edcula es realitzar\u00e0 del 22 al 30 de juny.<\/p>\n<p>Aquest procediment \u00e9s per alumnes nous, no pels alumnes que ja estan matriculats al centre aquest curs 2025-2026. Per aquests alumnes ja s\u2019informar\u00e0 del procediment de confirmaci\u00f3 de pla\u00e7a.<\/p>\n","protected":false},"excerpt":{"rendered":"<p>Informaci\u00f3 en relaci\u00f3 a la Preinscripci\u00f3 2026-2027 Calendari Preinscripci\u00f3 2026-2027 Criteris d&#8217;assignaci\u00f3 de pla\u00e7a 2026-2027. &nbsp; MATR\u00cdCULA ALUMNAT CONTINU\u00cfTAT. PROVES GESO CALENDARI 03\/03\/2026 Oferta inicial de places 15\/04\/2026 Llista provisional de sol\u00b7licituds 23\/04\/2026 Llista de sol\u00b7licituds (reclamacions resoltes) Data per determinar N\u00famero de desempat ESO publicat pel Departament d&#8217;Educaci\u00f3 29\/04\/2026 Llista de sol\u00b7licituds ordenada 10\/06\/2026 [&hellip;]<\/p>\n","protected":false},"author":1,"featured_media":0,"parent":20092,"menu_order":0,"comment_status":"closed","ping_status":"closed","template":"","meta":{"_bbp_topic_count":0,"_bbp_reply_count":0,"_bbp_total_topic_count":0,"_bbp_total_reply_count":0,"_bbp_voice_count":0,"_bbp_anonymous_reply_count":0,"_bbp_topic_count_hidden":0,"_bbp_reply_count_hidden":0,"_bbp_forum_subforum_count":0,"site-sidebar-layout":"default","site-content-layout":"","ast-site-content-layout":"default","site-content-style":"default","site-sidebar-style":"default","ast-global-header-display":"","ast-banner-title-visibility":"","ast-main-header-display":"","ast-hfb-above-header-display":"","ast-hfb-below-header-display":"","ast-hfb-mobile-header-display":"","site-post-title":"","ast-breadcrumbs-content":"","ast-featured-img":"","footer-sml-layout":"","theme-transparent-header-meta":"default","adv-header-id-meta":"","stick-header-meta":"","header-above-stick-meta":"","header-main-stick-meta":"","header-below-stick-meta":"","astra-migrate-meta-layouts":"set","ast-page-background-enabled":"default","ast-page-background-meta":{"desktop":{"background-color":"var(--ast-global-color-4)","background-image":"","background-repeat":"repeat","background-position":"center center","background-size":"auto","background-attachment":"scroll","background-type":"","background-media":"","overlay-type":"","overlay-color":"","overlay-opacity":"","overlay-gradient":""},"tablet":{"background-color":"","background-image":"","background-repeat":"repeat","background-position":"center center","background-size":"auto","background-attachment":"scroll","background-type":"","background-media":"","overlay-type":"","overlay-color":"","overlay-opacity":"","overlay-gradient":""},"mobile":{"background-color":"","background-image":"","background-repeat":"repeat","background-position":"center center","background-size":"auto","background-attachment":"scroll","background-type":"","background-media":"","overlay-type":"","overlay-color":"","overlay-opacity":"","overlay-gradient":""}},"ast-content-background-meta":{"desktop":{"background-color":"var(--ast-global-color-5)","background-image":"","background-repeat":"repeat","background-position":"center center","background-size":"auto","background-attachment":"scroll","background-type":"","background-media":"","overlay-type":"","overlay-color":"","overlay-opacity":"","overlay-gradient":""},"tablet":{"background-color":"var(--ast-global-color-5)","background-image":"","background-repeat":"repeat","background-position":"center center","background-size":"auto","background-attachment":"scroll","background-type":"","background-media":"","overlay-type":"","overlay-color":"","overlay-opacity":"","overlay-gradient":""},"mobile":{"background-color":"var(--ast-global-color-5)","background-image":"","background-repeat":"repeat","background-position":"center center","background-size":"auto","background-attachment":"scroll","background-type":"","background-media":"","overlay-type":"","overlay-color":"","overlay-opacity":"","overlay-gradient":""}},"footnotes":""},"class_list":["post-16519","page","type-page","status-publish","hentry"],"post_mailing_queue_ids":[],"_links":{"self":[{"href":"https:\/\/agora.xtec.cat\/insandreunin\/wp-json\/wp\/v2\/pages\/16519","targetHints":{"allow":["GET"]}}],"collection":[{"href":"https:\/\/agora.xtec.cat\/insandreunin\/wp-json\/wp\/v2\/pages"}],"about":[{"href":"https:\/\/agora.xtec.cat\/insandreunin\/wp-json\/wp\/v2\/types\/page"}],"author":[{"embeddable":true,"href":"https:\/\/agora.xtec.cat\/insandreunin\/wp-json\/wp\/v2\/users\/1"}],"replies":[{"embeddable":true,"href":"https:\/\/agora.xtec.cat\/insandreunin\/wp-json\/wp\/v2\/comments?post=16519"}],"version-history":[{"count":8,"href":"https:\/\/agora.xtec.cat\/insandreunin\/wp-json\/wp\/v2\/pages\/16519\/revisions"}],"predecessor-version":[{"id":24533,"href":"https:\/\/agora.xtec.cat\/insandreunin\/wp-json\/wp\/v2\/pages\/16519\/revisions\/24533"}],"up":[{"embeddable":true,"href":"https:\/\/agora.xtec.cat\/insandreunin\/wp-json\/wp\/v2\/pages\/20092"}],"wp:attachment":[{"href":"https:\/\/agora.xtec.cat\/insandreunin\/wp-json\/wp\/v2\/media?parent=16519"}],"curies":[{"name":"wp","href":"https:\/\/api.w.org\/{rel}","templated":true}]}}