{"id":14643,"date":"2020-01-24T11:10:27","date_gmt":"2020-01-24T10:10:27","guid":{"rendered":"http:\/\/agora.xtec.cat\/insandreunin\/?page_id=14643"},"modified":"2025-09-19T08:04:31","modified_gmt":"2025-09-19T06:04:31","slug":"politica-de-qualitat","status":"publish","type":"page","link":"https:\/\/agora.xtec.cat\/insandreunin\/linstitut\/politica-de-qualitat\/","title":{"rendered":"POL\u00cdTICA DE QUALITAT"},"content":{"rendered":"<table style=\"width: 100%; border-collapse: collapse; border-color: #ffffff; height: 850px;\">\n<tbody>\n<tr style=\"height: 821px;\">\n<td style=\"width: 92.0595%; border-color: #ffffff; background-color: #ffffff; height: 821px;line-height: 150%;\"><span style=\"font-weight: 400;\">L\u2019<b>INS Andreu Nin <\/b>\u00e9s un centre p\u00fablic que t\u00e9 implementat un sistema de gesti\u00f3 de la qualitat basat en la <b>Norma ISO 9001-2015<\/b>, cercant la millora cont\u00ednua de la qualitat de l\u2019ensenyament dins el marc del <b style=\"font-family: inherit; font-size: 1em;\">Projecte de Qualitat i Millora Cont\u00ednua (PQiMC)<\/b> del Dept. d\u2019Educaci\u00f3.<\/span><\/p>\n<p><span style=\"font-weight: 400;\">Els objectius del nostre sistema de Gesti\u00f3 de la Qualitat\u00a0 s\u00f3n:\u00a0<\/span><\/p>\n<ul>\n<li style=\"font-weight: 400;\" aria-level=\"1\"><span style=\"font-weight: 400;\">La millora cont\u00ednua en tots els aspectes del centre.<\/span><\/li>\n<li style=\"font-weight: 400;\" aria-level=\"1\"><span style=\"font-weight: 400;\">Satisfer les expectatives i necessitats dels grups d\u2019inter\u00e8s, sobretot dels seus alumnes i seguint la missi\u00f3, visi\u00f3 i valors del centre, tot oferint ensenyaments i serveis de qualitat.<\/span><\/li>\n<li style=\"font-weight: 400;\" aria-level=\"1\"><span style=\"font-weight: 400;\">Establir accions i estrat\u00e8gies per tal que el sistema de gesti\u00f3 sigui ent\u00e8s, mantingut i assumit per tots els membres del claustre, col\u00b7laborant activament en el seu desenvolupament.<\/span><\/li>\n<li style=\"font-weight: 400;\" aria-level=\"1\"><span style=\"font-weight: 400;\">Complir els requisits legals i reglamentaris.<\/span><\/li>\n<\/ul>\n<p><span style=\"font-weight: 400;\">La pol\u00edtica del Projecte de Qualitat i millora cont\u00ednua (<\/span><b>PQiMC<\/b><span style=\"font-weight: 400;\">):<\/span><\/p>\n<ul>\n<li style=\"font-weight: 400;\" aria-level=\"1\"><span style=\"font-weight: 400;\">Est\u00e0 <\/span><b>enfocada<\/b><span style=\"font-weight: 400;\"> a desenvolupar un sistema de gesti\u00f3 de la qualitat basat en la millora cont\u00ednua per tal d\u2019ajudar als centres educatius de Catalunya a assolir, de manera sostenible, resultats educatius excel\u00b7lents.<\/span><\/li>\n<li style=\"font-weight: 400;\" aria-level=\"1\"><b>Fonamenta<\/b><span style=\"font-weight: 400;\"> la seva actuaci\u00f3 en proporcionar, a les direccions dels centres educatius, suport formatiu, organitzatiu i assessorament per a la millora cont\u00ednua dels seus sistemes de gesti\u00f3, d\u2019acord amb els referents internacionals vigents.<\/span><\/li>\n<li style=\"font-weight: 400;\" aria-level=\"1\"><b>Inclou en el seu programa <\/b><span style=\"font-weight: 400;\">el desplegament, calendari d\u2019actuaci\u00f3 i els participants dels plans d\u2019assegurament i d\u2019excel\u00b7l\u00e8ncia en la gesti\u00f3 de centres educatius de Catalunya, que es pot trobar al seg\u00fcent enlla\u00e7<\/span><span style=\"font-weight: 400;\">: <\/span><a href=\"https:\/\/projectes.xtec.cat\/qualitatfp\/el-projecte\/pla-anual\/\"><span style=\"font-weight: 400;\">Pla anual<\/span><\/a><\/li>\n<li style=\"font-weight: 400;\" aria-level=\"1\"><span style=\"font-weight: 400;\">El seu <b>desenvolupament <\/b>es basa en el treball a trav\u00e9s de Xarxes de centres organitzades per nivells de desenvolupament del seu sistema de gesti\u00f3, acompanyats per un coordinador\/a; treballant en equip, de forma cooperativa, compartint aprenentatges i afavorint l\u2019intercanvi d\u2019experi\u00e8ncies entre els centres que en formen part. Per a m\u00e9s informaci\u00f3 consulteu la p\u00e0gina del Departament d\u2019Educaci\u00f3: <\/span><a href=\"https:\/\/projectes.xtec.cat\/qualitatfp\/pla-pqimc\/\">El PQiMC | Qualitat i millora cont\u00ednua<\/a><\/li>\n<\/ul>\n<h3><b>ABAST<\/b><\/h3>\n<p>L&#8217;<strong>abast<\/strong> del Sistema de gesti\u00f3 de qualitat, tenint en compte les q\u00fcestions externes i internes, els requisits de les parts intressades i els serveis del centre \u00e9s el seg\u00fcent:<\/p>\n<ul>\n<li style=\"font-weight: 400;\" aria-level=\"1\"><span style=\"font-weight: 400;\">Ensenyaments reglats de Cicles Formatius de Formaci\u00f3 Professional de grau mig i superior.<\/span><\/li>\n<li style=\"font-weight: 400;\" aria-level=\"1\"><span style=\"font-weight: 400;\">Ensenyaments de Batxillerat.<\/span><a style=\"font-family: inherit; font-size: 1em; text-align: justify;\" href=\"https:\/\/agora.xtec.cat\/insandreunin\/wp-content\/uploads\/usu1005\/2020\/01\/iso-9001-sn-rgb-web.png\">\u00a0<\/a><\/li>\n<\/ul>\n<p><span style=\"font-weight: 400;\">El punt 8.3 de disseny o desenvolupament dels productes i serveis, no s\u2019aplica at\u00e8s que \u00e9s el Departament d\u2019Educaci\u00f3 qui dissenya l\u2019estructura, continguts i recursos necessaris.<\/span><\/td>\n<\/tr>\n<\/tbody>\n<\/table>\n<p><img decoding=\"async\" src=\"https:\/\/agora.xtec.cat\/insandreunin\/wp-content\/uploads\/usu1005\/2024\/02\/CERTIFICAT-QUALITAT-APPLUS.jpg\" alt=\"\" \/><\/p>\n","protected":false},"excerpt":{"rendered":"<p>L\u2019INS Andreu Nin \u00e9s un centre p\u00fablic que t\u00e9 implementat un sistema de gesti\u00f3 de la qualitat basat en la Norma ISO 9001-2015, cercant la millora cont\u00ednua de la qualitat de l\u2019ensenyament dins el marc del Projecte de Qualitat i Millora Cont\u00ednua (PQiMC) del Dept. d\u2019Educaci\u00f3. Els objectius del nostre sistema de Gesti\u00f3 de la [&hellip;]<\/p>\n","protected":false},"author":1,"featured_media":0,"parent":19,"menu_order":0,"comment_status":"closed","ping_status":"closed","template":"page-templates\/side-menu.php","meta":{"_bbp_topic_count":0,"_bbp_reply_count":0,"_bbp_total_topic_count":0,"_bbp_total_reply_count":0,"_bbp_voice_count":0,"_bbp_anonymous_reply_count":0,"_bbp_topic_count_hidden":0,"_bbp_reply_count_hidden":0,"_bbp_forum_subforum_count":0,"site-sidebar-layout":"default","site-content-layout":"","ast-site-content-layout":"","site-content-style":"default","site-sidebar-style":"default","ast-global-header-display":"","ast-banner-title-visibility":"","ast-main-header-display":"","ast-hfb-above-header-display":"","ast-hfb-below-header-display":"","ast-hfb-mobile-header-display":"","site-post-title":"","ast-breadcrumbs-content":"","ast-featured-img":"","footer-sml-layout":"","theme-transparent-header-meta":"","adv-header-id-meta":"","stick-header-meta":"","header-above-stick-meta":"","header-main-stick-meta":"","header-below-stick-meta":"","astra-migrate-meta-layouts":"default","ast-page-background-enabled":"default","ast-page-background-meta":{"desktop":{"background-color":"var(--ast-global-color-4)","background-image":"","background-repeat":"repeat","background-position":"center center","background-size":"auto","background-attachment":"scroll","background-type":"","background-media":"","overlay-type":"","overlay-color":"","overlay-opacity":"","overlay-gradient":""},"tablet":{"background-color":"","background-image":"","background-repeat":"repeat","background-position":"center center","background-size":"auto","background-attachment":"scroll","background-type":"","background-media":"","overlay-type":"","overlay-color":"","overlay-opacity":"","overlay-gradient":""},"mobile":{"background-color":"","background-image":"","background-repeat":"repeat","background-position":"center center","background-size":"auto","background-attachment":"scroll","background-type":"","background-media":"","overlay-type":"","overlay-color":"","overlay-opacity":"","overlay-gradient":""}},"ast-content-background-meta":{"desktop":{"background-color":"var(--ast-global-color-5)","background-image":"","background-repeat":"repeat","background-position":"center center","background-size":"auto","background-attachment":"scroll","background-type":"","background-media":"","overlay-type":"","overlay-color":"","overlay-opacity":"","overlay-gradient":""},"tablet":{"background-color":"var(--ast-global-color-5)","background-image":"","background-repeat":"repeat","background-position":"center center","background-size":"auto","background-attachment":"scroll","background-type":"","background-media":"","overlay-type":"","overlay-color":"","overlay-opacity":"","overlay-gradient":""},"mobile":{"background-color":"var(--ast-global-color-5)","background-image":"","background-repeat":"repeat","background-position":"center center","background-size":"auto","background-attachment":"scroll","background-type":"","background-media":"","overlay-type":"","overlay-color":"","overlay-opacity":"","overlay-gradient":""}},"footnotes":""},"class_list":["post-14643","page","type-page","status-publish","hentry"],"post_mailing_queue_ids":[],"_links":{"self":[{"href":"https:\/\/agora.xtec.cat\/insandreunin\/wp-json\/wp\/v2\/pages\/14643","targetHints":{"allow":["GET"]}}],"collection":[{"href":"https:\/\/agora.xtec.cat\/insandreunin\/wp-json\/wp\/v2\/pages"}],"about":[{"href":"https:\/\/agora.xtec.cat\/insandreunin\/wp-json\/wp\/v2\/types\/page"}],"author":[{"embeddable":true,"href":"https:\/\/agora.xtec.cat\/insandreunin\/wp-json\/wp\/v2\/users\/1"}],"replies":[{"embeddable":true,"href":"https:\/\/agora.xtec.cat\/insandreunin\/wp-json\/wp\/v2\/comments?post=14643"}],"version-history":[{"count":8,"href":"https:\/\/agora.xtec.cat\/insandreunin\/wp-json\/wp\/v2\/pages\/14643\/revisions"}],"predecessor-version":[{"id":23703,"href":"https:\/\/agora.xtec.cat\/insandreunin\/wp-json\/wp\/v2\/pages\/14643\/revisions\/23703"}],"up":[{"embeddable":true,"href":"https:\/\/agora.xtec.cat\/insandreunin\/wp-json\/wp\/v2\/pages\/19"}],"wp:attachment":[{"href":"https:\/\/agora.xtec.cat\/insandreunin\/wp-json\/wp\/v2\/media?parent=14643"}],"curies":[{"name":"wp","href":"https:\/\/api.w.org\/{rel}","templated":true}]}}