{"id":1307,"date":"2017-03-31T19:09:11","date_gmt":"2017-03-31T17:09:11","guid":{"rendered":"http:\/\/agora.xtec.cat\/insandreunin\/?page_id=1307"},"modified":"2019-02-12T17:36:20","modified_gmt":"2019-02-12T16:36:20","slug":"tutories-cicles-formatius","status":"publish","type":"page","link":"https:\/\/agora.xtec.cat\/insandreunin\/espai-de-alumnat\/tutories-cicles-formatius\/","title":{"rendered":"TUTORIES CICLES FORMATIUS"},"content":{"rendered":"<ul>\n<li><a class=\"menu-link sub-menu-link\" href=\"http:\/\/agora.xtec.cat\/insandreunin\/categoria\/grups-cfgs\/animacio-dactivitats-fisiques-i-esportives\/\">CFGS Animaci\u00f3 d\u2019activitats f\u00edsiques i esportives<\/a><\/li>\n<li><a class=\"menu-link sub-menu-link\" href=\"http:\/\/agora.xtec.cat\/insandreunin\/categoria\/grups-cfgm\/gestio-administrativa\/\">CFGM Gesti\u00f3 administrativa<\/a><\/li>\n<li><a href=\"https:\/\/agora.xtec.cat\/insandreunin\/categoria\/grups-cfgm\/gestio-administrativa-ambit-juridic\/\">CFGM Gesti\u00f3 administrativa\u00a0(\u00c0mbit jur\u00eddic)<\/a><\/li>\n<li><a class=\"menu-link sub-menu-link\" href=\"http:\/\/agora.xtec.cat\/insandreunin\/categoria\/grups-cfgs\/administracio-i-finances\/\">CFGS Administraci\u00f3 i finances<\/a><\/li>\n<li><a class=\"menu-link sub-menu-link\" href=\"http:\/\/agora.xtec.cat\/insandreunin\/categoria\/grups-cfgm\/activitats-comercials\/\">CFGM Activitats comercials<\/a><\/li>\n<li><a class=\"menu-link sub-menu-link\" title=\"Gesti\u00f3 de vendes i espais comercials\" href=\"http:\/\/agora.xtec.cat\/insandreunin\/categoria\/grups-cfgs\/gestio-de-vendes-i-espais-comercials\/\">CFGS Gesti\u00f3 de vendes i espais comercials<\/a><\/li>\n<li><a class=\"menu-link sub-menu-link\" href=\"http:\/\/agora.xtec.cat\/insandreunin\/categoria\/grups-cfgm\/instal%c2%b7lacions-electriques-i-automatiques\/\">CFGM Instal\u00b7lacions el\u00e8ctriques i autom\u00e0tiques<\/a><\/li>\n<li><a class=\"menu-link sub-menu-link\" href=\"http:\/\/agora.xtec.cat\/insandreunin\/categoria\/grups-cfgs\/automatitzacio-i-robotica-industrial\/\">CFGS Automatitzaci\u00f3 i rob\u00f2tica industrial<\/a><\/li>\n<li><a class=\"menu-link sub-menu-link\" href=\"http:\/\/agora.xtec.cat\/insandreunin\/categoria\/grups-cfgm\/cures-auxiliars-dinfermeria\/\">CFGM Cures auxiliars d\u2019infermeria<\/a><\/li>\n<li><a class=\"menu-link sub-menu-link\" href=\"http:\/\/agora.xtec.cat\/insandreunin\/categoria\/grups-cfgm\/atencio-a-persones-en-situacio-de-dependencia\/\">CFGM Atenci\u00f3 a persones en situaci\u00f3 de depend\u00e8ncia<\/a><\/li>\n<li><a class=\"menu-link sub-menu-link\" href=\"http:\/\/agora.xtec.cat\/insandreunin\/categoria\/grups-cfgs\/educacio-infantil\/\">CFGS d\u2019Educaci\u00f3 infantil<\/a><\/li>\n<li><a class=\"menu-link sub-menu-link\" href=\"http:\/\/agora.xtec.cat\/insandreunin\/categoria\/grups-cfgm\/electromecanica\/\">CFGM Electromec\u00e0nica de vehicles<\/a><\/li>\n<li><a class=\"menu-link sub-menu-link\" href=\"https:\/\/agora.xtec.cat\/insandreunin\/categoria\/grups-cfgs\/cfgs-dautomocio\/\">CFGS Automoci\u00f3<\/a><\/li>\n<\/ul>\n","protected":false},"excerpt":{"rendered":"<p>CFGS Animaci\u00f3 d\u2019activitats f\u00edsiques i esportives CFGM Gesti\u00f3 administrativa CFGM Gesti\u00f3 administrativa\u00a0(\u00c0mbit jur\u00eddic) CFGS Administraci\u00f3 i finances CFGM Activitats comercials CFGS Gesti\u00f3 de vendes i espais comercials CFGM Instal\u00b7lacions el\u00e8ctriques i autom\u00e0tiques CFGS Automatitzaci\u00f3 i rob\u00f2tica industrial CFGM Cures auxiliars d\u2019infermeria CFGM Atenci\u00f3 a persones en situaci\u00f3 de depend\u00e8ncia CFGS d\u2019Educaci\u00f3 infantil CFGM Electromec\u00e0nica de [&hellip;]<\/p>\n","protected":false},"author":1,"featured_media":0,"parent":455,"menu_order":7,"comment_status":"closed","ping_status":"closed","template":"page-templates\/side-menu.php","meta":{"_bbp_topic_count":0,"_bbp_reply_count":0,"_bbp_total_topic_count":0,"_bbp_total_reply_count":0,"_bbp_voice_count":0,"_bbp_anonymous_reply_count":0,"_bbp_topic_count_hidden":0,"_bbp_reply_count_hidden":0,"_bbp_forum_subforum_count":0,"site-sidebar-layout":"default","site-content-layout":"","ast-site-content-layout":"","site-content-style":"default","site-sidebar-style":"default","ast-global-header-display":"","ast-banner-title-visibility":"","ast-main-header-display":"","ast-hfb-above-header-display":"","ast-hfb-below-header-display":"","ast-hfb-mobile-header-display":"","site-post-title":"","ast-breadcrumbs-content":"","ast-featured-img":"","footer-sml-layout":"","theme-transparent-header-meta":"","adv-header-id-meta":"","stick-header-meta":"","header-above-stick-meta":"","header-main-stick-meta":"","header-below-stick-meta":"","astra-migrate-meta-layouts":"default","ast-page-background-enabled":"default","ast-page-background-meta":{"desktop":{"background-color":"var(--ast-global-color-4)","background-image":"","background-repeat":"repeat","background-position":"center center","background-size":"auto","background-attachment":"scroll","background-type":"","background-media":"","overlay-type":"","overlay-color":"","overlay-opacity":"","overlay-gradient":""},"tablet":{"background-color":"","background-image":"","background-repeat":"repeat","background-position":"center center","background-size":"auto","background-attachment":"scroll","background-type":"","background-media":"","overlay-type":"","overlay-color":"","overlay-opacity":"","overlay-gradient":""},"mobile":{"background-color":"","background-image":"","background-repeat":"repeat","background-position":"center center","background-size":"auto","background-attachment":"scroll","background-type":"","background-media":"","overlay-type":"","overlay-color":"","overlay-opacity":"","overlay-gradient":""}},"ast-content-background-meta":{"desktop":{"background-color":"var(--ast-global-color-5)","background-image":"","background-repeat":"repeat","background-position":"center center","background-size":"auto","background-attachment":"scroll","background-type":"","background-media":"","overlay-type":"","overlay-color":"","overlay-opacity":"","overlay-gradient":""},"tablet":{"background-color":"var(--ast-global-color-5)","background-image":"","background-repeat":"repeat","background-position":"center center","background-size":"auto","background-attachment":"scroll","background-type":"","background-media":"","overlay-type":"","overlay-color":"","overlay-opacity":"","overlay-gradient":""},"mobile":{"background-color":"var(--ast-global-color-5)","background-image":"","background-repeat":"repeat","background-position":"center center","background-size":"auto","background-attachment":"scroll","background-type":"","background-media":"","overlay-type":"","overlay-color":"","overlay-opacity":"","overlay-gradient":""}},"footnotes":""},"class_list":["post-1307","page","type-page","status-publish","hentry"],"post_mailing_queue_ids":[],"_links":{"self":[{"href":"https:\/\/agora.xtec.cat\/insandreunin\/wp-json\/wp\/v2\/pages\/1307","targetHints":{"allow":["GET"]}}],"collection":[{"href":"https:\/\/agora.xtec.cat\/insandreunin\/wp-json\/wp\/v2\/pages"}],"about":[{"href":"https:\/\/agora.xtec.cat\/insandreunin\/wp-json\/wp\/v2\/types\/page"}],"author":[{"embeddable":true,"href":"https:\/\/agora.xtec.cat\/insandreunin\/wp-json\/wp\/v2\/users\/1"}],"replies":[{"embeddable":true,"href":"https:\/\/agora.xtec.cat\/insandreunin\/wp-json\/wp\/v2\/comments?post=1307"}],"version-history":[{"count":3,"href":"https:\/\/agora.xtec.cat\/insandreunin\/wp-json\/wp\/v2\/pages\/1307\/revisions"}],"predecessor-version":[{"id":12048,"href":"https:\/\/agora.xtec.cat\/insandreunin\/wp-json\/wp\/v2\/pages\/1307\/revisions\/12048"}],"up":[{"embeddable":true,"href":"https:\/\/agora.xtec.cat\/insandreunin\/wp-json\/wp\/v2\/pages\/455"}],"wp:attachment":[{"href":"https:\/\/agora.xtec.cat\/insandreunin\/wp-json\/wp\/v2\/media?parent=1307"}],"curies":[{"name":"wp","href":"https:\/\/api.w.org\/{rel}","templated":true}]}}