{"id":1077,"date":"2017-02-15T14:25:05","date_gmt":"2017-02-15T13:25:05","guid":{"rendered":"http:\/\/agora.xtec.cat\/insandreunin\/?page_id=1077"},"modified":"2023-10-23T13:09:11","modified_gmt":"2023-10-23T11:09:11","slug":"fp-dual","status":"publish","type":"page","link":"https:\/\/agora.xtec.cat\/insandreunin\/empreses-i-entitats\/fp-dual\/","title":{"rendered":"FP DUAL"},"content":{"rendered":"<p><img loading=\"lazy\" decoding=\"async\" class=\"aligncenter wp-image-17521\" src=\"https:\/\/agora.xtec.cat\/insandreunin\/wp-content\/uploads\/usu1005\/2021\/05\/logos-institucionals-1024x60.png\" alt=\"\" width=\"802\" height=\"47\" srcset=\"https:\/\/agora.xtec.cat\/insandreunin\/wp-content\/uploads\/usu1005\/2021\/05\/logos-institucionals-1024x60.png 1024w, https:\/\/agora.xtec.cat\/insandreunin\/wp-content\/uploads\/usu1005\/2021\/05\/logos-institucionals-300x18.png 300w, https:\/\/agora.xtec.cat\/insandreunin\/wp-content\/uploads\/usu1005\/2021\/05\/logos-institucionals-768x45.png 768w, https:\/\/agora.xtec.cat\/insandreunin\/wp-content\/uploads\/usu1005\/2021\/05\/logos-institucionals.png 1234w\" sizes=\"auto, (max-width: 802px) 100vw, 802px\" \/><\/p>\n<p>&nbsp;<\/p>\n<p>&nbsp;<\/p>\n<p style=\"text-align: center;\"><span style=\"color: #ff6600;\"><strong>S\u00d3U UNA EMPRESA\/ENTITAT I NECESSITEU ALUMNAT EN PR\u00c0CTIQUES?<\/strong><\/span><\/p>\n<p style=\"text-align: center;\">Si sou una empresa\/entitat i necessiteu alumnat en pr\u00e0ctiques que encara no hagi finalitzat els estudis i\/o voleu que us n&#8217;informem, podeu emplenar aquest formulari i ens posarem en contacte amb vosaltres:<\/p>\n<p style=\"text-align: center;\"><a href=\"https:\/\/docs.google.com\/forms\/d\/e\/1FAIpQLSf08OxRoIlln97AqrLMPcbiPieE1jDS320AbVGtGi7LOsRFLQ\/viewform\"><strong><span style=\"color: #ff6600;\"><span style=\"color: #0000ff;\">SOL\u00b7LICITUD ALUMNAT EN PR\u00c0CTIQUES<\/span><\/span><\/strong><\/a><\/p>\n<hr \/>\n<p style=\"text-align: center;\"><a href=\"https:\/\/projectes.xtec.cat\/fpdual\/\" target=\"_blank\" rel=\"noopener noreferrer\">Clica el logo per accedir a la p\u00e0gina oficial d&#8217;FP Dual del Departament d&#8217;Educaci\u00f3:\u00a0 <\/a><a href=\"https:\/\/projectes.xtec.cat\/fpdual\/\" target=\"_blank\" rel=\"noopener noreferrer\"><img loading=\"lazy\" decoding=\"async\" class=\"aligncenter wp-image-9205\" src=\"http:\/\/agora.xtec.cat\/insandreunin\/wp-content\/uploads\/usu1005\/2017\/02\/fpdual-logo.jpg\" alt=\"\" width=\"112\" height=\"112\" \/><\/a><\/p>\n<pre style=\"text-align: center; padding-left: 30px;\"><span style=\"font-size: 18pt; color: #ff6600;\"><strong>La formaci\u00f3 professional en alternan\u00e7a i dual:<\/strong><\/span>\r\n\r\n<span style=\"color: #ff6600; font-size: 18pt;\"><strong style=\"font-size: 18pt;\">aprendre treballant, treballar aprenent\r\n\r\n<\/strong><\/span><\/pre>\n<hr \/>\n<p style=\"text-align: center;\"><strong>Empreses col\u00b7laboradores amb l&#8217;FP DUAL:<\/strong><\/p>\n<hr \/>\n<p style=\"text-align: center;\"><strong><span style=\"text-decoration: underline;\"><span style=\"color: #0000ff; text-decoration: underline;\">CFGS AUTOMOCI\u00d3<\/span><\/span><\/strong><\/p>\n<p style=\"text-align: center;\"><strong><span style=\"text-decoration: underline;\"><span style=\"color: #0000ff; text-decoration: underline;\">CFGS DISSENY EN FABRICACI\u00d3 MEC\u00c0NICA. DESENVOLUPAMENT VIRTUAL DE L&#8217;AUTOM\u00d2BIL<\/span><\/span><\/strong><\/p>\n<p style=\"text-align: center;\">FP DUAL AMB:<\/p>\n<p style=\"text-align: center;\"><a href=\"http:\/\/www.applusidiada.com\/es\/\" target=\"_blank\" rel=\"noopener noreferrer\"><img loading=\"lazy\" decoding=\"async\" class=\"wp-image-10189 aligncenter\" src=\"http:\/\/agora.xtec.cat\/insandreunin\/wp-content\/uploads\/usu1005\/2017\/02\/Logo-IDIADA_RGB_White-1024x611.jpg\" alt=\"\" width=\"385\" height=\"230\" srcset=\"https:\/\/agora.xtec.cat\/insandreunin\/wp-content\/uploads\/usu1005\/2017\/02\/Logo-IDIADA_RGB_White-1024x611.jpg 1024w, https:\/\/agora.xtec.cat\/insandreunin\/wp-content\/uploads\/usu1005\/2017\/02\/Logo-IDIADA_RGB_White-300x179.jpg 300w, https:\/\/agora.xtec.cat\/insandreunin\/wp-content\/uploads\/usu1005\/2017\/02\/Logo-IDIADA_RGB_White-768x458.jpg 768w, https:\/\/agora.xtec.cat\/insandreunin\/wp-content\/uploads\/usu1005\/2017\/02\/Logo-IDIADA_RGB_White.jpg 1754w\" sizes=\"auto, (max-width: 385px) 100vw, 385px\" \/><\/a><\/p>\n<hr \/>\n<div class=\"col-sm-8 basic_text_peq\">\n<div class=\"pd-15x\">\n<p style=\"text-align: center;\"><span style=\"text-decoration: underline; color: #0000ff;\"><strong>CFGS AUTOMATITZACI\u00d3 I ROB\u00d2TICA INDUSTRIAL<\/strong><\/span><\/p>\n<p style=\"text-align: center;\">FP DUAL AMB:<\/p>\n<p style=\"text-align: center;\"><a href=\"https:\/\/www.saint-gobain.es\/\" target=\"_blank\" rel=\"noopener noreferrer\"><img loading=\"lazy\" decoding=\"async\" class=\"alignnone wp-image-10278\" src=\"http:\/\/agora.xtec.cat\/insandreunin\/wp-content\/uploads\/usu1005\/2017\/02\/saint-gobain-nuevo-logo.jpg\" alt=\"\" width=\"529\" height=\"220\" srcset=\"https:\/\/agora.xtec.cat\/insandreunin\/wp-content\/uploads\/usu1005\/2017\/02\/saint-gobain-nuevo-logo.jpg 800w, https:\/\/agora.xtec.cat\/insandreunin\/wp-content\/uploads\/usu1005\/2017\/02\/saint-gobain-nuevo-logo-300x125.jpg 300w, https:\/\/agora.xtec.cat\/insandreunin\/wp-content\/uploads\/usu1005\/2017\/02\/saint-gobain-nuevo-logo-768x320.jpg 768w\" sizes=\"auto, (max-width: 529px) 100vw, 529px\" \/><\/a><\/p>\n<p style=\"text-align: justify;\"><a href=\"http:\/\/www.rivaser.eu\/\" target=\"_blank\" rel=\"noopener noreferrer\"><img loading=\"lazy\" decoding=\"async\" class=\"wp-image-10195 aligncenter\" src=\"http:\/\/agora.xtec.cat\/insandreunin\/wp-content\/uploads\/usu1005\/2017\/02\/RIVASER-1024x512.png\" alt=\"\" width=\"343\" height=\"172\" srcset=\"https:\/\/agora.xtec.cat\/insandreunin\/wp-content\/uploads\/usu1005\/2017\/02\/RIVASER-1024x512.png 1024w, https:\/\/agora.xtec.cat\/insandreunin\/wp-content\/uploads\/usu1005\/2017\/02\/RIVASER-300x150.png 300w, https:\/\/agora.xtec.cat\/insandreunin\/wp-content\/uploads\/usu1005\/2017\/02\/RIVASER-768x384.png 768w, https:\/\/agora.xtec.cat\/insandreunin\/wp-content\/uploads\/usu1005\/2017\/02\/RIVASER.png 1134w\" sizes=\"auto, (max-width: 343px) 100vw, 343px\" \/><\/a><\/p>\n<p style=\"text-align: justify;\"><a href=\"http:\/\/www.plasbox.com\/\" target=\"_blank\" rel=\"noopener noreferrer\"><img loading=\"lazy\" decoding=\"async\" class=\"wp-image-10755 aligncenter\" src=\"http:\/\/agora.xtec.cat\/insandreunin\/wp-content\/uploads\/usu1005\/2017\/02\/logo_PLASBOX_blow-molded-cases.jpg\" alt=\"\" width=\"501\" height=\"111\" srcset=\"https:\/\/agora.xtec.cat\/insandreunin\/wp-content\/uploads\/usu1005\/2017\/02\/logo_PLASBOX_blow-molded-cases.jpg 934w, https:\/\/agora.xtec.cat\/insandreunin\/wp-content\/uploads\/usu1005\/2017\/02\/logo_PLASBOX_blow-molded-cases-300x66.jpg 300w, https:\/\/agora.xtec.cat\/insandreunin\/wp-content\/uploads\/usu1005\/2017\/02\/logo_PLASBOX_blow-molded-cases-768x170.jpg 768w\" sizes=\"auto, (max-width: 501px) 100vw, 501px\" \/><\/a><\/p>\n<hr \/>\n<\/div>\n<\/div>\n<p style=\"text-align: center;\"><span style=\"text-decoration: underline; color: #0000ff;\"><strong>CFGS ANIMACI\u00d3 D&#8217;ACTIVITATS F\u00cdSIQUES I ESPORTIVES<\/strong><\/span><\/p>\n<p style=\"text-align: center;\">FP DUAL AMB:<\/p>\n<p style=\"text-align: center;\"><a href=\"http:\/\/cebp.cat\/\" target=\"_blank\" rel=\"noopener noreferrer\"><img loading=\"lazy\" decoding=\"async\" class=\"alignnone wp-image-10196\" src=\"http:\/\/agora.xtec.cat\/insandreunin\/wp-content\/uploads\/usu1005\/2017\/02\/LOGO-cebp-350.jpg\" alt=\"\" width=\"389\" height=\"175\" srcset=\"https:\/\/agora.xtec.cat\/insandreunin\/wp-content\/uploads\/usu1005\/2017\/02\/LOGO-cebp-350.jpg 782w, https:\/\/agora.xtec.cat\/insandreunin\/wp-content\/uploads\/usu1005\/2017\/02\/LOGO-cebp-350-300x135.jpg 300w, https:\/\/agora.xtec.cat\/insandreunin\/wp-content\/uploads\/usu1005\/2017\/02\/LOGO-cebp-350-768x346.jpg 768w\" sizes=\"auto, (max-width: 389px) 100vw, 389px\" \/><\/a><\/p>\n<p style=\"text-align: center;\"><a href=\"http:\/\/www.aqualia.com\/ca\/web\/aqualia-ca\" target=\"_blank\" rel=\"noopener noreferrer\"><img loading=\"lazy\" decoding=\"async\" class=\"alignnone wp-image-10197\" src=\"http:\/\/agora.xtec.cat\/insandreunin\/wp-content\/uploads\/usu1005\/2017\/02\/fcc-AQUALIA-1024x362.jpg\" alt=\"\" width=\"562\" height=\"199\" srcset=\"https:\/\/agora.xtec.cat\/insandreunin\/wp-content\/uploads\/usu1005\/2017\/02\/fcc-AQUALIA-1024x362.jpg 1024w, https:\/\/agora.xtec.cat\/insandreunin\/wp-content\/uploads\/usu1005\/2017\/02\/fcc-AQUALIA-300x106.jpg 300w, https:\/\/agora.xtec.cat\/insandreunin\/wp-content\/uploads\/usu1005\/2017\/02\/fcc-AQUALIA-768x271.jpg 768w, https:\/\/agora.xtec.cat\/insandreunin\/wp-content\/uploads\/usu1005\/2017\/02\/fcc-AQUALIA.jpg 1181w\" sizes=\"auto, (max-width: 562px) 100vw, 562px\" \/><\/a><\/p>\n<div class=\"col-sm-8 basic_text_peq\">\n<div class=\"pd-15x\">\n<hr \/>\n<p style=\"text-align: center;\"><span style=\"text-decoration: underline; color: #0000ff;\"><strong>CFGS\u00a0GESTI\u00d3 DE VENDES I ESPAIS COMERCIALS<\/strong><\/span><\/p>\n<p style=\"text-align: center;\">FP DUAL AMB:<\/p>\n<p style=\"text-align: justify;\"><a href=\"https:\/\/www.aki.es\/tiendas\/roda-de-bera\" target=\"_blank\" rel=\"noopener noreferrer\"><img loading=\"lazy\" decoding=\"async\" class=\"wp-image-10192 aligncenter\" src=\"http:\/\/agora.xtec.cat\/insandreunin\/wp-content\/uploads\/usu1005\/2017\/02\/logo-aki-18.png\" alt=\"\" width=\"411\" height=\"137\" srcset=\"https:\/\/agora.xtec.cat\/insandreunin\/wp-content\/uploads\/usu1005\/2017\/02\/logo-aki-18.png 513w, https:\/\/agora.xtec.cat\/insandreunin\/wp-content\/uploads\/usu1005\/2017\/02\/logo-aki-18-300x100.png 300w\" sizes=\"auto, (max-width: 411px) 100vw, 411px\" \/><\/a><\/p>\n<p style=\"text-align: justify;\"><a href=\"http:\/\/www.priveebrands.com\/\" target=\"_blank\" rel=\"noopener noreferrer\"><img loading=\"lazy\" decoding=\"async\" class=\"wp-image-10193 aligncenter\" src=\"http:\/\/agora.xtec.cat\/insandreunin\/wp-content\/uploads\/usu1005\/2017\/02\/Privee_horitzontal_blanc_HD-1024x320.jpg\" alt=\"\" width=\"442\" height=\"138\" srcset=\"https:\/\/agora.xtec.cat\/insandreunin\/wp-content\/uploads\/usu1005\/2017\/02\/Privee_horitzontal_blanc_HD-1024x320.jpg 1024w, https:\/\/agora.xtec.cat\/insandreunin\/wp-content\/uploads\/usu1005\/2017\/02\/Privee_horitzontal_blanc_HD-300x94.jpg 300w, https:\/\/agora.xtec.cat\/insandreunin\/wp-content\/uploads\/usu1005\/2017\/02\/Privee_horitzontal_blanc_HD-768x240.jpg 768w\" sizes=\"auto, (max-width: 442px) 100vw, 442px\" \/><\/a><\/p>\n<hr \/>\n<p style=\"text-align: justify;\">Amb l&#8217;objectiu de donar resposta a les necessitats del mercat laboral, la formaci\u00f3 professional dual aposta per augmentar la <strong>col\u00b7laboraci\u00f3 entre els centres de formaci\u00f3 professional i les empreses<\/strong>, en el proc\u00e9s formatiu dels alumnes.<\/p>\n<p style=\"text-align: justify;\">L&#8217;alumne rep part de la formaci\u00f3 en el centre de formaci\u00f3 professional. L&#8217;altra part l&#8217;obt\u00e9 mitjan\u00e7ant les activitats formatives i productives en l&#8217;empresa. La flexibilitat organitzativa de la formaci\u00f3 professional permet acordar, mitjan\u00e7ant un conveni entre el centre i l\u2019empresa, aquesta distribuci\u00f3 de la formaci\u00f3.<\/p>\n<p style=\"text-align: justify;\">L&#8217;<strong>estada a l&#8217;empresa<\/strong>\u00a0es divideix en dues fases:<\/p>\n<ul style=\"text-align: justify;\">\n<li>En la primera, l&#8217;alumne s&#8217;hi incorpora per realitzar unes pr\u00e0ctiques i adaptar-se al funcionament de l&#8217;empresa.<\/li>\n<li>En finalitzar aquest per\u00edode, s&#8217;inicia l&#8217;estada remunerada en modalitat de contracte o de beca, atenent als criteris d&#8217;acc\u00e9s pr\u00e8viament acordats entre l&#8217;empresa i el centre de formaci\u00f3.<\/li>\n<\/ul>\n<div style=\"text-align: justify;\">La col\u00b7laboraci\u00f3 entre el centre i l&#8217;empresa es formalitza mitjan\u00e7ant un\u00a0<strong>conveni de col\u00b7laboraci\u00f3<\/strong>\u00a0amb empreses de diferents sectors.<\/div>\n<div style=\"text-align: justify;\"><\/div>\n<div style=\"text-align: justify;\">\n<p>Les empreses interessades poden adre\u00e7ar-se directament a un centre que imparteixi cicles formatius relacionats amb el sector.<\/p>\n<p>El centre i l&#8217;empresa analitzen les oportunitats de formaci\u00f3 i preveuen l&#8217;organitzaci\u00f3 de l&#8217;estada a l&#8217;empresa i les activitats formatives que realitzaran els alumnes atenent als objectius generals i les compet\u00e8ncies professionals del cicle formatiu. Per a cada alumne s&#8217;acorden les activitats formatives a desenvolupar en l&#8217;empresa per completar la seva qualificaci\u00f3, aix\u00ed com l&#8217;horari i el calendari.<\/p>\n<p>Centre i empresa designen els tutors de l&#8217;empresa que fan el seguiment dels alumnes aprenents, i que coordinen i avaluen les activitats que realitzen en cadascun dels dos \u00e0mbits.<\/p>\n<p>Actualment un nombre significatiu d\u2019empreses participen en el nou model de formaci\u00f3 professional dual, fent possible que els alumnes puguin compatibilitzar la formaci\u00f3 als centres educatius amb la formaci\u00f3 en entorns laborals reals.<\/p>\n<\/div>\n<p style=\"text-align: justify;\"><strong>Avantatges de la FP Dual<\/strong><\/p>\n<div id=\"bloc1\" class=\"panel-collapse collapse in\">\n<div class=\"col-xs-12\">\n<div class=\"cos_bloc basic_text_peq pd-15\">\n<p style=\"text-align: justify;\"><strong>Per a l&#8217;empresa<\/strong><\/p>\n<ul style=\"text-align: justify;\">\n<li>Recuperar el model d&#8217;aprenent garantint una formaci\u00f3 professional que millori la qualificaci\u00f3 i el desenvolupament personal dels joves;<\/li>\n<li>Disposar de personal qualificat adaptat a les seves necessitats i format en el seus processos i cultura empresarial.<\/li>\n<\/ul>\n<p style=\"text-align: justify;\"><strong>Per al centre<\/strong><\/p>\n<ul style=\"text-align: justify;\">\n<li>Establir una major vinculaci\u00f3 i coresponsabilitat entre el centre de formaci\u00f3 professional i les empreses en el proc\u00e9s formatiu dels alumnes.<\/li>\n<\/ul>\n<p style=\"text-align: justify;\"><strong>Per a l&#8217;alumne<\/strong><\/p>\n<ul>\n<li style=\"text-align: justify;\">Compaginar la formaci\u00f3 al centre i en una empresa del sector amb un contracte o beca.<\/li>\n<li style=\"text-align: justify;\">Desenvolupar el potencial professional; aprendre en situacions reals de treball.<\/li>\n<li style=\"text-align: justify;\">Adquirir experi\u00e8ncia professional, i millorar l&#8217;ocupabilitat.<\/li>\n<\/ul>\n<\/div>\n<\/div>\n<\/div>\n<\/div>\n<\/div>\n<p>&nbsp;<\/p>\n<p style=\"text-align: center;\">Podeu descarregar un fullet informatiu clicant la seguent imatge:<\/p>\n<p><a href=\"https:\/\/drive.google.com\/open?id=0B4T4mvBdT3_CcXFIRGNOWGZ0YXc\" target=\"_blank\" rel=\"noopener noreferrer\"><img loading=\"lazy\" decoding=\"async\" class=\" wp-image-9216 aligncenter\" src=\"http:\/\/agora.xtec.cat\/insandreunin\/wp-content\/uploads\/usu1005\/2017\/02\/dual.bmp\" alt=\"\" width=\"260\" height=\"132\" \/><\/a><\/p>\n<p style=\"text-align: center;\"><span style=\"font-size: 14pt;\">Si desitgeu m\u00e9s informaci\u00f3 referent a la FP Dual, <span style=\"color: #0000ff;\"><a style=\"color: #0000ff;\" href=\"http:\/\/agora.xtec.cat\/insandreunin\/linstitut\/on-som\/\" target=\"_blank\" rel=\"noopener noreferrer\"><strong>contacteu amb l&#8217;Institut<\/strong><\/a><\/span><\/span><\/p>\n","protected":false},"excerpt":{"rendered":"<p>&nbsp; &nbsp; S\u00d3U UNA EMPRESA\/ENTITAT I NECESSITEU ALUMNAT EN PR\u00c0CTIQUES? Si sou una empresa\/entitat i necessiteu alumnat en pr\u00e0ctiques que encara no hagi finalitzat els estudis i\/o voleu que us n&#8217;informem, podeu emplenar aquest formulari i ens posarem en contacte amb vosaltres: SOL\u00b7LICITUD ALUMNAT EN PR\u00c0CTIQUES Clica el logo per accedir a la p\u00e0gina oficial [&hellip;]<\/p>\n","protected":false},"author":1,"featured_media":0,"parent":475,"menu_order":0,"comment_status":"closed","ping_status":"closed","template":"page-templates\/side-menu.php","meta":{"_bbp_topic_count":0,"_bbp_reply_count":0,"_bbp_total_topic_count":0,"_bbp_total_reply_count":0,"_bbp_voice_count":0,"_bbp_anonymous_reply_count":0,"_bbp_topic_count_hidden":0,"_bbp_reply_count_hidden":0,"_bbp_forum_subforum_count":0,"site-sidebar-layout":"default","site-content-layout":"","ast-site-content-layout":"","site-content-style":"default","site-sidebar-style":"default","ast-global-header-display":"","ast-banner-title-visibility":"","ast-main-header-display":"","ast-hfb-above-header-display":"","ast-hfb-below-header-display":"","ast-hfb-mobile-header-display":"","site-post-title":"","ast-breadcrumbs-content":"","ast-featured-img":"","footer-sml-layout":"","theme-transparent-header-meta":"","adv-header-id-meta":"","stick-header-meta":"","header-above-stick-meta":"","header-main-stick-meta":"","header-below-stick-meta":"","astra-migrate-meta-layouts":"default","ast-page-background-enabled":"default","ast-page-background-meta":{"desktop":{"background-color":"var(--ast-global-color-4)","background-image":"","background-repeat":"repeat","background-position":"center center","background-size":"auto","background-attachment":"scroll","background-type":"","background-media":"","overlay-type":"","overlay-color":"","overlay-opacity":"","overlay-gradient":""},"tablet":{"background-color":"","background-image":"","background-repeat":"repeat","background-position":"center center","background-size":"auto","background-attachment":"scroll","background-type":"","background-media":"","overlay-type":"","overlay-color":"","overlay-opacity":"","overlay-gradient":""},"mobile":{"background-color":"","background-image":"","background-repeat":"repeat","background-position":"center center","background-size":"auto","background-attachment":"scroll","background-type":"","background-media":"","overlay-type":"","overlay-color":"","overlay-opacity":"","overlay-gradient":""}},"ast-content-background-meta":{"desktop":{"background-color":"var(--ast-global-color-5)","background-image":"","background-repeat":"repeat","background-position":"center center","background-size":"auto","background-attachment":"scroll","background-type":"","background-media":"","overlay-type":"","overlay-color":"","overlay-opacity":"","overlay-gradient":""},"tablet":{"background-color":"var(--ast-global-color-5)","background-image":"","background-repeat":"repeat","background-position":"center center","background-size":"auto","background-attachment":"scroll","background-type":"","background-media":"","overlay-type":"","overlay-color":"","overlay-opacity":"","overlay-gradient":""},"mobile":{"background-color":"var(--ast-global-color-5)","background-image":"","background-repeat":"repeat","background-position":"center center","background-size":"auto","background-attachment":"scroll","background-type":"","background-media":"","overlay-type":"","overlay-color":"","overlay-opacity":"","overlay-gradient":""}},"footnotes":""},"class_list":["post-1077","page","type-page","status-publish","hentry"],"post_mailing_queue_ids":[],"_links":{"self":[{"href":"https:\/\/agora.xtec.cat\/insandreunin\/wp-json\/wp\/v2\/pages\/1077","targetHints":{"allow":["GET"]}}],"collection":[{"href":"https:\/\/agora.xtec.cat\/insandreunin\/wp-json\/wp\/v2\/pages"}],"about":[{"href":"https:\/\/agora.xtec.cat\/insandreunin\/wp-json\/wp\/v2\/types\/page"}],"author":[{"embeddable":true,"href":"https:\/\/agora.xtec.cat\/insandreunin\/wp-json\/wp\/v2\/users\/1"}],"replies":[{"embeddable":true,"href":"https:\/\/agora.xtec.cat\/insandreunin\/wp-json\/wp\/v2\/comments?post=1077"}],"version-history":[{"count":6,"href":"https:\/\/agora.xtec.cat\/insandreunin\/wp-json\/wp\/v2\/pages\/1077\/revisions"}],"predecessor-version":[{"id":21408,"href":"https:\/\/agora.xtec.cat\/insandreunin\/wp-json\/wp\/v2\/pages\/1077\/revisions\/21408"}],"up":[{"embeddable":true,"href":"https:\/\/agora.xtec.cat\/insandreunin\/wp-json\/wp\/v2\/pages\/475"}],"wp:attachment":[{"href":"https:\/\/agora.xtec.cat\/insandreunin\/wp-json\/wp\/v2\/media?parent=1077"}],"curies":[{"name":"wp","href":"https:\/\/api.w.org\/{rel}","templated":true}]}}