{"id":1065,"date":"2017-02-15T13:45:01","date_gmt":"2017-02-15T12:45:01","guid":{"rendered":"http:\/\/agora.xtec.cat\/insandreunin\/?page_id=1065"},"modified":"2017-02-15T13:45:01","modified_gmt":"2017-02-15T12:45:01","slug":"perfil-del-contractant","status":"publish","type":"page","link":"https:\/\/agora.xtec.cat\/insandreunin\/empreses-i-entitats\/perfil-del-contractant\/","title":{"rendered":"PERFIL DEL CONTRACTANT"},"content":{"rendered":"<p><span style=\"font-size: medium;\"><span style=\"font-size: x-large;\"><strong>NETEJA<\/strong><br \/>\n<\/span><\/span><span style=\"font-size: x-large;\">* <a href=\"http:\/\/www.insandreunin.cat\/media\/files\/file_616_4671.pdf\">Resoluci\u00f3 d&#8217;adjudicaci\u00f3 del contracte de neteja 2017<\/a><\/span><\/p>\n<p><a href=\"http:\/\/www.insandreunin.cat\/media\/files\/file_616_4627.pdf\"><span style=\"font-size: medium;\"><span style=\"font-size: large;\">Prescripcions t\u00e8cniques 2017<\/span><\/span><\/a><\/p>\n<p><span style=\"font-size: medium;\"><a href=\"http:\/\/www.insandreunin.cat\/media\/files\/file_616_4628.pdf\"><span style=\"font-size: large;\">Plec de cl\u00e0usules administratives 2017<\/span><\/a><\/span><\/p>\n<p><strong>CANTINA<\/strong><\/p>\n<p><span style=\"font-size: large;\"><a href=\"https:\/\/drive.google.com\/file\/d\/0B3-LQd52yTc4VTBtSGtYdlhDbUl5RWhVdEtEYW9hakMwbmhB\/view?usp=sharing\">Contracte cantina 2016<\/a><\/span><\/p>\n","protected":false},"excerpt":{"rendered":"<p>NETEJA * Resoluci\u00f3 d&#8217;adjudicaci\u00f3 del contracte de neteja 2017 Prescripcions t\u00e8cniques 2017 Plec de cl\u00e0usules administratives 2017 CANTINA Contracte cantina 2016<\/p>\n","protected":false},"author":1,"featured_media":0,"parent":475,"menu_order":0,"comment_status":"closed","ping_status":"closed","template":"","meta":{"_bbp_topic_count":0,"_bbp_reply_count":0,"_bbp_total_topic_count":0,"_bbp_total_reply_count":0,"_bbp_voice_count":0,"_bbp_anonymous_reply_count":0,"_bbp_topic_count_hidden":0,"_bbp_reply_count_hidden":0,"_bbp_forum_subforum_count":0,"site-sidebar-layout":"default","site-content-layout":"","ast-site-content-layout":"","site-content-style":"default","site-sidebar-style":"default","ast-global-header-display":"","ast-banner-title-visibility":"","ast-main-header-display":"","ast-hfb-above-header-display":"","ast-hfb-below-header-display":"","ast-hfb-mobile-header-display":"","site-post-title":"","ast-breadcrumbs-content":"","ast-featured-img":"","footer-sml-layout":"","theme-transparent-header-meta":"","adv-header-id-meta":"","stick-header-meta":"","header-above-stick-meta":"","header-main-stick-meta":"","header-below-stick-meta":"","astra-migrate-meta-layouts":"default","ast-page-background-enabled":"default","ast-page-background-meta":{"desktop":{"background-color":"var(--ast-global-color-4)","background-image":"","background-repeat":"repeat","background-position":"center center","background-size":"auto","background-attachment":"scroll","background-type":"","background-media":"","overlay-type":"","overlay-color":"","overlay-opacity":"","overlay-gradient":""},"tablet":{"background-color":"","background-image":"","background-repeat":"repeat","background-position":"center center","background-size":"auto","background-attachment":"scroll","background-type":"","background-media":"","overlay-type":"","overlay-color":"","overlay-opacity":"","overlay-gradient":""},"mobile":{"background-color":"","background-image":"","background-repeat":"repeat","background-position":"center center","background-size":"auto","background-attachment":"scroll","background-type":"","background-media":"","overlay-type":"","overlay-color":"","overlay-opacity":"","overlay-gradient":""}},"ast-content-background-meta":{"desktop":{"background-color":"var(--ast-global-color-5)","background-image":"","background-repeat":"repeat","background-position":"center center","background-size":"auto","background-attachment":"scroll","background-type":"","background-media":"","overlay-type":"","overlay-color":"","overlay-opacity":"","overlay-gradient":""},"tablet":{"background-color":"var(--ast-global-color-5)","background-image":"","background-repeat":"repeat","background-position":"center center","background-size":"auto","background-attachment":"scroll","background-type":"","background-media":"","overlay-type":"","overlay-color":"","overlay-opacity":"","overlay-gradient":""},"mobile":{"background-color":"var(--ast-global-color-5)","background-image":"","background-repeat":"repeat","background-position":"center center","background-size":"auto","background-attachment":"scroll","background-type":"","background-media":"","overlay-type":"","overlay-color":"","overlay-opacity":"","overlay-gradient":""}},"footnotes":""},"class_list":["post-1065","page","type-page","status-publish","hentry"],"post_mailing_queue_ids":[],"_links":{"self":[{"href":"https:\/\/agora.xtec.cat\/insandreunin\/wp-json\/wp\/v2\/pages\/1065","targetHints":{"allow":["GET"]}}],"collection":[{"href":"https:\/\/agora.xtec.cat\/insandreunin\/wp-json\/wp\/v2\/pages"}],"about":[{"href":"https:\/\/agora.xtec.cat\/insandreunin\/wp-json\/wp\/v2\/types\/page"}],"author":[{"embeddable":true,"href":"https:\/\/agora.xtec.cat\/insandreunin\/wp-json\/wp\/v2\/users\/1"}],"replies":[{"embeddable":true,"href":"https:\/\/agora.xtec.cat\/insandreunin\/wp-json\/wp\/v2\/comments?post=1065"}],"version-history":[{"count":1,"href":"https:\/\/agora.xtec.cat\/insandreunin\/wp-json\/wp\/v2\/pages\/1065\/revisions"}],"predecessor-version":[{"id":1068,"href":"https:\/\/agora.xtec.cat\/insandreunin\/wp-json\/wp\/v2\/pages\/1065\/revisions\/1068"}],"up":[{"embeddable":true,"href":"https:\/\/agora.xtec.cat\/insandreunin\/wp-json\/wp\/v2\/pages\/475"}],"wp:attachment":[{"href":"https:\/\/agora.xtec.cat\/insandreunin\/wp-json\/wp\/v2\/media?parent=1065"}],"curies":[{"name":"wp","href":"https:\/\/api.w.org\/{rel}","templated":true}]}}