{"id":1052,"date":"2017-02-15T13:37:32","date_gmt":"2017-02-15T12:37:32","guid":{"rendered":"http:\/\/agora.xtec.cat\/insandreunin\/?page_id=1052"},"modified":"2025-11-18T17:10:45","modified_gmt":"2025-11-18T16:10:45","slug":"erasmus-2","status":"publish","type":"page","link":"https:\/\/agora.xtec.cat\/insandreunin\/projectes-i-activitats\/erasmus-2\/","title":{"rendered":"ERASMUS +"},"content":{"rendered":"<table style=\"border-collapse: collapse; width: 100%;\">\n<tbody>\n<tr>\n<td style=\"width: 71.0775%; border-color: #ffffff; background-color: #ffffff;\">\n<p data-start=\"34\" data-end=\"160\">Erasmus+ is a European Union programme that provides opportunities in the fields of education, training, youth, and sport.<\/p>\n<p data-start=\"162\" data-end=\"443\" data-is-last-node=\"\" data-is-only-node=\"\">In the 2021\u20132027 period, with funding that almost doubles that of the previous phase, the programme is being implemented with special emphasis on social inclusion,\u00a0 ecological and digital transition, and the promotion of young people&#8217;s participation in democratic life.<\/p>\n<\/td>\n<td style=\"width: 28.9225%; border-color: #ffffff; background-color: #ffffff;\"><a href=\"https:\/\/agora.xtec.cat\/insandreunin\/wp-content\/uploads\/usu1005\/2025\/10\/derecha_ES.png\"><img loading=\"lazy\" decoding=\"async\" class=\"aligncenter size-large wp-image-23828\" src=\"https:\/\/agora.xtec.cat\/insandreunin\/wp-content\/uploads\/usu1005\/2025\/10\/derecha_ES-1024x576.png\" alt=\"\" width=\"1024\" height=\"576\" srcset=\"https:\/\/agora.xtec.cat\/insandreunin\/wp-content\/uploads\/usu1005\/2025\/10\/derecha_ES-1024x576.png 1024w, https:\/\/agora.xtec.cat\/insandreunin\/wp-content\/uploads\/usu1005\/2025\/10\/derecha_ES-300x169.png 300w, https:\/\/agora.xtec.cat\/insandreunin\/wp-content\/uploads\/usu1005\/2025\/10\/derecha_ES-768x432.png 768w, https:\/\/agora.xtec.cat\/insandreunin\/wp-content\/uploads\/usu1005\/2025\/10\/derecha_ES-1536x864.png 1536w, https:\/\/agora.xtec.cat\/insandreunin\/wp-content\/uploads\/usu1005\/2025\/10\/derecha_ES.png 1920w\" sizes=\"auto, (max-width: 1024px) 100vw, 1024px\" \/><\/a><\/td>\n<\/tr>\n<\/tbody>\n<\/table>\n<p>&nbsp;<\/p>\n<table style=\"border-collapse: collapse; width: 100%;\">\n<tbody>\n<tr>\n<td style=\"width: 25%;\" colspan=\"4\">Get more information clicking on your profile:<\/td>\n<\/tr>\n<tr>\n<td style=\"width: 25%;\"><a href=\"https:\/\/agora.xtec.cat\/insandreunin\/projectes-i-activitats\/erasmus-2\/carta-eche\/\"><img loading=\"lazy\" decoding=\"async\" class=\"aligncenter size-large wp-image-24093\" src=\"https:\/\/agora.xtec.cat\/insandreunin\/wp-content\/uploads\/usu1005\/2025\/11\/Mechanic-2-1-1024x1024.jpg\" alt=\"\" width=\"1024\" height=\"1024\" srcset=\"https:\/\/agora.xtec.cat\/insandreunin\/wp-content\/uploads\/usu1005\/2025\/11\/Mechanic-2-1-1024x1024.jpg 1024w, https:\/\/agora.xtec.cat\/insandreunin\/wp-content\/uploads\/usu1005\/2025\/11\/Mechanic-2-1-300x300.jpg 300w, https:\/\/agora.xtec.cat\/insandreunin\/wp-content\/uploads\/usu1005\/2025\/11\/Mechanic-2-1-150x150.jpg 150w, https:\/\/agora.xtec.cat\/insandreunin\/wp-content\/uploads\/usu1005\/2025\/11\/Mechanic-2-1-768x768.jpg 768w, https:\/\/agora.xtec.cat\/insandreunin\/wp-content\/uploads\/usu1005\/2025\/11\/Mechanic-2-1.jpg 1280w\" sizes=\"auto, (max-width: 1024px) 100vw, 1024px\" \/><\/a><\/td>\n<td style=\"width: 25%;\"><a href=\"https:\/\/agora.xtec.cat\/insandreunin\/projectes-i-activitats\/erasmus-2\/resolucio-beques-erasmus-professorat\/\"><img loading=\"lazy\" decoding=\"async\" class=\"aligncenter size-large wp-image-24094\" src=\"https:\/\/agora.xtec.cat\/insandreunin\/wp-content\/uploads\/usu1005\/2025\/11\/Mechanic-3-1-1024x1024.jpg\" alt=\"\" width=\"1024\" height=\"1024\" srcset=\"https:\/\/agora.xtec.cat\/insandreunin\/wp-content\/uploads\/usu1005\/2025\/11\/Mechanic-3-1-1024x1024.jpg 1024w, https:\/\/agora.xtec.cat\/insandreunin\/wp-content\/uploads\/usu1005\/2025\/11\/Mechanic-3-1-300x300.jpg 300w, https:\/\/agora.xtec.cat\/insandreunin\/wp-content\/uploads\/usu1005\/2025\/11\/Mechanic-3-1-150x150.jpg 150w, https:\/\/agora.xtec.cat\/insandreunin\/wp-content\/uploads\/usu1005\/2025\/11\/Mechanic-3-1-768x768.jpg 768w, https:\/\/agora.xtec.cat\/insandreunin\/wp-content\/uploads\/usu1005\/2025\/11\/Mechanic-3-1.jpg 1280w\" sizes=\"auto, (max-width: 1024px) 100vw, 1024px\" \/><\/a><\/td>\n<td style=\"width: 25%;\"><a href=\"https:\/\/agora.xtec.cat\/insandreunin\/projectes-i-activitats\/erasmus-2\/estudiants\/\"><img loading=\"lazy\" decoding=\"async\" class=\"aligncenter size-large wp-image-24096\" src=\"https:\/\/agora.xtec.cat\/insandreunin\/wp-content\/uploads\/usu1005\/2025\/11\/Mechanic-5-1024x1024.jpg\" alt=\"\" width=\"1024\" height=\"1024\" srcset=\"https:\/\/agora.xtec.cat\/insandreunin\/wp-content\/uploads\/usu1005\/2025\/11\/Mechanic-5-1024x1024.jpg 1024w, https:\/\/agora.xtec.cat\/insandreunin\/wp-content\/uploads\/usu1005\/2025\/11\/Mechanic-5-300x300.jpg 300w, https:\/\/agora.xtec.cat\/insandreunin\/wp-content\/uploads\/usu1005\/2025\/11\/Mechanic-5-150x150.jpg 150w, https:\/\/agora.xtec.cat\/insandreunin\/wp-content\/uploads\/usu1005\/2025\/11\/Mechanic-5-768x768.jpg 768w, https:\/\/agora.xtec.cat\/insandreunin\/wp-content\/uploads\/usu1005\/2025\/11\/Mechanic-5.jpg 1280w\" sizes=\"auto, (max-width: 1024px) 100vw, 1024px\" \/><\/a><\/td>\n<td style=\"width: 25%;\"><a href=\"https:\/\/agora.xtec.cat\/insandreunin\/projectes-i-activitats\/erasmus-2\/docents\/\"><img loading=\"lazy\" decoding=\"async\" class=\"aligncenter size-large wp-image-24097\" src=\"https:\/\/agora.xtec.cat\/insandreunin\/wp-content\/uploads\/usu1005\/2025\/11\/Mechanic-1-1-1024x1024.jpg\" alt=\"\" width=\"1024\" height=\"1024\" srcset=\"https:\/\/agora.xtec.cat\/insandreunin\/wp-content\/uploads\/usu1005\/2025\/11\/Mechanic-1-1-1024x1024.jpg 1024w, https:\/\/agora.xtec.cat\/insandreunin\/wp-content\/uploads\/usu1005\/2025\/11\/Mechanic-1-1-300x300.jpg 300w, https:\/\/agora.xtec.cat\/insandreunin\/wp-content\/uploads\/usu1005\/2025\/11\/Mechanic-1-1-150x150.jpg 150w, https:\/\/agora.xtec.cat\/insandreunin\/wp-content\/uploads\/usu1005\/2025\/11\/Mechanic-1-1-768x768.jpg 768w, https:\/\/agora.xtec.cat\/insandreunin\/wp-content\/uploads\/usu1005\/2025\/11\/Mechanic-1-1.jpg 1280w\" sizes=\"auto, (max-width: 1024px) 100vw, 1024px\" \/><\/a><\/td>\n<\/tr>\n<\/tbody>\n<\/table>\n<table style=\"border-collapse: collapse; width: 100%;\">\n<tbody>\n<tr>\n<td style=\"width: 1.34953%; border-color: #ffffff; background-color: #ffffff;\" colspan=\"2\"><span style=\"font-weight: 400;\">L\u2019Institut Andreu Nin, comprom\u00e8s amb una formaci\u00f3 de qualitat, oferim oportunitats d\u2019internacionalitzaci\u00f3 en les etapes educatives de l\u2019alumnat. <\/span><\/td>\n<\/tr>\n<tr>\n<td style=\"width: 1.34953%; border-color: #ffffff; background-color: #ffffff;\" colspan=\"2\"><span style=\"font-weight: 400;\">\u00a0 \u00a0 \u00a0&#8211; Impulsem programes de col\u00b7laboraci\u00f3 i intercanvi amb altres instituts europeus a l\u2019ESO. <\/span><\/td>\n<\/tr>\n<tr>\n<td style=\"width: 1.34953%; border-color: #ffffff; background-color: #ffffff;\" colspan=\"2\"><span style=\"font-weight: 400;\">\u00a0 \u00a0 \u00a0&#8211; Potenciem la realitzaci\u00f3 de pr\u00e0ctiques a l\u2019estranger a Formaci\u00f3 Professional englobant-les dins del programa. <\/span><\/td>\n<\/tr>\n<tr>\n<td style=\"border-color: #ffffff; background-color: #ffffff;\" colspan=\"2\"><span style=\"font-weight: 400;\">\u00a0 \u00a0 \u00a0&#8211; Promovem el desenvolupament i la formaci\u00f3 cont\u00ednua del claustre oferint mobilitats a altres pa\u00efsos de la uni\u00f3.<\/span><\/td>\n<\/tr>\n<tr>\n<td style=\"width: 1.34953%; border-color: #ffffff; background-color: #ffffff;\" colspan=\"2\"><span style=\"font-weight: 400;\">Podeu consultar la <a href=\"https:\/\/drive.google.com\/file\/d\/1RpT4ywhQLR7fPVBnvaAUINl3TeBVydQN\/view\">carta ECHE 2021-2027<\/a> del nostre centre.\u00a0<\/span><\/td>\n<\/tr>\n<\/tbody>\n<\/table>\n<p>&nbsp;<\/p>\n<table style=\"border-collapse: collapse; width: 100%; height: 66px;\">\n<tbody>\n<tr style=\"height: 34px;\">\n<td style=\"width: 18.0529%; height: 34px; border-color: #ffffff; background-color: #ffffff;\"><a href=\"https:\/\/agora.xtec.cat\/insandreunin\/wp-content\/uploads\/usu1005\/2025\/10\/SEPIE_erasmus_plus.gif\"><img loading=\"lazy\" decoding=\"async\" class=\"aligncenter size-full wp-image-23829\" src=\"https:\/\/agora.xtec.cat\/insandreunin\/wp-content\/uploads\/usu1005\/2025\/10\/SEPIE_erasmus_plus.gif\" alt=\"\" width=\"400\" height=\"148\" \/><\/a><\/td>\n<td style=\"width: 81.9471%; height: 66px; border-color: #ffffff; background-color: #ffffff;\" rowspan=\"2\">\n<blockquote><p><span style=\"font-size: 10pt; color: #808080;\"><em><span style=\"font-weight: 400;\">Els projectes estan cofinan\u00e7ats per la Uni\u00f3 Europea. Les opinions i punts de vista expressats en aquesta plana web nom\u00e9s comprometen a l\u2019Institut Andreu Nin i no reflexen necess\u00e0riament els de la Uni\u00f3 Europea ni els del Servei Espanyol per la Internacionalitzaci\u00f3 de l\u2019Educaci\u00f3 (SEPIE). Ni la Uni\u00f3 Europea ni l\u2019Ag\u00e8ncia Nacional poden ser considerats responsables d\u2019ells.<\/span><\/em><\/span><\/p><\/blockquote>\n<\/td>\n<\/tr>\n<tr style=\"height: 32px;\">\n<td style=\"width: 18.0529%; height: 32px; border-color: #ffffff; background-color: #ffffff;\"><a href=\"https:\/\/agora.xtec.cat\/insandreunin\/wp-content\/uploads\/usu1005\/2025\/10\/es_cofinanciado_por_la_union_europea_pos.png\"><img loading=\"lazy\" decoding=\"async\" class=\"aligncenter size-large wp-image-23830\" src=\"https:\/\/agora.xtec.cat\/insandreunin\/wp-content\/uploads\/usu1005\/2025\/10\/es_cofinanciado_por_la_union_europea_pos-1024x215.png\" alt=\"\" width=\"1024\" height=\"215\" srcset=\"https:\/\/agora.xtec.cat\/insandreunin\/wp-content\/uploads\/usu1005\/2025\/10\/es_cofinanciado_por_la_union_europea_pos-1024x215.png 1024w, https:\/\/agora.xtec.cat\/insandreunin\/wp-content\/uploads\/usu1005\/2025\/10\/es_cofinanciado_por_la_union_europea_pos-300x63.png 300w, https:\/\/agora.xtec.cat\/insandreunin\/wp-content\/uploads\/usu1005\/2025\/10\/es_cofinanciado_por_la_union_europea_pos-768x161.png 768w, https:\/\/agora.xtec.cat\/insandreunin\/wp-content\/uploads\/usu1005\/2025\/10\/es_cofinanciado_por_la_union_europea_pos-1536x322.png 1536w, https:\/\/agora.xtec.cat\/insandreunin\/wp-content\/uploads\/usu1005\/2025\/10\/es_cofinanciado_por_la_union_europea_pos-2048x429.png 2048w\" sizes=\"auto, (max-width: 1024px) 100vw, 1024px\" \/><\/a><\/td>\n<\/tr>\n<\/tbody>\n<\/table>\n","protected":false},"excerpt":{"rendered":"<p>Erasmus+ is a European Union programme that provides opportunities in the fields of education, training, youth, and sport. In the 2021\u20132027 period, with funding that almost doubles that of the previous phase, the programme is being implemented with special emphasis on social inclusion,\u00a0 ecological and digital transition, and the promotion of young people&#8217;s participation in [&hellip;]<\/p>\n","protected":false},"author":1,"featured_media":0,"parent":462,"menu_order":4,"comment_status":"closed","ping_status":"closed","template":"","meta":{"_bbp_topic_count":0,"_bbp_reply_count":0,"_bbp_total_topic_count":0,"_bbp_total_reply_count":0,"_bbp_voice_count":0,"_bbp_anonymous_reply_count":0,"_bbp_topic_count_hidden":0,"_bbp_reply_count_hidden":0,"_bbp_forum_subforum_count":0,"site-sidebar-layout":"default","site-content-layout":"","ast-site-content-layout":"default","site-content-style":"default","site-sidebar-style":"default","ast-global-header-display":"","ast-banner-title-visibility":"","ast-main-header-display":"","ast-hfb-above-header-display":"","ast-hfb-below-header-display":"","ast-hfb-mobile-header-display":"","site-post-title":"","ast-breadcrumbs-content":"","ast-featured-img":"","footer-sml-layout":"","theme-transparent-header-meta":"default","adv-header-id-meta":"","stick-header-meta":"","header-above-stick-meta":"","header-main-stick-meta":"","header-below-stick-meta":"","astra-migrate-meta-layouts":"set","ast-page-background-enabled":"default","ast-page-background-meta":{"desktop":{"background-color":"var(--ast-global-color-4)","background-image":"","background-repeat":"repeat","background-position":"center center","background-size":"auto","background-attachment":"scroll","background-type":"","background-media":"","overlay-type":"","overlay-color":"","overlay-opacity":"","overlay-gradient":""},"tablet":{"background-color":"","background-image":"","background-repeat":"repeat","background-position":"center center","background-size":"auto","background-attachment":"scroll","background-type":"","background-media":"","overlay-type":"","overlay-color":"","overlay-opacity":"","overlay-gradient":""},"mobile":{"background-color":"","background-image":"","background-repeat":"repeat","background-position":"center center","background-size":"auto","background-attachment":"scroll","background-type":"","background-media":"","overlay-type":"","overlay-color":"","overlay-opacity":"","overlay-gradient":""}},"ast-content-background-meta":{"desktop":{"background-color":"var(--ast-global-color-5)","background-image":"","background-repeat":"repeat","background-position":"center center","background-size":"auto","background-attachment":"scroll","background-type":"","background-media":"","overlay-type":"","overlay-color":"","overlay-opacity":"","overlay-gradient":""},"tablet":{"background-color":"var(--ast-global-color-5)","background-image":"","background-repeat":"repeat","background-position":"center center","background-size":"auto","background-attachment":"scroll","background-type":"","background-media":"","overlay-type":"","overlay-color":"","overlay-opacity":"","overlay-gradient":""},"mobile":{"background-color":"var(--ast-global-color-5)","background-image":"","background-repeat":"repeat","background-position":"center center","background-size":"auto","background-attachment":"scroll","background-type":"","background-media":"","overlay-type":"","overlay-color":"","overlay-opacity":"","overlay-gradient":""}},"footnotes":""},"class_list":["post-1052","page","type-page","status-publish","hentry"],"post_mailing_queue_ids":[],"_links":{"self":[{"href":"https:\/\/agora.xtec.cat\/insandreunin\/wp-json\/wp\/v2\/pages\/1052","targetHints":{"allow":["GET"]}}],"collection":[{"href":"https:\/\/agora.xtec.cat\/insandreunin\/wp-json\/wp\/v2\/pages"}],"about":[{"href":"https:\/\/agora.xtec.cat\/insandreunin\/wp-json\/wp\/v2\/types\/page"}],"author":[{"embeddable":true,"href":"https:\/\/agora.xtec.cat\/insandreunin\/wp-json\/wp\/v2\/users\/1"}],"replies":[{"embeddable":true,"href":"https:\/\/agora.xtec.cat\/insandreunin\/wp-json\/wp\/v2\/comments?post=1052"}],"version-history":[{"count":7,"href":"https:\/\/agora.xtec.cat\/insandreunin\/wp-json\/wp\/v2\/pages\/1052\/revisions"}],"predecessor-version":[{"id":24109,"href":"https:\/\/agora.xtec.cat\/insandreunin\/wp-json\/wp\/v2\/pages\/1052\/revisions\/24109"}],"up":[{"embeddable":true,"href":"https:\/\/agora.xtec.cat\/insandreunin\/wp-json\/wp\/v2\/pages\/462"}],"wp:attachment":[{"href":"https:\/\/agora.xtec.cat\/insandreunin\/wp-json\/wp\/v2\/media?parent=1052"}],"curies":[{"name":"wp","href":"https:\/\/api.w.org\/{rel}","templated":true}]}}