{"id":1030,"date":"2017-02-15T12:10:34","date_gmt":"2017-02-15T11:10:34","guid":{"rendered":"http:\/\/agora.xtec.cat\/insandreunin\/?page_id=1030"},"modified":"2017-02-15T12:11:20","modified_gmt":"2017-02-15T11:11:20","slug":"grup-endavant-programa-de-diversificacio-curricular","status":"publish","type":"page","link":"https:\/\/agora.xtec.cat\/insandreunin\/serveis\/grup-endavant-programa-de-diversificacio-curricular\/","title":{"rendered":"GRUP ENDAVANT (PROGRAMA DE DIVERSIFICACI\u00d3 CURRICULAR)"},"content":{"rendered":"<p style=\"text-align: justify;\">El grup GE4 o Grup Endavant de 4t \u00e9s un grup especialment seleccionat per assolir les compet\u00e8ncies b\u00e0siques de l\u2019ESO amb un sistema d\u2019aprenentatge productiu i un contacte real amb el m\u00f3n laboral.<\/p>\n<p style=\"text-align: justify;\">En el nostre grup no repartim la jornada escolar en hores-\u00e0rees, ni en \u00e0rea-professor\/a.Els alumnes ens ofereixen unes propostes de treball quinzenal, cadascuna d&#8217;ella engloba v\u00e0ries \u00e0rees.\u00a0 En acabar la quinzena es valoren els treballs realitzats i es posen les qualificacions obtingudes en les \u00e0rees corresponents.<\/p>\n<p style=\"text-align: justify;\">Dediquem 12 hores setmanals (s&#8217;intenta que siguin dos matins) al treball de pr\u00e0ctiques en l\u2019empresa -pr\u00e8viament han triat l\u2019\u00e0mbit professional que els interessa-. L\u2019objectiu de les pr\u00e0ctiques \u00e9s tenir experi\u00e8ncies i adquirir coneixements pr\u00e0ctics sobre una professi\u00f3 concreta. \u00c9s important no faltar a l\u2019empresa, complir amb l\u2019horari i mostrar inter\u00e8s. Cada trimestre es pot canviar d\u2019\u00e0mbit professional, en cas de decidir no realitzar el canvi, s\u00ed es canviar\u00e0 d\u2019empresa. En finalitzar el trimestre cada alumne ha de presentar un treball te\u00f2ric i un treball pr\u00e0ctic sobre l\u2019\u00e0mbit professional propi i un producte f\u00edsic. Aquesta presentaci\u00f3 tindr\u00e0 una nota, es valoraran tant els treballs com l\u2019exposici\u00f3 oral dels mateixos. Aquesta tasca rep el nom de Pla de Formaci\u00f3 Individual (PFI).<\/p>\n<p>&nbsp;<\/p>\n","protected":false},"excerpt":{"rendered":"<p>El grup GE4 o Grup Endavant de 4t \u00e9s un grup especialment seleccionat per assolir les compet\u00e8ncies b\u00e0siques de l\u2019ESO amb un sistema d\u2019aprenentatge productiu i un contacte real amb el m\u00f3n laboral. En el nostre grup no repartim la jornada escolar en hores-\u00e0rees, ni en \u00e0rea-professor\/a.Els alumnes ens ofereixen unes propostes de treball quinzenal, [&hellip;]<\/p>\n","protected":false},"author":1,"featured_media":0,"parent":63,"menu_order":0,"comment_status":"closed","ping_status":"closed","template":"page-templates\/side-menu.php","meta":{"_bbp_topic_count":0,"_bbp_reply_count":0,"_bbp_total_topic_count":0,"_bbp_total_reply_count":0,"_bbp_voice_count":0,"_bbp_anonymous_reply_count":0,"_bbp_topic_count_hidden":0,"_bbp_reply_count_hidden":0,"_bbp_forum_subforum_count":0,"site-sidebar-layout":"default","site-content-layout":"","ast-site-content-layout":"","site-content-style":"default","site-sidebar-style":"default","ast-global-header-display":"","ast-banner-title-visibility":"","ast-main-header-display":"","ast-hfb-above-header-display":"","ast-hfb-below-header-display":"","ast-hfb-mobile-header-display":"","site-post-title":"","ast-breadcrumbs-content":"","ast-featured-img":"","footer-sml-layout":"","theme-transparent-header-meta":"","adv-header-id-meta":"","stick-header-meta":"","header-above-stick-meta":"","header-main-stick-meta":"","header-below-stick-meta":"","astra-migrate-meta-layouts":"default","ast-page-background-enabled":"default","ast-page-background-meta":{"desktop":{"background-color":"var(--ast-global-color-4)","background-image":"","background-repeat":"repeat","background-position":"center center","background-size":"auto","background-attachment":"scroll","background-type":"","background-media":"","overlay-type":"","overlay-color":"","overlay-opacity":"","overlay-gradient":""},"tablet":{"background-color":"","background-image":"","background-repeat":"repeat","background-position":"center center","background-size":"auto","background-attachment":"scroll","background-type":"","background-media":"","overlay-type":"","overlay-color":"","overlay-opacity":"","overlay-gradient":""},"mobile":{"background-color":"","background-image":"","background-repeat":"repeat","background-position":"center center","background-size":"auto","background-attachment":"scroll","background-type":"","background-media":"","overlay-type":"","overlay-color":"","overlay-opacity":"","overlay-gradient":""}},"ast-content-background-meta":{"desktop":{"background-color":"var(--ast-global-color-5)","background-image":"","background-repeat":"repeat","background-position":"center center","background-size":"auto","background-attachment":"scroll","background-type":"","background-media":"","overlay-type":"","overlay-color":"","overlay-opacity":"","overlay-gradient":""},"tablet":{"background-color":"var(--ast-global-color-5)","background-image":"","background-repeat":"repeat","background-position":"center center","background-size":"auto","background-attachment":"scroll","background-type":"","background-media":"","overlay-type":"","overlay-color":"","overlay-opacity":"","overlay-gradient":""},"mobile":{"background-color":"var(--ast-global-color-5)","background-image":"","background-repeat":"repeat","background-position":"center center","background-size":"auto","background-attachment":"scroll","background-type":"","background-media":"","overlay-type":"","overlay-color":"","overlay-opacity":"","overlay-gradient":""}},"footnotes":""},"class_list":["post-1030","page","type-page","status-publish","hentry"],"post_mailing_queue_ids":[],"_links":{"self":[{"href":"https:\/\/agora.xtec.cat\/insandreunin\/wp-json\/wp\/v2\/pages\/1030","targetHints":{"allow":["GET"]}}],"collection":[{"href":"https:\/\/agora.xtec.cat\/insandreunin\/wp-json\/wp\/v2\/pages"}],"about":[{"href":"https:\/\/agora.xtec.cat\/insandreunin\/wp-json\/wp\/v2\/types\/page"}],"author":[{"embeddable":true,"href":"https:\/\/agora.xtec.cat\/insandreunin\/wp-json\/wp\/v2\/users\/1"}],"replies":[{"embeddable":true,"href":"https:\/\/agora.xtec.cat\/insandreunin\/wp-json\/wp\/v2\/comments?post=1030"}],"version-history":[{"count":1,"href":"https:\/\/agora.xtec.cat\/insandreunin\/wp-json\/wp\/v2\/pages\/1030\/revisions"}],"predecessor-version":[{"id":1038,"href":"https:\/\/agora.xtec.cat\/insandreunin\/wp-json\/wp\/v2\/pages\/1030\/revisions\/1038"}],"up":[{"embeddable":true,"href":"https:\/\/agora.xtec.cat\/insandreunin\/wp-json\/wp\/v2\/pages\/63"}],"wp:attachment":[{"href":"https:\/\/agora.xtec.cat\/insandreunin\/wp-json\/wp\/v2\/media?parent=1030"}],"curies":[{"name":"wp","href":"https:\/\/api.w.org\/{rel}","templated":true}]}}