{"id":896,"date":"2018-08-29T20:03:49","date_gmt":"2018-08-29T18:03:49","guid":{"rendered":"http:\/\/agora.xtec.cat\/insaltfoix\/?page_id=896"},"modified":"2018-08-29T20:03:49","modified_gmt":"2018-08-29T18:03:49","slug":"ampa","status":"publish","type":"page","link":"https:\/\/agora.xtec.cat\/insaltfoix\/ampa\/","title":{"rendered":"AMPA"},"content":{"rendered":"<p>BENVINGUDA<\/p>\n<p class=\"font_7\">La Junta actual de l&#8217;AMPA, com a gestora d&#8217;aquest apartat, us dona la benvinguda a la secci\u00f3 de tots els pares i mares de l&#8217;Institut de l&#8217;Alt Foix.<\/p>\n<p class=\"font_7\">Des d&#8217;aqu\u00ed volem informar-vos de tots els aspectes d&#8217;inter\u00e8s com\u00fa.<\/p>\n<p class=\"font_7\">Com sabeu, l&#8217;AMPA col\u00b7labora, participa i d\u00f3na suport a diferents iniciatives dins la comunitat educativa del centre, entre d&#8217;altres la participaci\u00f3 en el Consell Escolar, la gesti\u00f3 de les taquilles, l&#8217;organitzaci\u00f3 de diverses activitats durant el curs, els actes de comiat de 4t d&#8217;ESO i 2n de Batxillerat, etc. Us anirem informant d&#8217;aquests i d&#8217;altres temes en els apartats espec\u00edfics.<\/p>\n<p class=\"font_7\">Tenim a la vostra disposici\u00f3 diferents mitjans per posar-vos en contacte amb nosaltres, al tel\u00e8fon 619 60 40 07, al correu electr\u00f2nic\u00a0<a href=\"mailto:ampa.altfoix@gmail.com\" target=\"_self\" data-content=\"ampa.altfoix@gmail.com\" data-type=\"mail\"><span class=\"color_23\">ampa.altfoix@gmail.com<\/span><\/a>\u00a0o presencialment durant les reunions.<\/p>\n<p class=\"font_7\">Us animem a visitar sovint tota la web, especialment l&#8217;apartat de l&#8217;AMPA i a participar activament sempre que\u00a0sigui possible.<\/p>\n<p class=\"font_7\"><a href=\"https:\/\/agora.xtec.cat\/insaltfoix\/wp-content\/uploads\/usu1745\/2018\/08\/AMPA.png\"><img loading=\"lazy\" decoding=\"async\" class=\"aligncenter size-full wp-image-897\" src=\"https:\/\/agora.xtec.cat\/insaltfoix\/wp-content\/uploads\/usu1745\/2018\/08\/AMPA.png\" alt=\"\" width=\"232\" height=\"142\" \/><\/a>Moltes gr\u00e0cies!!!<\/p>\n","protected":false},"excerpt":{"rendered":"<p>BENVINGUDA<br \/>\nLa Junta actual de l&#8217;AMPA, com a gestora d&#8217;aquest apartat, us dona la benvinguda a la secci\u00f3 de tots els pares i mares de l&#8217;Institut de l&#8217;Alt Foix.<br \/>\nDes d&#8217;aqu\u00ed volem informar-vos de tots els aspectes d&#8217;inter\u00e8s com\u00fa.<br \/>\nCom sabeu, l&#8217;AMPA col\u00b7labora, participa i d\u00f3na suport a&hellip;  <a href=\"https:\/\/agora.xtec.cat\/insaltfoix\/ampa\/\" title=\"Read AMPA\">Llegeix m\u00e9s\u00bb<\/a><\/p>\n","protected":false},"author":1,"featured_media":0,"parent":0,"menu_order":0,"comment_status":"closed","ping_status":"closed","template":"","meta":{"_bbp_topic_count":0,"_bbp_reply_count":0,"_bbp_total_topic_count":0,"_bbp_total_reply_count":0,"_bbp_voice_count":0,"_bbp_anonymous_reply_count":0,"_bbp_topic_count_hidden":0,"_bbp_reply_count_hidden":0,"_bbp_forum_subforum_count":0,"footnotes":""},"class_list":["post-896","page","type-page","status-publish","hentry"],"post_mailing_queue_ids":[],"_links":{"self":[{"href":"https:\/\/agora.xtec.cat\/insaltfoix\/wp-json\/wp\/v2\/pages\/896","targetHints":{"allow":["GET"]}}],"collection":[{"href":"https:\/\/agora.xtec.cat\/insaltfoix\/wp-json\/wp\/v2\/pages"}],"about":[{"href":"https:\/\/agora.xtec.cat\/insaltfoix\/wp-json\/wp\/v2\/types\/page"}],"author":[{"embeddable":true,"href":"https:\/\/agora.xtec.cat\/insaltfoix\/wp-json\/wp\/v2\/users\/1"}],"replies":[{"embeddable":true,"href":"https:\/\/agora.xtec.cat\/insaltfoix\/wp-json\/wp\/v2\/comments?post=896"}],"version-history":[{"count":1,"href":"https:\/\/agora.xtec.cat\/insaltfoix\/wp-json\/wp\/v2\/pages\/896\/revisions"}],"predecessor-version":[{"id":898,"href":"https:\/\/agora.xtec.cat\/insaltfoix\/wp-json\/wp\/v2\/pages\/896\/revisions\/898"}],"wp:attachment":[{"href":"https:\/\/agora.xtec.cat\/insaltfoix\/wp-json\/wp\/v2\/media?parent=896"}],"curies":[{"name":"wp","href":"https:\/\/api.w.org\/{rel}","templated":true}]}}