{"id":57,"date":"2014-09-17T17:01:07","date_gmt":"2014-09-17T17:01:07","guid":{"rendered":"http:\/\/agora.xtec.cat\/insaltfoix\/?page_id=57"},"modified":"2019-11-14T08:40:13","modified_gmt":"2019-11-14T07:40:13","slug":"documents-de-centre","status":"publish","type":"page","link":"https:\/\/agora.xtec.cat\/insaltfoix\/documents-de-centre\/","title":{"rendered":"Documents de centre"},"content":{"rendered":"<p>La Llei de transpar\u00e8ncia, acc\u00e9s a la informaci\u00f3 p\u00fablica i bon govern regula les obligacions de publicitat activa de les administracions p\u00fabliques i estableix el dret d&#8217;acc\u00e9s a la informaci\u00f3 p\u00fablica per part de la ciutadania.<\/p>\n<p>En aquest \u00e0mbit, el Departament d&#8217;Educaci\u00f3 ha aprovat la seva pol\u00edtica de transpar\u00e8ncia per al compliment de les obligacions de publicitat activa, obertura de dades p\u00fabliques, bon govern i participaci\u00f3 ciutadana.<\/p>\n<p><span style=\"text-decoration: underline;\">Publicitat activa<\/span><\/p>\n<p>Els centres educatius han de publicar al seu web els documents vigents i altres informacions: El projecte educatiu del centre (PEC), que inclou el projecte ling\u00fc\u00edstic (PL), les normes d&#8217;organitzaci\u00f3 i funcionament del centre (NOFC), la carta de comprom\u00eds educatiu, els acords del consell escolar, etc.<\/p>\n","protected":false},"excerpt":{"rendered":"<p>La Llei de transpar\u00e8ncia, acc\u00e9s a la informaci\u00f3 p\u00fablica i bon govern regula les obligacions de publicitat activa de les administracions p\u00fabliques i estableix el dret d&#8217;acc\u00e9s a la informaci\u00f3 p\u00fablica per part de la ciutadania.<br \/>\nEn aquest \u00e0mbit, el Departament d&#8217;Educaci\u00f3 ha aprovat la seva&hellip;  <a href=\"https:\/\/agora.xtec.cat\/insaltfoix\/documents-de-centre\/\" title=\"Read Documents de centre\">Llegeix m\u00e9s\u00bb<\/a><\/p>\n","protected":false},"author":1,"featured_media":0,"parent":0,"menu_order":0,"comment_status":"closed","ping_status":"closed","template":"","meta":{"_bbp_topic_count":0,"_bbp_reply_count":0,"_bbp_total_topic_count":0,"_bbp_total_reply_count":0,"_bbp_voice_count":0,"_bbp_anonymous_reply_count":0,"_bbp_topic_count_hidden":0,"_bbp_reply_count_hidden":0,"_bbp_forum_subforum_count":0,"footnotes":""},"class_list":["post-57","page","type-page","status-publish","hentry"],"post_mailing_queue_ids":[],"_links":{"self":[{"href":"https:\/\/agora.xtec.cat\/insaltfoix\/wp-json\/wp\/v2\/pages\/57","targetHints":{"allow":["GET"]}}],"collection":[{"href":"https:\/\/agora.xtec.cat\/insaltfoix\/wp-json\/wp\/v2\/pages"}],"about":[{"href":"https:\/\/agora.xtec.cat\/insaltfoix\/wp-json\/wp\/v2\/types\/page"}],"author":[{"embeddable":true,"href":"https:\/\/agora.xtec.cat\/insaltfoix\/wp-json\/wp\/v2\/users\/1"}],"replies":[{"embeddable":true,"href":"https:\/\/agora.xtec.cat\/insaltfoix\/wp-json\/wp\/v2\/comments?post=57"}],"version-history":[{"count":3,"href":"https:\/\/agora.xtec.cat\/insaltfoix\/wp-json\/wp\/v2\/pages\/57\/revisions"}],"predecessor-version":[{"id":2481,"href":"https:\/\/agora.xtec.cat\/insaltfoix\/wp-json\/wp\/v2\/pages\/57\/revisions\/2481"}],"wp:attachment":[{"href":"https:\/\/agora.xtec.cat\/insaltfoix\/wp-json\/wp\/v2\/media?parent=57"}],"curies":[{"name":"wp","href":"https:\/\/api.w.org\/{rel}","templated":true}]}}